{"id":10598,"date":"2020-01-08T20:08:51","date_gmt":"2020-01-08T20:08:51","guid":{"rendered":"https:\/\/www.creativeireland.gov.ie\/oige-ildanach\/cruinniu-na-nog\/"},"modified":"2022-05-10T11:38:04","modified_gmt":"2022-05-10T10:38:04","slug":"cruinniu-na-nog","status":"publish","type":"page","link":"https:\/\/www.creativeireland.gov.ie\/ga\/oige-ildanach\/cruinniu-na-nog\/","title":{"rendered":"Cruinni\u00fa na n\u00d3g"},"content":{"rendered":"","protected":false},"excerpt":{"rendered":"","protected":false},"author":1,"featured_media":24828,"parent":3560,"menu_order":0,"comment_status":"closed","ping_status":"closed","template":"page-creative-nation-basic-content.php","meta":{"footnotes":""},"class_list":["post-10598","page","type-page","status-publish","has-post-thumbnail","hentry"],"acf":[],"yoast_head":"<!-- This site is optimized with the Yoast SEO plugin v25.9 - https:\/\/yoast.com\/wordpress\/plugins\/seo\/ -->\n<title>Cruinni\u00fa na n\u00d3g - Creative Ireland Programme<\/title>\n<meta name=\"description\" content=\"Cruinni\u00fa na n\u00d3g 2022: L\u00e1 l\u00e1n le gn\u00edomha\u00edochta\u00ed cruthaitheacha saor in aisce do dhaoine \u00f3ga!\" \/>\n<meta name=\"robots\" content=\"index, follow, max-snippet:-1, max-image-preview:large, max-video-preview:-1\" \/>\n<link rel=\"canonical\" href=\"https:\/\/www.creativeireland.gov.ie\/ga\/oige-ildanach\/cruinniu-na-nog\/\" \/>\n<meta property=\"og:locale\" content=\"ga_IE\" \/>\n<meta property=\"og:type\" content=\"article\" \/>\n<meta property=\"og:title\" content=\"Cruinni\u00fa na n\u00d3g - Creative Ireland Programme\" \/>\n<meta property=\"og:description\" content=\"Cruinni\u00fa na n\u00d3g 2022: L\u00e1 l\u00e1n le gn\u00edomha\u00edochta\u00ed cruthaitheacha saor in aisce do dhaoine \u00f3ga!\" \/>\n<meta property=\"og:url\" content=\"https:\/\/www.creativeireland.gov.ie\/ga\/oige-ildanach\/cruinniu-na-nog\/\" \/>\n<meta property=\"og:site_name\" content=\"Creative Ireland Programme\" \/>\n<meta property=\"article:publisher\" content=\"https:\/\/www.facebook.com\/CreativeIrl\/\" \/>\n<meta property=\"article:modified_time\" content=\"2022-05-10T10:38:04+00:00\" \/>\n<meta property=\"og:image\" content=\"https:\/\/www.creativeireland.gov.ie\/app\/uploads\/2022\/05\/NO-FEE-1-Cruinniu-na-nOg-2022-launch-scaled.jpg\" \/>\n\t<meta property=\"og:image:width\" content=\"2560\" \/>\n\t<meta property=\"og:image:height\" content=\"1871\" \/>\n\t<meta property=\"og:image:type\" content=\"image\/jpeg\" \/>\n<meta name=\"twitter:card\" content=\"summary_large_image\" \/>\n<meta name=\"twitter:site\" content=\"@creativeirl\" \/>\n<script type=\"application\/ld+json\" class=\"yoast-schema-graph\">{\"@context\":\"https:\/\/schema.org\",\"@graph\":[{\"@type\":\"WebPage\",\"@id\":\"https:\/\/www.creativeireland.gov.ie\/ga\/oige-ildanach\/cruinniu-na-nog\/\",\"url\":\"https:\/\/www.creativeireland.gov.ie\/ga\/oige-ildanach\/cruinniu-na-nog\/\",\"name\":\"Cruinni\u00fa na n\u00d3g - Creative Ireland Programme\",\"isPartOf\":{\"@id\":\"https:\/\/www.creativeireland.gov.ie\/ga\/#website\"},\"primaryImageOfPage\":{\"@id\":\"https:\/\/www.creativeireland.gov.ie\/ga\/oige-ildanach\/cruinniu-na-nog\/#primaryimage\"},\"image\":{\"@id\":\"https:\/\/www.creativeireland.gov.ie\/ga\/oige-ildanach\/cruinniu-na-nog\/#primaryimage\"},\"thumbnailUrl\":\"https:\/\/www.creativeireland.gov.ie\/app\/uploads\/2023\/05\/NO-FEE-7-Cruinniu-na-nOg-2023-launch-scaled.jpg\",\"datePublished\":\"2020-01-08T20:08:51+00:00\",\"dateModified\":\"2022-05-10T10:38:04+00:00\",\"description\":\"Cruinni\u00fa na n\u00d3g 2022: L\u00e1 l\u00e1n le gn\u00edomha\u00edochta\u00ed cruthaitheacha saor in aisce do dhaoine \u00f3ga!\",\"breadcrumb\":{\"@id\":\"https:\/\/www.creativeireland.gov.ie\/ga\/oige-ildanach\/cruinniu-na-nog\/#breadcrumb\"},\"inLanguage\":\"ga-IE\",\"potentialAction\":[{\"@type\":\"ReadAction\",\"target\":[\"https:\/\/www.creativeireland.gov.ie\/ga\/oige-ildanach\/cruinniu-na-nog\/\"]}]},{\"@type\":\"ImageObject\",\"inLanguage\":\"ga-IE\",\"@id\":\"https:\/\/www.creativeireland.gov.ie\/ga\/oige-ildanach\/cruinniu-na-nog\/#primaryimage\",\"url\":\"https:\/\/www.creativeireland.gov.ie\/app\/uploads\/2023\/05\/NO-FEE-7-Cruinniu-na-nOg-2023-launch-scaled.jpg\",\"contentUrl\":\"https:\/\/www.creativeireland.gov.ie\/app\/uploads\/2023\/05\/NO-FEE-7-Cruinniu-na-nOg-2023-launch-scaled.jpg\",\"width\":2560,\"height\":1931,\"caption\":\"NO REPRO FEE 11\/5\/2023 Cruinni\u00fa na n\u00d3g 2023 is launched! Minister Catherine Martin met with the Cruinni\u00fa na n\u00d3g 2023 ambassadors (from right) Jodie Byrne (14), Sib\u00e9al de Sp\u00e1inn (8), Jamie (the King) Forde (17), Archie Evans (15) and Caterina Chiu Paone (8) at the Mud Island Community Garden to launch a programme of over 500 free creative events for children and young people for Cruinni\u00fa na n\u00d3g 2023 that will take place on 10th June 2023 on the island of Ireland. PHOTO: Mark Stedman\"},{\"@type\":\"BreadcrumbList\",\"@id\":\"https:\/\/www.creativeireland.gov.ie\/ga\/oige-ildanach\/cruinniu-na-nog\/#breadcrumb\",\"itemListElement\":[{\"@type\":\"ListItem\",\"position\":1,\"name\":\"Home\",\"item\":\"https:\/\/www.creativeireland.gov.ie\/ga\/\"},{\"@type\":\"ListItem\",\"position\":2,\"name\":\"\u00d3ige Ild\u00e1nach\",\"item\":\"https:\/\/www.creativeireland.gov.ie\/ga\/oige-ildanach\/\"},{\"@type\":\"ListItem\",\"position\":3,\"name\":\"Cruinni\u00fa na n\u00d3g\"}]},{\"@type\":\"WebSite\",\"@id\":\"https:\/\/www.creativeireland.gov.ie\/ga\/#website\",\"url\":\"https:\/\/www.creativeireland.gov.ie\/ga\/\",\"name\":\"Creative Ireland Programme\",\"description\":\"The Creative Ireland Programme is guided by a vision that every person in Ireland will have the opportunity to realise their full creative potential. It is a five year all-of-Government initiative, from 2017 to 2022, to place creativity at the centre of public policy.\",\"potentialAction\":[{\"@type\":\"SearchAction\",\"target\":{\"@type\":\"EntryPoint\",\"urlTemplate\":\"https:\/\/www.creativeireland.gov.ie\/ga\/?s={search_term_string}\"},\"query-input\":{\"@type\":\"PropertyValueSpecification\",\"valueRequired\":true,\"valueName\":\"search_term_string\"}}],\"inLanguage\":\"ga-IE\"}]}<\/script>\n<!-- \/ Yoast SEO plugin. -->","yoast_head_json":{"title":"Cruinni\u00fa na n\u00d3g - Creative Ireland Programme","description":"Cruinni\u00fa na n\u00d3g 2022: L\u00e1 l\u00e1n le gn\u00edomha\u00edochta\u00ed cruthaitheacha saor in aisce do dhaoine \u00f3ga!","robots":{"index":"index","follow":"follow","max-snippet":"max-snippet:-1","max-image-preview":"max-image-preview:large","max-video-preview":"max-video-preview:-1"},"canonical":"https:\/\/www.creativeireland.gov.ie\/ga\/oige-ildanach\/cruinniu-na-nog\/","og_locale":"ga_IE","og_type":"article","og_title":"Cruinni\u00fa na n\u00d3g - Creative Ireland Programme","og_description":"Cruinni\u00fa na n\u00d3g 2022: L\u00e1 l\u00e1n le gn\u00edomha\u00edochta\u00ed cruthaitheacha saor in aisce do dhaoine \u00f3ga!","og_url":"https:\/\/www.creativeireland.gov.ie\/ga\/oige-ildanach\/cruinniu-na-nog\/","og_site_name":"Creative Ireland Programme","article_publisher":"https:\/\/www.facebook.com\/CreativeIrl\/","article_modified_time":"2022-05-10T10:38:04+00:00","og_image":[{"width":2560,"height":1871,"url":"https:\/\/www.creativeireland.gov.ie\/app\/uploads\/2022\/05\/NO-FEE-1-Cruinniu-na-nOg-2022-launch-scaled.jpg","type":"image\/jpeg"}],"twitter_card":"summary_large_image","twitter_site":"@creativeirl","schema":{"@context":"https:\/\/schema.org","@graph":[{"@type":"WebPage","@id":"https:\/\/www.creativeireland.gov.ie\/ga\/oige-ildanach\/cruinniu-na-nog\/","url":"https:\/\/www.creativeireland.gov.ie\/ga\/oige-ildanach\/cruinniu-na-nog\/","name":"Cruinni\u00fa na n\u00d3g - Creative Ireland Programme","isPartOf":{"@id":"https:\/\/www.creativeireland.gov.ie\/ga\/#website"},"primaryImageOfPage":{"@id":"https:\/\/www.creativeireland.gov.ie\/ga\/oige-ildanach\/cruinniu-na-nog\/#primaryimage"},"image":{"@id":"https:\/\/www.creativeireland.gov.ie\/ga\/oige-ildanach\/cruinniu-na-nog\/#primaryimage"},"thumbnailUrl":"https:\/\/www.creativeireland.gov.ie\/app\/uploads\/2023\/05\/NO-FEE-7-Cruinniu-na-nOg-2023-launch-scaled.jpg","datePublished":"2020-01-08T20:08:51+00:00","dateModified":"2022-05-10T10:38:04+00:00","description":"Cruinni\u00fa na n\u00d3g 2022: L\u00e1 l\u00e1n le gn\u00edomha\u00edochta\u00ed cruthaitheacha saor in aisce do dhaoine \u00f3ga!","breadcrumb":{"@id":"https:\/\/www.creativeireland.gov.ie\/ga\/oige-ildanach\/cruinniu-na-nog\/#breadcrumb"},"inLanguage":"ga-IE","potentialAction":[{"@type":"ReadAction","target":["https:\/\/www.creativeireland.gov.ie\/ga\/oige-ildanach\/cruinniu-na-nog\/"]}]},{"@type":"ImageObject","inLanguage":"ga-IE","@id":"https:\/\/www.creativeireland.gov.ie\/ga\/oige-ildanach\/cruinniu-na-nog\/#primaryimage","url":"https:\/\/www.creativeireland.gov.ie\/app\/uploads\/2023\/05\/NO-FEE-7-Cruinniu-na-nOg-2023-launch-scaled.jpg","contentUrl":"https:\/\/www.creativeireland.gov.ie\/app\/uploads\/2023\/05\/NO-FEE-7-Cruinniu-na-nOg-2023-launch-scaled.jpg","width":2560,"height":1931,"caption":"NO REPRO FEE 11\/5\/2023 Cruinni\u00fa na n\u00d3g 2023 is launched! Minister Catherine Martin met with the Cruinni\u00fa na n\u00d3g 2023 ambassadors (from right) Jodie Byrne (14), Sib\u00e9al de Sp\u00e1inn (8), Jamie (the King) Forde (17), Archie Evans (15) and Caterina Chiu Paone (8) at the Mud Island Community Garden to launch a programme of over 500 free creative events for children and young people for Cruinni\u00fa na n\u00d3g 2023 that will take place on 10th June 2023 on the island of Ireland. PHOTO: Mark Stedman"},{"@type":"BreadcrumbList","@id":"https:\/\/www.creativeireland.gov.ie\/ga\/oige-ildanach\/cruinniu-na-nog\/#breadcrumb","itemListElement":[{"@type":"ListItem","position":1,"name":"Home","item":"https:\/\/www.creativeireland.gov.ie\/ga\/"},{"@type":"ListItem","position":2,"name":"\u00d3ige Ild\u00e1nach","item":"https:\/\/www.creativeireland.gov.ie\/ga\/oige-ildanach\/"},{"@type":"ListItem","position":3,"name":"Cruinni\u00fa na n\u00d3g"}]},{"@type":"WebSite","@id":"https:\/\/www.creativeireland.gov.ie\/ga\/#website","url":"https:\/\/www.creativeireland.gov.ie\/ga\/","name":"Creative Ireland Programme","description":"The Creative Ireland Programme is guided by a vision that every person in Ireland will have the opportunity to realise their full creative potential. It is a five year all-of-Government initiative, from 2017 to 2022, to place creativity at the centre of public policy.","potentialAction":[{"@type":"SearchAction","target":{"@type":"EntryPoint","urlTemplate":"https:\/\/www.creativeireland.gov.ie\/ga\/?s={search_term_string}"},"query-input":{"@type":"PropertyValueSpecification","valueRequired":true,"valueName":"search_term_string"}}],"inLanguage":"ga-IE"}]}},"_links":{"self":[{"href":"https:\/\/www.creativeireland.gov.ie\/ga\/wp-json\/wp\/v2\/pages\/10598","targetHints":{"allow":["GET"]}}],"collection":[{"href":"https:\/\/www.creativeireland.gov.ie\/ga\/wp-json\/wp\/v2\/pages"}],"about":[{"href":"https:\/\/www.creativeireland.gov.ie\/ga\/wp-json\/wp\/v2\/types\/page"}],"author":[{"embeddable":true,"href":"https:\/\/www.creativeireland.gov.ie\/ga\/wp-json\/wp\/v2\/users\/1"}],"replies":[{"embeddable":true,"href":"https:\/\/www.creativeireland.gov.ie\/ga\/wp-json\/wp\/v2\/comments?post=10598"}],"version-history":[{"count":12,"href":"https:\/\/www.creativeireland.gov.ie\/ga\/wp-json\/wp\/v2\/pages\/10598\/revisions"}],"predecessor-version":[{"id":19497,"href":"https:\/\/www.creativeireland.gov.ie\/ga\/wp-json\/wp\/v2\/pages\/10598\/revisions\/19497"}],"up":[{"embeddable":true,"href":"https:\/\/www.creativeireland.gov.ie\/ga\/wp-json\/wp\/v2\/pages\/3560"}],"wp:featuredmedia":[{"embeddable":true,"href":"https:\/\/www.creativeireland.gov.ie\/ga\/wp-json\/wp\/v2\/media\/24828"}],"wp:attachment":[{"href":"https:\/\/www.creativeireland.gov.ie\/ga\/wp-json\/wp\/v2\/media?parent=10598"}],"curies":[{"name":"wp","href":"https:\/\/api.w.org\/{rel}","templated":true}]}}