{"id":15336,"date":"2021-07-27T17:07:07","date_gmt":"2021-07-27T16:07:07","guid":{"rendered":"https:\/\/www.creativeireland.gov.ie\/?page_id=15336"},"modified":"2021-07-28T12:39:40","modified_gmt":"2021-07-28T11:39:40","slug":"creative-tech","status":"publish","type":"page","link":"https:\/\/www.creativeireland.gov.ie\/ga\/comhphairtithe\/creative-tech\/","title":{"rendered":"Teicneola\u00edocht Chruthaitheach"},"content":{"rendered":"","protected":false},"excerpt":{"rendered":"","protected":false},"author":26,"featured_media":15361,"parent":3357,"menu_order":0,"comment_status":"closed","ping_status":"closed","template":"page-creative-nation-basic-content.php","meta":{"footnotes":""},"class_list":["post-15336","page","type-page","status-publish","has-post-thumbnail","hentry"],"acf":[],"yoast_head":"<!-- This site is optimized with the Yoast SEO plugin v25.9 - https:\/\/yoast.com\/wordpress\/plugins\/seo\/ -->\n<title>Teicneola\u00edocht Chruthaitheach - Creative Ireland Programme<\/title>\n<meta name=\"description\" content=\"Deiseanna do dhaoine \u00f3ga taitneamh a bhaint as eisp\u00e9iris chruthaitheacha sa teicneola\u00edocht dhigiteach agus scileanna nua a fhoghlaim\" \/>\n<meta name=\"robots\" content=\"index, follow, max-snippet:-1, max-image-preview:large, max-video-preview:-1\" \/>\n<link rel=\"canonical\" href=\"https:\/\/www.creativeireland.gov.ie\/ga\/comhphairtithe\/creative-tech\/\" \/>\n<meta property=\"og:locale\" content=\"ga_IE\" \/>\n<meta property=\"og:type\" content=\"article\" \/>\n<meta property=\"og:title\" content=\"Teicneola\u00edocht Chruthaitheach - Creative Ireland Programme\" \/>\n<meta property=\"og:url\" content=\"https:\/\/www.creativeireland.gov.ie\/ga\/comhphairtithe\/creative-tech\/\" \/>\n<meta property=\"og:site_name\" content=\"Creative Ireland Programme\" \/>\n<meta property=\"article:publisher\" content=\"https:\/\/www.facebook.com\/CreativeIrl\/\" \/>\n<meta property=\"article:modified_time\" content=\"2021-07-28T11:39:40+00:00\" \/>\n<meta property=\"og:image\" content=\"https:\/\/www.creativeireland.gov.ie\/app\/uploads\/2021\/07\/Creative-Technology-Photo-1-1024x683.jpg\" \/>\n\t<meta property=\"og:image:width\" content=\"1024\" \/>\n\t<meta property=\"og:image:height\" content=\"683\" \/>\n\t<meta property=\"og:image:type\" content=\"image\/jpeg\" \/>\n<meta name=\"twitter:card\" content=\"summary_large_image\" \/>\n<meta name=\"twitter:site\" content=\"@creativeirl\" \/>\n<script type=\"application\/ld+json\" class=\"yoast-schema-graph\">{\"@context\":\"https:\/\/schema.org\",\"@graph\":[{\"@type\":\"WebPage\",\"@id\":\"https:\/\/www.creativeireland.gov.ie\/ga\/comhphairtithe\/creative-tech\/\",\"url\":\"https:\/\/www.creativeireland.gov.ie\/ga\/comhphairtithe\/creative-tech\/\",\"name\":\"Teicneola\u00edocht Chruthaitheach - Creative Ireland Programme\",\"isPartOf\":{\"@id\":\"https:\/\/www.creativeireland.gov.ie\/ga\/#website\"},\"primaryImageOfPage\":{\"@id\":\"https:\/\/www.creativeireland.gov.ie\/ga\/comhphairtithe\/creative-tech\/#primaryimage\"},\"image\":{\"@id\":\"https:\/\/www.creativeireland.gov.ie\/ga\/comhphairtithe\/creative-tech\/#primaryimage\"},\"thumbnailUrl\":\"https:\/\/www.creativeireland.gov.ie\/app\/uploads\/2021\/07\/Creative-Technology-Photo-1.jpg\",\"datePublished\":\"2021-07-27T16:07:07+00:00\",\"dateModified\":\"2021-07-28T11:39:40+00:00\",\"breadcrumb\":{\"@id\":\"https:\/\/www.creativeireland.gov.ie\/ga\/comhphairtithe\/creative-tech\/#breadcrumb\"},\"inLanguage\":\"ga-IE\",\"potentialAction\":[{\"@type\":\"ReadAction\",\"target\":[\"https:\/\/www.creativeireland.gov.ie\/ga\/comhphairtithe\/creative-tech\/\"]}]},{\"@type\":\"ImageObject\",\"inLanguage\":\"ga-IE\",\"@id\":\"https:\/\/www.creativeireland.gov.ie\/ga\/comhphairtithe\/creative-tech\/#primaryimage\",\"url\":\"https:\/\/www.creativeireland.gov.ie\/app\/uploads\/2021\/07\/Creative-Technology-Photo-1.jpg\",\"contentUrl\":\"https:\/\/www.creativeireland.gov.ie\/app\/uploads\/2021\/07\/Creative-Technology-Photo-1.jpg\",\"width\":2560,\"height\":1707,\"caption\":\"Repro Free: 30\/10\/2019 pictured at the ESB Creative Tech Fest event in the Convention Centre Dublin. Over 500 young people from youth groups across Ireland showcased their STEAM and Digital Creativity projects at the bilingual event. TechSpace is a STEAM and Digital Creativity-based educational programme that helps young people develop key 21stcentury skills in areas such as creativity, collaboration, critical thinking. The programme empowers them to be active creators, not passive users, of technology. Picture Andres Poveda\"},{\"@type\":\"BreadcrumbList\",\"@id\":\"https:\/\/www.creativeireland.gov.ie\/ga\/comhphairtithe\/creative-tech\/#breadcrumb\",\"itemListElement\":[{\"@type\":\"ListItem\",\"position\":1,\"name\":\"Home\",\"item\":\"https:\/\/www.creativeireland.gov.ie\/ga\/\"},{\"@type\":\"ListItem\",\"position\":2,\"name\":\"\u00d3ige Ild\u00e1nach\",\"item\":\"https:\/\/www.creativeireland.gov.ie\/ga\/oige-ildanach\/\"},{\"@type\":\"ListItem\",\"position\":3,\"name\":\"Teicneola\u00edocht Chruthaitheach\"}]},{\"@type\":\"WebSite\",\"@id\":\"https:\/\/www.creativeireland.gov.ie\/ga\/#website\",\"url\":\"https:\/\/www.creativeireland.gov.ie\/ga\/\",\"name\":\"Creative Ireland Programme\",\"description\":\"The Creative Ireland Programme is guided by a vision that every person in Ireland will have the opportunity to realise their full creative potential. It is a five year all-of-Government initiative, from 2017 to 2022, to place creativity at the centre of public policy.\",\"potentialAction\":[{\"@type\":\"SearchAction\",\"target\":{\"@type\":\"EntryPoint\",\"urlTemplate\":\"https:\/\/www.creativeireland.gov.ie\/ga\/?s={search_term_string}\"},\"query-input\":{\"@type\":\"PropertyValueSpecification\",\"valueRequired\":true,\"valueName\":\"search_term_string\"}}],\"inLanguage\":\"ga-IE\"}]}<\/script>\n<!-- \/ Yoast SEO plugin. -->","yoast_head_json":{"title":"Teicneola\u00edocht Chruthaitheach - Creative Ireland Programme","description":"Deiseanna do dhaoine \u00f3ga taitneamh a bhaint as eisp\u00e9iris chruthaitheacha sa teicneola\u00edocht dhigiteach agus scileanna nua a fhoghlaim","robots":{"index":"index","follow":"follow","max-snippet":"max-snippet:-1","max-image-preview":"max-image-preview:large","max-video-preview":"max-video-preview:-1"},"canonical":"https:\/\/www.creativeireland.gov.ie\/ga\/comhphairtithe\/creative-tech\/","og_locale":"ga_IE","og_type":"article","og_title":"Teicneola\u00edocht Chruthaitheach - Creative Ireland Programme","og_url":"https:\/\/www.creativeireland.gov.ie\/ga\/comhphairtithe\/creative-tech\/","og_site_name":"Creative Ireland Programme","article_publisher":"https:\/\/www.facebook.com\/CreativeIrl\/","article_modified_time":"2021-07-28T11:39:40+00:00","og_image":[{"width":1024,"height":683,"url":"https:\/\/www.creativeireland.gov.ie\/app\/uploads\/2021\/07\/Creative-Technology-Photo-1-1024x683.jpg","type":"image\/jpeg"}],"twitter_card":"summary_large_image","twitter_site":"@creativeirl","schema":{"@context":"https:\/\/schema.org","@graph":[{"@type":"WebPage","@id":"https:\/\/www.creativeireland.gov.ie\/ga\/comhphairtithe\/creative-tech\/","url":"https:\/\/www.creativeireland.gov.ie\/ga\/comhphairtithe\/creative-tech\/","name":"Teicneola\u00edocht Chruthaitheach - Creative Ireland Programme","isPartOf":{"@id":"https:\/\/www.creativeireland.gov.ie\/ga\/#website"},"primaryImageOfPage":{"@id":"https:\/\/www.creativeireland.gov.ie\/ga\/comhphairtithe\/creative-tech\/#primaryimage"},"image":{"@id":"https:\/\/www.creativeireland.gov.ie\/ga\/comhphairtithe\/creative-tech\/#primaryimage"},"thumbnailUrl":"https:\/\/www.creativeireland.gov.ie\/app\/uploads\/2021\/07\/Creative-Technology-Photo-1.jpg","datePublished":"2021-07-27T16:07:07+00:00","dateModified":"2021-07-28T11:39:40+00:00","breadcrumb":{"@id":"https:\/\/www.creativeireland.gov.ie\/ga\/comhphairtithe\/creative-tech\/#breadcrumb"},"inLanguage":"ga-IE","potentialAction":[{"@type":"ReadAction","target":["https:\/\/www.creativeireland.gov.ie\/ga\/comhphairtithe\/creative-tech\/"]}]},{"@type":"ImageObject","inLanguage":"ga-IE","@id":"https:\/\/www.creativeireland.gov.ie\/ga\/comhphairtithe\/creative-tech\/#primaryimage","url":"https:\/\/www.creativeireland.gov.ie\/app\/uploads\/2021\/07\/Creative-Technology-Photo-1.jpg","contentUrl":"https:\/\/www.creativeireland.gov.ie\/app\/uploads\/2021\/07\/Creative-Technology-Photo-1.jpg","width":2560,"height":1707,"caption":"Repro Free: 30\/10\/2019 pictured at the ESB Creative Tech Fest event in the Convention Centre Dublin. Over 500 young people from youth groups across Ireland showcased their STEAM and Digital Creativity projects at the bilingual event. TechSpace is a STEAM and Digital Creativity-based educational programme that helps young people develop key 21stcentury skills in areas such as creativity, collaboration, critical thinking. The programme empowers them to be active creators, not passive users, of technology. Picture Andres Poveda"},{"@type":"BreadcrumbList","@id":"https:\/\/www.creativeireland.gov.ie\/ga\/comhphairtithe\/creative-tech\/#breadcrumb","itemListElement":[{"@type":"ListItem","position":1,"name":"Home","item":"https:\/\/www.creativeireland.gov.ie\/ga\/"},{"@type":"ListItem","position":2,"name":"\u00d3ige Ild\u00e1nach","item":"https:\/\/www.creativeireland.gov.ie\/ga\/oige-ildanach\/"},{"@type":"ListItem","position":3,"name":"Teicneola\u00edocht Chruthaitheach"}]},{"@type":"WebSite","@id":"https:\/\/www.creativeireland.gov.ie\/ga\/#website","url":"https:\/\/www.creativeireland.gov.ie\/ga\/","name":"Creative Ireland Programme","description":"The Creative Ireland Programme is guided by a vision that every person in Ireland will have the opportunity to realise their full creative potential. It is a five year all-of-Government initiative, from 2017 to 2022, to place creativity at the centre of public policy.","potentialAction":[{"@type":"SearchAction","target":{"@type":"EntryPoint","urlTemplate":"https:\/\/www.creativeireland.gov.ie\/ga\/?s={search_term_string}"},"query-input":{"@type":"PropertyValueSpecification","valueRequired":true,"valueName":"search_term_string"}}],"inLanguage":"ga-IE"}]}},"_links":{"self":[{"href":"https:\/\/www.creativeireland.gov.ie\/ga\/wp-json\/wp\/v2\/pages\/15336","targetHints":{"allow":["GET"]}}],"collection":[{"href":"https:\/\/www.creativeireland.gov.ie\/ga\/wp-json\/wp\/v2\/pages"}],"about":[{"href":"https:\/\/www.creativeireland.gov.ie\/ga\/wp-json\/wp\/v2\/types\/page"}],"author":[{"embeddable":true,"href":"https:\/\/www.creativeireland.gov.ie\/ga\/wp-json\/wp\/v2\/users\/26"}],"replies":[{"embeddable":true,"href":"https:\/\/www.creativeireland.gov.ie\/ga\/wp-json\/wp\/v2\/comments?post=15336"}],"version-history":[{"count":3,"href":"https:\/\/www.creativeireland.gov.ie\/ga\/wp-json\/wp\/v2\/pages\/15336\/revisions"}],"predecessor-version":[{"id":15386,"href":"https:\/\/www.creativeireland.gov.ie\/ga\/wp-json\/wp\/v2\/pages\/15336\/revisions\/15386"}],"up":[{"embeddable":true,"href":"https:\/\/www.creativeireland.gov.ie\/ga\/wp-json\/wp\/v2\/pages\/3357"}],"wp:featuredmedia":[{"embeddable":true,"href":"https:\/\/www.creativeireland.gov.ie\/ga\/wp-json\/wp\/v2\/media\/15361"}],"wp:attachment":[{"href":"https:\/\/www.creativeireland.gov.ie\/ga\/wp-json\/wp\/v2\/media?parent=15336"}],"curies":[{"name":"wp","href":"https:\/\/api.w.org\/{rel}","templated":true}]}}