{"id":17411,"date":"2021-08-24T15:51:31","date_gmt":"2021-08-24T14:51:31","guid":{"rendered":"https:\/\/www.creativeireland.gov.ie\/oige-ildanach\/comhphairtiochtai-aitiula-oige-ildanach-caoi\/laois-offaly-local-creative-youth-partnership\/"},"modified":"2021-11-11T10:48:45","modified_gmt":"2021-11-11T10:48:45","slug":"laois-offaly-local-creative-youth-partnership","status":"publish","type":"page","link":"https:\/\/www.creativeireland.gov.ie\/ga\/oige-ildanach\/comhphairtiochtai-aitiula-oige-ildanach-caoi\/laois-offaly-local-creative-youth-partnership\/","title":{"rendered":"Comhph\u00e1irt\u00edocht \u00c1iti\u00fail \u00d3ige Chruthaitheach Laoise agus U\u00edbh Fhail\u00ed"},"content":{"rendered":"","protected":false},"excerpt":{"rendered":"","protected":false},"author":53,"featured_media":15745,"parent":3580,"menu_order":0,"comment_status":"closed","ping_status":"closed","template":"page-creative-nation-basic-content.php","meta":{"footnotes":""},"class_list":["post-17411","page","type-page","status-publish","has-post-thumbnail","hentry"],"acf":[],"yoast_head":"<!-- This site is optimized with the Yoast SEO plugin v25.9 - https:\/\/yoast.com\/wordpress\/plugins\/seo\/ -->\n<title>Comhph\u00e1irt\u00edocht \u00c1iti\u00fail \u00d3ige Chruthaitheach Laoise agus U\u00edbh Fhail\u00ed - Creative Ireland Programme<\/title>\n<meta name=\"description\" content=\"T\u00e1 forbairt Chomhph\u00e1irt\u00edocht \u00c1iti\u00fail \u00d3ige Chruthaitheach Laoise agus U\u00edbh Fhail\u00ed (LO LCYP) sa bhliain 2019 ina l\u00e9iri\u00fa ar thiomantas l\u00e1idir Bhord Oideachais agus Oili\u00fana Laoise agus U\u00edbh Fhail\u00ed (LOETB) oibri\u00fa le daoine \u00f3ga ar fud an d\u00e1 chontae chun rannph\u00e1irt\u00edocht agus gn\u00edomha\u00edocht maidir le gn\u00edomha\u00edochta\u00ed cruthaitheacha lasmuigh den scoil a mh\u00e9ad\u00fa.\" \/>\n<meta name=\"robots\" content=\"index, follow, max-snippet:-1, max-image-preview:large, max-video-preview:-1\" \/>\n<link rel=\"canonical\" href=\"https:\/\/www.creativeireland.gov.ie\/ga\/oige-ildanach\/comhphairtiochtai-aitiula-oige-ildanach-caoi\/laois-offaly-local-creative-youth-partnership\/\" \/>\n<meta property=\"og:locale\" content=\"ga_IE\" \/>\n<meta property=\"og:type\" content=\"article\" \/>\n<meta property=\"og:title\" content=\"Comhph\u00e1irt\u00edocht \u00c1iti\u00fail \u00d3ige Chruthaitheach Laoise agus U\u00edbh Fhail\u00ed - Creative Ireland Programme\" \/>\n<meta property=\"og:description\" content=\"T\u00e1 forbairt Chomhph\u00e1irt\u00edocht \u00c1iti\u00fail \u00d3ige Chruthaitheach Laoise agus U\u00edbh Fhail\u00ed (LO LCYP) sa bhliain 2019 ina l\u00e9iri\u00fa ar thiomantas l\u00e1idir Bhord Oideachais agus Oili\u00fana Laoise agus U\u00edbh Fhail\u00ed (LOETB) oibri\u00fa le daoine \u00f3ga ar fud an d\u00e1 chontae chun rannph\u00e1irt\u00edocht agus gn\u00edomha\u00edocht maidir le gn\u00edomha\u00edochta\u00ed cruthaitheacha lasmuigh den scoil a mh\u00e9ad\u00fa.\" \/>\n<meta property=\"og:url\" content=\"https:\/\/www.creativeireland.gov.ie\/ga\/oige-ildanach\/comhphairtiochtai-aitiula-oige-ildanach-caoi\/laois-offaly-local-creative-youth-partnership\/\" \/>\n<meta property=\"og:site_name\" content=\"Creative Ireland Programme\" \/>\n<meta property=\"article:publisher\" content=\"https:\/\/www.facebook.com\/CreativeIrl\/\" \/>\n<meta property=\"article:modified_time\" content=\"2021-11-11T10:48:45+00:00\" \/>\n<meta property=\"og:image\" content=\"https:\/\/www.creativeireland.gov.ie\/app\/uploads\/2021\/08\/Laois-Offaly-LCYP.jpg\" \/>\n\t<meta property=\"og:image:width\" content=\"488\" \/>\n\t<meta property=\"og:image:height\" content=\"324\" \/>\n\t<meta property=\"og:image:type\" content=\"image\/jpeg\" \/>\n<meta name=\"twitter:card\" content=\"summary_large_image\" \/>\n<meta name=\"twitter:site\" content=\"@creativeirl\" \/>\n<script type=\"application\/ld+json\" class=\"yoast-schema-graph\">{\"@context\":\"https:\/\/schema.org\",\"@graph\":[{\"@type\":\"WebPage\",\"@id\":\"https:\/\/www.creativeireland.gov.ie\/ga\/oige-ildanach\/comhphairtiochtai-aitiula-oige-ildanach-caoi\/laois-offaly-local-creative-youth-partnership\/\",\"url\":\"https:\/\/www.creativeireland.gov.ie\/ga\/oige-ildanach\/comhphairtiochtai-aitiula-oige-ildanach-caoi\/laois-offaly-local-creative-youth-partnership\/\",\"name\":\"Comhph\u00e1irt\u00edocht \u00c1iti\u00fail \u00d3ige Chruthaitheach Laoise agus U\u00edbh Fhail\u00ed - Creative Ireland Programme\",\"isPartOf\":{\"@id\":\"https:\/\/www.creativeireland.gov.ie\/ga\/#website\"},\"primaryImageOfPage\":{\"@id\":\"https:\/\/www.creativeireland.gov.ie\/ga\/oige-ildanach\/comhphairtiochtai-aitiula-oige-ildanach-caoi\/laois-offaly-local-creative-youth-partnership\/#primaryimage\"},\"image\":{\"@id\":\"https:\/\/www.creativeireland.gov.ie\/ga\/oige-ildanach\/comhphairtiochtai-aitiula-oige-ildanach-caoi\/laois-offaly-local-creative-youth-partnership\/#primaryimage\"},\"thumbnailUrl\":\"https:\/\/www.creativeireland.gov.ie\/app\/uploads\/2021\/08\/Laois-Offaly-LCYP.jpg\",\"datePublished\":\"2021-08-24T14:51:31+00:00\",\"dateModified\":\"2021-11-11T10:48:45+00:00\",\"description\":\"T\u00e1 forbairt Chomhph\u00e1irt\u00edocht \u00c1iti\u00fail \u00d3ige Chruthaitheach Laoise agus U\u00edbh Fhail\u00ed (LO LCYP) sa bhliain 2019 ina l\u00e9iri\u00fa ar thiomantas l\u00e1idir Bhord Oideachais agus Oili\u00fana Laoise agus U\u00edbh Fhail\u00ed (LOETB) oibri\u00fa le daoine \u00f3ga ar fud an d\u00e1 chontae chun rannph\u00e1irt\u00edocht agus gn\u00edomha\u00edocht maidir le gn\u00edomha\u00edochta\u00ed cruthaitheacha lasmuigh den scoil a mh\u00e9ad\u00fa.\",\"breadcrumb\":{\"@id\":\"https:\/\/www.creativeireland.gov.ie\/ga\/oige-ildanach\/comhphairtiochtai-aitiula-oige-ildanach-caoi\/laois-offaly-local-creative-youth-partnership\/#breadcrumb\"},\"inLanguage\":\"ga-IE\",\"potentialAction\":[{\"@type\":\"ReadAction\",\"target\":[\"https:\/\/www.creativeireland.gov.ie\/ga\/oige-ildanach\/comhphairtiochtai-aitiula-oige-ildanach-caoi\/laois-offaly-local-creative-youth-partnership\/\"]}]},{\"@type\":\"ImageObject\",\"inLanguage\":\"ga-IE\",\"@id\":\"https:\/\/www.creativeireland.gov.ie\/ga\/oige-ildanach\/comhphairtiochtai-aitiula-oige-ildanach-caoi\/laois-offaly-local-creative-youth-partnership\/#primaryimage\",\"url\":\"https:\/\/www.creativeireland.gov.ie\/app\/uploads\/2021\/08\/Laois-Offaly-LCYP.jpg\",\"contentUrl\":\"https:\/\/www.creativeireland.gov.ie\/app\/uploads\/2021\/08\/Laois-Offaly-LCYP.jpg\",\"width\":488,\"height\":324,\"caption\":\"Members of MYT engage in role play as part of their Performing Arts Programme\"},{\"@type\":\"BreadcrumbList\",\"@id\":\"https:\/\/www.creativeireland.gov.ie\/ga\/oige-ildanach\/comhphairtiochtai-aitiula-oige-ildanach-caoi\/laois-offaly-local-creative-youth-partnership\/#breadcrumb\",\"itemListElement\":[{\"@type\":\"ListItem\",\"position\":1,\"name\":\"Home\",\"item\":\"https:\/\/www.creativeireland.gov.ie\/ga\/\"},{\"@type\":\"ListItem\",\"position\":2,\"name\":\"\u00d3ige Ild\u00e1nach\",\"item\":\"https:\/\/www.creativeireland.gov.ie\/ga\/oige-ildanach\/\"},{\"@type\":\"ListItem\",\"position\":3,\"name\":\"Comhph\u00e1irt\u00edochta\u00ed \u00c1iti\u00fala \u00d3ige Ild\u00e1nach (C\u00c1\u00d3I)\",\"item\":\"https:\/\/www.creativeireland.gov.ie\/ga\/oige-ildanach\/comhphairtiochtai-aitiula-oige-ildanach-caoi\/\"},{\"@type\":\"ListItem\",\"position\":4,\"name\":\"Comhph\u00e1irt\u00edocht \u00c1iti\u00fail \u00d3ige Chruthaitheach Laoise agus U\u00edbh Fhail\u00ed\"}]},{\"@type\":\"WebSite\",\"@id\":\"https:\/\/www.creativeireland.gov.ie\/ga\/#website\",\"url\":\"https:\/\/www.creativeireland.gov.ie\/ga\/\",\"name\":\"Creative Ireland Programme\",\"description\":\"The Creative Ireland Programme is guided by a vision that every person in Ireland will have the opportunity to realise their full creative potential. It is a five year all-of-Government initiative, from 2017 to 2022, to place creativity at the centre of public policy.\",\"potentialAction\":[{\"@type\":\"SearchAction\",\"target\":{\"@type\":\"EntryPoint\",\"urlTemplate\":\"https:\/\/www.creativeireland.gov.ie\/ga\/?s={search_term_string}\"},\"query-input\":{\"@type\":\"PropertyValueSpecification\",\"valueRequired\":true,\"valueName\":\"search_term_string\"}}],\"inLanguage\":\"ga-IE\"}]}<\/script>\n<!-- \/ Yoast SEO plugin. -->","yoast_head_json":{"title":"Comhph\u00e1irt\u00edocht \u00c1iti\u00fail \u00d3ige Chruthaitheach Laoise agus U\u00edbh Fhail\u00ed - Creative Ireland Programme","description":"T\u00e1 forbairt Chomhph\u00e1irt\u00edocht \u00c1iti\u00fail \u00d3ige Chruthaitheach Laoise agus U\u00edbh Fhail\u00ed (LO LCYP) sa bhliain 2019 ina l\u00e9iri\u00fa ar thiomantas l\u00e1idir Bhord Oideachais agus Oili\u00fana Laoise agus U\u00edbh Fhail\u00ed (LOETB) oibri\u00fa le daoine \u00f3ga ar fud an d\u00e1 chontae chun rannph\u00e1irt\u00edocht agus gn\u00edomha\u00edocht maidir le gn\u00edomha\u00edochta\u00ed cruthaitheacha lasmuigh den scoil a mh\u00e9ad\u00fa.","robots":{"index":"index","follow":"follow","max-snippet":"max-snippet:-1","max-image-preview":"max-image-preview:large","max-video-preview":"max-video-preview:-1"},"canonical":"https:\/\/www.creativeireland.gov.ie\/ga\/oige-ildanach\/comhphairtiochtai-aitiula-oige-ildanach-caoi\/laois-offaly-local-creative-youth-partnership\/","og_locale":"ga_IE","og_type":"article","og_title":"Comhph\u00e1irt\u00edocht \u00c1iti\u00fail \u00d3ige Chruthaitheach Laoise agus U\u00edbh Fhail\u00ed - Creative Ireland Programme","og_description":"T\u00e1 forbairt Chomhph\u00e1irt\u00edocht \u00c1iti\u00fail \u00d3ige Chruthaitheach Laoise agus U\u00edbh Fhail\u00ed (LO LCYP) sa bhliain 2019 ina l\u00e9iri\u00fa ar thiomantas l\u00e1idir Bhord Oideachais agus Oili\u00fana Laoise agus U\u00edbh Fhail\u00ed (LOETB) oibri\u00fa le daoine \u00f3ga ar fud an d\u00e1 chontae chun rannph\u00e1irt\u00edocht agus gn\u00edomha\u00edocht maidir le gn\u00edomha\u00edochta\u00ed cruthaitheacha lasmuigh den scoil a mh\u00e9ad\u00fa.","og_url":"https:\/\/www.creativeireland.gov.ie\/ga\/oige-ildanach\/comhphairtiochtai-aitiula-oige-ildanach-caoi\/laois-offaly-local-creative-youth-partnership\/","og_site_name":"Creative Ireland Programme","article_publisher":"https:\/\/www.facebook.com\/CreativeIrl\/","article_modified_time":"2021-11-11T10:48:45+00:00","og_image":[{"width":488,"height":324,"url":"https:\/\/www.creativeireland.gov.ie\/app\/uploads\/2021\/08\/Laois-Offaly-LCYP.jpg","type":"image\/jpeg"}],"twitter_card":"summary_large_image","twitter_site":"@creativeirl","schema":{"@context":"https:\/\/schema.org","@graph":[{"@type":"WebPage","@id":"https:\/\/www.creativeireland.gov.ie\/ga\/oige-ildanach\/comhphairtiochtai-aitiula-oige-ildanach-caoi\/laois-offaly-local-creative-youth-partnership\/","url":"https:\/\/www.creativeireland.gov.ie\/ga\/oige-ildanach\/comhphairtiochtai-aitiula-oige-ildanach-caoi\/laois-offaly-local-creative-youth-partnership\/","name":"Comhph\u00e1irt\u00edocht \u00c1iti\u00fail \u00d3ige Chruthaitheach Laoise agus U\u00edbh Fhail\u00ed - Creative Ireland Programme","isPartOf":{"@id":"https:\/\/www.creativeireland.gov.ie\/ga\/#website"},"primaryImageOfPage":{"@id":"https:\/\/www.creativeireland.gov.ie\/ga\/oige-ildanach\/comhphairtiochtai-aitiula-oige-ildanach-caoi\/laois-offaly-local-creative-youth-partnership\/#primaryimage"},"image":{"@id":"https:\/\/www.creativeireland.gov.ie\/ga\/oige-ildanach\/comhphairtiochtai-aitiula-oige-ildanach-caoi\/laois-offaly-local-creative-youth-partnership\/#primaryimage"},"thumbnailUrl":"https:\/\/www.creativeireland.gov.ie\/app\/uploads\/2021\/08\/Laois-Offaly-LCYP.jpg","datePublished":"2021-08-24T14:51:31+00:00","dateModified":"2021-11-11T10:48:45+00:00","description":"T\u00e1 forbairt Chomhph\u00e1irt\u00edocht \u00c1iti\u00fail \u00d3ige Chruthaitheach Laoise agus U\u00edbh Fhail\u00ed (LO LCYP) sa bhliain 2019 ina l\u00e9iri\u00fa ar thiomantas l\u00e1idir Bhord Oideachais agus Oili\u00fana Laoise agus U\u00edbh Fhail\u00ed (LOETB) oibri\u00fa le daoine \u00f3ga ar fud an d\u00e1 chontae chun rannph\u00e1irt\u00edocht agus gn\u00edomha\u00edocht maidir le gn\u00edomha\u00edochta\u00ed cruthaitheacha lasmuigh den scoil a mh\u00e9ad\u00fa.","breadcrumb":{"@id":"https:\/\/www.creativeireland.gov.ie\/ga\/oige-ildanach\/comhphairtiochtai-aitiula-oige-ildanach-caoi\/laois-offaly-local-creative-youth-partnership\/#breadcrumb"},"inLanguage":"ga-IE","potentialAction":[{"@type":"ReadAction","target":["https:\/\/www.creativeireland.gov.ie\/ga\/oige-ildanach\/comhphairtiochtai-aitiula-oige-ildanach-caoi\/laois-offaly-local-creative-youth-partnership\/"]}]},{"@type":"ImageObject","inLanguage":"ga-IE","@id":"https:\/\/www.creativeireland.gov.ie\/ga\/oige-ildanach\/comhphairtiochtai-aitiula-oige-ildanach-caoi\/laois-offaly-local-creative-youth-partnership\/#primaryimage","url":"https:\/\/www.creativeireland.gov.ie\/app\/uploads\/2021\/08\/Laois-Offaly-LCYP.jpg","contentUrl":"https:\/\/www.creativeireland.gov.ie\/app\/uploads\/2021\/08\/Laois-Offaly-LCYP.jpg","width":488,"height":324,"caption":"Members of MYT engage in role play as part of their Performing Arts Programme"},{"@type":"BreadcrumbList","@id":"https:\/\/www.creativeireland.gov.ie\/ga\/oige-ildanach\/comhphairtiochtai-aitiula-oige-ildanach-caoi\/laois-offaly-local-creative-youth-partnership\/#breadcrumb","itemListElement":[{"@type":"ListItem","position":1,"name":"Home","item":"https:\/\/www.creativeireland.gov.ie\/ga\/"},{"@type":"ListItem","position":2,"name":"\u00d3ige Ild\u00e1nach","item":"https:\/\/www.creativeireland.gov.ie\/ga\/oige-ildanach\/"},{"@type":"ListItem","position":3,"name":"Comhph\u00e1irt\u00edochta\u00ed \u00c1iti\u00fala \u00d3ige Ild\u00e1nach (C\u00c1\u00d3I)","item":"https:\/\/www.creativeireland.gov.ie\/ga\/oige-ildanach\/comhphairtiochtai-aitiula-oige-ildanach-caoi\/"},{"@type":"ListItem","position":4,"name":"Comhph\u00e1irt\u00edocht \u00c1iti\u00fail \u00d3ige Chruthaitheach Laoise agus U\u00edbh Fhail\u00ed"}]},{"@type":"WebSite","@id":"https:\/\/www.creativeireland.gov.ie\/ga\/#website","url":"https:\/\/www.creativeireland.gov.ie\/ga\/","name":"Creative Ireland Programme","description":"The Creative Ireland Programme is guided by a vision that every person in Ireland will have the opportunity to realise their full creative potential. It is a five year all-of-Government initiative, from 2017 to 2022, to place creativity at the centre of public policy.","potentialAction":[{"@type":"SearchAction","target":{"@type":"EntryPoint","urlTemplate":"https:\/\/www.creativeireland.gov.ie\/ga\/?s={search_term_string}"},"query-input":{"@type":"PropertyValueSpecification","valueRequired":true,"valueName":"search_term_string"}}],"inLanguage":"ga-IE"}]}},"_links":{"self":[{"href":"https:\/\/www.creativeireland.gov.ie\/ga\/wp-json\/wp\/v2\/pages\/17411","targetHints":{"allow":["GET"]}}],"collection":[{"href":"https:\/\/www.creativeireland.gov.ie\/ga\/wp-json\/wp\/v2\/pages"}],"about":[{"href":"https:\/\/www.creativeireland.gov.ie\/ga\/wp-json\/wp\/v2\/types\/page"}],"author":[{"embeddable":true,"href":"https:\/\/www.creativeireland.gov.ie\/ga\/wp-json\/wp\/v2\/users\/53"}],"replies":[{"embeddable":true,"href":"https:\/\/www.creativeireland.gov.ie\/ga\/wp-json\/wp\/v2\/comments?post=17411"}],"version-history":[{"count":3,"href":"https:\/\/www.creativeireland.gov.ie\/ga\/wp-json\/wp\/v2\/pages\/17411\/revisions"}],"predecessor-version":[{"id":17417,"href":"https:\/\/www.creativeireland.gov.ie\/ga\/wp-json\/wp\/v2\/pages\/17411\/revisions\/17417"}],"up":[{"embeddable":true,"href":"https:\/\/www.creativeireland.gov.ie\/ga\/wp-json\/wp\/v2\/pages\/3580"}],"wp:featuredmedia":[{"embeddable":true,"href":"https:\/\/www.creativeireland.gov.ie\/ga\/wp-json\/wp\/v2\/media\/15745"}],"wp:attachment":[{"href":"https:\/\/www.creativeireland.gov.ie\/ga\/wp-json\/wp\/v2\/media?parent=17411"}],"curies":[{"name":"wp","href":"https:\/\/api.w.org\/{rel}","templated":true}]}}