{"id":3332,"date":"2019-12-05T13:09:34","date_gmt":"2019-12-05T13:09:34","guid":{"rendered":"http:\/\/ci.test:8000\/creative-communities\/"},"modified":"2023-03-06T13:21:14","modified_gmt":"2023-03-06T13:21:14","slug":"pobail-ildanacha","status":"publish","type":"page","link":"https:\/\/www.creativeireland.gov.ie\/ga\/pobail-ildanacha\/","title":{"rendered":"Pobail Ild\u00e1nacha"},"content":{"rendered":"","protected":false},"excerpt":{"rendered":"","protected":false},"author":1,"featured_media":0,"parent":0,"menu_order":0,"comment_status":"closed","ping_status":"closed","template":"page-creative-communities-landing.php","meta":{"footnotes":""},"class_list":["post-3332","page","type-page","status-publish","hentry"],"acf":[],"yoast_head":"<!-- This site is optimized with the Yoast SEO plugin v25.9 - https:\/\/yoast.com\/wordpress\/plugins\/seo\/ -->\n<title>Pobail Ild\u00e1nacha - Creative Ireland Programme<\/title>\n<meta name=\"description\" content=\"Is bunchloch de chuid Chl\u00e1r \u00c9ire Ild\u00e1nach \u00e9 leas a bhaint as an acmhainneacht chruthaitheach at\u00e1 ag muintir agus ag pobail in \u00c9irinn.\" \/>\n<meta name=\"robots\" content=\"index, follow, max-snippet:-1, max-image-preview:large, max-video-preview:-1\" \/>\n<link rel=\"canonical\" href=\"https:\/\/www.creativeireland.gov.ie\/ga\/pobail-ildanacha\/\" \/>\n<meta property=\"og:locale\" content=\"ga_IE\" \/>\n<meta property=\"og:type\" content=\"article\" \/>\n<meta property=\"og:title\" content=\"Pobail Ild\u00e1nacha - Creative Ireland Programme\" \/>\n<meta property=\"og:description\" content=\"Is bunchloch de chuid Chl\u00e1r \u00c9ire Ild\u00e1nach \u00e9 leas a bhaint as an acmhainneacht chruthaitheach at\u00e1 ag muintir agus ag pobail in \u00c9irinn.\" \/>\n<meta property=\"og:url\" content=\"https:\/\/www.creativeireland.gov.ie\/ga\/pobail-ildanacha\/\" \/>\n<meta property=\"og:site_name\" content=\"Creative Ireland Programme\" \/>\n<meta property=\"article:publisher\" content=\"https:\/\/www.facebook.com\/CreativeIrl\/\" \/>\n<meta property=\"article:modified_time\" content=\"2023-03-06T13:21:14+00:00\" \/>\n<meta name=\"twitter:card\" content=\"summary_large_image\" \/>\n<meta name=\"twitter:site\" content=\"@creativeirl\" \/>\n<script type=\"application\/ld+json\" class=\"yoast-schema-graph\">{\"@context\":\"https:\/\/schema.org\",\"@graph\":[{\"@type\":\"WebPage\",\"@id\":\"https:\/\/www.creativeireland.gov.ie\/ga\/pobail-ildanacha\/\",\"url\":\"https:\/\/www.creativeireland.gov.ie\/ga\/pobail-ildanacha\/\",\"name\":\"Pobail Ild\u00e1nacha - Creative Ireland Programme\",\"isPartOf\":{\"@id\":\"https:\/\/www.creativeireland.gov.ie\/ga\/#website\"},\"datePublished\":\"2019-12-05T13:09:34+00:00\",\"dateModified\":\"2023-03-06T13:21:14+00:00\",\"description\":\"Is bunchloch de chuid Chl\u00e1r \u00c9ire Ild\u00e1nach \u00e9 leas a bhaint as an acmhainneacht chruthaitheach at\u00e1 ag muintir agus ag pobail in \u00c9irinn.\",\"breadcrumb\":{\"@id\":\"https:\/\/www.creativeireland.gov.ie\/ga\/pobail-ildanacha\/#breadcrumb\"},\"inLanguage\":\"ga-IE\",\"potentialAction\":[{\"@type\":\"ReadAction\",\"target\":[\"https:\/\/www.creativeireland.gov.ie\/ga\/pobail-ildanacha\/\"]}]},{\"@type\":\"BreadcrumbList\",\"@id\":\"https:\/\/www.creativeireland.gov.ie\/ga\/pobail-ildanacha\/#breadcrumb\",\"itemListElement\":[{\"@type\":\"ListItem\",\"position\":1,\"name\":\"Home\",\"item\":\"https:\/\/www.creativeireland.gov.ie\/ga\/\"},{\"@type\":\"ListItem\",\"position\":2,\"name\":\"Pobail Ild\u00e1nacha\"}]},{\"@type\":\"WebSite\",\"@id\":\"https:\/\/www.creativeireland.gov.ie\/ga\/#website\",\"url\":\"https:\/\/www.creativeireland.gov.ie\/ga\/\",\"name\":\"Creative Ireland Programme\",\"description\":\"The Creative Ireland Programme is guided by a vision that every person in Ireland will have the opportunity to realise their full creative potential. It is a five year all-of-Government initiative, from 2017 to 2022, to place creativity at the centre of public policy.\",\"potentialAction\":[{\"@type\":\"SearchAction\",\"target\":{\"@type\":\"EntryPoint\",\"urlTemplate\":\"https:\/\/www.creativeireland.gov.ie\/ga\/?s={search_term_string}\"},\"query-input\":{\"@type\":\"PropertyValueSpecification\",\"valueRequired\":true,\"valueName\":\"search_term_string\"}}],\"inLanguage\":\"ga-IE\"}]}<\/script>\n<!-- \/ Yoast SEO plugin. -->","yoast_head_json":{"title":"Pobail Ild\u00e1nacha - Creative Ireland Programme","description":"Is bunchloch de chuid Chl\u00e1r \u00c9ire Ild\u00e1nach \u00e9 leas a bhaint as an acmhainneacht chruthaitheach at\u00e1 ag muintir agus ag pobail in \u00c9irinn.","robots":{"index":"index","follow":"follow","max-snippet":"max-snippet:-1","max-image-preview":"max-image-preview:large","max-video-preview":"max-video-preview:-1"},"canonical":"https:\/\/www.creativeireland.gov.ie\/ga\/pobail-ildanacha\/","og_locale":"ga_IE","og_type":"article","og_title":"Pobail Ild\u00e1nacha - Creative Ireland Programme","og_description":"Is bunchloch de chuid Chl\u00e1r \u00c9ire Ild\u00e1nach \u00e9 leas a bhaint as an acmhainneacht chruthaitheach at\u00e1 ag muintir agus ag pobail in \u00c9irinn.","og_url":"https:\/\/www.creativeireland.gov.ie\/ga\/pobail-ildanacha\/","og_site_name":"Creative Ireland Programme","article_publisher":"https:\/\/www.facebook.com\/CreativeIrl\/","article_modified_time":"2023-03-06T13:21:14+00:00","twitter_card":"summary_large_image","twitter_site":"@creativeirl","schema":{"@context":"https:\/\/schema.org","@graph":[{"@type":"WebPage","@id":"https:\/\/www.creativeireland.gov.ie\/ga\/pobail-ildanacha\/","url":"https:\/\/www.creativeireland.gov.ie\/ga\/pobail-ildanacha\/","name":"Pobail Ild\u00e1nacha - Creative Ireland Programme","isPartOf":{"@id":"https:\/\/www.creativeireland.gov.ie\/ga\/#website"},"datePublished":"2019-12-05T13:09:34+00:00","dateModified":"2023-03-06T13:21:14+00:00","description":"Is bunchloch de chuid Chl\u00e1r \u00c9ire Ild\u00e1nach \u00e9 leas a bhaint as an acmhainneacht chruthaitheach at\u00e1 ag muintir agus ag pobail in \u00c9irinn.","breadcrumb":{"@id":"https:\/\/www.creativeireland.gov.ie\/ga\/pobail-ildanacha\/#breadcrumb"},"inLanguage":"ga-IE","potentialAction":[{"@type":"ReadAction","target":["https:\/\/www.creativeireland.gov.ie\/ga\/pobail-ildanacha\/"]}]},{"@type":"BreadcrumbList","@id":"https:\/\/www.creativeireland.gov.ie\/ga\/pobail-ildanacha\/#breadcrumb","itemListElement":[{"@type":"ListItem","position":1,"name":"Home","item":"https:\/\/www.creativeireland.gov.ie\/ga\/"},{"@type":"ListItem","position":2,"name":"Pobail Ild\u00e1nacha"}]},{"@type":"WebSite","@id":"https:\/\/www.creativeireland.gov.ie\/ga\/#website","url":"https:\/\/www.creativeireland.gov.ie\/ga\/","name":"Creative Ireland Programme","description":"The Creative Ireland Programme is guided by a vision that every person in Ireland will have the opportunity to realise their full creative potential. It is a five year all-of-Government initiative, from 2017 to 2022, to place creativity at the centre of public policy.","potentialAction":[{"@type":"SearchAction","target":{"@type":"EntryPoint","urlTemplate":"https:\/\/www.creativeireland.gov.ie\/ga\/?s={search_term_string}"},"query-input":{"@type":"PropertyValueSpecification","valueRequired":true,"valueName":"search_term_string"}}],"inLanguage":"ga-IE"}]}},"_links":{"self":[{"href":"https:\/\/www.creativeireland.gov.ie\/ga\/wp-json\/wp\/v2\/pages\/3332","targetHints":{"allow":["GET"]}}],"collection":[{"href":"https:\/\/www.creativeireland.gov.ie\/ga\/wp-json\/wp\/v2\/pages"}],"about":[{"href":"https:\/\/www.creativeireland.gov.ie\/ga\/wp-json\/wp\/v2\/types\/page"}],"author":[{"embeddable":true,"href":"https:\/\/www.creativeireland.gov.ie\/ga\/wp-json\/wp\/v2\/users\/1"}],"replies":[{"embeddable":true,"href":"https:\/\/www.creativeireland.gov.ie\/ga\/wp-json\/wp\/v2\/comments?post=3332"}],"version-history":[{"count":7,"href":"https:\/\/www.creativeireland.gov.ie\/ga\/wp-json\/wp\/v2\/pages\/3332\/revisions"}],"predecessor-version":[{"id":23852,"href":"https:\/\/www.creativeireland.gov.ie\/ga\/wp-json\/wp\/v2\/pages\/3332\/revisions\/23852"}],"wp:attachment":[{"href":"https:\/\/www.creativeireland.gov.ie\/ga\/wp-json\/wp\/v2\/media?parent=3332"}],"curies":[{"name":"wp","href":"https:\/\/api.w.org\/{rel}","templated":true}]}}