{"id":3564,"date":"2019-12-09T11:00:43","date_gmt":"2019-12-09T11:00:43","guid":{"rendered":"http:\/\/ci.test:8000\/creative-schools\/"},"modified":"2020-01-08T19:58:43","modified_gmt":"2020-01-08T19:58:43","slug":"scoileanna-ildanacha","status":"publish","type":"page","link":"https:\/\/www.creativeireland.gov.ie\/ga\/oige-ildanach\/scoileanna-ildanacha\/","title":{"rendered":"Scoileanna Ild\u00e1nacha"},"content":{"rendered":"","protected":false},"excerpt":{"rendered":"","protected":false},"author":1,"featured_media":4096,"parent":3560,"menu_order":0,"comment_status":"closed","ping_status":"closed","template":"page-creative-nation-basic-content.php","meta":{"footnotes":""},"class_list":["post-3564","page","type-page","status-publish","has-post-thumbnail","hentry"],"acf":[],"yoast_head":"<!-- This site is optimized with the Yoast SEO plugin v25.9 - https:\/\/yoast.com\/wordpress\/plugins\/seo\/ -->\n<title>Scoileanna Ild\u00e1nacha - Creative Ireland Programme<\/title>\n<meta name=\"description\" content=\"N\u00edl \u00e1it is fearr le tos\u00fa amach ar shaol na cruthaitheachta \u2013 leis an gcruthaitheacht sa seomra ranga, coth\u00fa na cruthaitheachta ar fud na scoile, c\u00fanamh taca ina leith sin, ar an mbealach is fearr leis an scoil agus is fearr don scoil agus do leana\u00ed na scoile.\" \/>\n<meta name=\"robots\" content=\"index, follow, max-snippet:-1, max-image-preview:large, max-video-preview:-1\" \/>\n<link rel=\"canonical\" href=\"https:\/\/www.creativeireland.gov.ie\/ga\/oige-ildanach\/scoileanna-ildanacha\/\" \/>\n<meta property=\"og:locale\" content=\"ga_IE\" \/>\n<meta property=\"og:type\" content=\"article\" \/>\n<meta property=\"og:title\" content=\"Scoileanna Ild\u00e1nacha - Creative Ireland Programme\" \/>\n<meta property=\"og:description\" content=\"N\u00edl \u00e1it is fearr le tos\u00fa amach ar shaol na cruthaitheachta \u2013 leis an gcruthaitheacht sa seomra ranga, coth\u00fa na cruthaitheachta ar fud na scoile, c\u00fanamh taca ina leith sin, ar an mbealach is fearr leis an scoil agus is fearr don scoil agus do leana\u00ed na scoile.\" \/>\n<meta property=\"og:url\" content=\"https:\/\/www.creativeireland.gov.ie\/ga\/oige-ildanach\/scoileanna-ildanacha\/\" \/>\n<meta property=\"og:site_name\" content=\"Creative Ireland Programme\" \/>\n<meta property=\"article:publisher\" content=\"https:\/\/www.facebook.com\/CreativeIrl\/\" \/>\n<meta property=\"article:modified_time\" content=\"2020-01-08T19:58:43+00:00\" \/>\n<meta property=\"og:image\" content=\"https:\/\/www.creativeireland.gov.ie\/app\/uploads\/2019\/12\/Plastics.-The-Good-The-Bad-The-Ugly-2.jpg\" \/>\n\t<meta property=\"og:image:width\" content=\"2048\" \/>\n\t<meta property=\"og:image:height\" content=\"1424\" \/>\n\t<meta property=\"og:image:type\" content=\"image\/jpeg\" \/>\n<meta name=\"twitter:card\" content=\"summary_large_image\" \/>\n<meta name=\"twitter:site\" content=\"@creativeirl\" \/>\n<script type=\"application\/ld+json\" class=\"yoast-schema-graph\">{\"@context\":\"https:\/\/schema.org\",\"@graph\":[{\"@type\":\"WebPage\",\"@id\":\"https:\/\/www.creativeireland.gov.ie\/ga\/oige-ildanach\/scoileanna-ildanacha\/\",\"url\":\"https:\/\/www.creativeireland.gov.ie\/ga\/oige-ildanach\/scoileanna-ildanacha\/\",\"name\":\"Scoileanna Ild\u00e1nacha - Creative Ireland Programme\",\"isPartOf\":{\"@id\":\"https:\/\/www.creativeireland.gov.ie\/ga\/#website\"},\"primaryImageOfPage\":{\"@id\":\"https:\/\/www.creativeireland.gov.ie\/ga\/oige-ildanach\/scoileanna-ildanacha\/#primaryimage\"},\"image\":{\"@id\":\"https:\/\/www.creativeireland.gov.ie\/ga\/oige-ildanach\/scoileanna-ildanacha\/#primaryimage\"},\"thumbnailUrl\":\"https:\/\/www.creativeireland.gov.ie\/app\/uploads\/2019\/12\/Plastics.-The-Good-The-Bad-The-Ugly-2.jpg\",\"datePublished\":\"2019-12-09T11:00:43+00:00\",\"dateModified\":\"2020-01-08T19:58:43+00:00\",\"description\":\"N\u00edl \u00e1it is fearr le tos\u00fa amach ar shaol na cruthaitheachta \u2013 leis an gcruthaitheacht sa seomra ranga, coth\u00fa na cruthaitheachta ar fud na scoile, c\u00fanamh taca ina leith sin, ar an mbealach is fearr leis an scoil agus is fearr don scoil agus do leana\u00ed na scoile.\",\"breadcrumb\":{\"@id\":\"https:\/\/www.creativeireland.gov.ie\/ga\/oige-ildanach\/scoileanna-ildanacha\/#breadcrumb\"},\"inLanguage\":\"ga-IE\",\"potentialAction\":[{\"@type\":\"ReadAction\",\"target\":[\"https:\/\/www.creativeireland.gov.ie\/ga\/oige-ildanach\/scoileanna-ildanacha\/\"]}]},{\"@type\":\"ImageObject\",\"inLanguage\":\"ga-IE\",\"@id\":\"https:\/\/www.creativeireland.gov.ie\/ga\/oige-ildanach\/scoileanna-ildanacha\/#primaryimage\",\"url\":\"https:\/\/www.creativeireland.gov.ie\/app\/uploads\/2019\/12\/Plastics.-The-Good-The-Bad-The-Ugly-2.jpg\",\"contentUrl\":\"https:\/\/www.creativeireland.gov.ie\/app\/uploads\/2019\/12\/Plastics.-The-Good-The-Bad-The-Ugly-2.jpg\",\"width\":2048,\"height\":1424,\"caption\":\"Plastics. The Good, The Bad & The Ugly\"},{\"@type\":\"BreadcrumbList\",\"@id\":\"https:\/\/www.creativeireland.gov.ie\/ga\/oige-ildanach\/scoileanna-ildanacha\/#breadcrumb\",\"itemListElement\":[{\"@type\":\"ListItem\",\"position\":1,\"name\":\"Home\",\"item\":\"https:\/\/www.creativeireland.gov.ie\/ga\/\"},{\"@type\":\"ListItem\",\"position\":2,\"name\":\"\u00d3ige Ild\u00e1nach\",\"item\":\"https:\/\/www.creativeireland.gov.ie\/ga\/oige-ildanach\/\"},{\"@type\":\"ListItem\",\"position\":3,\"name\":\"Scoileanna Ild\u00e1nacha\"}]},{\"@type\":\"WebSite\",\"@id\":\"https:\/\/www.creativeireland.gov.ie\/ga\/#website\",\"url\":\"https:\/\/www.creativeireland.gov.ie\/ga\/\",\"name\":\"Creative Ireland Programme\",\"description\":\"The Creative Ireland Programme is guided by a vision that every person in Ireland will have the opportunity to realise their full creative potential. It is a five year all-of-Government initiative, from 2017 to 2022, to place creativity at the centre of public policy.\",\"potentialAction\":[{\"@type\":\"SearchAction\",\"target\":{\"@type\":\"EntryPoint\",\"urlTemplate\":\"https:\/\/www.creativeireland.gov.ie\/ga\/?s={search_term_string}\"},\"query-input\":{\"@type\":\"PropertyValueSpecification\",\"valueRequired\":true,\"valueName\":\"search_term_string\"}}],\"inLanguage\":\"ga-IE\"}]}<\/script>\n<!-- \/ Yoast SEO plugin. -->","yoast_head_json":{"title":"Scoileanna Ild\u00e1nacha - Creative Ireland Programme","description":"N\u00edl \u00e1it is fearr le tos\u00fa amach ar shaol na cruthaitheachta \u2013 leis an gcruthaitheacht sa seomra ranga, coth\u00fa na cruthaitheachta ar fud na scoile, c\u00fanamh taca ina leith sin, ar an mbealach is fearr leis an scoil agus is fearr don scoil agus do leana\u00ed na scoile.","robots":{"index":"index","follow":"follow","max-snippet":"max-snippet:-1","max-image-preview":"max-image-preview:large","max-video-preview":"max-video-preview:-1"},"canonical":"https:\/\/www.creativeireland.gov.ie\/ga\/oige-ildanach\/scoileanna-ildanacha\/","og_locale":"ga_IE","og_type":"article","og_title":"Scoileanna Ild\u00e1nacha - Creative Ireland Programme","og_description":"N\u00edl \u00e1it is fearr le tos\u00fa amach ar shaol na cruthaitheachta \u2013 leis an gcruthaitheacht sa seomra ranga, coth\u00fa na cruthaitheachta ar fud na scoile, c\u00fanamh taca ina leith sin, ar an mbealach is fearr leis an scoil agus is fearr don scoil agus do leana\u00ed na scoile.","og_url":"https:\/\/www.creativeireland.gov.ie\/ga\/oige-ildanach\/scoileanna-ildanacha\/","og_site_name":"Creative Ireland Programme","article_publisher":"https:\/\/www.facebook.com\/CreativeIrl\/","article_modified_time":"2020-01-08T19:58:43+00:00","og_image":[{"width":2048,"height":1424,"url":"https:\/\/www.creativeireland.gov.ie\/app\/uploads\/2019\/12\/Plastics.-The-Good-The-Bad-The-Ugly-2.jpg","type":"image\/jpeg"}],"twitter_card":"summary_large_image","twitter_site":"@creativeirl","schema":{"@context":"https:\/\/schema.org","@graph":[{"@type":"WebPage","@id":"https:\/\/www.creativeireland.gov.ie\/ga\/oige-ildanach\/scoileanna-ildanacha\/","url":"https:\/\/www.creativeireland.gov.ie\/ga\/oige-ildanach\/scoileanna-ildanacha\/","name":"Scoileanna Ild\u00e1nacha - Creative Ireland Programme","isPartOf":{"@id":"https:\/\/www.creativeireland.gov.ie\/ga\/#website"},"primaryImageOfPage":{"@id":"https:\/\/www.creativeireland.gov.ie\/ga\/oige-ildanach\/scoileanna-ildanacha\/#primaryimage"},"image":{"@id":"https:\/\/www.creativeireland.gov.ie\/ga\/oige-ildanach\/scoileanna-ildanacha\/#primaryimage"},"thumbnailUrl":"https:\/\/www.creativeireland.gov.ie\/app\/uploads\/2019\/12\/Plastics.-The-Good-The-Bad-The-Ugly-2.jpg","datePublished":"2019-12-09T11:00:43+00:00","dateModified":"2020-01-08T19:58:43+00:00","description":"N\u00edl \u00e1it is fearr le tos\u00fa amach ar shaol na cruthaitheachta \u2013 leis an gcruthaitheacht sa seomra ranga, coth\u00fa na cruthaitheachta ar fud na scoile, c\u00fanamh taca ina leith sin, ar an mbealach is fearr leis an scoil agus is fearr don scoil agus do leana\u00ed na scoile.","breadcrumb":{"@id":"https:\/\/www.creativeireland.gov.ie\/ga\/oige-ildanach\/scoileanna-ildanacha\/#breadcrumb"},"inLanguage":"ga-IE","potentialAction":[{"@type":"ReadAction","target":["https:\/\/www.creativeireland.gov.ie\/ga\/oige-ildanach\/scoileanna-ildanacha\/"]}]},{"@type":"ImageObject","inLanguage":"ga-IE","@id":"https:\/\/www.creativeireland.gov.ie\/ga\/oige-ildanach\/scoileanna-ildanacha\/#primaryimage","url":"https:\/\/www.creativeireland.gov.ie\/app\/uploads\/2019\/12\/Plastics.-The-Good-The-Bad-The-Ugly-2.jpg","contentUrl":"https:\/\/www.creativeireland.gov.ie\/app\/uploads\/2019\/12\/Plastics.-The-Good-The-Bad-The-Ugly-2.jpg","width":2048,"height":1424,"caption":"Plastics. The Good, The Bad & The Ugly"},{"@type":"BreadcrumbList","@id":"https:\/\/www.creativeireland.gov.ie\/ga\/oige-ildanach\/scoileanna-ildanacha\/#breadcrumb","itemListElement":[{"@type":"ListItem","position":1,"name":"Home","item":"https:\/\/www.creativeireland.gov.ie\/ga\/"},{"@type":"ListItem","position":2,"name":"\u00d3ige Ild\u00e1nach","item":"https:\/\/www.creativeireland.gov.ie\/ga\/oige-ildanach\/"},{"@type":"ListItem","position":3,"name":"Scoileanna Ild\u00e1nacha"}]},{"@type":"WebSite","@id":"https:\/\/www.creativeireland.gov.ie\/ga\/#website","url":"https:\/\/www.creativeireland.gov.ie\/ga\/","name":"Creative Ireland Programme","description":"The Creative Ireland Programme is guided by a vision that every person in Ireland will have the opportunity to realise their full creative potential. It is a five year all-of-Government initiative, from 2017 to 2022, to place creativity at the centre of public policy.","potentialAction":[{"@type":"SearchAction","target":{"@type":"EntryPoint","urlTemplate":"https:\/\/www.creativeireland.gov.ie\/ga\/?s={search_term_string}"},"query-input":{"@type":"PropertyValueSpecification","valueRequired":true,"valueName":"search_term_string"}}],"inLanguage":"ga-IE"}]}},"_links":{"self":[{"href":"https:\/\/www.creativeireland.gov.ie\/ga\/wp-json\/wp\/v2\/pages\/3564","targetHints":{"allow":["GET"]}}],"collection":[{"href":"https:\/\/www.creativeireland.gov.ie\/ga\/wp-json\/wp\/v2\/pages"}],"about":[{"href":"https:\/\/www.creativeireland.gov.ie\/ga\/wp-json\/wp\/v2\/types\/page"}],"author":[{"embeddable":true,"href":"https:\/\/www.creativeireland.gov.ie\/ga\/wp-json\/wp\/v2\/users\/1"}],"replies":[{"embeddable":true,"href":"https:\/\/www.creativeireland.gov.ie\/ga\/wp-json\/wp\/v2\/comments?post=3564"}],"version-history":[{"count":6,"href":"https:\/\/www.creativeireland.gov.ie\/ga\/wp-json\/wp\/v2\/pages\/3564\/revisions"}],"predecessor-version":[{"id":5682,"href":"https:\/\/www.creativeireland.gov.ie\/ga\/wp-json\/wp\/v2\/pages\/3564\/revisions\/5682"}],"up":[{"embeddable":true,"href":"https:\/\/www.creativeireland.gov.ie\/ga\/wp-json\/wp\/v2\/pages\/3560"}],"wp:featuredmedia":[{"embeddable":true,"href":"https:\/\/www.creativeireland.gov.ie\/ga\/wp-json\/wp\/v2\/media\/4096"}],"wp:attachment":[{"href":"https:\/\/www.creativeireland.gov.ie\/ga\/wp-json\/wp\/v2\/media?parent=3564"}],"curies":[{"name":"wp","href":"https:\/\/api.w.org\/{rel}","templated":true}]}}