{"id":3573,"date":"2019-12-09T11:12:28","date_gmt":"2019-12-09T11:12:28","guid":{"rendered":"http:\/\/ci.test:8000\/fighting-words\/"},"modified":"2021-07-27T14:50:49","modified_gmt":"2021-07-27T13:50:49","slug":"fighting-words","status":"publish","type":"page","link":"https:\/\/www.creativeireland.gov.ie\/ga\/comhphairtithe\/fighting-words\/","title":{"rendered":"Fighting Words"},"content":{"rendered":"","protected":false},"excerpt":{"rendered":"","protected":false},"author":1,"featured_media":15317,"parent":3357,"menu_order":0,"comment_status":"closed","ping_status":"closed","template":"page-creative-nation-basic-content.php","meta":{"footnotes":""},"class_list":["post-3573","page","type-page","status-publish","has-post-thumbnail","hentry"],"acf":[],"yoast_head":"<!-- This site is optimized with the Yoast SEO plugin v25.9 - https:\/\/yoast.com\/wordpress\/plugins\/seo\/ -->\n<title>Fighting Words - Creative Ireland Programme<\/title>\n<meta name=\"description\" content=\"F\u00e9achann Fighting Words le cuidi\u00fa\u00a0le leana\u00ed agus le daoine \u00f3ga (agus le daoine f\u00e1sta nach bhfuair an deis ch\u00e9anna le linn na h\u00f3ige) \u00e9irim na samhla\u00edochta iontu f\u00e9in a aimsi\u00fa\u00a0agus sin agus a gcuid scileanna scr\u00edbhneoireachta a choth\u00fa.\" \/>\n<meta name=\"robots\" content=\"index, follow, max-snippet:-1, max-image-preview:large, max-video-preview:-1\" \/>\n<link rel=\"canonical\" href=\"https:\/\/www.creativeireland.gov.ie\/ga\/comhphairtithe\/fighting-words\/\" \/>\n<meta property=\"og:locale\" content=\"ga_IE\" \/>\n<meta property=\"og:type\" content=\"article\" \/>\n<meta property=\"og:title\" content=\"Fighting Words - Creative Ireland Programme\" \/>\n<meta property=\"og:description\" content=\"F\u00e9achann Fighting Words le cuidi\u00fa\u00a0le leana\u00ed agus le daoine \u00f3ga (agus le daoine f\u00e1sta nach bhfuair an deis ch\u00e9anna le linn na h\u00f3ige) \u00e9irim na samhla\u00edochta iontu f\u00e9in a aimsi\u00fa\u00a0agus sin agus a gcuid scileanna scr\u00edbhneoireachta a choth\u00fa.\" \/>\n<meta property=\"og:url\" content=\"https:\/\/www.creativeireland.gov.ie\/ga\/comhphairtithe\/fighting-words\/\" \/>\n<meta property=\"og:site_name\" content=\"Creative Ireland Programme\" \/>\n<meta property=\"article:publisher\" content=\"https:\/\/www.facebook.com\/CreativeIrl\/\" \/>\n<meta property=\"article:modified_time\" content=\"2021-07-27T13:50:49+00:00\" \/>\n<meta property=\"og:image\" content=\"https:\/\/www.creativeireland.gov.ie\/app\/uploads\/2021\/07\/Fighting-Words-Graffiti-Theatre-184-1024x675.jpg\" \/>\n\t<meta property=\"og:image:width\" content=\"1024\" \/>\n\t<meta property=\"og:image:height\" content=\"675\" \/>\n\t<meta property=\"og:image:type\" content=\"image\/jpeg\" \/>\n<meta name=\"twitter:card\" content=\"summary_large_image\" \/>\n<meta name=\"twitter:site\" content=\"@creativeirl\" \/>\n<script type=\"application\/ld+json\" class=\"yoast-schema-graph\">{\"@context\":\"https:\/\/schema.org\",\"@graph\":[{\"@type\":\"WebPage\",\"@id\":\"https:\/\/www.creativeireland.gov.ie\/ga\/comhphairtithe\/fighting-words\/\",\"url\":\"https:\/\/www.creativeireland.gov.ie\/ga\/comhphairtithe\/fighting-words\/\",\"name\":\"Fighting Words - Creative Ireland Programme\",\"isPartOf\":{\"@id\":\"https:\/\/www.creativeireland.gov.ie\/ga\/#website\"},\"primaryImageOfPage\":{\"@id\":\"https:\/\/www.creativeireland.gov.ie\/ga\/comhphairtithe\/fighting-words\/#primaryimage\"},\"image\":{\"@id\":\"https:\/\/www.creativeireland.gov.ie\/ga\/comhphairtithe\/fighting-words\/#primaryimage\"},\"thumbnailUrl\":\"https:\/\/www.creativeireland.gov.ie\/app\/uploads\/2021\/07\/Fighting-Words-Graffiti-Theatre-184.jpg\",\"datePublished\":\"2019-12-09T11:12:28+00:00\",\"dateModified\":\"2021-07-27T13:50:49+00:00\",\"description\":\"F\u00e9achann Fighting Words le cuidi\u00fa\u00a0le leana\u00ed agus le daoine \u00f3ga (agus le daoine f\u00e1sta nach bhfuair an deis ch\u00e9anna le linn na h\u00f3ige) \u00e9irim na samhla\u00edochta iontu f\u00e9in a aimsi\u00fa\u00a0agus sin agus a gcuid scileanna scr\u00edbhneoireachta a choth\u00fa.\",\"breadcrumb\":{\"@id\":\"https:\/\/www.creativeireland.gov.ie\/ga\/comhphairtithe\/fighting-words\/#breadcrumb\"},\"inLanguage\":\"ga-IE\",\"potentialAction\":[{\"@type\":\"ReadAction\",\"target\":[\"https:\/\/www.creativeireland.gov.ie\/ga\/comhphairtithe\/fighting-words\/\"]}]},{\"@type\":\"ImageObject\",\"inLanguage\":\"ga-IE\",\"@id\":\"https:\/\/www.creativeireland.gov.ie\/ga\/comhphairtithe\/fighting-words\/#primaryimage\",\"url\":\"https:\/\/www.creativeireland.gov.ie\/app\/uploads\/2021\/07\/Fighting-Words-Graffiti-Theatre-184.jpg\",\"contentUrl\":\"https:\/\/www.creativeireland.gov.ie\/app\/uploads\/2021\/07\/Fighting-Words-Graffiti-Theatre-184.jpg\",\"width\":2560,\"height\":1688,\"caption\":\"Free Pic No Repro Fee 23 07 2020 Taoiseach Micheal Martin Images by Gerard McCarthy 087 8537228 For more info contact Lynn Canham General Manager Graffiti Theatre CLG lynn@graffiti.ie 021 4397111\"},{\"@type\":\"BreadcrumbList\",\"@id\":\"https:\/\/www.creativeireland.gov.ie\/ga\/comhphairtithe\/fighting-words\/#breadcrumb\",\"itemListElement\":[{\"@type\":\"ListItem\",\"position\":1,\"name\":\"Home\",\"item\":\"https:\/\/www.creativeireland.gov.ie\/ga\/\"},{\"@type\":\"ListItem\",\"position\":2,\"name\":\"Fighting Words\"}]},{\"@type\":\"WebSite\",\"@id\":\"https:\/\/www.creativeireland.gov.ie\/ga\/#website\",\"url\":\"https:\/\/www.creativeireland.gov.ie\/ga\/\",\"name\":\"Creative Ireland Programme\",\"description\":\"The Creative Ireland Programme is guided by a vision that every person in Ireland will have the opportunity to realise their full creative potential. It is a five year all-of-Government initiative, from 2017 to 2022, to place creativity at the centre of public policy.\",\"potentialAction\":[{\"@type\":\"SearchAction\",\"target\":{\"@type\":\"EntryPoint\",\"urlTemplate\":\"https:\/\/www.creativeireland.gov.ie\/ga\/?s={search_term_string}\"},\"query-input\":{\"@type\":\"PropertyValueSpecification\",\"valueRequired\":true,\"valueName\":\"search_term_string\"}}],\"inLanguage\":\"ga-IE\"}]}<\/script>\n<!-- \/ Yoast SEO plugin. -->","yoast_head_json":{"title":"Fighting Words - Creative Ireland Programme","description":"F\u00e9achann Fighting Words le cuidi\u00fa\u00a0le leana\u00ed agus le daoine \u00f3ga (agus le daoine f\u00e1sta nach bhfuair an deis ch\u00e9anna le linn na h\u00f3ige) \u00e9irim na samhla\u00edochta iontu f\u00e9in a aimsi\u00fa\u00a0agus sin agus a gcuid scileanna scr\u00edbhneoireachta a choth\u00fa.","robots":{"index":"index","follow":"follow","max-snippet":"max-snippet:-1","max-image-preview":"max-image-preview:large","max-video-preview":"max-video-preview:-1"},"canonical":"https:\/\/www.creativeireland.gov.ie\/ga\/comhphairtithe\/fighting-words\/","og_locale":"ga_IE","og_type":"article","og_title":"Fighting Words - Creative Ireland Programme","og_description":"F\u00e9achann Fighting Words le cuidi\u00fa\u00a0le leana\u00ed agus le daoine \u00f3ga (agus le daoine f\u00e1sta nach bhfuair an deis ch\u00e9anna le linn na h\u00f3ige) \u00e9irim na samhla\u00edochta iontu f\u00e9in a aimsi\u00fa\u00a0agus sin agus a gcuid scileanna scr\u00edbhneoireachta a choth\u00fa.","og_url":"https:\/\/www.creativeireland.gov.ie\/ga\/comhphairtithe\/fighting-words\/","og_site_name":"Creative Ireland Programme","article_publisher":"https:\/\/www.facebook.com\/CreativeIrl\/","article_modified_time":"2021-07-27T13:50:49+00:00","og_image":[{"width":1024,"height":675,"url":"https:\/\/www.creativeireland.gov.ie\/app\/uploads\/2021\/07\/Fighting-Words-Graffiti-Theatre-184-1024x675.jpg","type":"image\/jpeg"}],"twitter_card":"summary_large_image","twitter_site":"@creativeirl","schema":{"@context":"https:\/\/schema.org","@graph":[{"@type":"WebPage","@id":"https:\/\/www.creativeireland.gov.ie\/ga\/comhphairtithe\/fighting-words\/","url":"https:\/\/www.creativeireland.gov.ie\/ga\/comhphairtithe\/fighting-words\/","name":"Fighting Words - Creative Ireland Programme","isPartOf":{"@id":"https:\/\/www.creativeireland.gov.ie\/ga\/#website"},"primaryImageOfPage":{"@id":"https:\/\/www.creativeireland.gov.ie\/ga\/comhphairtithe\/fighting-words\/#primaryimage"},"image":{"@id":"https:\/\/www.creativeireland.gov.ie\/ga\/comhphairtithe\/fighting-words\/#primaryimage"},"thumbnailUrl":"https:\/\/www.creativeireland.gov.ie\/app\/uploads\/2021\/07\/Fighting-Words-Graffiti-Theatre-184.jpg","datePublished":"2019-12-09T11:12:28+00:00","dateModified":"2021-07-27T13:50:49+00:00","description":"F\u00e9achann Fighting Words le cuidi\u00fa\u00a0le leana\u00ed agus le daoine \u00f3ga (agus le daoine f\u00e1sta nach bhfuair an deis ch\u00e9anna le linn na h\u00f3ige) \u00e9irim na samhla\u00edochta iontu f\u00e9in a aimsi\u00fa\u00a0agus sin agus a gcuid scileanna scr\u00edbhneoireachta a choth\u00fa.","breadcrumb":{"@id":"https:\/\/www.creativeireland.gov.ie\/ga\/comhphairtithe\/fighting-words\/#breadcrumb"},"inLanguage":"ga-IE","potentialAction":[{"@type":"ReadAction","target":["https:\/\/www.creativeireland.gov.ie\/ga\/comhphairtithe\/fighting-words\/"]}]},{"@type":"ImageObject","inLanguage":"ga-IE","@id":"https:\/\/www.creativeireland.gov.ie\/ga\/comhphairtithe\/fighting-words\/#primaryimage","url":"https:\/\/www.creativeireland.gov.ie\/app\/uploads\/2021\/07\/Fighting-Words-Graffiti-Theatre-184.jpg","contentUrl":"https:\/\/www.creativeireland.gov.ie\/app\/uploads\/2021\/07\/Fighting-Words-Graffiti-Theatre-184.jpg","width":2560,"height":1688,"caption":"Free Pic No Repro Fee 23 07 2020 Taoiseach Micheal Martin Images by Gerard McCarthy 087 8537228 For more info contact Lynn Canham General Manager Graffiti Theatre CLG lynn@graffiti.ie 021 4397111"},{"@type":"BreadcrumbList","@id":"https:\/\/www.creativeireland.gov.ie\/ga\/comhphairtithe\/fighting-words\/#breadcrumb","itemListElement":[{"@type":"ListItem","position":1,"name":"Home","item":"https:\/\/www.creativeireland.gov.ie\/ga\/"},{"@type":"ListItem","position":2,"name":"Fighting Words"}]},{"@type":"WebSite","@id":"https:\/\/www.creativeireland.gov.ie\/ga\/#website","url":"https:\/\/www.creativeireland.gov.ie\/ga\/","name":"Creative Ireland Programme","description":"The Creative Ireland Programme is guided by a vision that every person in Ireland will have the opportunity to realise their full creative potential. It is a five year all-of-Government initiative, from 2017 to 2022, to place creativity at the centre of public policy.","potentialAction":[{"@type":"SearchAction","target":{"@type":"EntryPoint","urlTemplate":"https:\/\/www.creativeireland.gov.ie\/ga\/?s={search_term_string}"},"query-input":{"@type":"PropertyValueSpecification","valueRequired":true,"valueName":"search_term_string"}}],"inLanguage":"ga-IE"}]}},"_links":{"self":[{"href":"https:\/\/www.creativeireland.gov.ie\/ga\/wp-json\/wp\/v2\/pages\/3573","targetHints":{"allow":["GET"]}}],"collection":[{"href":"https:\/\/www.creativeireland.gov.ie\/ga\/wp-json\/wp\/v2\/pages"}],"about":[{"href":"https:\/\/www.creativeireland.gov.ie\/ga\/wp-json\/wp\/v2\/types\/page"}],"author":[{"embeddable":true,"href":"https:\/\/www.creativeireland.gov.ie\/ga\/wp-json\/wp\/v2\/users\/1"}],"replies":[{"embeddable":true,"href":"https:\/\/www.creativeireland.gov.ie\/ga\/wp-json\/wp\/v2\/comments?post=3573"}],"version-history":[{"count":12,"href":"https:\/\/www.creativeireland.gov.ie\/ga\/wp-json\/wp\/v2\/pages\/3573\/revisions"}],"predecessor-version":[{"id":15323,"href":"https:\/\/www.creativeireland.gov.ie\/ga\/wp-json\/wp\/v2\/pages\/3573\/revisions\/15323"}],"up":[{"embeddable":true,"href":"https:\/\/www.creativeireland.gov.ie\/ga\/wp-json\/wp\/v2\/pages\/3357"}],"wp:featuredmedia":[{"embeddable":true,"href":"https:\/\/www.creativeireland.gov.ie\/ga\/wp-json\/wp\/v2\/media\/15317"}],"wp:attachment":[{"href":"https:\/\/www.creativeireland.gov.ie\/ga\/wp-json\/wp\/v2\/media?parent=3573"}],"curies":[{"name":"wp","href":"https:\/\/api.w.org\/{rel}","templated":true}]}}