{"id":3580,"date":"2019-12-09T11:22:21","date_gmt":"2019-12-09T11:22:21","guid":{"rendered":"http:\/\/ci.test:8000\/creative-youth-partnerships\/"},"modified":"2021-07-28T10:15:05","modified_gmt":"2021-07-28T09:15:05","slug":"comhphairtiochtai-aitiula-oige-ildanach-caoi","status":"publish","type":"page","link":"https:\/\/www.creativeireland.gov.ie\/ga\/oige-ildanach\/comhphairtiochtai-aitiula-oige-ildanach-caoi\/","title":{"rendered":"Comhph\u00e1irt\u00edochta\u00ed \u00c1iti\u00fala \u00d3ige Ild\u00e1nach (C\u00c1\u00d3I)"},"content":{"rendered":"","protected":false},"excerpt":{"rendered":"","protected":false},"author":1,"featured_media":4633,"parent":3560,"menu_order":0,"comment_status":"closed","ping_status":"closed","template":"page-creative-nation-basic-content.php","meta":{"footnotes":""},"class_list":["post-3580","page","type-page","status-publish","has-post-thumbnail","hentry"],"acf":[],"yoast_head":"<!-- This site is optimized with the Yoast SEO plugin v25.9 - https:\/\/yoast.com\/wordpress\/plugins\/seo\/ -->\n<title>Comhph\u00e1irt\u00edochta\u00ed \u00c1iti\u00fala \u00d3ige Ild\u00e1nach (C\u00c1\u00d3I) - Creative Ireland Programme<\/title>\n<meta name=\"description\" content=\"T\u00e1 an comhar ar cheann de na bunphrionsabail at\u00e1 de bhonn treise faoin Plean maidir le hAos \u00d3g Ild\u00e1nach. T\u00e1 Comhph\u00e1irt\u00edochta\u00ed Cruthaitheachta \u00d3ige \u00c1iti\u00fala (CC\u00d3A) curtha ar bun ar bhonn p\u00edol\u00f3tach i dtr\u00ed cinn de limist\u00e9ir na mBord Oideachais agus Oili\u00fana (BOO) ar fud na t\u00edre.\" \/>\n<meta name=\"robots\" content=\"index, follow, max-snippet:-1, max-image-preview:large, max-video-preview:-1\" \/>\n<link rel=\"canonical\" href=\"https:\/\/www.creativeireland.gov.ie\/ga\/oige-ildanach\/comhphairtiochtai-aitiula-oige-ildanach-caoi\/\" \/>\n<meta property=\"og:locale\" content=\"ga_IE\" \/>\n<meta property=\"og:type\" content=\"article\" \/>\n<meta property=\"og:title\" content=\"Comhph\u00e1irt\u00edochta\u00ed \u00c1iti\u00fala \u00d3ige Ild\u00e1nach (C\u00c1\u00d3I) - Creative Ireland Programme\" \/>\n<meta property=\"og:description\" content=\"T\u00e1 an comhar ar cheann de na bunphrionsabail at\u00e1 de bhonn treise faoin Plean maidir le hAos \u00d3g Ild\u00e1nach. T\u00e1 Comhph\u00e1irt\u00edochta\u00ed Cruthaitheachta \u00d3ige \u00c1iti\u00fala (CC\u00d3A) curtha ar bun ar bhonn p\u00edol\u00f3tach i dtr\u00ed cinn de limist\u00e9ir na mBord Oideachais agus Oili\u00fana (BOO) ar fud na t\u00edre.\" \/>\n<meta property=\"og:url\" content=\"https:\/\/www.creativeireland.gov.ie\/ga\/oige-ildanach\/comhphairtiochtai-aitiula-oige-ildanach-caoi\/\" \/>\n<meta property=\"og:site_name\" content=\"Creative Ireland Programme\" \/>\n<meta property=\"article:publisher\" content=\"https:\/\/www.facebook.com\/CreativeIrl\/\" \/>\n<meta property=\"article:modified_time\" content=\"2021-07-28T09:15:05+00:00\" \/>\n<meta property=\"og:image\" content=\"https:\/\/www.creativeireland.gov.ie\/app\/uploads\/2019\/12\/LCYP-Portarlington-Youth-Club-Final-Piece-1.jpg\" \/>\n\t<meta property=\"og:image:width\" content=\"2560\" \/>\n\t<meta property=\"og:image:height\" content=\"1920\" \/>\n\t<meta property=\"og:image:type\" content=\"image\/jpeg\" \/>\n<meta name=\"twitter:card\" content=\"summary_large_image\" \/>\n<meta name=\"twitter:site\" content=\"@creativeirl\" \/>\n<script type=\"application\/ld+json\" class=\"yoast-schema-graph\">{\"@context\":\"https:\/\/schema.org\",\"@graph\":[{\"@type\":\"WebPage\",\"@id\":\"https:\/\/www.creativeireland.gov.ie\/ga\/oige-ildanach\/comhphairtiochtai-aitiula-oige-ildanach-caoi\/\",\"url\":\"https:\/\/www.creativeireland.gov.ie\/ga\/oige-ildanach\/comhphairtiochtai-aitiula-oige-ildanach-caoi\/\",\"name\":\"Comhph\u00e1irt\u00edochta\u00ed \u00c1iti\u00fala \u00d3ige Ild\u00e1nach (C\u00c1\u00d3I) - Creative Ireland Programme\",\"isPartOf\":{\"@id\":\"https:\/\/www.creativeireland.gov.ie\/ga\/#website\"},\"primaryImageOfPage\":{\"@id\":\"https:\/\/www.creativeireland.gov.ie\/ga\/oige-ildanach\/comhphairtiochtai-aitiula-oige-ildanach-caoi\/#primaryimage\"},\"image\":{\"@id\":\"https:\/\/www.creativeireland.gov.ie\/ga\/oige-ildanach\/comhphairtiochtai-aitiula-oige-ildanach-caoi\/#primaryimage\"},\"thumbnailUrl\":\"https:\/\/www.creativeireland.gov.ie\/app\/uploads\/2019\/12\/LCYP-Portarlington-Youth-Club-Final-Piece-1.jpg\",\"datePublished\":\"2019-12-09T11:22:21+00:00\",\"dateModified\":\"2021-07-28T09:15:05+00:00\",\"description\":\"T\u00e1 an comhar ar cheann de na bunphrionsabail at\u00e1 de bhonn treise faoin Plean maidir le hAos \u00d3g Ild\u00e1nach. T\u00e1 Comhph\u00e1irt\u00edochta\u00ed Cruthaitheachta \u00d3ige \u00c1iti\u00fala (CC\u00d3A) curtha ar bun ar bhonn p\u00edol\u00f3tach i dtr\u00ed cinn de limist\u00e9ir na mBord Oideachais agus Oili\u00fana (BOO) ar fud na t\u00edre.\",\"breadcrumb\":{\"@id\":\"https:\/\/www.creativeireland.gov.ie\/ga\/oige-ildanach\/comhphairtiochtai-aitiula-oige-ildanach-caoi\/#breadcrumb\"},\"inLanguage\":\"ga-IE\",\"potentialAction\":[{\"@type\":\"ReadAction\",\"target\":[\"https:\/\/www.creativeireland.gov.ie\/ga\/oige-ildanach\/comhphairtiochtai-aitiula-oige-ildanach-caoi\/\"]}]},{\"@type\":\"ImageObject\",\"inLanguage\":\"ga-IE\",\"@id\":\"https:\/\/www.creativeireland.gov.ie\/ga\/oige-ildanach\/comhphairtiochtai-aitiula-oige-ildanach-caoi\/#primaryimage\",\"url\":\"https:\/\/www.creativeireland.gov.ie\/app\/uploads\/2019\/12\/LCYP-Portarlington-Youth-Club-Final-Piece-1.jpg\",\"contentUrl\":\"https:\/\/www.creativeireland.gov.ie\/app\/uploads\/2019\/12\/LCYP-Portarlington-Youth-Club-Final-Piece-1.jpg\",\"width\":2560,\"height\":1920,\"caption\":\"LCYP - Portarlington Youth Club Final Piece (1)\"},{\"@type\":\"BreadcrumbList\",\"@id\":\"https:\/\/www.creativeireland.gov.ie\/ga\/oige-ildanach\/comhphairtiochtai-aitiula-oige-ildanach-caoi\/#breadcrumb\",\"itemListElement\":[{\"@type\":\"ListItem\",\"position\":1,\"name\":\"Home\",\"item\":\"https:\/\/www.creativeireland.gov.ie\/ga\/\"},{\"@type\":\"ListItem\",\"position\":2,\"name\":\"\u00d3ige Ild\u00e1nach\",\"item\":\"https:\/\/www.creativeireland.gov.ie\/ga\/oige-ildanach\/\"},{\"@type\":\"ListItem\",\"position\":3,\"name\":\"Comhph\u00e1irt\u00edochta\u00ed \u00c1iti\u00fala \u00d3ige Ild\u00e1nach (C\u00c1\u00d3I)\"}]},{\"@type\":\"WebSite\",\"@id\":\"https:\/\/www.creativeireland.gov.ie\/ga\/#website\",\"url\":\"https:\/\/www.creativeireland.gov.ie\/ga\/\",\"name\":\"Creative Ireland Programme\",\"description\":\"The Creative Ireland Programme is guided by a vision that every person in Ireland will have the opportunity to realise their full creative potential. It is a five year all-of-Government initiative, from 2017 to 2022, to place creativity at the centre of public policy.\",\"potentialAction\":[{\"@type\":\"SearchAction\",\"target\":{\"@type\":\"EntryPoint\",\"urlTemplate\":\"https:\/\/www.creativeireland.gov.ie\/ga\/?s={search_term_string}\"},\"query-input\":{\"@type\":\"PropertyValueSpecification\",\"valueRequired\":true,\"valueName\":\"search_term_string\"}}],\"inLanguage\":\"ga-IE\"}]}<\/script>\n<!-- \/ Yoast SEO plugin. -->","yoast_head_json":{"title":"Comhph\u00e1irt\u00edochta\u00ed \u00c1iti\u00fala \u00d3ige Ild\u00e1nach (C\u00c1\u00d3I) - Creative Ireland Programme","description":"T\u00e1 an comhar ar cheann de na bunphrionsabail at\u00e1 de bhonn treise faoin Plean maidir le hAos \u00d3g Ild\u00e1nach. T\u00e1 Comhph\u00e1irt\u00edochta\u00ed Cruthaitheachta \u00d3ige \u00c1iti\u00fala (CC\u00d3A) curtha ar bun ar bhonn p\u00edol\u00f3tach i dtr\u00ed cinn de limist\u00e9ir na mBord Oideachais agus Oili\u00fana (BOO) ar fud na t\u00edre.","robots":{"index":"index","follow":"follow","max-snippet":"max-snippet:-1","max-image-preview":"max-image-preview:large","max-video-preview":"max-video-preview:-1"},"canonical":"https:\/\/www.creativeireland.gov.ie\/ga\/oige-ildanach\/comhphairtiochtai-aitiula-oige-ildanach-caoi\/","og_locale":"ga_IE","og_type":"article","og_title":"Comhph\u00e1irt\u00edochta\u00ed \u00c1iti\u00fala \u00d3ige Ild\u00e1nach (C\u00c1\u00d3I) - Creative Ireland Programme","og_description":"T\u00e1 an comhar ar cheann de na bunphrionsabail at\u00e1 de bhonn treise faoin Plean maidir le hAos \u00d3g Ild\u00e1nach. T\u00e1 Comhph\u00e1irt\u00edochta\u00ed Cruthaitheachta \u00d3ige \u00c1iti\u00fala (CC\u00d3A) curtha ar bun ar bhonn p\u00edol\u00f3tach i dtr\u00ed cinn de limist\u00e9ir na mBord Oideachais agus Oili\u00fana (BOO) ar fud na t\u00edre.","og_url":"https:\/\/www.creativeireland.gov.ie\/ga\/oige-ildanach\/comhphairtiochtai-aitiula-oige-ildanach-caoi\/","og_site_name":"Creative Ireland Programme","article_publisher":"https:\/\/www.facebook.com\/CreativeIrl\/","article_modified_time":"2021-07-28T09:15:05+00:00","og_image":[{"width":2560,"height":1920,"url":"https:\/\/www.creativeireland.gov.ie\/app\/uploads\/2019\/12\/LCYP-Portarlington-Youth-Club-Final-Piece-1.jpg","type":"image\/jpeg"}],"twitter_card":"summary_large_image","twitter_site":"@creativeirl","schema":{"@context":"https:\/\/schema.org","@graph":[{"@type":"WebPage","@id":"https:\/\/www.creativeireland.gov.ie\/ga\/oige-ildanach\/comhphairtiochtai-aitiula-oige-ildanach-caoi\/","url":"https:\/\/www.creativeireland.gov.ie\/ga\/oige-ildanach\/comhphairtiochtai-aitiula-oige-ildanach-caoi\/","name":"Comhph\u00e1irt\u00edochta\u00ed \u00c1iti\u00fala \u00d3ige Ild\u00e1nach (C\u00c1\u00d3I) - Creative Ireland Programme","isPartOf":{"@id":"https:\/\/www.creativeireland.gov.ie\/ga\/#website"},"primaryImageOfPage":{"@id":"https:\/\/www.creativeireland.gov.ie\/ga\/oige-ildanach\/comhphairtiochtai-aitiula-oige-ildanach-caoi\/#primaryimage"},"image":{"@id":"https:\/\/www.creativeireland.gov.ie\/ga\/oige-ildanach\/comhphairtiochtai-aitiula-oige-ildanach-caoi\/#primaryimage"},"thumbnailUrl":"https:\/\/www.creativeireland.gov.ie\/app\/uploads\/2019\/12\/LCYP-Portarlington-Youth-Club-Final-Piece-1.jpg","datePublished":"2019-12-09T11:22:21+00:00","dateModified":"2021-07-28T09:15:05+00:00","description":"T\u00e1 an comhar ar cheann de na bunphrionsabail at\u00e1 de bhonn treise faoin Plean maidir le hAos \u00d3g Ild\u00e1nach. T\u00e1 Comhph\u00e1irt\u00edochta\u00ed Cruthaitheachta \u00d3ige \u00c1iti\u00fala (CC\u00d3A) curtha ar bun ar bhonn p\u00edol\u00f3tach i dtr\u00ed cinn de limist\u00e9ir na mBord Oideachais agus Oili\u00fana (BOO) ar fud na t\u00edre.","breadcrumb":{"@id":"https:\/\/www.creativeireland.gov.ie\/ga\/oige-ildanach\/comhphairtiochtai-aitiula-oige-ildanach-caoi\/#breadcrumb"},"inLanguage":"ga-IE","potentialAction":[{"@type":"ReadAction","target":["https:\/\/www.creativeireland.gov.ie\/ga\/oige-ildanach\/comhphairtiochtai-aitiula-oige-ildanach-caoi\/"]}]},{"@type":"ImageObject","inLanguage":"ga-IE","@id":"https:\/\/www.creativeireland.gov.ie\/ga\/oige-ildanach\/comhphairtiochtai-aitiula-oige-ildanach-caoi\/#primaryimage","url":"https:\/\/www.creativeireland.gov.ie\/app\/uploads\/2019\/12\/LCYP-Portarlington-Youth-Club-Final-Piece-1.jpg","contentUrl":"https:\/\/www.creativeireland.gov.ie\/app\/uploads\/2019\/12\/LCYP-Portarlington-Youth-Club-Final-Piece-1.jpg","width":2560,"height":1920,"caption":"LCYP - Portarlington Youth Club Final Piece (1)"},{"@type":"BreadcrumbList","@id":"https:\/\/www.creativeireland.gov.ie\/ga\/oige-ildanach\/comhphairtiochtai-aitiula-oige-ildanach-caoi\/#breadcrumb","itemListElement":[{"@type":"ListItem","position":1,"name":"Home","item":"https:\/\/www.creativeireland.gov.ie\/ga\/"},{"@type":"ListItem","position":2,"name":"\u00d3ige Ild\u00e1nach","item":"https:\/\/www.creativeireland.gov.ie\/ga\/oige-ildanach\/"},{"@type":"ListItem","position":3,"name":"Comhph\u00e1irt\u00edochta\u00ed \u00c1iti\u00fala \u00d3ige Ild\u00e1nach (C\u00c1\u00d3I)"}]},{"@type":"WebSite","@id":"https:\/\/www.creativeireland.gov.ie\/ga\/#website","url":"https:\/\/www.creativeireland.gov.ie\/ga\/","name":"Creative Ireland Programme","description":"The Creative Ireland Programme is guided by a vision that every person in Ireland will have the opportunity to realise their full creative potential. It is a five year all-of-Government initiative, from 2017 to 2022, to place creativity at the centre of public policy.","potentialAction":[{"@type":"SearchAction","target":{"@type":"EntryPoint","urlTemplate":"https:\/\/www.creativeireland.gov.ie\/ga\/?s={search_term_string}"},"query-input":{"@type":"PropertyValueSpecification","valueRequired":true,"valueName":"search_term_string"}}],"inLanguage":"ga-IE"}]}},"_links":{"self":[{"href":"https:\/\/www.creativeireland.gov.ie\/ga\/wp-json\/wp\/v2\/pages\/3580","targetHints":{"allow":["GET"]}}],"collection":[{"href":"https:\/\/www.creativeireland.gov.ie\/ga\/wp-json\/wp\/v2\/pages"}],"about":[{"href":"https:\/\/www.creativeireland.gov.ie\/ga\/wp-json\/wp\/v2\/types\/page"}],"author":[{"embeddable":true,"href":"https:\/\/www.creativeireland.gov.ie\/ga\/wp-json\/wp\/v2\/users\/1"}],"replies":[{"embeddable":true,"href":"https:\/\/www.creativeireland.gov.ie\/ga\/wp-json\/wp\/v2\/comments?post=3580"}],"version-history":[{"count":17,"href":"https:\/\/www.creativeireland.gov.ie\/ga\/wp-json\/wp\/v2\/pages\/3580\/revisions"}],"predecessor-version":[{"id":15356,"href":"https:\/\/www.creativeireland.gov.ie\/ga\/wp-json\/wp\/v2\/pages\/3580\/revisions\/15356"}],"up":[{"embeddable":true,"href":"https:\/\/www.creativeireland.gov.ie\/ga\/wp-json\/wp\/v2\/pages\/3560"}],"wp:featuredmedia":[{"embeddable":true,"href":"https:\/\/www.creativeireland.gov.ie\/ga\/wp-json\/wp\/v2\/media\/4633"}],"wp:attachment":[{"href":"https:\/\/www.creativeireland.gov.ie\/ga\/wp-json\/wp\/v2\/media?parent=3580"}],"curies":[{"name":"wp","href":"https:\/\/api.w.org\/{rel}","templated":true}]}}