{"id":3650,"date":"2019-12-09T11:53:05","date_gmt":"2019-12-09T11:53:05","guid":{"rendered":"http:\/\/ci.test:8000\/blog\/"},"modified":"2025-06-25T16:43:38","modified_gmt":"2025-06-25T15:43:38","slug":"blag","status":"publish","type":"page","link":"https:\/\/www.creativeireland.gov.ie\/ga\/blag\/","title":{"rendered":"N\u00e1isi\u00fan Ild\u00e1nach"},"content":{"rendered":"","protected":false},"excerpt":{"rendered":"","protected":false},"author":1,"featured_media":13699,"parent":0,"menu_order":0,"comment_status":"closed","ping_status":"closed","template":"page-creative-nation-landing.php","meta":{"footnotes":""},"class_list":["post-3650","page","type-page","status-publish","has-post-thumbnail","hentry"],"acf":[],"yoast_head":"<!-- This site is optimized with the Yoast SEO plugin v25.9 - https:\/\/yoast.com\/wordpress\/plugins\/seo\/ -->\n<title>N\u00e1isi\u00fan Ild\u00e1nach - Creative Ireland Programme<\/title>\n<meta name=\"description\" content=\"I gcro\u00edl\u00e1r na f\u00edse at\u00e1 againn t\u00e1 an tuairim go gcuireann p\u00e1irt a ghlacadh i ngn\u00edomha\u00edochta\u00ed cult\u00fair foll\u00e1ine aonair, pobail agus an n\u00e1isi\u00fain chun cinn.\" \/>\n<meta name=\"robots\" content=\"index, follow, max-snippet:-1, max-image-preview:large, max-video-preview:-1\" \/>\n<link rel=\"canonical\" href=\"https:\/\/www.creativeireland.gov.ie\/ga\/blag\/\" \/>\n<meta property=\"og:locale\" content=\"ga_IE\" \/>\n<meta property=\"og:type\" content=\"article\" \/>\n<meta property=\"og:title\" content=\"N\u00e1isi\u00fan Ild\u00e1nach - Creative Ireland Programme\" \/>\n<meta property=\"og:url\" content=\"https:\/\/www.creativeireland.gov.ie\/ga\/blag\/\" \/>\n<meta property=\"og:site_name\" content=\"Creative Ireland Programme\" \/>\n<meta property=\"article:publisher\" content=\"https:\/\/www.facebook.com\/CreativeIrl\/\" \/>\n<meta property=\"article:modified_time\" content=\"2025-06-25T15:43:38+00:00\" \/>\n<meta property=\"og:image\" content=\"https:\/\/www.creativeireland.gov.ie\/app\/uploads\/2021\/03\/AIRP-IMAGE-7-Kate-MISA-SJH-1-1024x682.jpg\" \/>\n\t<meta property=\"og:image:width\" content=\"1024\" \/>\n\t<meta property=\"og:image:height\" content=\"682\" \/>\n\t<meta property=\"og:image:type\" content=\"image\/jpeg\" \/>\n<meta name=\"twitter:card\" content=\"summary_large_image\" \/>\n<meta name=\"twitter:site\" content=\"@creativeirl\" \/>\n<script type=\"application\/ld+json\" class=\"yoast-schema-graph\">{\"@context\":\"https:\/\/schema.org\",\"@graph\":[{\"@type\":\"WebPage\",\"@id\":\"https:\/\/www.creativeireland.gov.ie\/ga\/blag\/\",\"url\":\"https:\/\/www.creativeireland.gov.ie\/ga\/blag\/\",\"name\":\"N\u00e1isi\u00fan Ild\u00e1nach - Creative Ireland Programme\",\"isPartOf\":{\"@id\":\"https:\/\/www.creativeireland.gov.ie\/ga\/#website\"},\"primaryImageOfPage\":{\"@id\":\"https:\/\/www.creativeireland.gov.ie\/ga\/blag\/#primaryimage\"},\"image\":{\"@id\":\"https:\/\/www.creativeireland.gov.ie\/ga\/blag\/#primaryimage\"},\"thumbnailUrl\":\"https:\/\/www.creativeireland.gov.ie\/app\/uploads\/2021\/03\/AIRP-IMAGE-7-Kate-MISA-SJH-1.jpg\",\"datePublished\":\"2019-12-09T11:53:05+00:00\",\"dateModified\":\"2025-06-25T15:43:38+00:00\",\"breadcrumb\":{\"@id\":\"https:\/\/www.creativeireland.gov.ie\/ga\/blag\/#breadcrumb\"},\"inLanguage\":\"ga-IE\",\"potentialAction\":[{\"@type\":\"ReadAction\",\"target\":[\"https:\/\/www.creativeireland.gov.ie\/ga\/blag\/\"]}]},{\"@type\":\"ImageObject\",\"inLanguage\":\"ga-IE\",\"@id\":\"https:\/\/www.creativeireland.gov.ie\/ga\/blag\/#primaryimage\",\"url\":\"https:\/\/www.creativeireland.gov.ie\/app\/uploads\/2021\/03\/AIRP-IMAGE-7-Kate-MISA-SJH-1.jpg\",\"contentUrl\":\"https:\/\/www.creativeireland.gov.ie\/app\/uploads\/2021\/03\/AIRP-IMAGE-7-Kate-MISA-SJH-1.jpg\",\"width\":2560,\"height\":1706},{\"@type\":\"BreadcrumbList\",\"@id\":\"https:\/\/www.creativeireland.gov.ie\/ga\/blag\/#breadcrumb\",\"itemListElement\":[{\"@type\":\"ListItem\",\"position\":1,\"name\":\"Home\",\"item\":\"https:\/\/www.creativeireland.gov.ie\/ga\/\"},{\"@type\":\"ListItem\",\"position\":2,\"name\":\"N\u00e1isi\u00fan Ild\u00e1nach\"}]},{\"@type\":\"WebSite\",\"@id\":\"https:\/\/www.creativeireland.gov.ie\/ga\/#website\",\"url\":\"https:\/\/www.creativeireland.gov.ie\/ga\/\",\"name\":\"Creative Ireland Programme\",\"description\":\"The Creative Ireland Programme is guided by a vision that every person in Ireland will have the opportunity to realise their full creative potential. It is a five year all-of-Government initiative, from 2017 to 2022, to place creativity at the centre of public policy.\",\"potentialAction\":[{\"@type\":\"SearchAction\",\"target\":{\"@type\":\"EntryPoint\",\"urlTemplate\":\"https:\/\/www.creativeireland.gov.ie\/ga\/?s={search_term_string}\"},\"query-input\":{\"@type\":\"PropertyValueSpecification\",\"valueRequired\":true,\"valueName\":\"search_term_string\"}}],\"inLanguage\":\"ga-IE\"}]}<\/script>\n<!-- \/ Yoast SEO plugin. -->","yoast_head_json":{"title":"N\u00e1isi\u00fan Ild\u00e1nach - Creative Ireland Programme","description":"I gcro\u00edl\u00e1r na f\u00edse at\u00e1 againn t\u00e1 an tuairim go gcuireann p\u00e1irt a ghlacadh i ngn\u00edomha\u00edochta\u00ed cult\u00fair foll\u00e1ine aonair, pobail agus an n\u00e1isi\u00fain chun cinn.","robots":{"index":"index","follow":"follow","max-snippet":"max-snippet:-1","max-image-preview":"max-image-preview:large","max-video-preview":"max-video-preview:-1"},"canonical":"https:\/\/www.creativeireland.gov.ie\/ga\/blag\/","og_locale":"ga_IE","og_type":"article","og_title":"N\u00e1isi\u00fan Ild\u00e1nach - Creative Ireland Programme","og_url":"https:\/\/www.creativeireland.gov.ie\/ga\/blag\/","og_site_name":"Creative Ireland Programme","article_publisher":"https:\/\/www.facebook.com\/CreativeIrl\/","article_modified_time":"2025-06-25T15:43:38+00:00","og_image":[{"width":1024,"height":682,"url":"https:\/\/www.creativeireland.gov.ie\/app\/uploads\/2021\/03\/AIRP-IMAGE-7-Kate-MISA-SJH-1-1024x682.jpg","type":"image\/jpeg"}],"twitter_card":"summary_large_image","twitter_site":"@creativeirl","schema":{"@context":"https:\/\/schema.org","@graph":[{"@type":"WebPage","@id":"https:\/\/www.creativeireland.gov.ie\/ga\/blag\/","url":"https:\/\/www.creativeireland.gov.ie\/ga\/blag\/","name":"N\u00e1isi\u00fan Ild\u00e1nach - Creative Ireland Programme","isPartOf":{"@id":"https:\/\/www.creativeireland.gov.ie\/ga\/#website"},"primaryImageOfPage":{"@id":"https:\/\/www.creativeireland.gov.ie\/ga\/blag\/#primaryimage"},"image":{"@id":"https:\/\/www.creativeireland.gov.ie\/ga\/blag\/#primaryimage"},"thumbnailUrl":"https:\/\/www.creativeireland.gov.ie\/app\/uploads\/2021\/03\/AIRP-IMAGE-7-Kate-MISA-SJH-1.jpg","datePublished":"2019-12-09T11:53:05+00:00","dateModified":"2025-06-25T15:43:38+00:00","breadcrumb":{"@id":"https:\/\/www.creativeireland.gov.ie\/ga\/blag\/#breadcrumb"},"inLanguage":"ga-IE","potentialAction":[{"@type":"ReadAction","target":["https:\/\/www.creativeireland.gov.ie\/ga\/blag\/"]}]},{"@type":"ImageObject","inLanguage":"ga-IE","@id":"https:\/\/www.creativeireland.gov.ie\/ga\/blag\/#primaryimage","url":"https:\/\/www.creativeireland.gov.ie\/app\/uploads\/2021\/03\/AIRP-IMAGE-7-Kate-MISA-SJH-1.jpg","contentUrl":"https:\/\/www.creativeireland.gov.ie\/app\/uploads\/2021\/03\/AIRP-IMAGE-7-Kate-MISA-SJH-1.jpg","width":2560,"height":1706},{"@type":"BreadcrumbList","@id":"https:\/\/www.creativeireland.gov.ie\/ga\/blag\/#breadcrumb","itemListElement":[{"@type":"ListItem","position":1,"name":"Home","item":"https:\/\/www.creativeireland.gov.ie\/ga\/"},{"@type":"ListItem","position":2,"name":"N\u00e1isi\u00fan Ild\u00e1nach"}]},{"@type":"WebSite","@id":"https:\/\/www.creativeireland.gov.ie\/ga\/#website","url":"https:\/\/www.creativeireland.gov.ie\/ga\/","name":"Creative Ireland Programme","description":"The Creative Ireland Programme is guided by a vision that every person in Ireland will have the opportunity to realise their full creative potential. It is a five year all-of-Government initiative, from 2017 to 2022, to place creativity at the centre of public policy.","potentialAction":[{"@type":"SearchAction","target":{"@type":"EntryPoint","urlTemplate":"https:\/\/www.creativeireland.gov.ie\/ga\/?s={search_term_string}"},"query-input":{"@type":"PropertyValueSpecification","valueRequired":true,"valueName":"search_term_string"}}],"inLanguage":"ga-IE"}]}},"_links":{"self":[{"href":"https:\/\/www.creativeireland.gov.ie\/ga\/wp-json\/wp\/v2\/pages\/3650","targetHints":{"allow":["GET"]}}],"collection":[{"href":"https:\/\/www.creativeireland.gov.ie\/ga\/wp-json\/wp\/v2\/pages"}],"about":[{"href":"https:\/\/www.creativeireland.gov.ie\/ga\/wp-json\/wp\/v2\/types\/page"}],"author":[{"embeddable":true,"href":"https:\/\/www.creativeireland.gov.ie\/ga\/wp-json\/wp\/v2\/users\/1"}],"replies":[{"embeddable":true,"href":"https:\/\/www.creativeireland.gov.ie\/ga\/wp-json\/wp\/v2\/comments?post=3650"}],"version-history":[{"count":166,"href":"https:\/\/www.creativeireland.gov.ie\/ga\/wp-json\/wp\/v2\/pages\/3650\/revisions"}],"predecessor-version":[{"id":36422,"href":"https:\/\/www.creativeireland.gov.ie\/ga\/wp-json\/wp\/v2\/pages\/3650\/revisions\/36422"}],"wp:featuredmedia":[{"embeddable":true,"href":"https:\/\/www.creativeireland.gov.ie\/ga\/wp-json\/wp\/v2\/media\/13699"}],"wp:attachment":[{"href":"https:\/\/www.creativeireland.gov.ie\/ga\/wp-json\/wp\/v2\/media?parent=3650"}],"curies":[{"name":"wp","href":"https:\/\/api.w.org\/{rel}","templated":true}]}}