{"id":3870,"date":"2019-12-17T10:40:36","date_gmt":"2019-12-17T10:40:36","guid":{"rendered":"https:\/\/prod-creativeireland.zestydev.com\/comhphairtithe\/age-and-opportunity\/"},"modified":"2019-12-17T10:57:36","modified_gmt":"2019-12-17T10:57:36","slug":"aois-agus-deis","status":"publish","type":"page","link":"https:\/\/www.creativeireland.gov.ie\/ga\/comhphairtithe\/aois-agus-deis\/","title":{"rendered":"Aois agus Deis"},"content":{"rendered":"\n<p><strong>F\u00e1gann Age &amp; Opportunity leas as taith\u00ed na\nheala\u00edne ag n\u00edos m\u00f3 n\u00e1 250 duine aosta ar fud na t\u00edre<\/strong><\/p>\n\n\n\n<p><em>F\u00e9adann r\u00f3l cinni\u00fanach a bheith le tr\u00e9ithe sin na\nheala\u00edne at\u00e1 d\u00edrithe ar an duine f\u00e9in maidir le cur leis an misneach as\nsaini\u00falacht an duine f\u00e9in de r\u00e9ir mar a th\u00e9itear amach sna blianta, go h\u00e1irithe\nnuair a d&#8217;fh\u00e9adfadh scoiteacht n\u00f3&nbsp;neamhaird a bheith \u00e1 mbraith mar gheall\nar st\u00e1das aoise, sl\u00e1inte n\u00f3 s\u00f3isialta.\u201d<\/em><\/p>\n\n\n\n<p>Tara Byrne, Bainisteoir an Chl\u00e1r Eala\u00edne, Age &amp; Opportunity<\/p>\n\n\n\n<p><strong>S<\/strong>a\nbhliain 2019, chuir \u00c9ire Ild\u00e1nach ar chumas Age &amp; Opportunity seisear\neala\u00edont\u00f3ir\u00ed a chur i mbun socr\u00fach\u00e1in in \u00e1rais c\u00faraim c\u00f3naithe d&#8217;fhonn taith\u00ed\nna heala\u00edne a chur ar f\u00e1il do dhaoine aosta, cuid mh\u00f3r acu a bhfuil n\u00e9altr\u00fa ag\ngabh\u00e1il d\u00f3ibh.&nbsp; <\/p>\n\n\n\n<p>Is l\u00e9ir \u00f3 thoradh taighde a rinneadh go gcuirtear go m\u00f3r le f\u00e9inmheas an\nduine aosta agus le caighde\u00e1n an tsaoil ag daoine scothaosta nuair a thugann\nsiad faoin eala\u00edn,&nbsp; T\u00e1 seo f\u00edor fi\u00fa\namh\u00e1in i gc\u00e1s dhaoine a chuirtear as an \u00e1ireamh mar gheall ar n\u00e9altr\u00fa.<\/p>\n\n\n\n<p>Leis na socr\u00fach\u00e1in c\u00f3naithe seo, beidh an leas as taith\u00ed na heala\u00edne \u00e1\nchur ar f\u00e1il do l\u00edon suas le 250 duine scothaosta a bhfuil c\u00f3na\u00ed orthu in\nionaid c\u00faraim n\u00f3 a thugann cuairt ar na hionaid sin chomh maith le dul i\nbhfeidhm go fabhrach freisin ar l\u00edon is m\u00f3 n\u00e1 500 duine eile, othair c\u00f3naithe,\nbaill foirne, daoine muinteartha agus eala\u00edont\u00f3ir\u00ed san \u00e1ireamh chomh maith leis\nan bpobal i gcoitinne.<\/p>\n\n\n\n<p>Tabharfaidh an t-eala\u00edont\u00f3ir prionta\u00ed <strong>Aoife Barrett<\/strong> cuireadh do\nna hothair c\u00f3naithe in <strong>Ospid\u00e9al Pobail an R\u00e1ith\u00edn<\/strong> a bheith p\u00e1irteach i\nsraith de bhabhta\u00ed comhr\u00e1, de sheisi\u00fain leabhardh\u00e9ant\u00fasa\u00edochta agus de\nsheisi\u00fain prionta\u00edochta.<\/p>\n\n\n\n<p>Cruth\u00f3idh <strong>John\nConway<\/strong> cuntas dearceala\u00edne ar shaol na ndaoine a bhaineann \u00fas\u00e1id as\nseirbh\u00eds\u00ed&nbsp;in <strong>Ionad C\u00faram Lae N\u00e1s na R\u00ed<\/strong>. <\/p>\n\n\n\n<p>T\u00e1 r\u00fan ag <strong>Brian Cooney<\/strong> leas a bhaint as an\nngrianghrafad\u00f3ireacht chun cuidi\u00fa&nbsp;le hothair c\u00f3naithe in <strong>Ospid\u00e9al\nPobail <\/strong><strong>Naomh Eoin i Sligeach<\/strong> a gcuid\nsc\u00e9alta pearsanta a r\u00edomh. <\/p>\n\n\n\n<p>In <strong>Ospid\u00e9al\nPobail Chluain Sceach <\/strong>i mBaile \u00c1tha Cliath, bainfidh <strong>Cl\u00edona N\u00ed Laoi,<\/strong>\neala\u00edont\u00f3ir ilmhe\u00e1n, \u00fas\u00e1id as saothar teilgin chun coll\u00e1is\u00ed uileghabh\u00e1lacha a\ncheapadh a mbaineann gn\u00e9ithe solais agus fuaime leo. <\/p>\n\n\n\n<p>T\u00e1 i gceist ag <strong>Andy Parsons, <\/strong>eala\u00edont\u00f3ir ilmhe\u00e1n, \u00edomh\u00e1nna a\nchruth\u00fa&nbsp;de l\u00e1mha na ndaoine a \u00fas\u00e1ideann seirbh\u00eds\u00ed&nbsp;in <strong>Ospid\u00e9al\nPobail na gCealla Beaga <\/strong>agus \u00e9irim,\nacmhainneacht agus cruthaitheacht dhaoine aosta i nD\u00fan na nGall a chur i\nl\u00e1thair.<\/p>\n\n\n\n<p>Cuirfidh <strong>Ciara Rodgers<\/strong>\nna daoine a fhreastala\u00edonn <strong>Ionad C\u00faram Lae Oile\u00e1n Chiarra\u00ed<\/strong> i mbun cainte\nfaoi stair na bhfoirgneamh sa cheantar i nd\u00e1il le togra maidir le saothar\nl\u00edn\u00edochta le gualach. <\/p>\n\n\n\n<p>T\u00e1 c\u00fanamh taca i nd\u00e1il leis an gcl\u00e1r Age &amp; Opportunity \u00e1 thabhairt ag an gComhairle Eala\u00edon, \u00c9ire Ild\u00e1nach, Feidhmeannacht na Seirbh\u00edse Sl\u00e1inte, Waterford Healing Arts Trust (WHAT), Creative Life, Mercer\u2019s Institute for Successful Ageing (MISA) agus an Dementia Services Information and Development Centre (DSIDC) at\u00e1 lonnaithe freisin in MISA, Ospid\u00e9al San S\u00e9amas.&nbsp;  <\/p>\n\n\n\n<p><a href=\"https:\/\/ageandopportunity.ie\/\" target=\"_blank\" rel=\"noreferrer noopener\" aria-label=\" (opens in a new tab)\">www.ageandopportunity.ie<\/a><\/p>\n\n\n\n<figure class=\"wp-block-image size-large\"><img loading=\"lazy\" decoding=\"async\" width=\"1024\" height=\"683\" src=\"https:\/\/www.creativeireland.gov.ie\/app\/uploads\/2019\/12\/2019_Bealtaine_Abair_Samaa_Photo-1024x683.jpg\" alt=\"\" class=\"wp-image-3824\" srcset=\"https:\/\/www.creativeireland.gov.ie\/app\/uploads\/2019\/12\/2019_Bealtaine_Abair_Samaa_Photo-1024x683.jpg 1024w, https:\/\/www.creativeireland.gov.ie\/app\/uploads\/2019\/12\/2019_Bealtaine_Abair_Samaa_Photo-300x200.jpg 300w, https:\/\/www.creativeireland.gov.ie\/app\/uploads\/2019\/12\/2019_Bealtaine_Abair_Samaa_Photo-768x512.jpg 768w, https:\/\/www.creativeireland.gov.ie\/app\/uploads\/2019\/12\/2019_Bealtaine_Abair_Samaa_Photo-1536x1024.jpg 1536w, https:\/\/www.creativeireland.gov.ie\/app\/uploads\/2019\/12\/2019_Bealtaine_Abair_Samaa_Photo-2048x1365.jpg 2048w\" sizes=\"auto, (max-width: 1024px) 100vw, 1024px\" \/><\/figure>\n\n\n\n<figure class=\"wp-block-image size-large\"><img loading=\"lazy\" decoding=\"async\" width=\"1024\" height=\"721\" src=\"https:\/\/www.creativeireland.gov.ie\/app\/uploads\/2019\/12\/2019_Bealtaine_Bee-Bandits_Strength-in-Numbers_Photo-by-Rob-OConnor-1024x721.jpg\" alt=\"\" class=\"wp-image-3820\" srcset=\"https:\/\/www.creativeireland.gov.ie\/app\/uploads\/2019\/12\/2019_Bealtaine_Bee-Bandits_Strength-in-Numbers_Photo-by-Rob-OConnor-1024x721.jpg 1024w, https:\/\/www.creativeireland.gov.ie\/app\/uploads\/2019\/12\/2019_Bealtaine_Bee-Bandits_Strength-in-Numbers_Photo-by-Rob-OConnor-300x211.jpg 300w, https:\/\/www.creativeireland.gov.ie\/app\/uploads\/2019\/12\/2019_Bealtaine_Bee-Bandits_Strength-in-Numbers_Photo-by-Rob-OConnor-768x540.jpg 768w, https:\/\/www.creativeireland.gov.ie\/app\/uploads\/2019\/12\/2019_Bealtaine_Bee-Bandits_Strength-in-Numbers_Photo-by-Rob-OConnor-1536x1081.jpg 1536w, https:\/\/www.creativeireland.gov.ie\/app\/uploads\/2019\/12\/2019_Bealtaine_Bee-Bandits_Strength-in-Numbers_Photo-by-Rob-OConnor-2048x1441.jpg 2048w\" sizes=\"auto, (max-width: 1024px) 100vw, 1024px\" \/><\/figure>\n","protected":false},"excerpt":{"rendered":"<p>F\u00e1gann Age &amp; Opportunity leas as taith\u00ed na heala\u00edne ag n\u00edos m\u00f3 n\u00e1 250 duine aosta ar fud na t\u00edre F\u00e9adann r\u00f3l cinni\u00fanach a bheith le tr\u00e9ithe sin na heala\u00edne at\u00e1 d\u00edrithe ar an duine f\u00e9in maidir le cur leis an misneach as saini\u00falacht an duine f\u00e9in de r\u00e9ir mar a th\u00e9itear amach sna blianta, [&hellip;]<\/p>\n","protected":false},"author":1,"featured_media":3825,"parent":3357,"menu_order":0,"comment_status":"closed","ping_status":"closed","template":"page-basic-content.php","meta":{"footnotes":""},"class_list":["post-3870","page","type-page","status-publish","has-post-thumbnail","hentry"],"acf":[],"yoast_head":"<!-- This site is optimized with the Yoast SEO plugin v25.9 - https:\/\/yoast.com\/wordpress\/plugins\/seo\/ -->\n<title>Aois agus Deis - Creative Ireland Programme<\/title>\n<meta name=\"description\" content=\"F\u00e1gann Age &amp; Opportunity leas as taith\u00ed na\nheala\u00edne ag n\u00edos m\u00f3 n\u00e1 250 duine aosta ar fud na t\u00edre\n\n\n\nF\u00e9adann r\u00f3l cinni\u00fanach a bheith le tr\u00e9ithe sin na\nheala\u00edne at\u00e1 d\u00edrithe ar an duine f\u00e9in maidir le cur leis an misneach as\nsaini\u00falacht an duine f\u00e9in de r\u00e9ir mar a th\u00e9itear amach sna blianta, go h\u00e1irithe\nnuair a d&#039;fh\u00e9adfadh scoiteacht n\u00f3&nbsp;neamhaird a bheith \u00e1 mbraith mar gheall\nar st\u00e1das aoise, sl\u00e1inte n\u00f3 s\u00f3isialta.\" \/>\n<meta name=\"robots\" content=\"index, follow, max-snippet:-1, max-image-preview:large, max-video-preview:-1\" \/>\n<link rel=\"canonical\" href=\"https:\/\/www.creativeireland.gov.ie\/ga\/comhphairtithe\/aois-agus-deis\/\" \/>\n<meta property=\"og:locale\" content=\"ga_IE\" \/>\n<meta property=\"og:type\" content=\"article\" \/>\n<meta property=\"og:title\" content=\"Aois agus Deis - Creative Ireland Programme\" \/>\n<meta property=\"og:description\" content=\"F\u00e1gann Age &amp; Opportunity leas as taith\u00ed na heala\u00edne ag n\u00edos m\u00f3 n\u00e1 250 duine aosta ar fud na t\u00edre F\u00e9adann r\u00f3l cinni\u00fanach a bheith le tr\u00e9ithe sin na heala\u00edne at\u00e1 d\u00edrithe ar an duine f\u00e9in maidir le cur leis an misneach as saini\u00falacht an duine f\u00e9in de r\u00e9ir mar a th\u00e9itear amach sna blianta, [&hellip;]\" \/>\n<meta property=\"og:url\" content=\"https:\/\/www.creativeireland.gov.ie\/ga\/comhphairtithe\/aois-agus-deis\/\" \/>\n<meta property=\"og:site_name\" content=\"Creative Ireland Programme\" \/>\n<meta property=\"article:publisher\" content=\"https:\/\/www.facebook.com\/CreativeIrl\/\" \/>\n<meta property=\"article:modified_time\" content=\"2019-12-17T10:57:36+00:00\" \/>\n<meta property=\"og:image\" content=\"https:\/\/www.creativeireland.gov.ie\/app\/uploads\/2019\/12\/2019_Bealtaine_Abair_Samaa_Photo.jpg\" \/>\n\t<meta property=\"og:image:width\" content=\"2560\" \/>\n\t<meta property=\"og:image:height\" content=\"1707\" \/>\n\t<meta property=\"og:image:type\" content=\"image\/jpeg\" \/>\n<meta name=\"twitter:card\" content=\"summary_large_image\" \/>\n<meta name=\"twitter:site\" content=\"@creativeirl\" \/>\n<meta name=\"twitter:label1\" content=\"Est. reading time\" \/>\n\t<meta name=\"twitter:data1\" content=\"3 minutes\" \/>\n<script type=\"application\/ld+json\" class=\"yoast-schema-graph\">{\"@context\":\"https:\/\/schema.org\",\"@graph\":[{\"@type\":\"WebPage\",\"@id\":\"https:\/\/www.creativeireland.gov.ie\/ga\/comhphairtithe\/aois-agus-deis\/\",\"url\":\"https:\/\/www.creativeireland.gov.ie\/ga\/comhphairtithe\/aois-agus-deis\/\",\"name\":\"Aois agus Deis - Creative Ireland Programme\",\"isPartOf\":{\"@id\":\"https:\/\/www.creativeireland.gov.ie\/ga\/#website\"},\"primaryImageOfPage\":{\"@id\":\"https:\/\/www.creativeireland.gov.ie\/ga\/comhphairtithe\/aois-agus-deis\/#primaryimage\"},\"image\":{\"@id\":\"https:\/\/www.creativeireland.gov.ie\/ga\/comhphairtithe\/aois-agus-deis\/#primaryimage\"},\"thumbnailUrl\":\"https:\/\/www.creativeireland.gov.ie\/app\/uploads\/2019\/12\/2019_Bealtaine_Abair_Samaa_Photo.jpg\",\"datePublished\":\"2019-12-17T10:40:36+00:00\",\"dateModified\":\"2019-12-17T10:57:36+00:00\",\"breadcrumb\":{\"@id\":\"https:\/\/www.creativeireland.gov.ie\/ga\/comhphairtithe\/aois-agus-deis\/#breadcrumb\"},\"inLanguage\":\"ga-IE\",\"potentialAction\":[{\"@type\":\"ReadAction\",\"target\":[\"https:\/\/www.creativeireland.gov.ie\/ga\/comhphairtithe\/aois-agus-deis\/\"]}]},{\"@type\":\"ImageObject\",\"inLanguage\":\"ga-IE\",\"@id\":\"https:\/\/www.creativeireland.gov.ie\/ga\/comhphairtithe\/aois-agus-deis\/#primaryimage\",\"url\":\"https:\/\/www.creativeireland.gov.ie\/app\/uploads\/2019\/12\/2019_Bealtaine_Abair_Samaa_Photo.jpg\",\"contentUrl\":\"https:\/\/www.creativeireland.gov.ie\/app\/uploads\/2019\/12\/2019_Bealtaine_Abair_Samaa_Photo.jpg\",\"width\":2560,\"height\":1707},{\"@type\":\"BreadcrumbList\",\"@id\":\"https:\/\/www.creativeireland.gov.ie\/ga\/comhphairtithe\/aois-agus-deis\/#breadcrumb\",\"itemListElement\":[{\"@type\":\"ListItem\",\"position\":1,\"name\":\"Home\",\"item\":\"https:\/\/www.creativeireland.gov.ie\/ga\/\"},{\"@type\":\"ListItem\",\"position\":2,\"name\":\"Comhph\u00e1irt\u00edochta\u00ed\",\"item\":\"https:\/\/www.creativeireland.gov.ie\/ga\/comhphairtithe\/\"},{\"@type\":\"ListItem\",\"position\":3,\"name\":\"Aois agus Deis\"}]},{\"@type\":\"WebSite\",\"@id\":\"https:\/\/www.creativeireland.gov.ie\/ga\/#website\",\"url\":\"https:\/\/www.creativeireland.gov.ie\/ga\/\",\"name\":\"Creative Ireland Programme\",\"description\":\"The Creative Ireland Programme is guided by a vision that every person in Ireland will have the opportunity to realise their full creative potential. It is a five year all-of-Government initiative, from 2017 to 2022, to place creativity at the centre of public policy.\",\"potentialAction\":[{\"@type\":\"SearchAction\",\"target\":{\"@type\":\"EntryPoint\",\"urlTemplate\":\"https:\/\/www.creativeireland.gov.ie\/ga\/?s={search_term_string}\"},\"query-input\":{\"@type\":\"PropertyValueSpecification\",\"valueRequired\":true,\"valueName\":\"search_term_string\"}}],\"inLanguage\":\"ga-IE\"}]}<\/script>\n<!-- \/ Yoast SEO plugin. -->","yoast_head_json":{"title":"Aois agus Deis - Creative Ireland Programme","description":"F\u00e1gann Age &amp; Opportunity leas as taith\u00ed na\nheala\u00edne ag n\u00edos m\u00f3 n\u00e1 250 duine aosta ar fud na t\u00edre\n\n\n\nF\u00e9adann r\u00f3l cinni\u00fanach a bheith le tr\u00e9ithe sin na\nheala\u00edne at\u00e1 d\u00edrithe ar an duine f\u00e9in maidir le cur leis an misneach as\nsaini\u00falacht an duine f\u00e9in de r\u00e9ir mar a th\u00e9itear amach sna blianta, go h\u00e1irithe\nnuair a d'fh\u00e9adfadh scoiteacht n\u00f3&nbsp;neamhaird a bheith \u00e1 mbraith mar gheall\nar st\u00e1das aoise, sl\u00e1inte n\u00f3 s\u00f3isialta.","robots":{"index":"index","follow":"follow","max-snippet":"max-snippet:-1","max-image-preview":"max-image-preview:large","max-video-preview":"max-video-preview:-1"},"canonical":"https:\/\/www.creativeireland.gov.ie\/ga\/comhphairtithe\/aois-agus-deis\/","og_locale":"ga_IE","og_type":"article","og_title":"Aois agus Deis - Creative Ireland Programme","og_description":"F\u00e1gann Age &amp; Opportunity leas as taith\u00ed na heala\u00edne ag n\u00edos m\u00f3 n\u00e1 250 duine aosta ar fud na t\u00edre F\u00e9adann r\u00f3l cinni\u00fanach a bheith le tr\u00e9ithe sin na heala\u00edne at\u00e1 d\u00edrithe ar an duine f\u00e9in maidir le cur leis an misneach as saini\u00falacht an duine f\u00e9in de r\u00e9ir mar a th\u00e9itear amach sna blianta, [&hellip;]","og_url":"https:\/\/www.creativeireland.gov.ie\/ga\/comhphairtithe\/aois-agus-deis\/","og_site_name":"Creative Ireland Programme","article_publisher":"https:\/\/www.facebook.com\/CreativeIrl\/","article_modified_time":"2019-12-17T10:57:36+00:00","og_image":[{"width":2560,"height":1707,"url":"https:\/\/www.creativeireland.gov.ie\/app\/uploads\/2019\/12\/2019_Bealtaine_Abair_Samaa_Photo.jpg","type":"image\/jpeg"}],"twitter_card":"summary_large_image","twitter_site":"@creativeirl","twitter_misc":{"Est. reading time":"3 minutes"},"schema":{"@context":"https:\/\/schema.org","@graph":[{"@type":"WebPage","@id":"https:\/\/www.creativeireland.gov.ie\/ga\/comhphairtithe\/aois-agus-deis\/","url":"https:\/\/www.creativeireland.gov.ie\/ga\/comhphairtithe\/aois-agus-deis\/","name":"Aois agus Deis - Creative Ireland Programme","isPartOf":{"@id":"https:\/\/www.creativeireland.gov.ie\/ga\/#website"},"primaryImageOfPage":{"@id":"https:\/\/www.creativeireland.gov.ie\/ga\/comhphairtithe\/aois-agus-deis\/#primaryimage"},"image":{"@id":"https:\/\/www.creativeireland.gov.ie\/ga\/comhphairtithe\/aois-agus-deis\/#primaryimage"},"thumbnailUrl":"https:\/\/www.creativeireland.gov.ie\/app\/uploads\/2019\/12\/2019_Bealtaine_Abair_Samaa_Photo.jpg","datePublished":"2019-12-17T10:40:36+00:00","dateModified":"2019-12-17T10:57:36+00:00","breadcrumb":{"@id":"https:\/\/www.creativeireland.gov.ie\/ga\/comhphairtithe\/aois-agus-deis\/#breadcrumb"},"inLanguage":"ga-IE","potentialAction":[{"@type":"ReadAction","target":["https:\/\/www.creativeireland.gov.ie\/ga\/comhphairtithe\/aois-agus-deis\/"]}]},{"@type":"ImageObject","inLanguage":"ga-IE","@id":"https:\/\/www.creativeireland.gov.ie\/ga\/comhphairtithe\/aois-agus-deis\/#primaryimage","url":"https:\/\/www.creativeireland.gov.ie\/app\/uploads\/2019\/12\/2019_Bealtaine_Abair_Samaa_Photo.jpg","contentUrl":"https:\/\/www.creativeireland.gov.ie\/app\/uploads\/2019\/12\/2019_Bealtaine_Abair_Samaa_Photo.jpg","width":2560,"height":1707},{"@type":"BreadcrumbList","@id":"https:\/\/www.creativeireland.gov.ie\/ga\/comhphairtithe\/aois-agus-deis\/#breadcrumb","itemListElement":[{"@type":"ListItem","position":1,"name":"Home","item":"https:\/\/www.creativeireland.gov.ie\/ga\/"},{"@type":"ListItem","position":2,"name":"Comhph\u00e1irt\u00edochta\u00ed","item":"https:\/\/www.creativeireland.gov.ie\/ga\/comhphairtithe\/"},{"@type":"ListItem","position":3,"name":"Aois agus Deis"}]},{"@type":"WebSite","@id":"https:\/\/www.creativeireland.gov.ie\/ga\/#website","url":"https:\/\/www.creativeireland.gov.ie\/ga\/","name":"Creative Ireland Programme","description":"The Creative Ireland Programme is guided by a vision that every person in Ireland will have the opportunity to realise their full creative potential. It is a five year all-of-Government initiative, from 2017 to 2022, to place creativity at the centre of public policy.","potentialAction":[{"@type":"SearchAction","target":{"@type":"EntryPoint","urlTemplate":"https:\/\/www.creativeireland.gov.ie\/ga\/?s={search_term_string}"},"query-input":{"@type":"PropertyValueSpecification","valueRequired":true,"valueName":"search_term_string"}}],"inLanguage":"ga-IE"}]}},"_links":{"self":[{"href":"https:\/\/www.creativeireland.gov.ie\/ga\/wp-json\/wp\/v2\/pages\/3870","targetHints":{"allow":["GET"]}}],"collection":[{"href":"https:\/\/www.creativeireland.gov.ie\/ga\/wp-json\/wp\/v2\/pages"}],"about":[{"href":"https:\/\/www.creativeireland.gov.ie\/ga\/wp-json\/wp\/v2\/types\/page"}],"author":[{"embeddable":true,"href":"https:\/\/www.creativeireland.gov.ie\/ga\/wp-json\/wp\/v2\/users\/1"}],"replies":[{"embeddable":true,"href":"https:\/\/www.creativeireland.gov.ie\/ga\/wp-json\/wp\/v2\/comments?post=3870"}],"version-history":[{"count":5,"href":"https:\/\/www.creativeireland.gov.ie\/ga\/wp-json\/wp\/v2\/pages\/3870\/revisions"}],"predecessor-version":[{"id":3878,"href":"https:\/\/www.creativeireland.gov.ie\/ga\/wp-json\/wp\/v2\/pages\/3870\/revisions\/3878"}],"up":[{"embeddable":true,"href":"https:\/\/www.creativeireland.gov.ie\/ga\/wp-json\/wp\/v2\/pages\/3357"}],"wp:featuredmedia":[{"embeddable":true,"href":"https:\/\/www.creativeireland.gov.ie\/ga\/wp-json\/wp\/v2\/media\/3825"}],"wp:attachment":[{"href":"https:\/\/www.creativeireland.gov.ie\/ga\/wp-json\/wp\/v2\/media?parent=3870"}],"curies":[{"name":"wp","href":"https:\/\/api.w.org\/{rel}","templated":true}]}}