{"id":3909,"date":"2019-12-17T14:49:23","date_gmt":"2019-12-17T14:49:23","guid":{"rendered":"https:\/\/prod-creativeireland.zestydev.com\/comhphairtithe\/helium-arts-creative-health-hub\/"},"modified":"2019-12-17T15:07:19","modified_gmt":"2019-12-17T15:07:19","slug":"mol-slainte-cruthaitheachta-helium-arts","status":"publish","type":"page","link":"https:\/\/www.creativeireland.gov.ie\/ga\/comhphairtithe\/mol-slainte-cruthaitheachta-helium-arts\/","title":{"rendered":"Mol Sl\u00e1inte Cruthaitheachta Helium Arts"},"content":{"rendered":"\n<p>Cuireann Helium deiseanna cruthaitheachta\nildiscipl\u00edne ar f\u00e1il do leana\u00ed a bhfuil m\u00edshl\u00e1inte agus m\u00edchumas ar feadh a\nsaoil rompu ar mhaithe lena gcuid riachtanas agus a sl\u00e1inte s\u00edcsh\u00f3isialta. <\/p>\n\n\n\n<p>Le c\u00fanamh\ntaca \u00f3&nbsp;\u00c9ire Ild\u00e1nach, t\u00e1 m\u00fanla nua maidir le <em>Mol Sl\u00e1inte\nCruthaitheachta <\/em>tugtha chun cinn ag Helium Arts tr\u00edna gcuirfear a gcuid\ntogra\u00ed cruthaitheachta ildiscipl\u00edne nu\u00e1lacha ar f\u00e1il do bhreis leana\u00ed&nbsp;agus\nd\u00e9ag\u00f3ir\u00ed ar fur na h\u00c9ireann. <\/p>\n\n\n\n<p>I ngach ionad ina bhfuil Mol Sl\u00e1inte\nCruthaitheachta, is f\u00e9idir le heala\u00edont\u00f3ir de chuid Helium cl\u00e1r bearta\u00edochta\nlean\u00fanach a chur ar f\u00e1il at\u00e1 ina cheangal idir ospid\u00e9il, ionaid i measc an\nphobail agus ionaid phoibl\u00ed. Tabharfaidh an cl\u00e1r oibre c\u00fanamh do leana\u00ed agus do\ndhaoine \u00f3ga sc\u00f3ip a ligean lena gcuid cruthaitheachta agus cuirfear ar a gcumas\nna bunt\u00e1ist\u00ed \u00e9ags\u00fala maidir le sl\u00e1inte meabhrach a thaith\u00ed at\u00e1 as p\u00e1irt a\nghlacadh i mbearta cruthaitheachta ag leana\u00ed a bhfuil na\ndeacrachta\u00ed&nbsp;s\u00f3isialta agus moth\u00fach\u00e1n \u00e1 gcur rompu a bhaineann le tinneas\nainsealach.<\/p>\n\n\n\n<p>Tr\u00edd an gcur chuige claochlaitheach\n&#8220;eala\u00edn de r\u00e9ir oideas&#8221;, buaileann Helium le leana\u00ed&nbsp;san ospid\u00e9al\nagus cuirtear i leith shraitheanna ceardlann ansin iad in ionaid pobail\nn\u00f3&nbsp;in ionaid phoibl\u00ed. <\/p>\n\n\n\n<p>Seoladh Mol Sl\u00e1inte Cruthaitheachta i gCorcaigh agus i Luimneach i m\u00ed Ean\u00e1ir 2019. T\u00e1 na moil sin \u00e1 n-eagr\u00fa i gcomhar le hOspid\u00e9al Ollscoile Chorca\u00ed agus le hOspid\u00e9al Ollscoile Luimnigh agus le comhph\u00e1irt\u00edochta\u00ed pobail agus comhph\u00e1irt\u00edochta\u00ed cruthaitheachta sa d\u00e1 cheantar.<\/p>\n\n\n\n<p><a rel=\"noreferrer noopener\" aria-label=\"www.helium.ie (opens in a new tab)\" href=\"http:\/\/helium.ie\/\" target=\"_blank\">www.helium.ie<\/a><\/p>\n\n\n\n<figure class=\"wp-block-image size-large\"><img loading=\"lazy\" decoding=\"async\" width=\"1024\" height=\"641\" src=\"https:\/\/www.creativeireland.gov.ie\/app\/uploads\/2019\/12\/Young-participants-on-Heliums-Cork-Creative-Health-Hub-proudly-present-their-creative-project-to-family-members-@-the-Crawford-Gallery-workspac-1024x641.jpg\" alt=\"\" class=\"wp-image-3906\" srcset=\"https:\/\/www.creativeireland.gov.ie\/app\/uploads\/2019\/12\/Young-participants-on-Heliums-Cork-Creative-Health-Hub-proudly-present-their-creative-project-to-family-members-@-the-Crawford-Gallery-workspac-1024x641.jpg 1024w, https:\/\/www.creativeireland.gov.ie\/app\/uploads\/2019\/12\/Young-participants-on-Heliums-Cork-Creative-Health-Hub-proudly-present-their-creative-project-to-family-members-@-the-Crawford-Gallery-workspac-300x188.jpg 300w, https:\/\/www.creativeireland.gov.ie\/app\/uploads\/2019\/12\/Young-participants-on-Heliums-Cork-Creative-Health-Hub-proudly-present-their-creative-project-to-family-members-@-the-Crawford-Gallery-workspac-768x480.jpg 768w, https:\/\/www.creativeireland.gov.ie\/app\/uploads\/2019\/12\/Young-participants-on-Heliums-Cork-Creative-Health-Hub-proudly-present-their-creative-project-to-family-members-@-the-Crawford-Gallery-workspac-1536x961.jpg 1536w, https:\/\/www.creativeireland.gov.ie\/app\/uploads\/2019\/12\/Young-participants-on-Heliums-Cork-Creative-Health-Hub-proudly-present-their-creative-project-to-family-members-@-the-Crawford-Gallery-workspac.jpg 1600w\" sizes=\"auto, (max-width: 1024px) 100vw, 1024px\" \/><\/figure>\n\n\n\n<figure class=\"wp-block-image size-large\"><img loading=\"lazy\" decoding=\"async\" width=\"1024\" height=\"768\" src=\"https:\/\/www.creativeireland.gov.ie\/app\/uploads\/2019\/12\/Teenagers-experiment-with-a-range-of-art-forms-creative-processes-in-Heliums-Creative-Health-Hub-in-Cork-1024x768.jpg\" alt=\"\" class=\"wp-image-3904\" srcset=\"https:\/\/www.creativeireland.gov.ie\/app\/uploads\/2019\/12\/Teenagers-experiment-with-a-range-of-art-forms-creative-processes-in-Heliums-Creative-Health-Hub-in-Cork-1024x768.jpg 1024w, https:\/\/www.creativeireland.gov.ie\/app\/uploads\/2019\/12\/Teenagers-experiment-with-a-range-of-art-forms-creative-processes-in-Heliums-Creative-Health-Hub-in-Cork-300x225.jpg 300w, https:\/\/www.creativeireland.gov.ie\/app\/uploads\/2019\/12\/Teenagers-experiment-with-a-range-of-art-forms-creative-processes-in-Heliums-Creative-Health-Hub-in-Cork-768x576.jpg 768w, https:\/\/www.creativeireland.gov.ie\/app\/uploads\/2019\/12\/Teenagers-experiment-with-a-range-of-art-forms-creative-processes-in-Heliums-Creative-Health-Hub-in-Cork-1536x1152.jpg 1536w, https:\/\/www.creativeireland.gov.ie\/app\/uploads\/2019\/12\/Teenagers-experiment-with-a-range-of-art-forms-creative-processes-in-Heliums-Creative-Health-Hub-in-Cork.jpg 1984w\" sizes=\"auto, (max-width: 1024px) 100vw, 1024px\" \/><\/figure>\n\n\n\n<figure class=\"wp-block-image size-large\"><img loading=\"lazy\" decoding=\"async\" width=\"1024\" height=\"576\" src=\"https:\/\/www.creativeireland.gov.ie\/app\/uploads\/2019\/12\/Helene-Hugel-CEOArtistic-Director-Helium-Arts-and-Eamonn-Kelly-from-Creative-Ireland-the-main-programme-funders-in-2019-1024x576.jpg\" alt=\"\" class=\"wp-image-3902\" srcset=\"https:\/\/www.creativeireland.gov.ie\/app\/uploads\/2019\/12\/Helene-Hugel-CEOArtistic-Director-Helium-Arts-and-Eamonn-Kelly-from-Creative-Ireland-the-main-programme-funders-in-2019-1024x576.jpg 1024w, https:\/\/www.creativeireland.gov.ie\/app\/uploads\/2019\/12\/Helene-Hugel-CEOArtistic-Director-Helium-Arts-and-Eamonn-Kelly-from-Creative-Ireland-the-main-programme-funders-in-2019-300x169.jpg 300w, https:\/\/www.creativeireland.gov.ie\/app\/uploads\/2019\/12\/Helene-Hugel-CEOArtistic-Director-Helium-Arts-and-Eamonn-Kelly-from-Creative-Ireland-the-main-programme-funders-in-2019-768x432.jpg 768w, https:\/\/www.creativeireland.gov.ie\/app\/uploads\/2019\/12\/Helene-Hugel-CEOArtistic-Director-Helium-Arts-and-Eamonn-Kelly-from-Creative-Ireland-the-main-programme-funders-in-2019-1536x864.jpg 1536w, https:\/\/www.creativeireland.gov.ie\/app\/uploads\/2019\/12\/Helene-Hugel-CEOArtistic-Director-Helium-Arts-and-Eamonn-Kelly-from-Creative-Ireland-the-main-programme-funders-in-2019.jpg 1920w\" sizes=\"auto, (max-width: 1024px) 100vw, 1024px\" \/><\/figure>\n\n\n\n<figure class=\"wp-block-image size-large\"><img loading=\"lazy\" decoding=\"async\" width=\"1024\" height=\"683\" src=\"https:\/\/www.creativeireland.gov.ie\/app\/uploads\/2019\/12\/Collaboration-among-participants-at-Heliums-Creative-Health-Hub-workshops-in-Crawford-Art-Gallery-Cork-1024x683.jpg\" alt=\"\" class=\"wp-image-3900\" srcset=\"https:\/\/www.creativeireland.gov.ie\/app\/uploads\/2019\/12\/Collaboration-among-participants-at-Heliums-Creative-Health-Hub-workshops-in-Crawford-Art-Gallery-Cork-1024x683.jpg 1024w, https:\/\/www.creativeireland.gov.ie\/app\/uploads\/2019\/12\/Collaboration-among-participants-at-Heliums-Creative-Health-Hub-workshops-in-Crawford-Art-Gallery-Cork-300x200.jpg 300w, https:\/\/www.creativeireland.gov.ie\/app\/uploads\/2019\/12\/Collaboration-among-participants-at-Heliums-Creative-Health-Hub-workshops-in-Crawford-Art-Gallery-Cork-768x512.jpg 768w, https:\/\/www.creativeireland.gov.ie\/app\/uploads\/2019\/12\/Collaboration-among-participants-at-Heliums-Creative-Health-Hub-workshops-in-Crawford-Art-Gallery-Cork-1536x1024.jpg 1536w, https:\/\/www.creativeireland.gov.ie\/app\/uploads\/2019\/12\/Collaboration-among-participants-at-Heliums-Creative-Health-Hub-workshops-in-Crawford-Art-Gallery-Cork.jpg 2048w\" sizes=\"auto, (max-width: 1024px) 100vw, 1024px\" \/><\/figure>\n","protected":false},"excerpt":{"rendered":"<p>Cuireann Helium deiseanna cruthaitheachta ildiscipl\u00edne ar f\u00e1il do leana\u00ed a bhfuil m\u00edshl\u00e1inte agus m\u00edchumas ar feadh a saoil rompu ar mhaithe lena gcuid riachtanas agus a sl\u00e1inte s\u00edcsh\u00f3isialta. Le c\u00fanamh taca \u00f3&nbsp;\u00c9ire Ild\u00e1nach, t\u00e1 m\u00fanla nua maidir le Mol Sl\u00e1inte Cruthaitheachta tugtha chun cinn ag Helium Arts tr\u00edna gcuirfear a gcuid togra\u00ed cruthaitheachta ildiscipl\u00edne nu\u00e1lacha [&hellip;]<\/p>\n","protected":false},"author":1,"featured_media":3900,"parent":3357,"menu_order":0,"comment_status":"closed","ping_status":"closed","template":"page-basic-content.php","meta":{"footnotes":""},"class_list":["post-3909","page","type-page","status-publish","has-post-thumbnail","hentry"],"acf":[],"yoast_head":"<!-- This site is optimized with the Yoast SEO plugin v25.9 - https:\/\/yoast.com\/wordpress\/plugins\/seo\/ -->\n<title>Mol Sl\u00e1inte Cruthaitheachta Helium Arts - Creative Ireland Programme<\/title>\n<meta name=\"description\" content=\"Cuireann Helium deiseanna cruthaitheachta\nildiscipl\u00edne ar f\u00e1il do leana\u00ed a bhfuil m\u00edshl\u00e1inte agus m\u00edchumas ar feadh a\nsaoil rompu ar mhaithe lena gcuid riachtanas agus a sl\u00e1inte s\u00edcsh\u00f3isialta.\" \/>\n<meta name=\"robots\" content=\"index, follow, max-snippet:-1, max-image-preview:large, max-video-preview:-1\" \/>\n<link rel=\"canonical\" href=\"https:\/\/www.creativeireland.gov.ie\/ga\/comhphairtithe\/mol-slainte-cruthaitheachta-helium-arts\/\" \/>\n<meta property=\"og:locale\" content=\"ga_IE\" \/>\n<meta property=\"og:type\" content=\"article\" \/>\n<meta property=\"og:title\" content=\"Mol Sl\u00e1inte Cruthaitheachta Helium Arts - Creative Ireland Programme\" \/>\n<meta property=\"og:description\" content=\"Cuireann Helium deiseanna cruthaitheachta ildiscipl\u00edne ar f\u00e1il do leana\u00ed a bhfuil m\u00edshl\u00e1inte agus m\u00edchumas ar feadh a saoil rompu ar mhaithe lena gcuid riachtanas agus a sl\u00e1inte s\u00edcsh\u00f3isialta. Le c\u00fanamh taca \u00f3&nbsp;\u00c9ire Ild\u00e1nach, t\u00e1 m\u00fanla nua maidir le Mol Sl\u00e1inte Cruthaitheachta tugtha chun cinn ag Helium Arts tr\u00edna gcuirfear a gcuid togra\u00ed cruthaitheachta ildiscipl\u00edne nu\u00e1lacha [&hellip;]\" \/>\n<meta property=\"og:url\" content=\"https:\/\/www.creativeireland.gov.ie\/ga\/comhphairtithe\/mol-slainte-cruthaitheachta-helium-arts\/\" \/>\n<meta property=\"og:site_name\" content=\"Creative Ireland Programme\" \/>\n<meta property=\"article:publisher\" content=\"https:\/\/www.facebook.com\/CreativeIrl\/\" \/>\n<meta property=\"article:modified_time\" content=\"2019-12-17T15:07:19+00:00\" \/>\n<meta property=\"og:image\" content=\"https:\/\/www.creativeireland.gov.ie\/app\/uploads\/2019\/12\/Collaboration-among-participants-at-Heliums-Creative-Health-Hub-workshops-in-Crawford-Art-Gallery-Cork.jpg\" \/>\n\t<meta property=\"og:image:width\" content=\"2048\" \/>\n\t<meta property=\"og:image:height\" content=\"1365\" \/>\n\t<meta property=\"og:image:type\" content=\"image\/jpeg\" \/>\n<meta name=\"twitter:card\" content=\"summary_large_image\" \/>\n<meta name=\"twitter:site\" content=\"@creativeirl\" \/>\n<meta name=\"twitter:label1\" content=\"Est. reading time\" \/>\n\t<meta name=\"twitter:data1\" content=\"1 minute\" \/>\n<script type=\"application\/ld+json\" class=\"yoast-schema-graph\">{\"@context\":\"https:\/\/schema.org\",\"@graph\":[{\"@type\":\"WebPage\",\"@id\":\"https:\/\/www.creativeireland.gov.ie\/ga\/comhphairtithe\/mol-slainte-cruthaitheachta-helium-arts\/\",\"url\":\"https:\/\/www.creativeireland.gov.ie\/ga\/comhphairtithe\/mol-slainte-cruthaitheachta-helium-arts\/\",\"name\":\"Mol Sl\u00e1inte Cruthaitheachta Helium Arts - Creative Ireland Programme\",\"isPartOf\":{\"@id\":\"https:\/\/www.creativeireland.gov.ie\/ga\/#website\"},\"primaryImageOfPage\":{\"@id\":\"https:\/\/www.creativeireland.gov.ie\/ga\/comhphairtithe\/mol-slainte-cruthaitheachta-helium-arts\/#primaryimage\"},\"image\":{\"@id\":\"https:\/\/www.creativeireland.gov.ie\/ga\/comhphairtithe\/mol-slainte-cruthaitheachta-helium-arts\/#primaryimage\"},\"thumbnailUrl\":\"https:\/\/www.creativeireland.gov.ie\/app\/uploads\/2019\/12\/Collaboration-among-participants-at-Heliums-Creative-Health-Hub-workshops-in-Crawford-Art-Gallery-Cork.jpg\",\"datePublished\":\"2019-12-17T14:49:23+00:00\",\"dateModified\":\"2019-12-17T15:07:19+00:00\",\"breadcrumb\":{\"@id\":\"https:\/\/www.creativeireland.gov.ie\/ga\/comhphairtithe\/mol-slainte-cruthaitheachta-helium-arts\/#breadcrumb\"},\"inLanguage\":\"ga-IE\",\"potentialAction\":[{\"@type\":\"ReadAction\",\"target\":[\"https:\/\/www.creativeireland.gov.ie\/ga\/comhphairtithe\/mol-slainte-cruthaitheachta-helium-arts\/\"]}]},{\"@type\":\"ImageObject\",\"inLanguage\":\"ga-IE\",\"@id\":\"https:\/\/www.creativeireland.gov.ie\/ga\/comhphairtithe\/mol-slainte-cruthaitheachta-helium-arts\/#primaryimage\",\"url\":\"https:\/\/www.creativeireland.gov.ie\/app\/uploads\/2019\/12\/Collaboration-among-participants-at-Heliums-Creative-Health-Hub-workshops-in-Crawford-Art-Gallery-Cork.jpg\",\"contentUrl\":\"https:\/\/www.creativeireland.gov.ie\/app\/uploads\/2019\/12\/Collaboration-among-participants-at-Heliums-Creative-Health-Hub-workshops-in-Crawford-Art-Gallery-Cork.jpg\",\"width\":2048,\"height\":1365,\"caption\":\"Helium's Creative Health Hub, Crawford Art Gallery,Cork\"},{\"@type\":\"BreadcrumbList\",\"@id\":\"https:\/\/www.creativeireland.gov.ie\/ga\/comhphairtithe\/mol-slainte-cruthaitheachta-helium-arts\/#breadcrumb\",\"itemListElement\":[{\"@type\":\"ListItem\",\"position\":1,\"name\":\"Home\",\"item\":\"https:\/\/www.creativeireland.gov.ie\/ga\/\"},{\"@type\":\"ListItem\",\"position\":2,\"name\":\"Comhph\u00e1irt\u00edochta\u00ed\",\"item\":\"https:\/\/www.creativeireland.gov.ie\/ga\/comhphairtithe\/\"},{\"@type\":\"ListItem\",\"position\":3,\"name\":\"Mol Sl\u00e1inte Cruthaitheachta Helium Arts\"}]},{\"@type\":\"WebSite\",\"@id\":\"https:\/\/www.creativeireland.gov.ie\/ga\/#website\",\"url\":\"https:\/\/www.creativeireland.gov.ie\/ga\/\",\"name\":\"Creative Ireland Programme\",\"description\":\"The Creative Ireland Programme is guided by a vision that every person in Ireland will have the opportunity to realise their full creative potential. It is a five year all-of-Government initiative, from 2017 to 2022, to place creativity at the centre of public policy.\",\"potentialAction\":[{\"@type\":\"SearchAction\",\"target\":{\"@type\":\"EntryPoint\",\"urlTemplate\":\"https:\/\/www.creativeireland.gov.ie\/ga\/?s={search_term_string}\"},\"query-input\":{\"@type\":\"PropertyValueSpecification\",\"valueRequired\":true,\"valueName\":\"search_term_string\"}}],\"inLanguage\":\"ga-IE\"}]}<\/script>\n<!-- \/ Yoast SEO plugin. -->","yoast_head_json":{"title":"Mol Sl\u00e1inte Cruthaitheachta Helium Arts - Creative Ireland Programme","description":"Cuireann Helium deiseanna cruthaitheachta\nildiscipl\u00edne ar f\u00e1il do leana\u00ed a bhfuil m\u00edshl\u00e1inte agus m\u00edchumas ar feadh a\nsaoil rompu ar mhaithe lena gcuid riachtanas agus a sl\u00e1inte s\u00edcsh\u00f3isialta.","robots":{"index":"index","follow":"follow","max-snippet":"max-snippet:-1","max-image-preview":"max-image-preview:large","max-video-preview":"max-video-preview:-1"},"canonical":"https:\/\/www.creativeireland.gov.ie\/ga\/comhphairtithe\/mol-slainte-cruthaitheachta-helium-arts\/","og_locale":"ga_IE","og_type":"article","og_title":"Mol Sl\u00e1inte Cruthaitheachta Helium Arts - Creative Ireland Programme","og_description":"Cuireann Helium deiseanna cruthaitheachta ildiscipl\u00edne ar f\u00e1il do leana\u00ed a bhfuil m\u00edshl\u00e1inte agus m\u00edchumas ar feadh a saoil rompu ar mhaithe lena gcuid riachtanas agus a sl\u00e1inte s\u00edcsh\u00f3isialta. Le c\u00fanamh taca \u00f3&nbsp;\u00c9ire Ild\u00e1nach, t\u00e1 m\u00fanla nua maidir le Mol Sl\u00e1inte Cruthaitheachta tugtha chun cinn ag Helium Arts tr\u00edna gcuirfear a gcuid togra\u00ed cruthaitheachta ildiscipl\u00edne nu\u00e1lacha [&hellip;]","og_url":"https:\/\/www.creativeireland.gov.ie\/ga\/comhphairtithe\/mol-slainte-cruthaitheachta-helium-arts\/","og_site_name":"Creative Ireland Programme","article_publisher":"https:\/\/www.facebook.com\/CreativeIrl\/","article_modified_time":"2019-12-17T15:07:19+00:00","og_image":[{"width":2048,"height":1365,"url":"https:\/\/www.creativeireland.gov.ie\/app\/uploads\/2019\/12\/Collaboration-among-participants-at-Heliums-Creative-Health-Hub-workshops-in-Crawford-Art-Gallery-Cork.jpg","type":"image\/jpeg"}],"twitter_card":"summary_large_image","twitter_site":"@creativeirl","twitter_misc":{"Est. reading time":"1 minute"},"schema":{"@context":"https:\/\/schema.org","@graph":[{"@type":"WebPage","@id":"https:\/\/www.creativeireland.gov.ie\/ga\/comhphairtithe\/mol-slainte-cruthaitheachta-helium-arts\/","url":"https:\/\/www.creativeireland.gov.ie\/ga\/comhphairtithe\/mol-slainte-cruthaitheachta-helium-arts\/","name":"Mol Sl\u00e1inte Cruthaitheachta Helium Arts - Creative Ireland Programme","isPartOf":{"@id":"https:\/\/www.creativeireland.gov.ie\/ga\/#website"},"primaryImageOfPage":{"@id":"https:\/\/www.creativeireland.gov.ie\/ga\/comhphairtithe\/mol-slainte-cruthaitheachta-helium-arts\/#primaryimage"},"image":{"@id":"https:\/\/www.creativeireland.gov.ie\/ga\/comhphairtithe\/mol-slainte-cruthaitheachta-helium-arts\/#primaryimage"},"thumbnailUrl":"https:\/\/www.creativeireland.gov.ie\/app\/uploads\/2019\/12\/Collaboration-among-participants-at-Heliums-Creative-Health-Hub-workshops-in-Crawford-Art-Gallery-Cork.jpg","datePublished":"2019-12-17T14:49:23+00:00","dateModified":"2019-12-17T15:07:19+00:00","breadcrumb":{"@id":"https:\/\/www.creativeireland.gov.ie\/ga\/comhphairtithe\/mol-slainte-cruthaitheachta-helium-arts\/#breadcrumb"},"inLanguage":"ga-IE","potentialAction":[{"@type":"ReadAction","target":["https:\/\/www.creativeireland.gov.ie\/ga\/comhphairtithe\/mol-slainte-cruthaitheachta-helium-arts\/"]}]},{"@type":"ImageObject","inLanguage":"ga-IE","@id":"https:\/\/www.creativeireland.gov.ie\/ga\/comhphairtithe\/mol-slainte-cruthaitheachta-helium-arts\/#primaryimage","url":"https:\/\/www.creativeireland.gov.ie\/app\/uploads\/2019\/12\/Collaboration-among-participants-at-Heliums-Creative-Health-Hub-workshops-in-Crawford-Art-Gallery-Cork.jpg","contentUrl":"https:\/\/www.creativeireland.gov.ie\/app\/uploads\/2019\/12\/Collaboration-among-participants-at-Heliums-Creative-Health-Hub-workshops-in-Crawford-Art-Gallery-Cork.jpg","width":2048,"height":1365,"caption":"Helium's Creative Health Hub, Crawford Art Gallery,Cork"},{"@type":"BreadcrumbList","@id":"https:\/\/www.creativeireland.gov.ie\/ga\/comhphairtithe\/mol-slainte-cruthaitheachta-helium-arts\/#breadcrumb","itemListElement":[{"@type":"ListItem","position":1,"name":"Home","item":"https:\/\/www.creativeireland.gov.ie\/ga\/"},{"@type":"ListItem","position":2,"name":"Comhph\u00e1irt\u00edochta\u00ed","item":"https:\/\/www.creativeireland.gov.ie\/ga\/comhphairtithe\/"},{"@type":"ListItem","position":3,"name":"Mol Sl\u00e1inte Cruthaitheachta Helium Arts"}]},{"@type":"WebSite","@id":"https:\/\/www.creativeireland.gov.ie\/ga\/#website","url":"https:\/\/www.creativeireland.gov.ie\/ga\/","name":"Creative Ireland Programme","description":"The Creative Ireland Programme is guided by a vision that every person in Ireland will have the opportunity to realise their full creative potential. It is a five year all-of-Government initiative, from 2017 to 2022, to place creativity at the centre of public policy.","potentialAction":[{"@type":"SearchAction","target":{"@type":"EntryPoint","urlTemplate":"https:\/\/www.creativeireland.gov.ie\/ga\/?s={search_term_string}"},"query-input":{"@type":"PropertyValueSpecification","valueRequired":true,"valueName":"search_term_string"}}],"inLanguage":"ga-IE"}]}},"_links":{"self":[{"href":"https:\/\/www.creativeireland.gov.ie\/ga\/wp-json\/wp\/v2\/pages\/3909","targetHints":{"allow":["GET"]}}],"collection":[{"href":"https:\/\/www.creativeireland.gov.ie\/ga\/wp-json\/wp\/v2\/pages"}],"about":[{"href":"https:\/\/www.creativeireland.gov.ie\/ga\/wp-json\/wp\/v2\/types\/page"}],"author":[{"embeddable":true,"href":"https:\/\/www.creativeireland.gov.ie\/ga\/wp-json\/wp\/v2\/users\/1"}],"replies":[{"embeddable":true,"href":"https:\/\/www.creativeireland.gov.ie\/ga\/wp-json\/wp\/v2\/comments?post=3909"}],"version-history":[{"count":5,"href":"https:\/\/www.creativeireland.gov.ie\/ga\/wp-json\/wp\/v2\/pages\/3909\/revisions"}],"predecessor-version":[{"id":3915,"href":"https:\/\/www.creativeireland.gov.ie\/ga\/wp-json\/wp\/v2\/pages\/3909\/revisions\/3915"}],"up":[{"embeddable":true,"href":"https:\/\/www.creativeireland.gov.ie\/ga\/wp-json\/wp\/v2\/pages\/3357"}],"wp:featuredmedia":[{"embeddable":true,"href":"https:\/\/www.creativeireland.gov.ie\/ga\/wp-json\/wp\/v2\/media\/3900"}],"wp:attachment":[{"href":"https:\/\/www.creativeireland.gov.ie\/ga\/wp-json\/wp\/v2\/media?parent=3909"}],"curies":[{"name":"wp","href":"https:\/\/api.w.org\/{rel}","templated":true}]}}