{"id":3923,"date":"2019-12-17T16:29:03","date_gmt":"2019-12-17T16:29:03","guid":{"rendered":"https:\/\/prod-creativeireland.zestydev.com\/draoicht\/"},"modified":"2020-01-06T15:40:10","modified_gmt":"2020-01-06T15:40:10","slug":"draoicht","status":"publish","type":"page","link":"https:\/\/www.creativeireland.gov.ie\/ga\/comhphairtithe\/draoicht\/","title":{"rendered":"Draoicht"},"content":{"rendered":"\n<p>A chur ar chumas\ndhaoine na t\u00e9ama\u00ed&nbsp;a ch\u00edoradh a bhfuil t\u00e1bhacht leo d\u00f3ibh f\u00e9in at\u00e1 i gceist\nle OUR PLACE, OUR STORIES, chomh maith le haird a thabhairt ar a gcuid\nsaini\u00falachta agus ar a dtaith\u00ed saoil agus an pobal a thuiscint ar bhealach nach\nmbeadh d\u00e9anta acu roimh r\u00e9.<br>\n<br>\nI rith na bliana 2019, choimisi\u00fanaigh Dra\u00edocht,\nle cabhair \u00f3&nbsp;\u00c9ire Ild\u00e1nach, seisear eala\u00edont\u00f3ir\u00ed chun oibri\u00fa in \u00e9ineacht\nle gr\u00fapa\u00ed&nbsp;pobail \u00e1iti\u00fala. <\/p>\n\n\n\n<ul class=\"wp-block-list\"><li>Men\u2019s Shed &amp; Menitation Mhullach Eadrad (Shaun Dunne)<\/li><li>Scoil Dorn\u00e1la\u00edochta Mhullach Eadrad (Megan Kennedy &amp; Jessica Kennedy,\nJunk Ensemble)<\/li><li>Si\u00faracha na Carthanachta, Baile an Bhl\u00e1caigh (Jody O\u2019Neill)<\/li><li>For\u00f3ige (Colm Keegan)<\/li><li>Umunwanyi Olaedo (Comhlachas na mBan i gCumann Igbo) agus D15 Women (FeliSpeaks)<\/li><li>Col\u00e1iste Pobail Bhaile an Hartaigh agus Col\u00e1iste Pobail Setanta (Dylan\nCoburn Gray). <\/li><\/ul>\n\n\n\n<p>Baineann na\ngr\u00fapa\u00ed&nbsp;pobail leis an bpobal \u00f3g il\u00e9ags\u00fail i mBaile Bhlains\u00e9ir.&nbsp; C\u00edoradh na sc\u00e9alta ag na ceardlanna ar\nbhraith gach gr\u00fapa t\u00e1bhacht lena n-insint agus a raibh fonn orthu iad a chur i\nl\u00e1thair. Cotha\u00edodh an inni\u00falacht eala\u00edne tr\u00ed phr\u00f3iseas ina dhiaidh sin ionas\ngur ceapadh na sc\u00e9alta i bhfoirm dr\u00e1ma\u00edochta, i bhfriotal fileata agus i l\u00fath\nna colainne.<br>\n<br>\nCuireadh OUR PLACE OUR STORIES i l\u00e1thair do\nmhuintir Bhaile Bhlains\u00e9ir ar O\u00edche an Chult\u00fair, an 20 Me\u00e1n F\u00f3mhair 2019.&nbsp; Coinn\u00edodh tuairisc ar an bpr\u00f3iseas a bhain le\ngach tionscadal agus is l\u00e9iri\u00fa an saothar sin ar an gcruthaitheacht a cuireadh\nin i\u00fal in aon chomharsanacht amh\u00e1in. <a href=\"https:\/\/www.draiocht.ie\/blog\/entry\/ourplaceourstories_participants_videos\">https:\/\/www.draiocht.ie\/blog\/entry\/ourplaceourstories_participants_videos<\/a><\/p>\n","protected":false},"excerpt":{"rendered":"<p>A chur ar chumas dhaoine na t\u00e9ama\u00ed&nbsp;a ch\u00edoradh a bhfuil t\u00e1bhacht leo d\u00f3ibh f\u00e9in at\u00e1 i gceist le OUR PLACE, OUR STORIES, chomh maith le haird a thabhairt ar a gcuid saini\u00falachta agus ar a dtaith\u00ed saoil agus an pobal a thuiscint ar bhealach nach mbeadh d\u00e9anta acu roimh r\u00e9. I rith na bliana 2019, [&hellip;]<\/p>\n","protected":false},"author":1,"featured_media":3920,"parent":3357,"menu_order":0,"comment_status":"closed","ping_status":"closed","template":"page-basic-content.php","meta":{"footnotes":""},"class_list":["post-3923","page","type-page","status-publish","has-post-thumbnail","hentry"],"acf":[],"yoast_head":"<!-- This site is optimized with the Yoast SEO plugin v25.9 - https:\/\/yoast.com\/wordpress\/plugins\/seo\/ -->\n<title>Draoicht - Creative Ireland Programme<\/title>\n<meta name=\"description\" content=\"A chur ar chumas\ndhaoine na t\u00e9ama\u00ed&nbsp;a ch\u00edoradh a bhfuil t\u00e1bhacht leo d\u00f3ibh f\u00e9in at\u00e1 i gceist\nle OUR PLACE, OUR STORIES, chomh maith le haird a thabhairt ar a gcuid\nsaini\u00falachta agus ar a dtaith\u00ed saoil agus an pobal a thuiscint ar bhealach nach\nmbeadh d\u00e9anta acu roimh r\u00e9.\" \/>\n<meta name=\"robots\" content=\"index, follow, max-snippet:-1, max-image-preview:large, max-video-preview:-1\" \/>\n<link rel=\"canonical\" href=\"https:\/\/www.creativeireland.gov.ie\/ga\/comhphairtithe\/draoicht\/\" \/>\n<meta property=\"og:locale\" content=\"ga_IE\" \/>\n<meta property=\"og:type\" content=\"article\" \/>\n<meta property=\"og:title\" content=\"Draoicht - Creative Ireland Programme\" \/>\n<meta property=\"og:description\" content=\"A chur ar chumas dhaoine na t\u00e9ama\u00ed&nbsp;a ch\u00edoradh a bhfuil t\u00e1bhacht leo d\u00f3ibh f\u00e9in at\u00e1 i gceist le OUR PLACE, OUR STORIES, chomh maith le haird a thabhairt ar a gcuid saini\u00falachta agus ar a dtaith\u00ed saoil agus an pobal a thuiscint ar bhealach nach mbeadh d\u00e9anta acu roimh r\u00e9. I rith na bliana 2019, [&hellip;]\" \/>\n<meta property=\"og:url\" content=\"https:\/\/www.creativeireland.gov.ie\/ga\/comhphairtithe\/draoicht\/\" \/>\n<meta property=\"og:site_name\" content=\"Creative Ireland Programme\" \/>\n<meta property=\"article:publisher\" content=\"https:\/\/www.facebook.com\/CreativeIrl\/\" \/>\n<meta property=\"article:modified_time\" content=\"2020-01-06T15:40:10+00:00\" \/>\n<meta property=\"og:image\" content=\"https:\/\/www.creativeireland.gov.ie\/app\/uploads\/2019\/12\/OPOSImage02_web.jpg\" \/>\n\t<meta property=\"og:image:width\" content=\"2560\" \/>\n\t<meta property=\"og:image:height\" content=\"1686\" \/>\n\t<meta property=\"og:image:type\" content=\"image\/jpeg\" \/>\n<meta name=\"twitter:card\" content=\"summary_large_image\" \/>\n<meta name=\"twitter:site\" content=\"@creativeirl\" \/>\n<meta name=\"twitter:label1\" content=\"Est. reading time\" \/>\n\t<meta name=\"twitter:data1\" content=\"1 minute\" \/>\n<script type=\"application\/ld+json\" class=\"yoast-schema-graph\">{\"@context\":\"https:\/\/schema.org\",\"@graph\":[{\"@type\":\"WebPage\",\"@id\":\"https:\/\/www.creativeireland.gov.ie\/ga\/comhphairtithe\/draoicht\/\",\"url\":\"https:\/\/www.creativeireland.gov.ie\/ga\/comhphairtithe\/draoicht\/\",\"name\":\"Draoicht - Creative Ireland Programme\",\"isPartOf\":{\"@id\":\"https:\/\/www.creativeireland.gov.ie\/ga\/#website\"},\"primaryImageOfPage\":{\"@id\":\"https:\/\/www.creativeireland.gov.ie\/ga\/comhphairtithe\/draoicht\/#primaryimage\"},\"image\":{\"@id\":\"https:\/\/www.creativeireland.gov.ie\/ga\/comhphairtithe\/draoicht\/#primaryimage\"},\"thumbnailUrl\":\"https:\/\/www.creativeireland.gov.ie\/app\/uploads\/2019\/12\/OPOSImage02_web.jpg\",\"datePublished\":\"2019-12-17T16:29:03+00:00\",\"dateModified\":\"2020-01-06T15:40:10+00:00\",\"breadcrumb\":{\"@id\":\"https:\/\/www.creativeireland.gov.ie\/ga\/comhphairtithe\/draoicht\/#breadcrumb\"},\"inLanguage\":\"ga-IE\",\"potentialAction\":[{\"@type\":\"ReadAction\",\"target\":[\"https:\/\/www.creativeireland.gov.ie\/ga\/comhphairtithe\/draoicht\/\"]}]},{\"@type\":\"ImageObject\",\"inLanguage\":\"ga-IE\",\"@id\":\"https:\/\/www.creativeireland.gov.ie\/ga\/comhphairtithe\/draoicht\/#primaryimage\",\"url\":\"https:\/\/www.creativeireland.gov.ie\/app\/uploads\/2019\/12\/OPOSImage02_web.jpg\",\"contentUrl\":\"https:\/\/www.creativeireland.gov.ie\/app\/uploads\/2019\/12\/OPOSImage02_web.jpg\",\"width\":2560,\"height\":1686},{\"@type\":\"BreadcrumbList\",\"@id\":\"https:\/\/www.creativeireland.gov.ie\/ga\/comhphairtithe\/draoicht\/#breadcrumb\",\"itemListElement\":[{\"@type\":\"ListItem\",\"position\":1,\"name\":\"Home\",\"item\":\"https:\/\/www.creativeireland.gov.ie\/ga\/\"},{\"@type\":\"ListItem\",\"position\":2,\"name\":\"Comhph\u00e1irt\u00edochta\u00ed\",\"item\":\"https:\/\/www.creativeireland.gov.ie\/ga\/comhphairtithe\/\"},{\"@type\":\"ListItem\",\"position\":3,\"name\":\"Draoicht\"}]},{\"@type\":\"WebSite\",\"@id\":\"https:\/\/www.creativeireland.gov.ie\/ga\/#website\",\"url\":\"https:\/\/www.creativeireland.gov.ie\/ga\/\",\"name\":\"Creative Ireland Programme\",\"description\":\"The Creative Ireland Programme is guided by a vision that every person in Ireland will have the opportunity to realise their full creative potential. It is a five year all-of-Government initiative, from 2017 to 2022, to place creativity at the centre of public policy.\",\"potentialAction\":[{\"@type\":\"SearchAction\",\"target\":{\"@type\":\"EntryPoint\",\"urlTemplate\":\"https:\/\/www.creativeireland.gov.ie\/ga\/?s={search_term_string}\"},\"query-input\":{\"@type\":\"PropertyValueSpecification\",\"valueRequired\":true,\"valueName\":\"search_term_string\"}}],\"inLanguage\":\"ga-IE\"}]}<\/script>\n<!-- \/ Yoast SEO plugin. -->","yoast_head_json":{"title":"Draoicht - Creative Ireland Programme","description":"A chur ar chumas\ndhaoine na t\u00e9ama\u00ed&nbsp;a ch\u00edoradh a bhfuil t\u00e1bhacht leo d\u00f3ibh f\u00e9in at\u00e1 i gceist\nle OUR PLACE, OUR STORIES, chomh maith le haird a thabhairt ar a gcuid\nsaini\u00falachta agus ar a dtaith\u00ed saoil agus an pobal a thuiscint ar bhealach nach\nmbeadh d\u00e9anta acu roimh r\u00e9.","robots":{"index":"index","follow":"follow","max-snippet":"max-snippet:-1","max-image-preview":"max-image-preview:large","max-video-preview":"max-video-preview:-1"},"canonical":"https:\/\/www.creativeireland.gov.ie\/ga\/comhphairtithe\/draoicht\/","og_locale":"ga_IE","og_type":"article","og_title":"Draoicht - Creative Ireland Programme","og_description":"A chur ar chumas dhaoine na t\u00e9ama\u00ed&nbsp;a ch\u00edoradh a bhfuil t\u00e1bhacht leo d\u00f3ibh f\u00e9in at\u00e1 i gceist le OUR PLACE, OUR STORIES, chomh maith le haird a thabhairt ar a gcuid saini\u00falachta agus ar a dtaith\u00ed saoil agus an pobal a thuiscint ar bhealach nach mbeadh d\u00e9anta acu roimh r\u00e9. I rith na bliana 2019, [&hellip;]","og_url":"https:\/\/www.creativeireland.gov.ie\/ga\/comhphairtithe\/draoicht\/","og_site_name":"Creative Ireland Programme","article_publisher":"https:\/\/www.facebook.com\/CreativeIrl\/","article_modified_time":"2020-01-06T15:40:10+00:00","og_image":[{"width":2560,"height":1686,"url":"https:\/\/www.creativeireland.gov.ie\/app\/uploads\/2019\/12\/OPOSImage02_web.jpg","type":"image\/jpeg"}],"twitter_card":"summary_large_image","twitter_site":"@creativeirl","twitter_misc":{"Est. reading time":"1 minute"},"schema":{"@context":"https:\/\/schema.org","@graph":[{"@type":"WebPage","@id":"https:\/\/www.creativeireland.gov.ie\/ga\/comhphairtithe\/draoicht\/","url":"https:\/\/www.creativeireland.gov.ie\/ga\/comhphairtithe\/draoicht\/","name":"Draoicht - Creative Ireland Programme","isPartOf":{"@id":"https:\/\/www.creativeireland.gov.ie\/ga\/#website"},"primaryImageOfPage":{"@id":"https:\/\/www.creativeireland.gov.ie\/ga\/comhphairtithe\/draoicht\/#primaryimage"},"image":{"@id":"https:\/\/www.creativeireland.gov.ie\/ga\/comhphairtithe\/draoicht\/#primaryimage"},"thumbnailUrl":"https:\/\/www.creativeireland.gov.ie\/app\/uploads\/2019\/12\/OPOSImage02_web.jpg","datePublished":"2019-12-17T16:29:03+00:00","dateModified":"2020-01-06T15:40:10+00:00","breadcrumb":{"@id":"https:\/\/www.creativeireland.gov.ie\/ga\/comhphairtithe\/draoicht\/#breadcrumb"},"inLanguage":"ga-IE","potentialAction":[{"@type":"ReadAction","target":["https:\/\/www.creativeireland.gov.ie\/ga\/comhphairtithe\/draoicht\/"]}]},{"@type":"ImageObject","inLanguage":"ga-IE","@id":"https:\/\/www.creativeireland.gov.ie\/ga\/comhphairtithe\/draoicht\/#primaryimage","url":"https:\/\/www.creativeireland.gov.ie\/app\/uploads\/2019\/12\/OPOSImage02_web.jpg","contentUrl":"https:\/\/www.creativeireland.gov.ie\/app\/uploads\/2019\/12\/OPOSImage02_web.jpg","width":2560,"height":1686},{"@type":"BreadcrumbList","@id":"https:\/\/www.creativeireland.gov.ie\/ga\/comhphairtithe\/draoicht\/#breadcrumb","itemListElement":[{"@type":"ListItem","position":1,"name":"Home","item":"https:\/\/www.creativeireland.gov.ie\/ga\/"},{"@type":"ListItem","position":2,"name":"Comhph\u00e1irt\u00edochta\u00ed","item":"https:\/\/www.creativeireland.gov.ie\/ga\/comhphairtithe\/"},{"@type":"ListItem","position":3,"name":"Draoicht"}]},{"@type":"WebSite","@id":"https:\/\/www.creativeireland.gov.ie\/ga\/#website","url":"https:\/\/www.creativeireland.gov.ie\/ga\/","name":"Creative Ireland Programme","description":"The Creative Ireland Programme is guided by a vision that every person in Ireland will have the opportunity to realise their full creative potential. It is a five year all-of-Government initiative, from 2017 to 2022, to place creativity at the centre of public policy.","potentialAction":[{"@type":"SearchAction","target":{"@type":"EntryPoint","urlTemplate":"https:\/\/www.creativeireland.gov.ie\/ga\/?s={search_term_string}"},"query-input":{"@type":"PropertyValueSpecification","valueRequired":true,"valueName":"search_term_string"}}],"inLanguage":"ga-IE"}]}},"_links":{"self":[{"href":"https:\/\/www.creativeireland.gov.ie\/ga\/wp-json\/wp\/v2\/pages\/3923","targetHints":{"allow":["GET"]}}],"collection":[{"href":"https:\/\/www.creativeireland.gov.ie\/ga\/wp-json\/wp\/v2\/pages"}],"about":[{"href":"https:\/\/www.creativeireland.gov.ie\/ga\/wp-json\/wp\/v2\/types\/page"}],"author":[{"embeddable":true,"href":"https:\/\/www.creativeireland.gov.ie\/ga\/wp-json\/wp\/v2\/users\/1"}],"replies":[{"embeddable":true,"href":"https:\/\/www.creativeireland.gov.ie\/ga\/wp-json\/wp\/v2\/comments?post=3923"}],"version-history":[{"count":2,"href":"https:\/\/www.creativeireland.gov.ie\/ga\/wp-json\/wp\/v2\/pages\/3923\/revisions"}],"predecessor-version":[{"id":3925,"href":"https:\/\/www.creativeireland.gov.ie\/ga\/wp-json\/wp\/v2\/pages\/3923\/revisions\/3925"}],"up":[{"embeddable":true,"href":"https:\/\/www.creativeireland.gov.ie\/ga\/wp-json\/wp\/v2\/pages\/3357"}],"wp:featuredmedia":[{"embeddable":true,"href":"https:\/\/www.creativeireland.gov.ie\/ga\/wp-json\/wp\/v2\/media\/3920"}],"wp:attachment":[{"href":"https:\/\/www.creativeireland.gov.ie\/ga\/wp-json\/wp\/v2\/media?parent=3923"}],"curies":[{"name":"wp","href":"https:\/\/api.w.org\/{rel}","templated":true}]}}