{"id":5051,"date":"2020-01-06T09:06:49","date_gmt":"2020-01-06T09:06:49","guid":{"rendered":"https:\/\/prod-creativeireland.zestydev.com\/comhphairtithe\/civic-theatre-tenderfoot\/"},"modified":"2020-01-06T15:31:08","modified_gmt":"2020-01-06T15:31:08","slug":"civic-theatre-tenderfoot","status":"publish","type":"page","link":"https:\/\/www.creativeireland.gov.ie\/ga\/comhphairtithe\/civic-theatre-tenderfoot\/","title":{"rendered":"Civic Theatre Tenderfoot"},"content":{"rendered":"\n<p><em>\u201cRinne m\u00e9 rud\nn\u00e1r sh\u00edl m\u00e9 a bheith ionam a dh\u00e9anamh. Is iontach na daoine a bh\u00ed ann. T\u00e1 cuid\nmh\u00f3r cairde nua agam d\u00e1 bharr. N\u00ed raibh m\u00e9 ag iarraidh go dtiocfadh deireadh\nleis ar chor ar bith&#8221;. <\/em>\u00d3g\u00e1nach a bh\u00ed\np\u00e1irteach sa chl\u00e1r Tenderfoot<em><\/em><\/p>\n\n\n\n<p>Cl\u00e1r print\u00edseachta san\namharclanna\u00edocht, a bhfuil gradam bronnta ar Civic Theatre mar gheall air, at\u00e1\nin Tenderfoot, agus \u00e9 \u00e1 rith do dhalta\u00ed na hidirbhliana i ndeisceart Chontae\nBhaile \u00c1tha Cliath. Meon na print\u00edseachta at\u00e1 le Tenderfoot agus foghlaim\u00edonn\n&#8216;lucht na gcos \u00e9adrom&#8217; faoin amharclanna\u00edocht tr\u00ed oibri\u00fa i mbun na\nhamharclanna\u00edochta iad f\u00e9in. Mar chuid den chl\u00e1r oibre, cuireann na h\u00f3g\u00e1naigh\neolas ar ghn\u00e9ithe uile na hamharclanna\u00edochta \u2013 scr\u00edbhneoireacht, dearadh seite,\nscann\u00e1na\u00edocht don amharclanna\u00edocht, ceol agus dearadh fuaime, dearadh cultacha,\nbainist\u00edocht st\u00e1itse agus aisteoireacht \u2013 faoi sti\u00fair dhaoine at\u00e1 i mbun ghairm\nna hamharclanna\u00edochta faoi l\u00e1thair. Dr\u00e1mad\u00f3ir\u00ed&nbsp;15\/16 bliana d&#8217;aois a\nscr\u00edobhann na bundr\u00e1ma\u00ed nua ar fad a chuirtear ar st\u00e1itse mar chuid den chl\u00e1r\noibre agus tugann sin l\u00e9argas saini\u00fail ar shaol na ndaoine \u00f3ga agus iad ag cur\na dtaith\u00ed f\u00e9in ar an saol d\u00e1ir\u00edre i l\u00e1thair.<\/p>\n\n\n\n<p>Cor nua san obair, a bhfuil c\u00fanamh taca \u00e1 thabhairt ina leith faoin gcl\u00e1r \u00c9ire Ild\u00e1nach, is ea an togra taighde, <em>IMPACT \u2013 TENDERFOOT Going Forward, <\/em>lenar tiomsa\u00edodh l\u00f3n eolais a fh\u00e1gfaidh gur f\u00e9idir an cl\u00e1r suntasach seo tr\u00edna gcotha\u00edtear an acmhainn chult\u00fair sna daoine \u00f3ga a leathn\u00fa amach go dtugtar gach uile scoil i ndeisceart Chontae Bhaile \u00c1tha Cliath faoina sc\u00e1th.  Cuireadh na tortha\u00ed taighde i l\u00e1thair ag f\u00f3ram poibl\u00ed sa Civic Theatre, Tamhlacht i m\u00ed Me\u00e1n F\u00f3mhair 2019, ag ar c\u00edoradh a bhfuil \u00e1 chur ar f\u00e1il do lucht f\u00e9achana na ndaoine \u00f3ga f\u00e1sta den amharclanna\u00edocht ghairmi\u00fail ar na leibh\u00e9il \u00e9ags\u00fala ar fad, spreagadh sp\u00e9ise, rannph\u00e1irt\u00edocht agus an taibhr\u00e9im san \u00e1ireamh.  <\/p>\n\n\n\n<p><a href=\"https:\/\/www.civictheatre.ie\/about-us\/what-we-do\/tenderfoot\/\" target=\"_blank\" rel=\"noreferrer noopener\" aria-label=\"https:\/\/www.civictheatre.ie\/about-us\/what-we-do\/tenderfoot\/ (opens in a new tab)\">https:\/\/www.civictheatre.ie\/about-us\/what-we-do\/tenderfoot\/<\/a> <\/p>\n","protected":false},"excerpt":{"rendered":"<p>\u201cRinne m\u00e9 rud n\u00e1r sh\u00edl m\u00e9 a bheith ionam a dh\u00e9anamh. Is iontach na daoine a bh\u00ed ann. T\u00e1 cuid mh\u00f3r cairde nua agam d\u00e1 bharr. N\u00ed raibh m\u00e9 ag iarraidh go dtiocfadh deireadh leis ar chor ar bith&#8221;. \u00d3g\u00e1nach a bh\u00ed p\u00e1irteach sa chl\u00e1r Tenderfoot Cl\u00e1r print\u00edseachta san amharclanna\u00edocht, a bhfuil gradam bronnta ar [&hellip;]<\/p>\n","protected":false},"author":1,"featured_media":5043,"parent":3357,"menu_order":0,"comment_status":"closed","ping_status":"closed","template":"page-basic-content.php","meta":{"footnotes":""},"class_list":["post-5051","page","type-page","status-publish","has-post-thumbnail","hentry"],"acf":[],"yoast_head":"<!-- This site is optimized with the Yoast SEO plugin v25.9 - https:\/\/yoast.com\/wordpress\/plugins\/seo\/ -->\n<title>Civic Theatre Tenderfoot - Creative Ireland Programme<\/title>\n<meta name=\"description\" content=\"\u201cRinne m\u00e9 rud\nn\u00e1r sh\u00edl m\u00e9 a bheith ionam a dh\u00e9anamh.\" \/>\n<meta name=\"robots\" content=\"index, follow, max-snippet:-1, max-image-preview:large, max-video-preview:-1\" \/>\n<link rel=\"canonical\" href=\"https:\/\/www.creativeireland.gov.ie\/ga\/comhphairtithe\/civic-theatre-tenderfoot\/\" \/>\n<meta property=\"og:locale\" content=\"ga_IE\" \/>\n<meta property=\"og:type\" content=\"article\" \/>\n<meta property=\"og:title\" content=\"Civic Theatre Tenderfoot - Creative Ireland Programme\" \/>\n<meta property=\"og:description\" content=\"\u201cRinne m\u00e9 rud n\u00e1r sh\u00edl m\u00e9 a bheith ionam a dh\u00e9anamh. Is iontach na daoine a bh\u00ed ann. T\u00e1 cuid mh\u00f3r cairde nua agam d\u00e1 bharr. N\u00ed raibh m\u00e9 ag iarraidh go dtiocfadh deireadh leis ar chor ar bith&#8221;. \u00d3g\u00e1nach a bh\u00ed p\u00e1irteach sa chl\u00e1r Tenderfoot Cl\u00e1r print\u00edseachta san amharclanna\u00edocht, a bhfuil gradam bronnta ar [&hellip;]\" \/>\n<meta property=\"og:url\" content=\"https:\/\/www.creativeireland.gov.ie\/ga\/comhphairtithe\/civic-theatre-tenderfoot\/\" \/>\n<meta property=\"og:site_name\" content=\"Creative Ireland Programme\" \/>\n<meta property=\"article:publisher\" content=\"https:\/\/www.facebook.com\/CreativeIrl\/\" \/>\n<meta property=\"article:modified_time\" content=\"2020-01-06T15:31:08+00:00\" \/>\n<meta property=\"og:image\" content=\"https:\/\/www.creativeireland.gov.ie\/app\/uploads\/2020\/01\/Tenderfoot.jpg\" \/>\n\t<meta property=\"og:image:width\" content=\"1280\" \/>\n\t<meta property=\"og:image:height\" content=\"720\" \/>\n\t<meta property=\"og:image:type\" content=\"image\/jpeg\" \/>\n<meta name=\"twitter:card\" content=\"summary_large_image\" \/>\n<meta name=\"twitter:site\" content=\"@creativeirl\" \/>\n<meta name=\"twitter:label1\" content=\"Est. reading time\" \/>\n\t<meta name=\"twitter:data1\" content=\"2 minutes\" \/>\n<script type=\"application\/ld+json\" class=\"yoast-schema-graph\">{\"@context\":\"https:\/\/schema.org\",\"@graph\":[{\"@type\":\"WebPage\",\"@id\":\"https:\/\/www.creativeireland.gov.ie\/ga\/comhphairtithe\/civic-theatre-tenderfoot\/\",\"url\":\"https:\/\/www.creativeireland.gov.ie\/ga\/comhphairtithe\/civic-theatre-tenderfoot\/\",\"name\":\"Civic Theatre Tenderfoot - Creative Ireland Programme\",\"isPartOf\":{\"@id\":\"https:\/\/www.creativeireland.gov.ie\/ga\/#website\"},\"primaryImageOfPage\":{\"@id\":\"https:\/\/www.creativeireland.gov.ie\/ga\/comhphairtithe\/civic-theatre-tenderfoot\/#primaryimage\"},\"image\":{\"@id\":\"https:\/\/www.creativeireland.gov.ie\/ga\/comhphairtithe\/civic-theatre-tenderfoot\/#primaryimage\"},\"thumbnailUrl\":\"https:\/\/www.creativeireland.gov.ie\/app\/uploads\/2020\/01\/Tenderfoot.jpg\",\"datePublished\":\"2020-01-06T09:06:49+00:00\",\"dateModified\":\"2020-01-06T15:31:08+00:00\",\"breadcrumb\":{\"@id\":\"https:\/\/www.creativeireland.gov.ie\/ga\/comhphairtithe\/civic-theatre-tenderfoot\/#breadcrumb\"},\"inLanguage\":\"ga-IE\",\"potentialAction\":[{\"@type\":\"ReadAction\",\"target\":[\"https:\/\/www.creativeireland.gov.ie\/ga\/comhphairtithe\/civic-theatre-tenderfoot\/\"]}]},{\"@type\":\"ImageObject\",\"inLanguage\":\"ga-IE\",\"@id\":\"https:\/\/www.creativeireland.gov.ie\/ga\/comhphairtithe\/civic-theatre-tenderfoot\/#primaryimage\",\"url\":\"https:\/\/www.creativeireland.gov.ie\/app\/uploads\/2020\/01\/Tenderfoot.jpg\",\"contentUrl\":\"https:\/\/www.creativeireland.gov.ie\/app\/uploads\/2020\/01\/Tenderfoot.jpg\",\"width\":1280,\"height\":720},{\"@type\":\"BreadcrumbList\",\"@id\":\"https:\/\/www.creativeireland.gov.ie\/ga\/comhphairtithe\/civic-theatre-tenderfoot\/#breadcrumb\",\"itemListElement\":[{\"@type\":\"ListItem\",\"position\":1,\"name\":\"Home\",\"item\":\"https:\/\/www.creativeireland.gov.ie\/ga\/\"},{\"@type\":\"ListItem\",\"position\":2,\"name\":\"Comhph\u00e1irt\u00edochta\u00ed\",\"item\":\"https:\/\/www.creativeireland.gov.ie\/ga\/comhphairtithe\/\"},{\"@type\":\"ListItem\",\"position\":3,\"name\":\"Civic Theatre Tenderfoot\"}]},{\"@type\":\"WebSite\",\"@id\":\"https:\/\/www.creativeireland.gov.ie\/ga\/#website\",\"url\":\"https:\/\/www.creativeireland.gov.ie\/ga\/\",\"name\":\"Creative Ireland Programme\",\"description\":\"The Creative Ireland Programme is guided by a vision that every person in Ireland will have the opportunity to realise their full creative potential. It is a five year all-of-Government initiative, from 2017 to 2022, to place creativity at the centre of public policy.\",\"potentialAction\":[{\"@type\":\"SearchAction\",\"target\":{\"@type\":\"EntryPoint\",\"urlTemplate\":\"https:\/\/www.creativeireland.gov.ie\/ga\/?s={search_term_string}\"},\"query-input\":{\"@type\":\"PropertyValueSpecification\",\"valueRequired\":true,\"valueName\":\"search_term_string\"}}],\"inLanguage\":\"ga-IE\"}]}<\/script>\n<!-- \/ Yoast SEO plugin. -->","yoast_head_json":{"title":"Civic Theatre Tenderfoot - Creative Ireland Programme","description":"\u201cRinne m\u00e9 rud\nn\u00e1r sh\u00edl m\u00e9 a bheith ionam a dh\u00e9anamh.","robots":{"index":"index","follow":"follow","max-snippet":"max-snippet:-1","max-image-preview":"max-image-preview:large","max-video-preview":"max-video-preview:-1"},"canonical":"https:\/\/www.creativeireland.gov.ie\/ga\/comhphairtithe\/civic-theatre-tenderfoot\/","og_locale":"ga_IE","og_type":"article","og_title":"Civic Theatre Tenderfoot - Creative Ireland Programme","og_description":"\u201cRinne m\u00e9 rud n\u00e1r sh\u00edl m\u00e9 a bheith ionam a dh\u00e9anamh. Is iontach na daoine a bh\u00ed ann. T\u00e1 cuid mh\u00f3r cairde nua agam d\u00e1 bharr. N\u00ed raibh m\u00e9 ag iarraidh go dtiocfadh deireadh leis ar chor ar bith&#8221;. \u00d3g\u00e1nach a bh\u00ed p\u00e1irteach sa chl\u00e1r Tenderfoot Cl\u00e1r print\u00edseachta san amharclanna\u00edocht, a bhfuil gradam bronnta ar [&hellip;]","og_url":"https:\/\/www.creativeireland.gov.ie\/ga\/comhphairtithe\/civic-theatre-tenderfoot\/","og_site_name":"Creative Ireland Programme","article_publisher":"https:\/\/www.facebook.com\/CreativeIrl\/","article_modified_time":"2020-01-06T15:31:08+00:00","og_image":[{"width":1280,"height":720,"url":"https:\/\/www.creativeireland.gov.ie\/app\/uploads\/2020\/01\/Tenderfoot.jpg","type":"image\/jpeg"}],"twitter_card":"summary_large_image","twitter_site":"@creativeirl","twitter_misc":{"Est. reading time":"2 minutes"},"schema":{"@context":"https:\/\/schema.org","@graph":[{"@type":"WebPage","@id":"https:\/\/www.creativeireland.gov.ie\/ga\/comhphairtithe\/civic-theatre-tenderfoot\/","url":"https:\/\/www.creativeireland.gov.ie\/ga\/comhphairtithe\/civic-theatre-tenderfoot\/","name":"Civic Theatre Tenderfoot - Creative Ireland Programme","isPartOf":{"@id":"https:\/\/www.creativeireland.gov.ie\/ga\/#website"},"primaryImageOfPage":{"@id":"https:\/\/www.creativeireland.gov.ie\/ga\/comhphairtithe\/civic-theatre-tenderfoot\/#primaryimage"},"image":{"@id":"https:\/\/www.creativeireland.gov.ie\/ga\/comhphairtithe\/civic-theatre-tenderfoot\/#primaryimage"},"thumbnailUrl":"https:\/\/www.creativeireland.gov.ie\/app\/uploads\/2020\/01\/Tenderfoot.jpg","datePublished":"2020-01-06T09:06:49+00:00","dateModified":"2020-01-06T15:31:08+00:00","breadcrumb":{"@id":"https:\/\/www.creativeireland.gov.ie\/ga\/comhphairtithe\/civic-theatre-tenderfoot\/#breadcrumb"},"inLanguage":"ga-IE","potentialAction":[{"@type":"ReadAction","target":["https:\/\/www.creativeireland.gov.ie\/ga\/comhphairtithe\/civic-theatre-tenderfoot\/"]}]},{"@type":"ImageObject","inLanguage":"ga-IE","@id":"https:\/\/www.creativeireland.gov.ie\/ga\/comhphairtithe\/civic-theatre-tenderfoot\/#primaryimage","url":"https:\/\/www.creativeireland.gov.ie\/app\/uploads\/2020\/01\/Tenderfoot.jpg","contentUrl":"https:\/\/www.creativeireland.gov.ie\/app\/uploads\/2020\/01\/Tenderfoot.jpg","width":1280,"height":720},{"@type":"BreadcrumbList","@id":"https:\/\/www.creativeireland.gov.ie\/ga\/comhphairtithe\/civic-theatre-tenderfoot\/#breadcrumb","itemListElement":[{"@type":"ListItem","position":1,"name":"Home","item":"https:\/\/www.creativeireland.gov.ie\/ga\/"},{"@type":"ListItem","position":2,"name":"Comhph\u00e1irt\u00edochta\u00ed","item":"https:\/\/www.creativeireland.gov.ie\/ga\/comhphairtithe\/"},{"@type":"ListItem","position":3,"name":"Civic Theatre Tenderfoot"}]},{"@type":"WebSite","@id":"https:\/\/www.creativeireland.gov.ie\/ga\/#website","url":"https:\/\/www.creativeireland.gov.ie\/ga\/","name":"Creative Ireland Programme","description":"The Creative Ireland Programme is guided by a vision that every person in Ireland will have the opportunity to realise their full creative potential. It is a five year all-of-Government initiative, from 2017 to 2022, to place creativity at the centre of public policy.","potentialAction":[{"@type":"SearchAction","target":{"@type":"EntryPoint","urlTemplate":"https:\/\/www.creativeireland.gov.ie\/ga\/?s={search_term_string}"},"query-input":{"@type":"PropertyValueSpecification","valueRequired":true,"valueName":"search_term_string"}}],"inLanguage":"ga-IE"}]}},"_links":{"self":[{"href":"https:\/\/www.creativeireland.gov.ie\/ga\/wp-json\/wp\/v2\/pages\/5051","targetHints":{"allow":["GET"]}}],"collection":[{"href":"https:\/\/www.creativeireland.gov.ie\/ga\/wp-json\/wp\/v2\/pages"}],"about":[{"href":"https:\/\/www.creativeireland.gov.ie\/ga\/wp-json\/wp\/v2\/types\/page"}],"author":[{"embeddable":true,"href":"https:\/\/www.creativeireland.gov.ie\/ga\/wp-json\/wp\/v2\/users\/1"}],"replies":[{"embeddable":true,"href":"https:\/\/www.creativeireland.gov.ie\/ga\/wp-json\/wp\/v2\/comments?post=5051"}],"version-history":[{"count":2,"href":"https:\/\/www.creativeireland.gov.ie\/ga\/wp-json\/wp\/v2\/pages\/5051\/revisions"}],"predecessor-version":[{"id":5054,"href":"https:\/\/www.creativeireland.gov.ie\/ga\/wp-json\/wp\/v2\/pages\/5051\/revisions\/5054"}],"up":[{"embeddable":true,"href":"https:\/\/www.creativeireland.gov.ie\/ga\/wp-json\/wp\/v2\/pages\/3357"}],"wp:featuredmedia":[{"embeddable":true,"href":"https:\/\/www.creativeireland.gov.ie\/ga\/wp-json\/wp\/v2\/media\/5043"}],"wp:attachment":[{"href":"https:\/\/www.creativeireland.gov.ie\/ga\/wp-json\/wp\/v2\/media?parent=5051"}],"curies":[{"name":"wp","href":"https:\/\/api.w.org\/{rel}","templated":true}]}}