{"id":5065,"date":"2020-01-06T09:25:00","date_gmt":"2020-01-06T09:25:00","guid":{"rendered":"https:\/\/prod-creativeireland.zestydev.com\/comhphairtithe\/chester-beatty\/"},"modified":"2021-02-04T12:01:02","modified_gmt":"2021-02-04T12:01:02","slug":"chester-beatty","status":"publish","type":"page","link":"https:\/\/www.creativeireland.gov.ie\/ga\/oige-ildanach\/chester-beatty\/","title":{"rendered":"Chester Beatty"},"content":{"rendered":"\n<p><strong>An ch\u00e9ad chl\u00e1r scoile in \u00c9irinn maidir le hIarsmalann\nIdirchult\u00fartha <\/strong><\/p>\n\n\n\n<p>Is \u00ed Leabharlann agus Iarsmalann Chester Beatty an\nt-iarsmalann is m\u00f3 a chuireann meas agus tuiscint ar chult\u00fair an domhain chun\ncinn in \u00c9irinn leis an mbaili\u00fach\u00e1n iontach de l\u00e1mhscr\u00edbhinn\u00ed, de leabhair agus\nde sheoda eile as an Eoraip, \u00f3n Me\u00e1n-Oirthear, as Tuaisceart na hAfraice agus\nas an \u00c1ise.&nbsp; Is \u00e9 teist Lonely Planet: \u2018<em>not\njust the best museum in Ireland but one of the best in Europe\u2019<\/em>. <\/p>\n\n\n\n<p>Is gn\u00e9 phr\u00edomhth\u00e1bhachtach de\nmhisean na leabharlainne an caidreamh agus an fhoghlaim idirchult\u00fartha agus\ncotha\u00edtear caidreamh le pobal na gcult\u00far a bhfuil iarsma\u00ed d\u00e1 gcuid ar f\u00e1il sa\nbhaili\u00fach\u00e1n.<\/p>\n\n\n\n<p>T\u00e1 c\u00fanamh taca \u00e1 thabhairt ag \u00c9ire\nIld\u00e1nach, i gcomhar le Coimisi\u00fan na h\u00c9ireann um Chearta an Duine agus\nComhionannas, maidir le tionscadal 18 m\u00ed chun taighde a dh\u00e9anamh ar an gc\u00e9ad\nChl\u00e1r Iarsmalainne Idirchult\u00fartha do scoileanna, ar a fhorbairt agus a\nthabhairt chun cinn (2018-2020). Thug Leabharlann Chester Beatty cuireadh do\nChol\u00e1iste Mhuire gan Sm\u00e1l, Luimneach, d&#8217;Ollscoil Mh\u00e1 Nuad, don tSeirbh\u00eds\nOideachais Idirchult\u00fartha (\u00dadar\u00e1s Oideachais Thuaisceart \u00c9ireann) agus don\nChomhairleoireacht Oideachais Heritec sa R\u00edocht Aontaithe oibri\u00fa&nbsp;i bp\u00e1irt\nl\u00e9i maidir leis an gcl\u00e1r a chur le ch\u00e9ile.<\/p>\n\n\n\n<p>Leagadh amach turais nua scoile ar\nmhaithe le fiosr\u00fa agus tuiscint a choth\u00fa agus t\u00e9ama\u00ed t\u00e1bhachtacha in \u00fas\u00e1id a\neascra\u00edonn as baili\u00fach\u00e1in iontacha Leabharlann Chester Beatty.&nbsp;\nRinneadh t\u00e1st\u00e1il ar na turais le Scoil N\u00e1isi\u00fanta Pobail na\nLeithcheathr\u00fan, Co. Ros Com\u00e1in, SNP Fhochairde, SNP Scoil Chormaic, Baile\nBrig\u00edn, SNP Iarthar na Catharach agus Theach Sagard agus SNP Chill Dh\u00e9agl\u00e1in.<\/p>\n\n\n\n<p>Cuireadh oili\u00faint i strait\u00e9is\u00ed\nsmaointeoireachta don ts\u00fail agus san fhoghlaim bunaithe ar earra\u00ed ar na\ntreoraithe agus ar an lucht freastail. Rinneadh c\u00farsa a leagan amach agus a\nchur ar f\u00e1il maidir le forbairt ghairmi\u00fail lean\u00fanach ar mh\u00fainteoir\u00ed agus\neagra\u00edodh dh\u00e1 sheisi\u00fan oili\u00fana i dTuaisceart \u00c9ireann agus i Leabharlann Chester Beatty mar chuid den\ntionscadal f\u00e9in.<\/p>\n\n\n\n<p>Seoladh cl\u00e1r na scoileanna i m\u00ed M\u00e1rta 2020.<\/p>\n\n\n\n<p>&#8211;&nbsp;&nbsp;&nbsp;&nbsp;&nbsp;&nbsp;&nbsp;&nbsp;&nbsp;Is f\u00e9idir le m\u00fainteoir\u00ed agus le\ndalta\u00ed&nbsp;acmhainn\u00ed foghlama ar l\u00edne a thap\u00fa a chuideoidh leo tuiscint a\nfh\u00e1il ar \u00e1bhar na mbaili\u00fach\u00e1n agus cur le r\u00e9ims\u00ed&nbsp;\u00e1bhair a bh\u00edonn ar bun ar\nscoil acu, mar shampla, eala\u00edn, stair agus reiligi\u00fain an domhain. <\/p>\n\n\n\n<p>&#8211;&nbsp;&nbsp;&nbsp;&nbsp;&nbsp;&nbsp;&nbsp;&nbsp;&nbsp; Beidh cuairt ar na baili\u00fach\u00e1in mar\nchuid de thuras scoile ar f\u00e1il, saor \u00f3 th\u00e1ille, ar laethanta faoi leith den\ntseachtain scola\u00edochta.<\/p>\n\n\n\n<p>&#8211;&nbsp;&nbsp;&nbsp;&nbsp;&nbsp;&nbsp;&nbsp;&nbsp;&nbsp; Cuirfear sl\u00ed na d\u00e1nlainne ar f\u00e1il ar an idirl\u00edon chomh maith le teacht a bheith ar l\u00edne ar \u00e1bhar bhaili\u00fach\u00e1in na hiarsmalainne <a href=\"https:\/\/chesterbeatty.ie\/explore\/places\/\" target=\"_blank\" rel=\"noreferrer noopener\" aria-label=\" (opens in a new tab)\">https:\/\/chesterbeatty.ie\/explore\/places\/<\/a><\/p>\n\n\n\n<p>&#8211;&nbsp;&nbsp;&nbsp;&nbsp;&nbsp;&nbsp;&nbsp;&nbsp;&nbsp; Oibreoidh Leabharlann agus\nIarsmalanna Chester Beatty leis an gcl\u00e1r Oideachas Reiligi\u00fanda don tSraith\nSh\u00f3searach agus t\u00e1 r\u00fan c\u00farsa\u00ed&nbsp;breise san fhorbairt ghairmi\u00fail lean\u00fanach a\nchur ar f\u00e1il san am at\u00e1 romhainn<\/p>\n\n\n\n<p> Chun tuilleadh eolais a fh\u00e1il faoin tionscadal seo, <a href=\"https:\/\/www.creativeireland.gov.ie\/app\/uploads\/2021\/02\/Chester_Beatty_RD_Intercultural_Schools_Project_Report.pdf\">clice\u00e1il anseo le do thoil<\/a>.<\/p>\n\n\n\n<p>T\u00e1 tuilleadh eolais ar f\u00e1il \u00f3 <a href=\"https:\/\/chesterbeatty.ie\/contact\/\">https:\/\/chesterbeatty.ie\/contact\/<\/a><\/p>\n\n\n\n<p>F\u00e9ach <a href=\"https:\/\/chesterbeatty.ie\/learning\/\" target=\"_blank\" rel=\"noreferrer noopener\" aria-label=\" (opens in a new tab)\">https:\/\/chesterbeatty.ie\/learning\/<\/a> maidir le hacmhainn\u00ed agus eolas breise.<\/p>\n\n\n\n<p>\u00a9Iontaobhaithe\nChester Beatty<\/p>\n\n\n\n<figure class=\"wp-block-image size-large\"><img loading=\"lazy\" decoding=\"async\" width=\"1024\" height=\"681\" src=\"https:\/\/www.creativeireland.gov.ie\/app\/uploads\/2020\/01\/School_Tour__03-1024x681.jpg\" alt=\"\" class=\"wp-image-5057\" srcset=\"https:\/\/www.creativeireland.gov.ie\/app\/uploads\/2020\/01\/School_Tour__03-1024x681.jpg 1024w, https:\/\/www.creativeireland.gov.ie\/app\/uploads\/2020\/01\/School_Tour__03-300x199.jpg 300w, https:\/\/www.creativeireland.gov.ie\/app\/uploads\/2020\/01\/School_Tour__03-768x511.jpg 768w, https:\/\/www.creativeireland.gov.ie\/app\/uploads\/2020\/01\/School_Tour__03.jpg 1280w\" sizes=\"auto, (max-width: 1024px) 100vw, 1024px\" \/><\/figure>\n\n\n\n<figure class=\"wp-block-image size-large\"><img loading=\"lazy\" decoding=\"async\" width=\"1024\" height=\"681\" src=\"https:\/\/www.creativeireland.gov.ie\/app\/uploads\/2020\/01\/School_Tour__05-1024x681.jpg\" alt=\"\" class=\"wp-image-5059\" srcset=\"https:\/\/www.creativeireland.gov.ie\/app\/uploads\/2020\/01\/School_Tour__05-1024x681.jpg 1024w, https:\/\/www.creativeireland.gov.ie\/app\/uploads\/2020\/01\/School_Tour__05-300x199.jpg 300w, https:\/\/www.creativeireland.gov.ie\/app\/uploads\/2020\/01\/School_Tour__05-768x511.jpg 768w, https:\/\/www.creativeireland.gov.ie\/app\/uploads\/2020\/01\/School_Tour__05.jpg 1280w\" sizes=\"auto, (max-width: 1024px) 100vw, 1024px\" \/><\/figure>\n\n\n\n<figure class=\"wp-block-image size-large\"><img loading=\"lazy\" decoding=\"async\" width=\"376\" height=\"198\" src=\"https:\/\/www.creativeireland.gov.ie\/app\/uploads\/2020\/01\/CB_Stacked_3395.jpg\" alt=\"\" class=\"wp-image-5061\" srcset=\"https:\/\/www.creativeireland.gov.ie\/app\/uploads\/2020\/01\/CB_Stacked_3395.jpg 376w, https:\/\/www.creativeireland.gov.ie\/app\/uploads\/2020\/01\/CB_Stacked_3395-300x158.jpg 300w\" sizes=\"auto, (max-width: 376px) 100vw, 376px\" \/><\/figure>\n","protected":false},"excerpt":{"rendered":"<p>An ch\u00e9ad chl\u00e1r scoile in \u00c9irinn maidir le hIarsmalann Idirchult\u00fartha Is \u00ed Leabharlann agus Iarsmalann Chester Beatty an t-iarsmalann is m\u00f3 a chuireann meas agus tuiscint ar chult\u00fair an domhain chun cinn in \u00c9irinn leis an mbaili\u00fach\u00e1n iontach de l\u00e1mhscr\u00edbhinn\u00ed, de leabhair agus de sheoda eile as an Eoraip, \u00f3n Me\u00e1n-Oirthear, as Tuaisceart na hAfraice [&hellip;]<\/p>\n","protected":false},"author":1,"featured_media":5060,"parent":3560,"menu_order":0,"comment_status":"closed","ping_status":"closed","template":"page-basic-content.php","meta":{"footnotes":""},"class_list":["post-5065","page","type-page","status-publish","has-post-thumbnail","hentry"],"acf":[],"yoast_head":"<!-- This site is optimized with the Yoast SEO plugin v25.9 - https:\/\/yoast.com\/wordpress\/plugins\/seo\/ -->\n<title>Chester Beatty - Creative Ireland Programme<\/title>\n<meta name=\"description\" content=\"An ch\u00e9ad chl\u00e1r scoile in \u00c9irinn maidir le hIarsmalann\nIdirchult\u00fartha \n\n\n\nIs \u00ed Leabharlann agus Iarsmalann Chester Beatty an\nt-iarsmalann is m\u00f3 a chuireann meas agus tuiscint ar chult\u00fair an domhain chun\ncinn in \u00c9irinn leis an mbaili\u00fach\u00e1n iontach de l\u00e1mhscr\u00edbhinn\u00ed, de leabhair agus\nde sheoda eile as an Eoraip, \u00f3n Me\u00e1n-Oirthear, as Tuaisceart na hAfraice agus\nas an \u00c1ise.\" \/>\n<meta name=\"robots\" content=\"index, follow, max-snippet:-1, max-image-preview:large, max-video-preview:-1\" \/>\n<link rel=\"canonical\" href=\"https:\/\/www.creativeireland.gov.ie\/ga\/oige-ildanach\/chester-beatty\/\" \/>\n<meta property=\"og:locale\" content=\"ga_IE\" \/>\n<meta property=\"og:type\" content=\"article\" \/>\n<meta property=\"og:title\" content=\"Chester Beatty - Creative Ireland Programme\" \/>\n<meta property=\"og:description\" content=\"An ch\u00e9ad chl\u00e1r scoile in \u00c9irinn maidir le hIarsmalann Idirchult\u00fartha Is \u00ed Leabharlann agus Iarsmalann Chester Beatty an t-iarsmalann is m\u00f3 a chuireann meas agus tuiscint ar chult\u00fair an domhain chun cinn in \u00c9irinn leis an mbaili\u00fach\u00e1n iontach de l\u00e1mhscr\u00edbhinn\u00ed, de leabhair agus de sheoda eile as an Eoraip, \u00f3n Me\u00e1n-Oirthear, as Tuaisceart na hAfraice [&hellip;]\" \/>\n<meta property=\"og:url\" content=\"https:\/\/www.creativeireland.gov.ie\/ga\/oige-ildanach\/chester-beatty\/\" \/>\n<meta property=\"og:site_name\" content=\"Creative Ireland Programme\" \/>\n<meta property=\"article:publisher\" content=\"https:\/\/www.facebook.com\/CreativeIrl\/\" \/>\n<meta property=\"article:modified_time\" content=\"2021-02-04T12:01:02+00:00\" \/>\n<meta property=\"og:image\" content=\"https:\/\/www.creativeireland.gov.ie\/app\/uploads\/2020\/01\/School_Tour__05.jpg\" \/>\n\t<meta property=\"og:image:width\" content=\"1280\" \/>\n\t<meta property=\"og:image:height\" content=\"851\" \/>\n\t<meta property=\"og:image:type\" content=\"image\/jpeg\" \/>\n<meta name=\"twitter:card\" content=\"summary_large_image\" \/>\n<meta name=\"twitter:site\" content=\"@creativeirl\" \/>\n<meta name=\"twitter:label1\" content=\"Est. reading time\" \/>\n\t<meta name=\"twitter:data1\" content=\"3 minutes\" \/>\n<script type=\"application\/ld+json\" class=\"yoast-schema-graph\">{\"@context\":\"https:\/\/schema.org\",\"@graph\":[{\"@type\":\"WebPage\",\"@id\":\"https:\/\/www.creativeireland.gov.ie\/ga\/oige-ildanach\/chester-beatty\/\",\"url\":\"https:\/\/www.creativeireland.gov.ie\/ga\/oige-ildanach\/chester-beatty\/\",\"name\":\"Chester Beatty - Creative Ireland Programme\",\"isPartOf\":{\"@id\":\"https:\/\/www.creativeireland.gov.ie\/ga\/#website\"},\"primaryImageOfPage\":{\"@id\":\"https:\/\/www.creativeireland.gov.ie\/ga\/oige-ildanach\/chester-beatty\/#primaryimage\"},\"image\":{\"@id\":\"https:\/\/www.creativeireland.gov.ie\/ga\/oige-ildanach\/chester-beatty\/#primaryimage\"},\"thumbnailUrl\":\"https:\/\/www.creativeireland.gov.ie\/app\/uploads\/2020\/01\/School_Tour__05.jpg\",\"datePublished\":\"2020-01-06T09:25:00+00:00\",\"dateModified\":\"2021-02-04T12:01:02+00:00\",\"breadcrumb\":{\"@id\":\"https:\/\/www.creativeireland.gov.ie\/ga\/oige-ildanach\/chester-beatty\/#breadcrumb\"},\"inLanguage\":\"ga-IE\",\"potentialAction\":[{\"@type\":\"ReadAction\",\"target\":[\"https:\/\/www.creativeireland.gov.ie\/ga\/oige-ildanach\/chester-beatty\/\"]}]},{\"@type\":\"ImageObject\",\"inLanguage\":\"ga-IE\",\"@id\":\"https:\/\/www.creativeireland.gov.ie\/ga\/oige-ildanach\/chester-beatty\/#primaryimage\",\"url\":\"https:\/\/www.creativeireland.gov.ie\/app\/uploads\/2020\/01\/School_Tour__05.jpg\",\"contentUrl\":\"https:\/\/www.creativeireland.gov.ie\/app\/uploads\/2020\/01\/School_Tour__05.jpg\",\"width\":1280,\"height\":851},{\"@type\":\"BreadcrumbList\",\"@id\":\"https:\/\/www.creativeireland.gov.ie\/ga\/oige-ildanach\/chester-beatty\/#breadcrumb\",\"itemListElement\":[{\"@type\":\"ListItem\",\"position\":1,\"name\":\"Home\",\"item\":\"https:\/\/www.creativeireland.gov.ie\/ga\/\"},{\"@type\":\"ListItem\",\"position\":2,\"name\":\"\u00d3ige Ild\u00e1nach\",\"item\":\"https:\/\/www.creativeireland.gov.ie\/ga\/oige-ildanach\/\"},{\"@type\":\"ListItem\",\"position\":3,\"name\":\"Chester Beatty\"}]},{\"@type\":\"WebSite\",\"@id\":\"https:\/\/www.creativeireland.gov.ie\/ga\/#website\",\"url\":\"https:\/\/www.creativeireland.gov.ie\/ga\/\",\"name\":\"Creative Ireland Programme\",\"description\":\"The Creative Ireland Programme is guided by a vision that every person in Ireland will have the opportunity to realise their full creative potential. It is a five year all-of-Government initiative, from 2017 to 2022, to place creativity at the centre of public policy.\",\"potentialAction\":[{\"@type\":\"SearchAction\",\"target\":{\"@type\":\"EntryPoint\",\"urlTemplate\":\"https:\/\/www.creativeireland.gov.ie\/ga\/?s={search_term_string}\"},\"query-input\":{\"@type\":\"PropertyValueSpecification\",\"valueRequired\":true,\"valueName\":\"search_term_string\"}}],\"inLanguage\":\"ga-IE\"}]}<\/script>\n<!-- \/ Yoast SEO plugin. -->","yoast_head_json":{"title":"Chester Beatty - Creative Ireland Programme","description":"An ch\u00e9ad chl\u00e1r scoile in \u00c9irinn maidir le hIarsmalann\nIdirchult\u00fartha \n\n\n\nIs \u00ed Leabharlann agus Iarsmalann Chester Beatty an\nt-iarsmalann is m\u00f3 a chuireann meas agus tuiscint ar chult\u00fair an domhain chun\ncinn in \u00c9irinn leis an mbaili\u00fach\u00e1n iontach de l\u00e1mhscr\u00edbhinn\u00ed, de leabhair agus\nde sheoda eile as an Eoraip, \u00f3n Me\u00e1n-Oirthear, as Tuaisceart na hAfraice agus\nas an \u00c1ise.","robots":{"index":"index","follow":"follow","max-snippet":"max-snippet:-1","max-image-preview":"max-image-preview:large","max-video-preview":"max-video-preview:-1"},"canonical":"https:\/\/www.creativeireland.gov.ie\/ga\/oige-ildanach\/chester-beatty\/","og_locale":"ga_IE","og_type":"article","og_title":"Chester Beatty - Creative Ireland Programme","og_description":"An ch\u00e9ad chl\u00e1r scoile in \u00c9irinn maidir le hIarsmalann Idirchult\u00fartha Is \u00ed Leabharlann agus Iarsmalann Chester Beatty an t-iarsmalann is m\u00f3 a chuireann meas agus tuiscint ar chult\u00fair an domhain chun cinn in \u00c9irinn leis an mbaili\u00fach\u00e1n iontach de l\u00e1mhscr\u00edbhinn\u00ed, de leabhair agus de sheoda eile as an Eoraip, \u00f3n Me\u00e1n-Oirthear, as Tuaisceart na hAfraice [&hellip;]","og_url":"https:\/\/www.creativeireland.gov.ie\/ga\/oige-ildanach\/chester-beatty\/","og_site_name":"Creative Ireland Programme","article_publisher":"https:\/\/www.facebook.com\/CreativeIrl\/","article_modified_time":"2021-02-04T12:01:02+00:00","og_image":[{"width":1280,"height":851,"url":"https:\/\/www.creativeireland.gov.ie\/app\/uploads\/2020\/01\/School_Tour__05.jpg","type":"image\/jpeg"}],"twitter_card":"summary_large_image","twitter_site":"@creativeirl","twitter_misc":{"Est. reading time":"3 minutes"},"schema":{"@context":"https:\/\/schema.org","@graph":[{"@type":"WebPage","@id":"https:\/\/www.creativeireland.gov.ie\/ga\/oige-ildanach\/chester-beatty\/","url":"https:\/\/www.creativeireland.gov.ie\/ga\/oige-ildanach\/chester-beatty\/","name":"Chester Beatty - Creative Ireland Programme","isPartOf":{"@id":"https:\/\/www.creativeireland.gov.ie\/ga\/#website"},"primaryImageOfPage":{"@id":"https:\/\/www.creativeireland.gov.ie\/ga\/oige-ildanach\/chester-beatty\/#primaryimage"},"image":{"@id":"https:\/\/www.creativeireland.gov.ie\/ga\/oige-ildanach\/chester-beatty\/#primaryimage"},"thumbnailUrl":"https:\/\/www.creativeireland.gov.ie\/app\/uploads\/2020\/01\/School_Tour__05.jpg","datePublished":"2020-01-06T09:25:00+00:00","dateModified":"2021-02-04T12:01:02+00:00","breadcrumb":{"@id":"https:\/\/www.creativeireland.gov.ie\/ga\/oige-ildanach\/chester-beatty\/#breadcrumb"},"inLanguage":"ga-IE","potentialAction":[{"@type":"ReadAction","target":["https:\/\/www.creativeireland.gov.ie\/ga\/oige-ildanach\/chester-beatty\/"]}]},{"@type":"ImageObject","inLanguage":"ga-IE","@id":"https:\/\/www.creativeireland.gov.ie\/ga\/oige-ildanach\/chester-beatty\/#primaryimage","url":"https:\/\/www.creativeireland.gov.ie\/app\/uploads\/2020\/01\/School_Tour__05.jpg","contentUrl":"https:\/\/www.creativeireland.gov.ie\/app\/uploads\/2020\/01\/School_Tour__05.jpg","width":1280,"height":851},{"@type":"BreadcrumbList","@id":"https:\/\/www.creativeireland.gov.ie\/ga\/oige-ildanach\/chester-beatty\/#breadcrumb","itemListElement":[{"@type":"ListItem","position":1,"name":"Home","item":"https:\/\/www.creativeireland.gov.ie\/ga\/"},{"@type":"ListItem","position":2,"name":"\u00d3ige Ild\u00e1nach","item":"https:\/\/www.creativeireland.gov.ie\/ga\/oige-ildanach\/"},{"@type":"ListItem","position":3,"name":"Chester Beatty"}]},{"@type":"WebSite","@id":"https:\/\/www.creativeireland.gov.ie\/ga\/#website","url":"https:\/\/www.creativeireland.gov.ie\/ga\/","name":"Creative Ireland Programme","description":"The Creative Ireland Programme is guided by a vision that every person in Ireland will have the opportunity to realise their full creative potential. It is a five year all-of-Government initiative, from 2017 to 2022, to place creativity at the centre of public policy.","potentialAction":[{"@type":"SearchAction","target":{"@type":"EntryPoint","urlTemplate":"https:\/\/www.creativeireland.gov.ie\/ga\/?s={search_term_string}"},"query-input":{"@type":"PropertyValueSpecification","valueRequired":true,"valueName":"search_term_string"}}],"inLanguage":"ga-IE"}]}},"_links":{"self":[{"href":"https:\/\/www.creativeireland.gov.ie\/ga\/wp-json\/wp\/v2\/pages\/5065","targetHints":{"allow":["GET"]}}],"collection":[{"href":"https:\/\/www.creativeireland.gov.ie\/ga\/wp-json\/wp\/v2\/pages"}],"about":[{"href":"https:\/\/www.creativeireland.gov.ie\/ga\/wp-json\/wp\/v2\/types\/page"}],"author":[{"embeddable":true,"href":"https:\/\/www.creativeireland.gov.ie\/ga\/wp-json\/wp\/v2\/users\/1"}],"replies":[{"embeddable":true,"href":"https:\/\/www.creativeireland.gov.ie\/ga\/wp-json\/wp\/v2\/comments?post=5065"}],"version-history":[{"count":4,"href":"https:\/\/www.creativeireland.gov.ie\/ga\/wp-json\/wp\/v2\/pages\/5065\/revisions"}],"predecessor-version":[{"id":13076,"href":"https:\/\/www.creativeireland.gov.ie\/ga\/wp-json\/wp\/v2\/pages\/5065\/revisions\/13076"}],"up":[{"embeddable":true,"href":"https:\/\/www.creativeireland.gov.ie\/ga\/wp-json\/wp\/v2\/pages\/3560"}],"wp:featuredmedia":[{"embeddable":true,"href":"https:\/\/www.creativeireland.gov.ie\/ga\/wp-json\/wp\/v2\/media\/5060"}],"wp:attachment":[{"href":"https:\/\/www.creativeireland.gov.ie\/ga\/wp-json\/wp\/v2\/media?parent=5065"}],"curies":[{"name":"wp","href":"https:\/\/api.w.org\/{rel}","templated":true}]}}