{"id":5086,"date":"2020-01-06T09:51:57","date_gmt":"2020-01-06T09:51:57","guid":{"rendered":"https:\/\/prod-creativeireland.zestydev.com\/comhphairtithe\/business-to-arts\/"},"modified":"2020-01-06T10:26:18","modified_gmt":"2020-01-06T10:26:18","slug":"business-to-arts","status":"publish","type":"page","link":"https:\/\/www.creativeireland.gov.ie\/ga\/comhphairtithe\/business-to-arts\/","title":{"rendered":"Business To Arts"},"content":{"rendered":"\n<p>Cl\u00e1r\nEala\u00edont\u00f3ir\u00ed C\u00f3naitheacha an Lucht Gn\u00f3 ar son na hEala\u00edne san Iarthar <\/p>\n\n\n\n<p><em>Is c\u00fais \u00e1thais faoi leith\ndom go bhfuil bonn treise \u00e1 chur againn faoi thionscnamh\nEala\u00edont\u00f3ir\u00ed&nbsp;C\u00f3naitheacha an Lucht Gn\u00f3&nbsp;ar son na hEala\u00edne \u2013 sc\u00e9im\nlena spreagtar agus a gcotha\u00edtear comhar gn\u00edomhach comhph\u00e1irt\u00edochta idir an\nlucht gn\u00f3, an t-aos eala\u00edne agus an pobal i gceantair \u00e1iti\u00fala <\/em>An tAire\nCult\u00fair, Oidhreachta agus Gaeltachta Josepha Madigan T.D.<\/p>\n\n\n\n<p>Is comhar <em>comhph\u00e1irt\u00edochta<\/em><em> <\/em>idir an Lucht Gn\u00f3 ar son na\nhEala\u00edne agus an Ciste N\u00e1isi\u00fanta Cruthaitheachta faoin gcl\u00e1r \u00c9ire Ild\u00e1nach at\u00e1\ni gcl\u00e1r na nEala\u00edont\u00f3ir\u00ed C\u00f3naitheacha tr\u00edna n-oibr\u00edtear leis an lucht gn\u00f3 i\nmbun bearta\u00edocht nua CSR a choth\u00fa. <\/p>\n\n\n\n<p>Tagann r\u00e9imse leathan\nbearta\u00edochta faoi sc\u00e1th an Chl\u00e1ir: rannph\u00e1irt\u00edocht an phobail a choth\u00fa; sp\u00e9is\nan lucht foirne a choth\u00fa agus bearta cruthaitheachta san ionad oibre arna riar\nag na comhlachta\u00ed eagair agus ar na heala\u00edont\u00f3ir\u00ed. <\/p>\n\n\n\n<p>Beidh 3 shocr\u00fach\u00e1n\nd&#8217;eala\u00edont\u00f3ir\u00ed c\u00f3naitheacha \u00e1 n-eagr\u00fa i rith 2019\/2020.<\/p>\n\n\n\n<ol class=\"wp-block-list\"><li>SOAR (success overcoming all resistance) an cl\u00e1r de chuid LK Shields maidir le hEala\u00edont\u00f3ir C\u00f3naitheach at\u00e1 \u00e1 rith i gcathair na Gaillimhe.\u00a0 Oibreoidh James Riordan, eala\u00edont\u00f3ir amharclanna\u00edochta, le Mic L\u00e9inn Rochtana in Ollscoil na h\u00c9ireann, Gaillimhe agus le baill foirne de chuid LK Shields i mbun ceardlanna bunaithe ar an oirfid\u00edocht agus ar an oideachas a eagr\u00fa.\u00a0 T\u00e1 d&#8217;aidhm leis an gcl\u00e1r oibre cuidi\u00fa leis na rannph\u00e1irtithe a gcuid scileanna ceannaireachta, cur i l\u00e1thair agus comhoibre a fhorbairt. <\/li><li>T\u00e1 an pian\u00f3d\u00f3ir clasaiceach M\u00e1ire Carroll roghnaithe chun oibri\u00fa\u00a0le teaghlaigh a ch\u00f3na\u00edonn i Mol Teaghlaigh Chlann Sh\u00edom\u00f3in an Mhe\u00e1n-Iarthair.\u00a0 Oibreoidh M\u00e1ire i gcomhar le baill foirne de chuid BHP Insurances i mbun \u00f3c\u00e1id\u00ed bunaithe ar oirfid\u00edocht agus bearta bunaithe ar an oideachas a eagr\u00fa chomh maith le ceardlanna at\u00e1 leagtha amach chun tuiscint don cheol a choth\u00fa sna rannph\u00e1irtithe go l\u00e9ir.<\/li><li>Oibreoidh Toma McCullim, an t-eala\u00edont\u00f3ir as Corcaigh, le Club L\u00f3in, Ionad Pobail Lae agus Ospid\u00e9al Pobail sa Sciobair\u00edn agus le baill foirne de chuid The Ludgate Hub.\u00a0 Is cl\u00e1r seo a dh\u00edr\u00edonn ar leas a bhaint as an teicneola\u00edocht chun ceangal a nascadh idir daoine aosta den diasp\u00f3ra ar fud an domhain agus a gcomhaoisigh in Iarthar Chorca\u00ed. <\/li><\/ol>\n\n\n\n<p><a href=\"https:\/\/www.businesstoarts.ie\/\" target=\"_blank\" rel=\"noreferrer noopener\" aria-label=\" (opens in a new tab)\">https:\/\/www.businesstoarts.ie\/<\/a><\/p>\n\n\n\n<figure class=\"wp-block-image size-large\"><img loading=\"lazy\" decoding=\"async\" width=\"1024\" height=\"683\" src=\"https:\/\/www.creativeireland.gov.ie\/app\/uploads\/2020\/01\/CMC8922-13-1024x683.jpg\" alt=\"\" class=\"wp-image-5070\" srcset=\"https:\/\/www.creativeireland.gov.ie\/app\/uploads\/2020\/01\/CMC8922-13-1024x683.jpg 1024w, https:\/\/www.creativeireland.gov.ie\/app\/uploads\/2020\/01\/CMC8922-13-300x200.jpg 300w, https:\/\/www.creativeireland.gov.ie\/app\/uploads\/2020\/01\/CMC8922-13-768x512.jpg 768w, https:\/\/www.creativeireland.gov.ie\/app\/uploads\/2020\/01\/CMC8922-13-1536x1024.jpg 1536w, https:\/\/www.creativeireland.gov.ie\/app\/uploads\/2020\/01\/CMC8922-13-2048x1365.jpg 2048w\" sizes=\"auto, (max-width: 1024px) 100vw, 1024px\" \/><\/figure>\n\n\n\n<figure class=\"wp-block-image size-large\"><img loading=\"lazy\" decoding=\"async\" width=\"1024\" height=\"683\" src=\"https:\/\/www.creativeireland.gov.ie\/app\/uploads\/2020\/01\/CMC8922-27-1024x683.jpg\" alt=\"\" class=\"wp-image-5072\" srcset=\"https:\/\/www.creativeireland.gov.ie\/app\/uploads\/2020\/01\/CMC8922-27-1024x683.jpg 1024w, https:\/\/www.creativeireland.gov.ie\/app\/uploads\/2020\/01\/CMC8922-27-300x200.jpg 300w, https:\/\/www.creativeireland.gov.ie\/app\/uploads\/2020\/01\/CMC8922-27-768x512.jpg 768w, https:\/\/www.creativeireland.gov.ie\/app\/uploads\/2020\/01\/CMC8922-27-1536x1024.jpg 1536w, https:\/\/www.creativeireland.gov.ie\/app\/uploads\/2020\/01\/CMC8922-27-2048x1365.jpg 2048w\" sizes=\"auto, (max-width: 1024px) 100vw, 1024px\" \/><\/figure>\n\n\n\n<figure class=\"wp-block-image size-large\"><img loading=\"lazy\" decoding=\"async\" width=\"567\" height=\"850\" src=\"https:\/\/www.creativeireland.gov.ie\/app\/uploads\/2020\/01\/James-Riordan-headshot-by-Julia-Dunin-Photography-3.jpg\" alt=\"\" class=\"wp-image-5074\" srcset=\"https:\/\/www.creativeireland.gov.ie\/app\/uploads\/2020\/01\/James-Riordan-headshot-by-Julia-Dunin-Photography-3.jpg 567w, https:\/\/www.creativeireland.gov.ie\/app\/uploads\/2020\/01\/James-Riordan-headshot-by-Julia-Dunin-Photography-3-200x300.jpg 200w\" sizes=\"auto, (max-width: 567px) 100vw, 567px\" \/><\/figure>\n\n\n\n<figure class=\"wp-block-image size-large\"><img loading=\"lazy\" decoding=\"async\" width=\"1024\" height=\"731\" src=\"https:\/\/www.creativeireland.gov.ie\/app\/uploads\/2020\/01\/Ma\u0301ire-Carroll-1024x731.jpg\" alt=\"\" class=\"wp-image-5076\" srcset=\"https:\/\/www.creativeireland.gov.ie\/app\/uploads\/2020\/01\/Ma\u0301ire-Carroll-1024x731.jpg 1024w, https:\/\/www.creativeireland.gov.ie\/app\/uploads\/2020\/01\/Ma\u0301ire-Carroll-300x214.jpg 300w, https:\/\/www.creativeireland.gov.ie\/app\/uploads\/2020\/01\/Ma\u0301ire-Carroll-768x549.jpg 768w, https:\/\/www.creativeireland.gov.ie\/app\/uploads\/2020\/01\/Ma\u0301ire-Carroll-1536x1097.jpg 1536w, https:\/\/www.creativeireland.gov.ie\/app\/uploads\/2020\/01\/Ma\u0301ire-Carroll-2048x1463.jpg 2048w\" sizes=\"auto, (max-width: 1024px) 100vw, 1024px\" \/><\/figure>\n\n\n\n<figure class=\"wp-block-image size-large\"><img loading=\"lazy\" decoding=\"async\" width=\"661\" height=\"976\" src=\"https:\/\/www.creativeireland.gov.ie\/app\/uploads\/2020\/01\/Toma-McCullim.jpg\" alt=\"\" class=\"wp-image-5078\" srcset=\"https:\/\/www.creativeireland.gov.ie\/app\/uploads\/2020\/01\/Toma-McCullim.jpg 661w, https:\/\/www.creativeireland.gov.ie\/app\/uploads\/2020\/01\/Toma-McCullim-203x300.jpg 203w\" sizes=\"auto, (max-width: 661px) 100vw, 661px\" \/><\/figure>\n","protected":false},"excerpt":{"rendered":"<p>Cl\u00e1r Eala\u00edont\u00f3ir\u00ed C\u00f3naitheacha an Lucht Gn\u00f3 ar son na hEala\u00edne san Iarthar Is c\u00fais \u00e1thais faoi leith dom go bhfuil bonn treise \u00e1 chur againn faoi thionscnamh Eala\u00edont\u00f3ir\u00ed&nbsp;C\u00f3naitheacha an Lucht Gn\u00f3&nbsp;ar son na hEala\u00edne \u2013 sc\u00e9im lena spreagtar agus a gcotha\u00edtear comhar gn\u00edomhach comhph\u00e1irt\u00edochta idir an lucht gn\u00f3, an t-aos eala\u00edne agus an pobal i [&hellip;]<\/p>\n","protected":false},"author":1,"featured_media":5073,"parent":3357,"menu_order":0,"comment_status":"closed","ping_status":"closed","template":"page-basic-content.php","meta":{"footnotes":""},"class_list":["post-5086","page","type-page","status-publish","has-post-thumbnail","hentry"],"acf":[],"yoast_head":"<!-- This site is optimized with the Yoast SEO plugin v25.9 - https:\/\/yoast.com\/wordpress\/plugins\/seo\/ -->\n<title>Business To Arts - Creative Ireland Programme<\/title>\n<meta name=\"description\" content=\"Cl\u00e1r\nEala\u00edont\u00f3ir\u00ed C\u00f3naitheacha an Lucht Gn\u00f3 ar son na hEala\u00edne san Iarthar \n\n\n\nIs c\u00fais \u00e1thais faoi leith\ndom go bhfuil bonn treise \u00e1 chur againn faoi thionscnamh\nEala\u00edont\u00f3ir\u00ed&nbsp;C\u00f3naitheacha an Lucht Gn\u00f3&nbsp;ar son na hEala\u00edne \u2013 sc\u00e9im\nlena spreagtar agus a gcotha\u00edtear comhar gn\u00edomhach comhph\u00e1irt\u00edochta idir an\nlucht gn\u00f3, an t-aos eala\u00edne agus an pobal i gceantair \u00e1iti\u00fala An tAire\nCult\u00fair, Oidhreachta agus Gaeltachta Josepha Madigan T.\" \/>\n<meta name=\"robots\" content=\"index, follow, max-snippet:-1, max-image-preview:large, max-video-preview:-1\" \/>\n<link rel=\"canonical\" href=\"https:\/\/www.creativeireland.gov.ie\/ga\/comhphairtithe\/business-to-arts\/\" \/>\n<meta property=\"og:locale\" content=\"ga_IE\" \/>\n<meta property=\"og:type\" content=\"article\" \/>\n<meta property=\"og:title\" content=\"Business To Arts - Creative Ireland Programme\" \/>\n<meta property=\"og:description\" content=\"Cl\u00e1r Eala\u00edont\u00f3ir\u00ed C\u00f3naitheacha an Lucht Gn\u00f3 ar son na hEala\u00edne san Iarthar Is c\u00fais \u00e1thais faoi leith dom go bhfuil bonn treise \u00e1 chur againn faoi thionscnamh Eala\u00edont\u00f3ir\u00ed&nbsp;C\u00f3naitheacha an Lucht Gn\u00f3&nbsp;ar son na hEala\u00edne \u2013 sc\u00e9im lena spreagtar agus a gcotha\u00edtear comhar gn\u00edomhach comhph\u00e1irt\u00edochta idir an lucht gn\u00f3, an t-aos eala\u00edne agus an pobal i [&hellip;]\" \/>\n<meta property=\"og:url\" content=\"https:\/\/www.creativeireland.gov.ie\/ga\/comhphairtithe\/business-to-arts\/\" \/>\n<meta property=\"og:site_name\" content=\"Creative Ireland Programme\" \/>\n<meta property=\"article:publisher\" content=\"https:\/\/www.facebook.com\/CreativeIrl\/\" \/>\n<meta property=\"article:modified_time\" content=\"2020-01-06T10:26:18+00:00\" \/>\n<meta property=\"og:image\" content=\"https:\/\/www.creativeireland.gov.ie\/app\/uploads\/2020\/01\/CMC8922-27.jpg\" \/>\n\t<meta property=\"og:image:width\" content=\"2560\" \/>\n\t<meta property=\"og:image:height\" content=\"1707\" \/>\n\t<meta property=\"og:image:type\" content=\"image\/jpeg\" \/>\n<meta name=\"twitter:card\" content=\"summary_large_image\" \/>\n<meta name=\"twitter:site\" content=\"@creativeirl\" \/>\n<meta name=\"twitter:label1\" content=\"Est. reading time\" \/>\n\t<meta name=\"twitter:data1\" content=\"2 minutes\" \/>\n<script type=\"application\/ld+json\" class=\"yoast-schema-graph\">{\"@context\":\"https:\/\/schema.org\",\"@graph\":[{\"@type\":\"WebPage\",\"@id\":\"https:\/\/www.creativeireland.gov.ie\/ga\/comhphairtithe\/business-to-arts\/\",\"url\":\"https:\/\/www.creativeireland.gov.ie\/ga\/comhphairtithe\/business-to-arts\/\",\"name\":\"Business To Arts - Creative Ireland Programme\",\"isPartOf\":{\"@id\":\"https:\/\/www.creativeireland.gov.ie\/ga\/#website\"},\"primaryImageOfPage\":{\"@id\":\"https:\/\/www.creativeireland.gov.ie\/ga\/comhphairtithe\/business-to-arts\/#primaryimage\"},\"image\":{\"@id\":\"https:\/\/www.creativeireland.gov.ie\/ga\/comhphairtithe\/business-to-arts\/#primaryimage\"},\"thumbnailUrl\":\"https:\/\/www.creativeireland.gov.ie\/app\/uploads\/2020\/01\/CMC8922-27.jpg\",\"datePublished\":\"2020-01-06T09:51:57+00:00\",\"dateModified\":\"2020-01-06T10:26:18+00:00\",\"breadcrumb\":{\"@id\":\"https:\/\/www.creativeireland.gov.ie\/ga\/comhphairtithe\/business-to-arts\/#breadcrumb\"},\"inLanguage\":\"ga-IE\",\"potentialAction\":[{\"@type\":\"ReadAction\",\"target\":[\"https:\/\/www.creativeireland.gov.ie\/ga\/comhphairtithe\/business-to-arts\/\"]}]},{\"@type\":\"ImageObject\",\"inLanguage\":\"ga-IE\",\"@id\":\"https:\/\/www.creativeireland.gov.ie\/ga\/comhphairtithe\/business-to-arts\/#primaryimage\",\"url\":\"https:\/\/www.creativeireland.gov.ie\/app\/uploads\/2020\/01\/CMC8922-27.jpg\",\"contentUrl\":\"https:\/\/www.creativeireland.gov.ie\/app\/uploads\/2020\/01\/CMC8922-27.jpg\",\"width\":2560,\"height\":1707},{\"@type\":\"BreadcrumbList\",\"@id\":\"https:\/\/www.creativeireland.gov.ie\/ga\/comhphairtithe\/business-to-arts\/#breadcrumb\",\"itemListElement\":[{\"@type\":\"ListItem\",\"position\":1,\"name\":\"Home\",\"item\":\"https:\/\/www.creativeireland.gov.ie\/ga\/\"},{\"@type\":\"ListItem\",\"position\":2,\"name\":\"Comhph\u00e1irt\u00edochta\u00ed\",\"item\":\"https:\/\/www.creativeireland.gov.ie\/ga\/comhphairtithe\/\"},{\"@type\":\"ListItem\",\"position\":3,\"name\":\"Business To Arts\"}]},{\"@type\":\"WebSite\",\"@id\":\"https:\/\/www.creativeireland.gov.ie\/ga\/#website\",\"url\":\"https:\/\/www.creativeireland.gov.ie\/ga\/\",\"name\":\"Creative Ireland Programme\",\"description\":\"The Creative Ireland Programme is guided by a vision that every person in Ireland will have the opportunity to realise their full creative potential. It is a five year all-of-Government initiative, from 2017 to 2022, to place creativity at the centre of public policy.\",\"potentialAction\":[{\"@type\":\"SearchAction\",\"target\":{\"@type\":\"EntryPoint\",\"urlTemplate\":\"https:\/\/www.creativeireland.gov.ie\/ga\/?s={search_term_string}\"},\"query-input\":{\"@type\":\"PropertyValueSpecification\",\"valueRequired\":true,\"valueName\":\"search_term_string\"}}],\"inLanguage\":\"ga-IE\"}]}<\/script>\n<!-- \/ Yoast SEO plugin. -->","yoast_head_json":{"title":"Business To Arts - Creative Ireland Programme","description":"Cl\u00e1r\nEala\u00edont\u00f3ir\u00ed C\u00f3naitheacha an Lucht Gn\u00f3 ar son na hEala\u00edne san Iarthar \n\n\n\nIs c\u00fais \u00e1thais faoi leith\ndom go bhfuil bonn treise \u00e1 chur againn faoi thionscnamh\nEala\u00edont\u00f3ir\u00ed&nbsp;C\u00f3naitheacha an Lucht Gn\u00f3&nbsp;ar son na hEala\u00edne \u2013 sc\u00e9im\nlena spreagtar agus a gcotha\u00edtear comhar gn\u00edomhach comhph\u00e1irt\u00edochta idir an\nlucht gn\u00f3, an t-aos eala\u00edne agus an pobal i gceantair \u00e1iti\u00fala An tAire\nCult\u00fair, Oidhreachta agus Gaeltachta Josepha Madigan T.","robots":{"index":"index","follow":"follow","max-snippet":"max-snippet:-1","max-image-preview":"max-image-preview:large","max-video-preview":"max-video-preview:-1"},"canonical":"https:\/\/www.creativeireland.gov.ie\/ga\/comhphairtithe\/business-to-arts\/","og_locale":"ga_IE","og_type":"article","og_title":"Business To Arts - Creative Ireland Programme","og_description":"Cl\u00e1r Eala\u00edont\u00f3ir\u00ed C\u00f3naitheacha an Lucht Gn\u00f3 ar son na hEala\u00edne san Iarthar Is c\u00fais \u00e1thais faoi leith dom go bhfuil bonn treise \u00e1 chur againn faoi thionscnamh Eala\u00edont\u00f3ir\u00ed&nbsp;C\u00f3naitheacha an Lucht Gn\u00f3&nbsp;ar son na hEala\u00edne \u2013 sc\u00e9im lena spreagtar agus a gcotha\u00edtear comhar gn\u00edomhach comhph\u00e1irt\u00edochta idir an lucht gn\u00f3, an t-aos eala\u00edne agus an pobal i [&hellip;]","og_url":"https:\/\/www.creativeireland.gov.ie\/ga\/comhphairtithe\/business-to-arts\/","og_site_name":"Creative Ireland Programme","article_publisher":"https:\/\/www.facebook.com\/CreativeIrl\/","article_modified_time":"2020-01-06T10:26:18+00:00","og_image":[{"width":2560,"height":1707,"url":"https:\/\/www.creativeireland.gov.ie\/app\/uploads\/2020\/01\/CMC8922-27.jpg","type":"image\/jpeg"}],"twitter_card":"summary_large_image","twitter_site":"@creativeirl","twitter_misc":{"Est. reading time":"2 minutes"},"schema":{"@context":"https:\/\/schema.org","@graph":[{"@type":"WebPage","@id":"https:\/\/www.creativeireland.gov.ie\/ga\/comhphairtithe\/business-to-arts\/","url":"https:\/\/www.creativeireland.gov.ie\/ga\/comhphairtithe\/business-to-arts\/","name":"Business To Arts - Creative Ireland Programme","isPartOf":{"@id":"https:\/\/www.creativeireland.gov.ie\/ga\/#website"},"primaryImageOfPage":{"@id":"https:\/\/www.creativeireland.gov.ie\/ga\/comhphairtithe\/business-to-arts\/#primaryimage"},"image":{"@id":"https:\/\/www.creativeireland.gov.ie\/ga\/comhphairtithe\/business-to-arts\/#primaryimage"},"thumbnailUrl":"https:\/\/www.creativeireland.gov.ie\/app\/uploads\/2020\/01\/CMC8922-27.jpg","datePublished":"2020-01-06T09:51:57+00:00","dateModified":"2020-01-06T10:26:18+00:00","breadcrumb":{"@id":"https:\/\/www.creativeireland.gov.ie\/ga\/comhphairtithe\/business-to-arts\/#breadcrumb"},"inLanguage":"ga-IE","potentialAction":[{"@type":"ReadAction","target":["https:\/\/www.creativeireland.gov.ie\/ga\/comhphairtithe\/business-to-arts\/"]}]},{"@type":"ImageObject","inLanguage":"ga-IE","@id":"https:\/\/www.creativeireland.gov.ie\/ga\/comhphairtithe\/business-to-arts\/#primaryimage","url":"https:\/\/www.creativeireland.gov.ie\/app\/uploads\/2020\/01\/CMC8922-27.jpg","contentUrl":"https:\/\/www.creativeireland.gov.ie\/app\/uploads\/2020\/01\/CMC8922-27.jpg","width":2560,"height":1707},{"@type":"BreadcrumbList","@id":"https:\/\/www.creativeireland.gov.ie\/ga\/comhphairtithe\/business-to-arts\/#breadcrumb","itemListElement":[{"@type":"ListItem","position":1,"name":"Home","item":"https:\/\/www.creativeireland.gov.ie\/ga\/"},{"@type":"ListItem","position":2,"name":"Comhph\u00e1irt\u00edochta\u00ed","item":"https:\/\/www.creativeireland.gov.ie\/ga\/comhphairtithe\/"},{"@type":"ListItem","position":3,"name":"Business To Arts"}]},{"@type":"WebSite","@id":"https:\/\/www.creativeireland.gov.ie\/ga\/#website","url":"https:\/\/www.creativeireland.gov.ie\/ga\/","name":"Creative Ireland Programme","description":"The Creative Ireland Programme is guided by a vision that every person in Ireland will have the opportunity to realise their full creative potential. It is a five year all-of-Government initiative, from 2017 to 2022, to place creativity at the centre of public policy.","potentialAction":[{"@type":"SearchAction","target":{"@type":"EntryPoint","urlTemplate":"https:\/\/www.creativeireland.gov.ie\/ga\/?s={search_term_string}"},"query-input":{"@type":"PropertyValueSpecification","valueRequired":true,"valueName":"search_term_string"}}],"inLanguage":"ga-IE"}]}},"_links":{"self":[{"href":"https:\/\/www.creativeireland.gov.ie\/ga\/wp-json\/wp\/v2\/pages\/5086","targetHints":{"allow":["GET"]}}],"collection":[{"href":"https:\/\/www.creativeireland.gov.ie\/ga\/wp-json\/wp\/v2\/pages"}],"about":[{"href":"https:\/\/www.creativeireland.gov.ie\/ga\/wp-json\/wp\/v2\/types\/page"}],"author":[{"embeddable":true,"href":"https:\/\/www.creativeireland.gov.ie\/ga\/wp-json\/wp\/v2\/users\/1"}],"replies":[{"embeddable":true,"href":"https:\/\/www.creativeireland.gov.ie\/ga\/wp-json\/wp\/v2\/comments?post=5086"}],"version-history":[{"count":4,"href":"https:\/\/www.creativeireland.gov.ie\/ga\/wp-json\/wp\/v2\/pages\/5086\/revisions"}],"predecessor-version":[{"id":5090,"href":"https:\/\/www.creativeireland.gov.ie\/ga\/wp-json\/wp\/v2\/pages\/5086\/revisions\/5090"}],"up":[{"embeddable":true,"href":"https:\/\/www.creativeireland.gov.ie\/ga\/wp-json\/wp\/v2\/pages\/3357"}],"wp:featuredmedia":[{"embeddable":true,"href":"https:\/\/www.creativeireland.gov.ie\/ga\/wp-json\/wp\/v2\/media\/5073"}],"wp:attachment":[{"href":"https:\/\/www.creativeireland.gov.ie\/ga\/wp-json\/wp\/v2\/media?parent=5086"}],"curies":[{"name":"wp","href":"https:\/\/api.w.org\/{rel}","templated":true}]}}