{"id":5114,"date":"2020-01-06T11:24:25","date_gmt":"2020-01-06T11:24:25","guid":{"rendered":"https:\/\/prod-creativeireland.zestydev.com\/comhphairtithe\/better-words\/"},"modified":"2020-01-06T15:30:15","modified_gmt":"2020-01-06T15:30:15","slug":"better-words","status":"publish","type":"page","link":"https:\/\/www.creativeireland.gov.ie\/ga\/comhphairtithe\/better-words\/","title":{"rendered":"Better Words: A field guide to contemporary art and culture"},"content":{"rendered":"\n<p>Ar\ndheis agus misneach a thabhairt do dhaoine \u00f3ga idir ocht mbliana agus dh\u00e1\nbhliain d\u00e9ag d&#8217;aois eala\u00edn na linne seo a fhiosr\u00fa agus a scr\u00fad\u00fa de r\u00e9ir a meon\nf\u00e9in\u2026crutha\u00edonn siad teanga nua d\u00e1 gcuid f\u00e9in.&nbsp;\nSin \u00e9 go d\u00edreach a thit amach nuair a thug EVA International, le c\u00fanamh\ntaca \u00f3 \u00c9ire Ild\u00e1nach, cuireadh do 150 duine \u00f3g as c\u00faig cinn de bhunscoileanna i\nr\u00e9igi\u00fan L\u00e1r Luimnigh saol na heala\u00edne comhaimseartha a scr\u00fad\u00fa d\u00f3ibh f\u00e9in. &nbsp;<\/p>\n\n\n\n<p><em>Picasso pants<\/em>\n\u2013 an cine\u00e1l a chaitheann mic l\u00e9inn eala\u00edne <\/p>\n\n\n\n<p><em>Icantouche<\/em>&#8211;\nan rud a bhraitear nuair nach f\u00e9idir l\u00e1mh a leagan ar shaothar eala\u00edne <\/p>\n\n\n\n<p><em>Trumpflip<\/em> \u2013 nuair a\ntharla\u00edonn an n\u00ed-nach-f\u00e9idir<\/p>\n\n\n\n<p>Th\u00e1inig\nbeala\u00ed nua chun cur s\u00edos ar a mbraitear le linn cuairt a thabhairt ar dh\u00e1nlann\nagus saothair den eala\u00edn chomhaimseartha a bhreathn\u00fa&nbsp;chun tosaigh nuair a\nthug EVA International, le c\u00fanamh taca \u00f3 \u00c9ire Ild\u00e1nach, cuireadh do 150 duine\n\u00f3g as c\u00faig cinn de bhunscoileanna i r\u00e9igi\u00fan L\u00e1r Luimnigh saol na heala\u00edne\ncomhaimseartha a scr\u00fad\u00fa d\u00f3ibh f\u00e9in.<\/p>\n\n\n\n<p>Tar\n\u00e9is cl\u00e1r c\u00faig seachtaine de chuairteanna eala\u00edont\u00f3ir\u00ed ar na scoileanna, de\nchuairteanna scoileanna ar dh\u00e1nlanna, de cheardlanna le roinnt de na\nscr\u00edbhneoir\u00ed&nbsp;is iomr\u00e1it\u00ed in \u00c9irinn, Sue Rainsford ina measc, bh\u00ed \u00e1bhar nua\nfocl\u00f3ra ceaptha ag na daoine \u00f3ga chun cur s\u00edos ar a dtaith\u00ed f\u00e9in ar an eala\u00edn\nchomhaimseartha.<\/p>\n\n\n\n<p>Le\nc\u00fanamh taca \u00f3 \u00c9ire Ild\u00e1nach, sheol EVA International Better Words, arna\ndhearadh ag Piquant, ina bhfuil cuntas ar bhraith 150 dalta bunscoile as c\u00faig\ncinn de scoileanna i Luimneach, Bunscoil Chorp Chr\u00edost, Scoil N\u00e1isi\u00fanta Chnoc\n\u00c1ine, Tionscadal Scoile Luimnigh, Scoil Bhanr\u00edon na S\u00edoch\u00e1na agus Scoil\nN\u00e1isi\u00fanta Naomh Sean\u00e1in, Faing<\/p>\n\n\n\n<p>Arna\neagr\u00fa de r\u00e9ir th\u00e9ama\u00ed \u00e9ags\u00fala de leith\u00e9id \u2018Pobal &amp; Polait\u00edocht\u2019, \u2018Gn\u00e1s\u2019, agus\n\u2018Teicneola\u00edocht\u2019, tugtar buntuiscint in <strong>Better\nWords<\/strong> ar th\u00e9ama\u00ed m\u00f3rth\u00e1bhachta maidir le saothr\u00fa&nbsp;na heala\u00edne\ncomhaimseartha sa l\u00e1 at\u00e1 inniu ann, an tr\u00e1th c\u00e9anna a l\u00e9ir\u00edtear fiosracht\ncult\u00fartha, fuinneamh cruthaitheachta agus eason\u00f3ir ghreannmhar na\nndalta\u00ed&nbsp;a bh\u00ed p\u00e1irteach sa togra.<\/p>\n\n\n\n<p>T\u00e1 brollach curtha freisin ag an \u00fadar cl\u00faiteach\nKevin Barry le <strong>Better\nWords<\/strong> agus n\u00f3ta\u00ed ar phr\u00f3iseas na gceardlann curtha i dtoll\na ch\u00e9ile aga an gcoime\u00e1da\u00ed Maeve Mulrennan. <\/p>\n\n\n\n<p>Beidh\nc\u00f3ipeanna den leabhar \u00e1 scaipeadh in \u00c9irinn tr\u00ed na scoileanna agus tr\u00ed ch\u00f3ras\nna leabharlann poibl\u00ed agus beidh siad ar f\u00e1il le ceannach freisin tr\u00ed EVA\nInternational agus miond\u00edolt\u00f3ir\u00ed eile. <\/p>\n\n\n\n<p>Deir\nMatt Packer, Sti\u00farth\u00f3ir EVA International: <em>Is\n\u00e1bhar m\u00f3rtais agam an leabhar Better Words a sheoladh, leabhar a eascra\u00edonn as\npr\u00f3iseas an chomhair maidir le ceardlanna le scoileanna, le heala\u00edont\u00f3ir\u00ed\niomr\u00e1iteacha agus le scr\u00edbhneoir\u00ed&nbsp;maidir le c\u00farsa\u00ed&nbsp;eala\u00edne. Cuirtear\nsamhla\u00edocht na ndalta\u00ed scoile i l\u00e1thair sa leabhar agus l\u00e9ir\u00edtear an meon\noscailte fiosrach at\u00e1 acu maidir leis an eala\u00edn chomhaimseartha.&nbsp; Tr\u00ed chead a ligean leis na leana\u00ed a gcuid\nt\u00e9arma\u00ed eala\u00edne f\u00e9in a chumadh, cuirtear de leataobh ceann de na constaic\u00ed is\ncoitianta a bh\u00edonn roimh cheangal n\u00edos forleithne i measc an phobail leis an\nmeon critici\u00fail agus leis na r\u00e9ims\u00ed castachta ar dl\u00fathchuid iad den eala\u00edn\nchomhaimseartha mar l\u00e9iri\u00fa ar shaol na linne seo. <\/em><\/p>\n\n\n\n<p>Deir Josepha Madigan, an tAire\nCult\u00fair, Oidhreachta agus Gaeltachta: <\/p>\n\n\n\n<p><em>Is bre\u00e1 liom gur thug \u00c9ire Ild\u00e1nach c\u00fanamh taca maidir\nleis an togra iontach seo faoin gCiste N\u00e1isi\u00fanta Cruthaitheachta.&nbsp; Is toradh an leabhar Better Words ar chomhar <\/em><em>p\u00e1irtn\u00e9ireachta idir EVA International, eala\u00edont\u00f3ir\u00ed\niomr\u00e1iteacha agus n\u00edos m\u00f3 n\u00e1 150 dalta scoile i Luimneach.&nbsp; Is l\u00e9ir ardaidhmi\u00falacht an togra \u00f3n gcaoi ina\ndt\u00e9ann Better Words i ngleic le r\u00e9ims\u00ed d\u00fashl\u00e1in na heala\u00edne comhaimseartha tr\u00ed\nintinn fhiosrach sc\u00f3ipi\u00fail na n-\u00f3g a chur i gceartl\u00e1r an phr\u00f3isis. <\/em><\/p>\n\n\n\n<p>Tugadh c\u00fanamh taca don chl\u00e1r <strong>Better Words <\/strong>faoin gCiste N\u00e1isi\u00fanta Cruthaitheachta a eagra\u00edonn\n\u00c9ire Ild\u00e1nach agus is tionscnamh de chuid EVA International at\u00e1 ann chun\nmodhanna nua ina dtaith\u00edtear agus ina dtuigtear an eala\u00edn chomhaimseartha a\nchur chun cinn tr\u00ed&nbsp;leas a bhaint as focl\u00f3ir chruthaitheach.<\/p>\n\n\n\n<figure class=\"wp-block-image size-large\"><img loading=\"lazy\" decoding=\"async\" width=\"1024\" height=\"768\" src=\"https:\/\/www.creativeireland.gov.ie\/app\/uploads\/2020\/01\/Better-Words-Visiting-Writer-Sue-Rainsford-with-Students-from-Limerick-School-Project-1024x768.jpg\" alt=\"\" class=\"wp-image-5108\" srcset=\"https:\/\/www.creativeireland.gov.ie\/app\/uploads\/2020\/01\/Better-Words-Visiting-Writer-Sue-Rainsford-with-Students-from-Limerick-School-Project-1024x768.jpg 1024w, https:\/\/www.creativeireland.gov.ie\/app\/uploads\/2020\/01\/Better-Words-Visiting-Writer-Sue-Rainsford-with-Students-from-Limerick-School-Project-300x225.jpg 300w, https:\/\/www.creativeireland.gov.ie\/app\/uploads\/2020\/01\/Better-Words-Visiting-Writer-Sue-Rainsford-with-Students-from-Limerick-School-Project-768x576.jpg 768w, https:\/\/www.creativeireland.gov.ie\/app\/uploads\/2020\/01\/Better-Words-Visiting-Writer-Sue-Rainsford-with-Students-from-Limerick-School-Project-1536x1152.jpg 1536w, https:\/\/www.creativeireland.gov.ie\/app\/uploads\/2020\/01\/Better-Words-Visiting-Writer-Sue-Rainsford-with-Students-from-Limerick-School-Project-2048x1536.jpg 2048w\" sizes=\"auto, (max-width: 1024px) 100vw, 1024px\" \/><\/figure>\n\n\n\n<figure class=\"wp-block-image size-large\"><img loading=\"lazy\" decoding=\"async\" width=\"1024\" height=\"768\" src=\"https:\/\/www.creativeireland.gov.ie\/app\/uploads\/2020\/01\/Better-Words_IMMA-1024x768.jpg\" alt=\"\" class=\"wp-image-5106\" srcset=\"https:\/\/www.creativeireland.gov.ie\/app\/uploads\/2020\/01\/Better-Words_IMMA-1024x768.jpg 1024w, https:\/\/www.creativeireland.gov.ie\/app\/uploads\/2020\/01\/Better-Words_IMMA-300x225.jpg 300w, https:\/\/www.creativeireland.gov.ie\/app\/uploads\/2020\/01\/Better-Words_IMMA-768x576.jpg 768w, https:\/\/www.creativeireland.gov.ie\/app\/uploads\/2020\/01\/Better-Words_IMMA-1536x1152.jpg 1536w, https:\/\/www.creativeireland.gov.ie\/app\/uploads\/2020\/01\/Better-Words_IMMA-2048x1536.jpg 2048w\" sizes=\"auto, (max-width: 1024px) 100vw, 1024px\" \/><\/figure>\n\n\n\n<figure class=\"wp-block-image size-large\"><img loading=\"lazy\" decoding=\"async\" width=\"1024\" height=\"768\" src=\"https:\/\/www.creativeireland.gov.ie\/app\/uploads\/2020\/01\/Better-Words_IMMA-2-1024x768.jpg\" alt=\"\" class=\"wp-image-5104\" srcset=\"https:\/\/www.creativeireland.gov.ie\/app\/uploads\/2020\/01\/Better-Words_IMMA-2-1024x768.jpg 1024w, https:\/\/www.creativeireland.gov.ie\/app\/uploads\/2020\/01\/Better-Words_IMMA-2-300x225.jpg 300w, https:\/\/www.creativeireland.gov.ie\/app\/uploads\/2020\/01\/Better-Words_IMMA-2-768x576.jpg 768w, https:\/\/www.creativeireland.gov.ie\/app\/uploads\/2020\/01\/Better-Words_IMMA-2-1536x1152.jpg 1536w, https:\/\/www.creativeireland.gov.ie\/app\/uploads\/2020\/01\/Better-Words_IMMA-2-2048x1536.jpg 2048w\" sizes=\"auto, (max-width: 1024px) 100vw, 1024px\" \/><\/figure>\n\n\n\n<figure class=\"wp-block-image size-large\"><img loading=\"lazy\" decoding=\"async\" width=\"683\" height=\"1024\" src=\"https:\/\/www.creativeireland.gov.ie\/app\/uploads\/2020\/01\/2019_ClassroomMuseum_opening_4-683x1024.jpg\" alt=\"\" class=\"wp-image-5102\" srcset=\"https:\/\/www.creativeireland.gov.ie\/app\/uploads\/2020\/01\/2019_ClassroomMuseum_opening_4-683x1024.jpg 683w, https:\/\/www.creativeireland.gov.ie\/app\/uploads\/2020\/01\/2019_ClassroomMuseum_opening_4-200x300.jpg 200w, https:\/\/www.creativeireland.gov.ie\/app\/uploads\/2020\/01\/2019_ClassroomMuseum_opening_4-768x1152.jpg 768w, https:\/\/www.creativeireland.gov.ie\/app\/uploads\/2020\/01\/2019_ClassroomMuseum_opening_4-1024x1536.jpg 1024w, https:\/\/www.creativeireland.gov.ie\/app\/uploads\/2020\/01\/2019_ClassroomMuseum_opening_4-1365x2048.jpg 1365w, https:\/\/www.creativeireland.gov.ie\/app\/uploads\/2020\/01\/2019_ClassroomMuseum_opening_4-scaled.jpg 1707w\" sizes=\"auto, (max-width: 683px) 100vw, 683px\" \/><\/figure>\n","protected":false},"excerpt":{"rendered":"<p>Ar dheis agus misneach a thabhairt do dhaoine \u00f3ga idir ocht mbliana agus dh\u00e1 bhliain d\u00e9ag d&#8217;aois eala\u00edn na linne seo a fhiosr\u00fa agus a scr\u00fad\u00fa de r\u00e9ir a meon f\u00e9in\u2026crutha\u00edonn siad teanga nua d\u00e1 gcuid f\u00e9in.&nbsp; Sin \u00e9 go d\u00edreach a thit amach nuair a thug EVA International, le c\u00fanamh taca \u00f3 \u00c9ire Ild\u00e1nach, [&hellip;]<\/p>\n","protected":false},"author":1,"featured_media":5105,"parent":3357,"menu_order":0,"comment_status":"closed","ping_status":"closed","template":"page-basic-content.php","meta":{"footnotes":""},"class_list":["post-5114","page","type-page","status-publish","has-post-thumbnail","hentry"],"acf":[],"yoast_head":"<!-- This site is optimized with the Yoast SEO plugin v25.9 - https:\/\/yoast.com\/wordpress\/plugins\/seo\/ -->\n<title>Better Words: A field guide to contemporary art and culture - Creative Ireland Programme<\/title>\n<meta name=\"description\" content=\"Ar\ndheis agus misneach a thabhairt do dhaoine \u00f3ga idir ocht mbliana agus dh\u00e1\nbhliain d\u00e9ag d&#039;aois eala\u00edn na linne seo a fhiosr\u00fa agus a scr\u00fad\u00fa de r\u00e9ir a meon\nf\u00e9in\u2026crutha\u00edonn siad teanga nua d\u00e1 gcuid f\u00e9in.\" \/>\n<meta name=\"robots\" content=\"index, follow, max-snippet:-1, max-image-preview:large, max-video-preview:-1\" \/>\n<link rel=\"canonical\" href=\"https:\/\/www.creativeireland.gov.ie\/ga\/comhphairtithe\/better-words\/\" \/>\n<meta property=\"og:locale\" content=\"ga_IE\" \/>\n<meta property=\"og:type\" content=\"article\" \/>\n<meta property=\"og:title\" content=\"Better Words: A field guide to contemporary art and culture - Creative Ireland Programme\" \/>\n<meta property=\"og:description\" content=\"Ar dheis agus misneach a thabhairt do dhaoine \u00f3ga idir ocht mbliana agus dh\u00e1 bhliain d\u00e9ag d&#8217;aois eala\u00edn na linne seo a fhiosr\u00fa agus a scr\u00fad\u00fa de r\u00e9ir a meon f\u00e9in\u2026crutha\u00edonn siad teanga nua d\u00e1 gcuid f\u00e9in.&nbsp; Sin \u00e9 go d\u00edreach a thit amach nuair a thug EVA International, le c\u00fanamh taca \u00f3 \u00c9ire Ild\u00e1nach, [&hellip;]\" \/>\n<meta property=\"og:url\" content=\"https:\/\/www.creativeireland.gov.ie\/ga\/comhphairtithe\/better-words\/\" \/>\n<meta property=\"og:site_name\" content=\"Creative Ireland Programme\" \/>\n<meta property=\"article:publisher\" content=\"https:\/\/www.facebook.com\/CreativeIrl\/\" \/>\n<meta property=\"article:modified_time\" content=\"2020-01-06T15:30:15+00:00\" \/>\n<meta property=\"og:image\" content=\"https:\/\/www.creativeireland.gov.ie\/app\/uploads\/2020\/01\/Better-Words_IMMA-2.jpg\" \/>\n\t<meta property=\"og:image:width\" content=\"2400\" \/>\n\t<meta property=\"og:image:height\" content=\"1800\" \/>\n\t<meta property=\"og:image:type\" content=\"image\/jpeg\" \/>\n<meta name=\"twitter:card\" content=\"summary_large_image\" \/>\n<meta name=\"twitter:site\" content=\"@creativeirl\" \/>\n<meta name=\"twitter:label1\" content=\"Est. reading time\" \/>\n\t<meta name=\"twitter:data1\" content=\"4 minutes\" \/>\n<script type=\"application\/ld+json\" class=\"yoast-schema-graph\">{\"@context\":\"https:\/\/schema.org\",\"@graph\":[{\"@type\":\"WebPage\",\"@id\":\"https:\/\/www.creativeireland.gov.ie\/ga\/comhphairtithe\/better-words\/\",\"url\":\"https:\/\/www.creativeireland.gov.ie\/ga\/comhphairtithe\/better-words\/\",\"name\":\"Better Words: A field guide to contemporary art and culture - Creative Ireland Programme\",\"isPartOf\":{\"@id\":\"https:\/\/www.creativeireland.gov.ie\/ga\/#website\"},\"primaryImageOfPage\":{\"@id\":\"https:\/\/www.creativeireland.gov.ie\/ga\/comhphairtithe\/better-words\/#primaryimage\"},\"image\":{\"@id\":\"https:\/\/www.creativeireland.gov.ie\/ga\/comhphairtithe\/better-words\/#primaryimage\"},\"thumbnailUrl\":\"https:\/\/www.creativeireland.gov.ie\/app\/uploads\/2020\/01\/Better-Words_IMMA-2.jpg\",\"datePublished\":\"2020-01-06T11:24:25+00:00\",\"dateModified\":\"2020-01-06T15:30:15+00:00\",\"breadcrumb\":{\"@id\":\"https:\/\/www.creativeireland.gov.ie\/ga\/comhphairtithe\/better-words\/#breadcrumb\"},\"inLanguage\":\"ga-IE\",\"potentialAction\":[{\"@type\":\"ReadAction\",\"target\":[\"https:\/\/www.creativeireland.gov.ie\/ga\/comhphairtithe\/better-words\/\"]}]},{\"@type\":\"ImageObject\",\"inLanguage\":\"ga-IE\",\"@id\":\"https:\/\/www.creativeireland.gov.ie\/ga\/comhphairtithe\/better-words\/#primaryimage\",\"url\":\"https:\/\/www.creativeireland.gov.ie\/app\/uploads\/2020\/01\/Better-Words_IMMA-2.jpg\",\"contentUrl\":\"https:\/\/www.creativeireland.gov.ie\/app\/uploads\/2020\/01\/Better-Words_IMMA-2.jpg\",\"width\":2400,\"height\":1800},{\"@type\":\"BreadcrumbList\",\"@id\":\"https:\/\/www.creativeireland.gov.ie\/ga\/comhphairtithe\/better-words\/#breadcrumb\",\"itemListElement\":[{\"@type\":\"ListItem\",\"position\":1,\"name\":\"Home\",\"item\":\"https:\/\/www.creativeireland.gov.ie\/ga\/\"},{\"@type\":\"ListItem\",\"position\":2,\"name\":\"Comhph\u00e1irt\u00edochta\u00ed\",\"item\":\"https:\/\/www.creativeireland.gov.ie\/ga\/comhphairtithe\/\"},{\"@type\":\"ListItem\",\"position\":3,\"name\":\"Better Words: A field guide to contemporary art and culture\"}]},{\"@type\":\"WebSite\",\"@id\":\"https:\/\/www.creativeireland.gov.ie\/ga\/#website\",\"url\":\"https:\/\/www.creativeireland.gov.ie\/ga\/\",\"name\":\"Creative Ireland Programme\",\"description\":\"The Creative Ireland Programme is guided by a vision that every person in Ireland will have the opportunity to realise their full creative potential. It is a five year all-of-Government initiative, from 2017 to 2022, to place creativity at the centre of public policy.\",\"potentialAction\":[{\"@type\":\"SearchAction\",\"target\":{\"@type\":\"EntryPoint\",\"urlTemplate\":\"https:\/\/www.creativeireland.gov.ie\/ga\/?s={search_term_string}\"},\"query-input\":{\"@type\":\"PropertyValueSpecification\",\"valueRequired\":true,\"valueName\":\"search_term_string\"}}],\"inLanguage\":\"ga-IE\"}]}<\/script>\n<!-- \/ Yoast SEO plugin. -->","yoast_head_json":{"title":"Better Words: A field guide to contemporary art and culture - Creative Ireland Programme","description":"Ar\ndheis agus misneach a thabhairt do dhaoine \u00f3ga idir ocht mbliana agus dh\u00e1\nbhliain d\u00e9ag d'aois eala\u00edn na linne seo a fhiosr\u00fa agus a scr\u00fad\u00fa de r\u00e9ir a meon\nf\u00e9in\u2026crutha\u00edonn siad teanga nua d\u00e1 gcuid f\u00e9in.","robots":{"index":"index","follow":"follow","max-snippet":"max-snippet:-1","max-image-preview":"max-image-preview:large","max-video-preview":"max-video-preview:-1"},"canonical":"https:\/\/www.creativeireland.gov.ie\/ga\/comhphairtithe\/better-words\/","og_locale":"ga_IE","og_type":"article","og_title":"Better Words: A field guide to contemporary art and culture - Creative Ireland Programme","og_description":"Ar dheis agus misneach a thabhairt do dhaoine \u00f3ga idir ocht mbliana agus dh\u00e1 bhliain d\u00e9ag d&#8217;aois eala\u00edn na linne seo a fhiosr\u00fa agus a scr\u00fad\u00fa de r\u00e9ir a meon f\u00e9in\u2026crutha\u00edonn siad teanga nua d\u00e1 gcuid f\u00e9in.&nbsp; Sin \u00e9 go d\u00edreach a thit amach nuair a thug EVA International, le c\u00fanamh taca \u00f3 \u00c9ire Ild\u00e1nach, [&hellip;]","og_url":"https:\/\/www.creativeireland.gov.ie\/ga\/comhphairtithe\/better-words\/","og_site_name":"Creative Ireland Programme","article_publisher":"https:\/\/www.facebook.com\/CreativeIrl\/","article_modified_time":"2020-01-06T15:30:15+00:00","og_image":[{"width":2400,"height":1800,"url":"https:\/\/www.creativeireland.gov.ie\/app\/uploads\/2020\/01\/Better-Words_IMMA-2.jpg","type":"image\/jpeg"}],"twitter_card":"summary_large_image","twitter_site":"@creativeirl","twitter_misc":{"Est. reading time":"4 minutes"},"schema":{"@context":"https:\/\/schema.org","@graph":[{"@type":"WebPage","@id":"https:\/\/www.creativeireland.gov.ie\/ga\/comhphairtithe\/better-words\/","url":"https:\/\/www.creativeireland.gov.ie\/ga\/comhphairtithe\/better-words\/","name":"Better Words: A field guide to contemporary art and culture - Creative Ireland Programme","isPartOf":{"@id":"https:\/\/www.creativeireland.gov.ie\/ga\/#website"},"primaryImageOfPage":{"@id":"https:\/\/www.creativeireland.gov.ie\/ga\/comhphairtithe\/better-words\/#primaryimage"},"image":{"@id":"https:\/\/www.creativeireland.gov.ie\/ga\/comhphairtithe\/better-words\/#primaryimage"},"thumbnailUrl":"https:\/\/www.creativeireland.gov.ie\/app\/uploads\/2020\/01\/Better-Words_IMMA-2.jpg","datePublished":"2020-01-06T11:24:25+00:00","dateModified":"2020-01-06T15:30:15+00:00","breadcrumb":{"@id":"https:\/\/www.creativeireland.gov.ie\/ga\/comhphairtithe\/better-words\/#breadcrumb"},"inLanguage":"ga-IE","potentialAction":[{"@type":"ReadAction","target":["https:\/\/www.creativeireland.gov.ie\/ga\/comhphairtithe\/better-words\/"]}]},{"@type":"ImageObject","inLanguage":"ga-IE","@id":"https:\/\/www.creativeireland.gov.ie\/ga\/comhphairtithe\/better-words\/#primaryimage","url":"https:\/\/www.creativeireland.gov.ie\/app\/uploads\/2020\/01\/Better-Words_IMMA-2.jpg","contentUrl":"https:\/\/www.creativeireland.gov.ie\/app\/uploads\/2020\/01\/Better-Words_IMMA-2.jpg","width":2400,"height":1800},{"@type":"BreadcrumbList","@id":"https:\/\/www.creativeireland.gov.ie\/ga\/comhphairtithe\/better-words\/#breadcrumb","itemListElement":[{"@type":"ListItem","position":1,"name":"Home","item":"https:\/\/www.creativeireland.gov.ie\/ga\/"},{"@type":"ListItem","position":2,"name":"Comhph\u00e1irt\u00edochta\u00ed","item":"https:\/\/www.creativeireland.gov.ie\/ga\/comhphairtithe\/"},{"@type":"ListItem","position":3,"name":"Better Words: A field guide to contemporary art and culture"}]},{"@type":"WebSite","@id":"https:\/\/www.creativeireland.gov.ie\/ga\/#website","url":"https:\/\/www.creativeireland.gov.ie\/ga\/","name":"Creative Ireland Programme","description":"The Creative Ireland Programme is guided by a vision that every person in Ireland will have the opportunity to realise their full creative potential. It is a five year all-of-Government initiative, from 2017 to 2022, to place creativity at the centre of public policy.","potentialAction":[{"@type":"SearchAction","target":{"@type":"EntryPoint","urlTemplate":"https:\/\/www.creativeireland.gov.ie\/ga\/?s={search_term_string}"},"query-input":{"@type":"PropertyValueSpecification","valueRequired":true,"valueName":"search_term_string"}}],"inLanguage":"ga-IE"}]}},"_links":{"self":[{"href":"https:\/\/www.creativeireland.gov.ie\/ga\/wp-json\/wp\/v2\/pages\/5114","targetHints":{"allow":["GET"]}}],"collection":[{"href":"https:\/\/www.creativeireland.gov.ie\/ga\/wp-json\/wp\/v2\/pages"}],"about":[{"href":"https:\/\/www.creativeireland.gov.ie\/ga\/wp-json\/wp\/v2\/types\/page"}],"author":[{"embeddable":true,"href":"https:\/\/www.creativeireland.gov.ie\/ga\/wp-json\/wp\/v2\/users\/1"}],"replies":[{"embeddable":true,"href":"https:\/\/www.creativeireland.gov.ie\/ga\/wp-json\/wp\/v2\/comments?post=5114"}],"version-history":[{"count":2,"href":"https:\/\/www.creativeireland.gov.ie\/ga\/wp-json\/wp\/v2\/pages\/5114\/revisions"}],"predecessor-version":[{"id":5152,"href":"https:\/\/www.creativeireland.gov.ie\/ga\/wp-json\/wp\/v2\/pages\/5114\/revisions\/5152"}],"up":[{"embeddable":true,"href":"https:\/\/www.creativeireland.gov.ie\/ga\/wp-json\/wp\/v2\/pages\/3357"}],"wp:featuredmedia":[{"embeddable":true,"href":"https:\/\/www.creativeireland.gov.ie\/ga\/wp-json\/wp\/v2\/media\/5105"}],"wp:attachment":[{"href":"https:\/\/www.creativeireland.gov.ie\/ga\/wp-json\/wp\/v2\/media?parent=5114"}],"curies":[{"name":"wp","href":"https:\/\/api.w.org\/{rel}","templated":true}]}}