{"id":5183,"date":"2020-01-06T15:53:21","date_gmt":"2020-01-06T15:53:21","guid":{"rendered":"https:\/\/prod-creativeireland.zestydev.com\/comhphairtithe\/glucksman-the-classroom-museum\/"},"modified":"2020-01-06T15:59:44","modified_gmt":"2020-01-06T15:59:44","slug":"glucksman-the-classroom-museum","status":"publish","type":"page","link":"https:\/\/www.creativeireland.gov.ie\/ga\/comhphairtithe\/glucksman-the-classroom-museum\/","title":{"rendered":"Glucksman The Classroom Museum"},"content":{"rendered":"\n<p><strong>An tIarsmalann sa Seomra Ranga.&nbsp; An Eala\u00edn Chomhaimseartha a thabhairt amach\nas an Iarsmalann isteach i Scoileanna Tuaithe<\/strong><\/p>\n\n\n\n<p>D\u00e1nlann\nGlucksman agus an Ciste N\u00e1isi\u00fanta Cruthaitheachta faoin gcl\u00e1r \u00c9ire Ild\u00e1nach is\nbun le Seomra Ranga na hIarsmalainne a fhorbairt, cl\u00e1r foghlama ag daoine \u00f3ga i\ndtr\u00ed cinn de scoileanna tuaithe i dTuaisceart Chorca\u00ed (Scoil N\u00e1isi\u00fanta\nGhleann\u00fair, Scoil N\u00e1isi\u00fanta Choill an Mhaign\u00e9araigh agus Scoil Bhr\u00edde, Rath\nChormaic) at\u00e1 bunaithe ar bhaili\u00fach\u00e1n suntasach Chol\u00e1iste na hOllscoile, Corcaigh\nde shaothair eala\u00edne comhaimseartha. <\/p>\n\n\n\n<p>Tr\u00ed shraith\nd&#8217;iasachta\u00ed gearrth\u00e9armacha agus de bhearta comharoibre, thug Seomra Ranga na\nhIarsmalainne deis do dhaoine \u00f3ga agus do mh\u00fainteoir\u00ed taitneamh a bhaint as\nsaothair eala\u00edne ina dtimpeallacht f\u00e9in.<\/p>\n\n\n\n<p><em>N\u00edor sh\u00edl m\u00e9 riamh agus m\u00e9 i mbun an tsaothair\nseo go gcuirf\u00ed ar taispe\u00e1int \u00e9 i seomra\u00ed ranga faoin tuath agus go\nspreagfa\u00ed&nbsp;cruthaitheacht i leana\u00ed leis<\/em>. Fiona Kelly, Eala\u00edont\u00f3ir<\/p>\n\n\n\n<p><a rel=\"noreferrer noopener\" aria-label=\" (opens in a new tab)\" href=\"http:\/\/www.glucksman.org\/projects\/the-classroom-museum\" target=\"_blank\">http:\/\/www.glucksman.org\/projects\/the-classroom-museum<\/a><\/p>\n\n\n\n<figure class=\"wp-block-image size-large\"><img loading=\"lazy\" decoding=\"async\" width=\"1024\" height=\"683\" src=\"https:\/\/www.creativeireland.gov.ie\/app\/uploads\/2020\/01\/2019_ClassroomMuseum_opening_33-1024x683.jpg\" alt=\"\" class=\"wp-image-5173\" srcset=\"https:\/\/www.creativeireland.gov.ie\/app\/uploads\/2020\/01\/2019_ClassroomMuseum_opening_33-1024x683.jpg 1024w, https:\/\/www.creativeireland.gov.ie\/app\/uploads\/2020\/01\/2019_ClassroomMuseum_opening_33-300x200.jpg 300w, https:\/\/www.creativeireland.gov.ie\/app\/uploads\/2020\/01\/2019_ClassroomMuseum_opening_33-768x512.jpg 768w, https:\/\/www.creativeireland.gov.ie\/app\/uploads\/2020\/01\/2019_ClassroomMuseum_opening_33-1536x1024.jpg 1536w, https:\/\/www.creativeireland.gov.ie\/app\/uploads\/2020\/01\/2019_ClassroomMuseum_opening_33-2048x1365.jpg 2048w\" sizes=\"auto, (max-width: 1024px) 100vw, 1024px\" \/><\/figure>\n\n\n\n<figure class=\"wp-block-image size-large\"><img loading=\"lazy\" decoding=\"async\" width=\"683\" height=\"1024\" src=\"https:\/\/www.creativeireland.gov.ie\/app\/uploads\/2020\/01\/2019_ClassroomMuseum_opening_66-683x1024.jpg\" alt=\"\" class=\"wp-image-5175\" srcset=\"https:\/\/www.creativeireland.gov.ie\/app\/uploads\/2020\/01\/2019_ClassroomMuseum_opening_66-683x1024.jpg 683w, https:\/\/www.creativeireland.gov.ie\/app\/uploads\/2020\/01\/2019_ClassroomMuseum_opening_66-200x300.jpg 200w, https:\/\/www.creativeireland.gov.ie\/app\/uploads\/2020\/01\/2019_ClassroomMuseum_opening_66-768x1152.jpg 768w, https:\/\/www.creativeireland.gov.ie\/app\/uploads\/2020\/01\/2019_ClassroomMuseum_opening_66-1024x1536.jpg 1024w, https:\/\/www.creativeireland.gov.ie\/app\/uploads\/2020\/01\/2019_ClassroomMuseum_opening_66-1365x2048.jpg 1365w, https:\/\/www.creativeireland.gov.ie\/app\/uploads\/2020\/01\/2019_ClassroomMuseum_opening_66-scaled.jpg 1707w\" sizes=\"auto, (max-width: 683px) 100vw, 683px\" \/><\/figure>\n","protected":false},"excerpt":{"rendered":"<p>An tIarsmalann sa Seomra Ranga.&nbsp; An Eala\u00edn Chomhaimseartha a thabhairt amach as an Iarsmalann isteach i Scoileanna Tuaithe D\u00e1nlann Glucksman agus an Ciste N\u00e1isi\u00fanta Cruthaitheachta faoin gcl\u00e1r \u00c9ire Ild\u00e1nach is bun le Seomra Ranga na hIarsmalainne a fhorbairt, cl\u00e1r foghlama ag daoine \u00f3ga i dtr\u00ed cinn de scoileanna tuaithe i dTuaisceart Chorca\u00ed (Scoil N\u00e1isi\u00fanta Ghleann\u00fair, [&hellip;]<\/p>\n","protected":false},"author":1,"featured_media":5174,"parent":3357,"menu_order":0,"comment_status":"closed","ping_status":"closed","template":"page-basic-content.php","meta":{"footnotes":""},"class_list":["post-5183","page","type-page","status-publish","has-post-thumbnail","hentry"],"acf":[],"yoast_head":"<!-- This site is optimized with the Yoast SEO plugin v25.9 - https:\/\/yoast.com\/wordpress\/plugins\/seo\/ -->\n<title>Glucksman The Classroom Museum - Creative Ireland Programme<\/title>\n<meta name=\"description\" content=\"An tIarsmalann sa Seomra Ranga.\" \/>\n<meta name=\"robots\" content=\"index, follow, max-snippet:-1, max-image-preview:large, max-video-preview:-1\" \/>\n<link rel=\"canonical\" href=\"https:\/\/www.creativeireland.gov.ie\/ga\/comhphairtithe\/glucksman-the-classroom-museum\/\" \/>\n<meta property=\"og:locale\" content=\"ga_IE\" \/>\n<meta property=\"og:type\" content=\"article\" \/>\n<meta property=\"og:title\" content=\"Glucksman The Classroom Museum - Creative Ireland Programme\" \/>\n<meta property=\"og:description\" content=\"An tIarsmalann sa Seomra Ranga.&nbsp; An Eala\u00edn Chomhaimseartha a thabhairt amach as an Iarsmalann isteach i Scoileanna Tuaithe D\u00e1nlann Glucksman agus an Ciste N\u00e1isi\u00fanta Cruthaitheachta faoin gcl\u00e1r \u00c9ire Ild\u00e1nach is bun le Seomra Ranga na hIarsmalainne a fhorbairt, cl\u00e1r foghlama ag daoine \u00f3ga i dtr\u00ed cinn de scoileanna tuaithe i dTuaisceart Chorca\u00ed (Scoil N\u00e1isi\u00fanta Ghleann\u00fair, [&hellip;]\" \/>\n<meta property=\"og:url\" content=\"https:\/\/www.creativeireland.gov.ie\/ga\/comhphairtithe\/glucksman-the-classroom-museum\/\" \/>\n<meta property=\"og:site_name\" content=\"Creative Ireland Programme\" \/>\n<meta property=\"article:publisher\" content=\"https:\/\/www.facebook.com\/CreativeIrl\/\" \/>\n<meta property=\"article:modified_time\" content=\"2020-01-06T15:59:44+00:00\" \/>\n<meta property=\"og:image\" content=\"https:\/\/www.creativeireland.gov.ie\/app\/uploads\/2020\/01\/2019_ClassroomMuseum_opening_33.jpg\" \/>\n\t<meta property=\"og:image:width\" content=\"2560\" \/>\n\t<meta property=\"og:image:height\" content=\"1707\" \/>\n\t<meta property=\"og:image:type\" content=\"image\/jpeg\" \/>\n<meta name=\"twitter:card\" content=\"summary_large_image\" \/>\n<meta name=\"twitter:site\" content=\"@creativeirl\" \/>\n<meta name=\"twitter:label1\" content=\"Est. reading time\" \/>\n\t<meta name=\"twitter:data1\" content=\"1 minute\" \/>\n<script type=\"application\/ld+json\" class=\"yoast-schema-graph\">{\"@context\":\"https:\/\/schema.org\",\"@graph\":[{\"@type\":\"WebPage\",\"@id\":\"https:\/\/www.creativeireland.gov.ie\/ga\/comhphairtithe\/glucksman-the-classroom-museum\/\",\"url\":\"https:\/\/www.creativeireland.gov.ie\/ga\/comhphairtithe\/glucksman-the-classroom-museum\/\",\"name\":\"Glucksman The Classroom Museum - Creative Ireland Programme\",\"isPartOf\":{\"@id\":\"https:\/\/www.creativeireland.gov.ie\/ga\/#website\"},\"primaryImageOfPage\":{\"@id\":\"https:\/\/www.creativeireland.gov.ie\/ga\/comhphairtithe\/glucksman-the-classroom-museum\/#primaryimage\"},\"image\":{\"@id\":\"https:\/\/www.creativeireland.gov.ie\/ga\/comhphairtithe\/glucksman-the-classroom-museum\/#primaryimage\"},\"thumbnailUrl\":\"https:\/\/www.creativeireland.gov.ie\/app\/uploads\/2020\/01\/2019_ClassroomMuseum_opening_33.jpg\",\"datePublished\":\"2020-01-06T15:53:21+00:00\",\"dateModified\":\"2020-01-06T15:59:44+00:00\",\"breadcrumb\":{\"@id\":\"https:\/\/www.creativeireland.gov.ie\/ga\/comhphairtithe\/glucksman-the-classroom-museum\/#breadcrumb\"},\"inLanguage\":\"ga-IE\",\"potentialAction\":[{\"@type\":\"ReadAction\",\"target\":[\"https:\/\/www.creativeireland.gov.ie\/ga\/comhphairtithe\/glucksman-the-classroom-museum\/\"]}]},{\"@type\":\"ImageObject\",\"inLanguage\":\"ga-IE\",\"@id\":\"https:\/\/www.creativeireland.gov.ie\/ga\/comhphairtithe\/glucksman-the-classroom-museum\/#primaryimage\",\"url\":\"https:\/\/www.creativeireland.gov.ie\/app\/uploads\/2020\/01\/2019_ClassroomMuseum_opening_33.jpg\",\"contentUrl\":\"https:\/\/www.creativeireland.gov.ie\/app\/uploads\/2020\/01\/2019_ClassroomMuseum_opening_33.jpg\",\"width\":2560,\"height\":1707},{\"@type\":\"BreadcrumbList\",\"@id\":\"https:\/\/www.creativeireland.gov.ie\/ga\/comhphairtithe\/glucksman-the-classroom-museum\/#breadcrumb\",\"itemListElement\":[{\"@type\":\"ListItem\",\"position\":1,\"name\":\"Home\",\"item\":\"https:\/\/www.creativeireland.gov.ie\/ga\/\"},{\"@type\":\"ListItem\",\"position\":2,\"name\":\"Comhph\u00e1irt\u00edochta\u00ed\",\"item\":\"https:\/\/www.creativeireland.gov.ie\/ga\/comhphairtithe\/\"},{\"@type\":\"ListItem\",\"position\":3,\"name\":\"Glucksman The Classroom Museum\"}]},{\"@type\":\"WebSite\",\"@id\":\"https:\/\/www.creativeireland.gov.ie\/ga\/#website\",\"url\":\"https:\/\/www.creativeireland.gov.ie\/ga\/\",\"name\":\"Creative Ireland Programme\",\"description\":\"The Creative Ireland Programme is guided by a vision that every person in Ireland will have the opportunity to realise their full creative potential. It is a five year all-of-Government initiative, from 2017 to 2022, to place creativity at the centre of public policy.\",\"potentialAction\":[{\"@type\":\"SearchAction\",\"target\":{\"@type\":\"EntryPoint\",\"urlTemplate\":\"https:\/\/www.creativeireland.gov.ie\/ga\/?s={search_term_string}\"},\"query-input\":{\"@type\":\"PropertyValueSpecification\",\"valueRequired\":true,\"valueName\":\"search_term_string\"}}],\"inLanguage\":\"ga-IE\"}]}<\/script>\n<!-- \/ Yoast SEO plugin. -->","yoast_head_json":{"title":"Glucksman The Classroom Museum - Creative Ireland Programme","description":"An tIarsmalann sa Seomra Ranga.","robots":{"index":"index","follow":"follow","max-snippet":"max-snippet:-1","max-image-preview":"max-image-preview:large","max-video-preview":"max-video-preview:-1"},"canonical":"https:\/\/www.creativeireland.gov.ie\/ga\/comhphairtithe\/glucksman-the-classroom-museum\/","og_locale":"ga_IE","og_type":"article","og_title":"Glucksman The Classroom Museum - Creative Ireland Programme","og_description":"An tIarsmalann sa Seomra Ranga.&nbsp; An Eala\u00edn Chomhaimseartha a thabhairt amach as an Iarsmalann isteach i Scoileanna Tuaithe D\u00e1nlann Glucksman agus an Ciste N\u00e1isi\u00fanta Cruthaitheachta faoin gcl\u00e1r \u00c9ire Ild\u00e1nach is bun le Seomra Ranga na hIarsmalainne a fhorbairt, cl\u00e1r foghlama ag daoine \u00f3ga i dtr\u00ed cinn de scoileanna tuaithe i dTuaisceart Chorca\u00ed (Scoil N\u00e1isi\u00fanta Ghleann\u00fair, [&hellip;]","og_url":"https:\/\/www.creativeireland.gov.ie\/ga\/comhphairtithe\/glucksman-the-classroom-museum\/","og_site_name":"Creative Ireland Programme","article_publisher":"https:\/\/www.facebook.com\/CreativeIrl\/","article_modified_time":"2020-01-06T15:59:44+00:00","og_image":[{"width":2560,"height":1707,"url":"https:\/\/www.creativeireland.gov.ie\/app\/uploads\/2020\/01\/2019_ClassroomMuseum_opening_33.jpg","type":"image\/jpeg"}],"twitter_card":"summary_large_image","twitter_site":"@creativeirl","twitter_misc":{"Est. reading time":"1 minute"},"schema":{"@context":"https:\/\/schema.org","@graph":[{"@type":"WebPage","@id":"https:\/\/www.creativeireland.gov.ie\/ga\/comhphairtithe\/glucksman-the-classroom-museum\/","url":"https:\/\/www.creativeireland.gov.ie\/ga\/comhphairtithe\/glucksman-the-classroom-museum\/","name":"Glucksman The Classroom Museum - Creative Ireland Programme","isPartOf":{"@id":"https:\/\/www.creativeireland.gov.ie\/ga\/#website"},"primaryImageOfPage":{"@id":"https:\/\/www.creativeireland.gov.ie\/ga\/comhphairtithe\/glucksman-the-classroom-museum\/#primaryimage"},"image":{"@id":"https:\/\/www.creativeireland.gov.ie\/ga\/comhphairtithe\/glucksman-the-classroom-museum\/#primaryimage"},"thumbnailUrl":"https:\/\/www.creativeireland.gov.ie\/app\/uploads\/2020\/01\/2019_ClassroomMuseum_opening_33.jpg","datePublished":"2020-01-06T15:53:21+00:00","dateModified":"2020-01-06T15:59:44+00:00","breadcrumb":{"@id":"https:\/\/www.creativeireland.gov.ie\/ga\/comhphairtithe\/glucksman-the-classroom-museum\/#breadcrumb"},"inLanguage":"ga-IE","potentialAction":[{"@type":"ReadAction","target":["https:\/\/www.creativeireland.gov.ie\/ga\/comhphairtithe\/glucksman-the-classroom-museum\/"]}]},{"@type":"ImageObject","inLanguage":"ga-IE","@id":"https:\/\/www.creativeireland.gov.ie\/ga\/comhphairtithe\/glucksman-the-classroom-museum\/#primaryimage","url":"https:\/\/www.creativeireland.gov.ie\/app\/uploads\/2020\/01\/2019_ClassroomMuseum_opening_33.jpg","contentUrl":"https:\/\/www.creativeireland.gov.ie\/app\/uploads\/2020\/01\/2019_ClassroomMuseum_opening_33.jpg","width":2560,"height":1707},{"@type":"BreadcrumbList","@id":"https:\/\/www.creativeireland.gov.ie\/ga\/comhphairtithe\/glucksman-the-classroom-museum\/#breadcrumb","itemListElement":[{"@type":"ListItem","position":1,"name":"Home","item":"https:\/\/www.creativeireland.gov.ie\/ga\/"},{"@type":"ListItem","position":2,"name":"Comhph\u00e1irt\u00edochta\u00ed","item":"https:\/\/www.creativeireland.gov.ie\/ga\/comhphairtithe\/"},{"@type":"ListItem","position":3,"name":"Glucksman The Classroom Museum"}]},{"@type":"WebSite","@id":"https:\/\/www.creativeireland.gov.ie\/ga\/#website","url":"https:\/\/www.creativeireland.gov.ie\/ga\/","name":"Creative Ireland Programme","description":"The Creative Ireland Programme is guided by a vision that every person in Ireland will have the opportunity to realise their full creative potential. It is a five year all-of-Government initiative, from 2017 to 2022, to place creativity at the centre of public policy.","potentialAction":[{"@type":"SearchAction","target":{"@type":"EntryPoint","urlTemplate":"https:\/\/www.creativeireland.gov.ie\/ga\/?s={search_term_string}"},"query-input":{"@type":"PropertyValueSpecification","valueRequired":true,"valueName":"search_term_string"}}],"inLanguage":"ga-IE"}]}},"_links":{"self":[{"href":"https:\/\/www.creativeireland.gov.ie\/ga\/wp-json\/wp\/v2\/pages\/5183","targetHints":{"allow":["GET"]}}],"collection":[{"href":"https:\/\/www.creativeireland.gov.ie\/ga\/wp-json\/wp\/v2\/pages"}],"about":[{"href":"https:\/\/www.creativeireland.gov.ie\/ga\/wp-json\/wp\/v2\/types\/page"}],"author":[{"embeddable":true,"href":"https:\/\/www.creativeireland.gov.ie\/ga\/wp-json\/wp\/v2\/users\/1"}],"replies":[{"embeddable":true,"href":"https:\/\/www.creativeireland.gov.ie\/ga\/wp-json\/wp\/v2\/comments?post=5183"}],"version-history":[{"count":2,"href":"https:\/\/www.creativeireland.gov.ie\/ga\/wp-json\/wp\/v2\/pages\/5183\/revisions"}],"predecessor-version":[{"id":5185,"href":"https:\/\/www.creativeireland.gov.ie\/ga\/wp-json\/wp\/v2\/pages\/5183\/revisions\/5185"}],"up":[{"embeddable":true,"href":"https:\/\/www.creativeireland.gov.ie\/ga\/wp-json\/wp\/v2\/pages\/3357"}],"wp:featuredmedia":[{"embeddable":true,"href":"https:\/\/www.creativeireland.gov.ie\/ga\/wp-json\/wp\/v2\/media\/5174"}],"wp:attachment":[{"href":"https:\/\/www.creativeireland.gov.ie\/ga\/wp-json\/wp\/v2\/media?parent=5183"}],"curies":[{"name":"wp","href":"https:\/\/api.w.org\/{rel}","templated":true}]}}