{"id":5289,"date":"2020-01-07T07:35:57","date_gmt":"2020-01-07T07:35:57","guid":{"rendered":"https:\/\/prod-creativeireland.zestydev.com\/comhphairtithe\/other-peoples-practices\/"},"modified":"2020-01-07T07:39:28","modified_gmt":"2020-01-07T07:39:28","slug":"other-peoples-practices","status":"publish","type":"page","link":"https:\/\/www.creativeireland.gov.ie\/ga\/comhphairtithe\/other-peoples-practices\/","title":{"rendered":"Other People\u2019s Practices"},"content":{"rendered":"\n<p><em>Other\nPeople\u2019s Practices<\/em>: Tr\u00e9imhs\u00ed c\u00f3naithe ag\neala\u00edont\u00f3ir\u00ed&nbsp; le hothair lae \u00f3n bPr\u00edomh-Ospid\u00e9al Meabhairghalair <\/p>\n\n\n\n<p>T\u00e1\nt\u00e1bhacht leis an socr\u00fach\u00e1n c\u00f3naithe seo, faoi sti\u00fair an eala\u00edont\u00f3ra John Conway,\nn\u00ed&nbsp;amh\u00e1in mar gheall ar na tionscadail ar thug tri\u00far eala\u00edont\u00f3ir\u00ed f\u00fathu\nagus iad ag obair go d\u00edreach le roinnt de na daoine is m\u00f3 at\u00e1 i mbaol, ach mar\ngheall freisin ar a bhfuil i gceist maidir le tionscadail chruthaitheachta a\nthabhairt i gcr\u00edch leis an earn\u00e1il seo san am at\u00e1 romhainn.<\/p>\n\n\n\n<p>Chonacthas\nd&#8217;\u00c9ire Ild\u00e1nach go bhf\u00e9adfadh bunt\u00e1iste a bheith go fadt\u00e9armach leis an\ntionscadal nuair a tugadh c\u00fanamh taca don chl\u00e1r p\u00edol\u00f3tach maidir le socr\u00fach\u00e1n\nc\u00f3naithe ag eala\u00edont\u00f3ir\u00ed i gClinic Oile\u00e1n Uis\u00e9ir, ionad lae pobail de chuid na\nSeirbh\u00edse N\u00e1isi\u00fanta Meabhairshl\u00e1inte F\u00f3ir\u00e9ins\u00ed. &nbsp;B\u00edonn an t-ionad sin in \u00fas\u00e1id ag othair reatha\nde chuid an Phr\u00edomhospid\u00e9il Meabhairghalair at\u00e1 ar shaoire lae \u00f3&nbsp;fhearann\nan ospid\u00e9il sin agus iar-\u00fas\u00e1ideoir\u00ed seirbh\u00edse at\u00e1 ag maireacht\u00e1il le c\u00fanamh i\nmeasc an phobail.<\/p>\n\n\n\n<p>Thug\ntri\u00far eala\u00edont\u00f3ir\u00ed&nbsp;faoi thr\u00ed&nbsp;thr\u00e9imhse c\u00f3naithe ceithre mh\u00ed faoi\nleith in imeacht 15 m\u00ed in ionad c\u00faraim Oile\u00e1n Uis\u00e9ir.&nbsp; Toghadh na heala\u00edont\u00f3ir\u00ed a roghna\u00edodh don\nobair in Oile\u00e1n Uis\u00e9ir mar gheall gur dh\u00edrigh siad ina gcuid saothair\nghairmi\u00fail roimhe seo ar phr\u00f3isis an chomhair, ar cheangal le gn\u00e9ithe s\u00f3isialta\nagus ar shaothair eala\u00edne g\u00e9arch\u00faiseacha neamhsple\u00e1cha d&#8217;ardchaighde\u00e1n a\ncheapadh.<\/p>\n\n\n\n<p>Tionscadal\ntrialach dian \u00e9 seo, ag tac\u00fa le daoine aonair a bhfuil deacrachta\u00ed casta acu.\nD\u2019fh\u00e9adfadh toradh dearfach a bheadh ar an tionscadail seo tionchar ollmh\u00f3r a\nbheith aige ar na polasaithe a bhaineann le cuid den daonra at\u00e1 go h\u00e1irithe\nfaoi mh\u00edbhunt\u00e1iste. <\/p>\n\n\n\n<p>Cuireann \u00c9ire Ild\u00e1nach cist\u00ed ar f\u00e1il do <em>Other People\u2019s Practices<\/em> ar comhar p\u00e1irtn\u00e9ireachta at\u00e1 ann idir \u00a0an Col\u00e1iste N\u00e1isi\u00fanta Eala\u00edne agus Dearth\u00f3ireachta, an tSeirbh\u00eds N\u00e1isi\u00fanta Meabhairshl\u00e1inte F\u00f3ir\u00e9ins\u00ed agus <em>Waterford Healing Arts Trust<\/em>.<\/p>\n\n\n\n<figure class=\"wp-block-image size-large\"><img loading=\"lazy\" decoding=\"async\" width=\"1024\" height=\"805\" src=\"https:\/\/www.creativeireland.gov.ie\/app\/uploads\/2020\/01\/other-peoples-practices-1-1024x805.jpg\" alt=\"\" class=\"wp-image-5278\" srcset=\"https:\/\/www.creativeireland.gov.ie\/app\/uploads\/2020\/01\/other-peoples-practices-1-1024x805.jpg 1024w, https:\/\/www.creativeireland.gov.ie\/app\/uploads\/2020\/01\/other-peoples-practices-1-300x236.jpg 300w, https:\/\/www.creativeireland.gov.ie\/app\/uploads\/2020\/01\/other-peoples-practices-1-768x604.jpg 768w, https:\/\/www.creativeireland.gov.ie\/app\/uploads\/2020\/01\/other-peoples-practices-1-1536x1207.jpg 1536w, https:\/\/www.creativeireland.gov.ie\/app\/uploads\/2020\/01\/other-peoples-practices-1-2048x1609.jpg 2048w\" sizes=\"auto, (max-width: 1024px) 100vw, 1024px\" \/><\/figure>\n\n\n\n<figure class=\"wp-block-image size-large\"><img loading=\"lazy\" decoding=\"async\" width=\"1024\" height=\"551\" src=\"https:\/\/www.creativeireland.gov.ie\/app\/uploads\/2020\/01\/other-peoples-practices-2-1024x551.jpg\" alt=\"\" class=\"wp-image-5280\" srcset=\"https:\/\/www.creativeireland.gov.ie\/app\/uploads\/2020\/01\/other-peoples-practices-2-1024x551.jpg 1024w, https:\/\/www.creativeireland.gov.ie\/app\/uploads\/2020\/01\/other-peoples-practices-2-300x162.jpg 300w, https:\/\/www.creativeireland.gov.ie\/app\/uploads\/2020\/01\/other-peoples-practices-2-768x414.jpg 768w, https:\/\/www.creativeireland.gov.ie\/app\/uploads\/2020\/01\/other-peoples-practices-2-1536x827.jpg 1536w, https:\/\/www.creativeireland.gov.ie\/app\/uploads\/2020\/01\/other-peoples-practices-2-2048x1103.jpg 2048w\" sizes=\"auto, (max-width: 1024px) 100vw, 1024px\" \/><\/figure>\n","protected":false},"excerpt":{"rendered":"<p>Other People\u2019s Practices: Tr\u00e9imhs\u00ed c\u00f3naithe ag eala\u00edont\u00f3ir\u00ed&nbsp; le hothair lae \u00f3n bPr\u00edomh-Ospid\u00e9al Meabhairghalair T\u00e1 t\u00e1bhacht leis an socr\u00fach\u00e1n c\u00f3naithe seo, faoi sti\u00fair an eala\u00edont\u00f3ra John Conway, n\u00ed&nbsp;amh\u00e1in mar gheall ar na tionscadail ar thug tri\u00far eala\u00edont\u00f3ir\u00ed f\u00fathu agus iad ag obair go d\u00edreach le roinnt de na daoine is m\u00f3 at\u00e1 i mbaol, ach mar [&hellip;]<\/p>\n","protected":false},"author":1,"featured_media":5279,"parent":3357,"menu_order":0,"comment_status":"closed","ping_status":"closed","template":"page-basic-content.php","meta":{"footnotes":""},"class_list":["post-5289","page","type-page","status-publish","has-post-thumbnail","hentry"],"acf":[],"yoast_head":"<!-- This site is optimized with the Yoast SEO plugin v25.9 - https:\/\/yoast.com\/wordpress\/plugins\/seo\/ -->\n<title>Other People\u2019s Practices - Creative Ireland Programme<\/title>\n<meta name=\"description\" content=\"Other\nPeople\u2019s Practices: Tr\u00e9imhs\u00ed c\u00f3naithe ag\neala\u00edont\u00f3ir\u00ed&nbsp; le hothair lae \u00f3n bPr\u00edomh-Ospid\u00e9al Meabhairghalair \n\n\n\nT\u00e1\nt\u00e1bhacht leis an socr\u00fach\u00e1n c\u00f3naithe seo, faoi sti\u00fair an eala\u00edont\u00f3ra John Conway,\nn\u00ed&nbsp;amh\u00e1in mar gheall ar na tionscadail ar thug tri\u00far eala\u00edont\u00f3ir\u00ed f\u00fathu\nagus iad ag obair go d\u00edreach le roinnt de na daoine is m\u00f3 at\u00e1 i mbaol, ach mar\ngheall freisin ar a bhfuil i gceist maidir le tionscadail chruthaitheachta a\nthabhairt i gcr\u00edch leis an earn\u00e1il seo san am at\u00e1 romhainn.\" \/>\n<meta name=\"robots\" content=\"index, follow, max-snippet:-1, max-image-preview:large, max-video-preview:-1\" \/>\n<link rel=\"canonical\" href=\"https:\/\/www.creativeireland.gov.ie\/ga\/comhphairtithe\/other-peoples-practices\/\" \/>\n<meta property=\"og:locale\" content=\"ga_IE\" \/>\n<meta property=\"og:type\" content=\"article\" \/>\n<meta property=\"og:title\" content=\"Other People\u2019s Practices - Creative Ireland Programme\" \/>\n<meta property=\"og:description\" content=\"Other People\u2019s Practices: Tr\u00e9imhs\u00ed c\u00f3naithe ag eala\u00edont\u00f3ir\u00ed&nbsp; le hothair lae \u00f3n bPr\u00edomh-Ospid\u00e9al Meabhairghalair T\u00e1 t\u00e1bhacht leis an socr\u00fach\u00e1n c\u00f3naithe seo, faoi sti\u00fair an eala\u00edont\u00f3ra John Conway, n\u00ed&nbsp;amh\u00e1in mar gheall ar na tionscadail ar thug tri\u00far eala\u00edont\u00f3ir\u00ed f\u00fathu agus iad ag obair go d\u00edreach le roinnt de na daoine is m\u00f3 at\u00e1 i mbaol, ach mar [&hellip;]\" \/>\n<meta property=\"og:url\" content=\"https:\/\/www.creativeireland.gov.ie\/ga\/comhphairtithe\/other-peoples-practices\/\" \/>\n<meta property=\"og:site_name\" content=\"Creative Ireland Programme\" \/>\n<meta property=\"article:publisher\" content=\"https:\/\/www.facebook.com\/CreativeIrl\/\" \/>\n<meta property=\"article:modified_time\" content=\"2020-01-07T07:39:28+00:00\" \/>\n<meta property=\"og:image\" content=\"https:\/\/www.creativeireland.gov.ie\/app\/uploads\/2020\/01\/other-peoples-practices-1.jpg\" \/>\n\t<meta property=\"og:image:width\" content=\"2255\" \/>\n\t<meta property=\"og:image:height\" content=\"1772\" \/>\n\t<meta property=\"og:image:type\" content=\"image\/jpeg\" \/>\n<meta name=\"twitter:card\" content=\"summary_large_image\" \/>\n<meta name=\"twitter:site\" content=\"@creativeirl\" \/>\n<meta name=\"twitter:label1\" content=\"Est. reading time\" \/>\n\t<meta name=\"twitter:data1\" content=\"2 minutes\" \/>\n<script type=\"application\/ld+json\" class=\"yoast-schema-graph\">{\"@context\":\"https:\/\/schema.org\",\"@graph\":[{\"@type\":\"WebPage\",\"@id\":\"https:\/\/www.creativeireland.gov.ie\/ga\/comhphairtithe\/other-peoples-practices\/\",\"url\":\"https:\/\/www.creativeireland.gov.ie\/ga\/comhphairtithe\/other-peoples-practices\/\",\"name\":\"Other People\u2019s Practices - Creative Ireland Programme\",\"isPartOf\":{\"@id\":\"https:\/\/www.creativeireland.gov.ie\/ga\/#website\"},\"primaryImageOfPage\":{\"@id\":\"https:\/\/www.creativeireland.gov.ie\/ga\/comhphairtithe\/other-peoples-practices\/#primaryimage\"},\"image\":{\"@id\":\"https:\/\/www.creativeireland.gov.ie\/ga\/comhphairtithe\/other-peoples-practices\/#primaryimage\"},\"thumbnailUrl\":\"https:\/\/www.creativeireland.gov.ie\/app\/uploads\/2020\/01\/other-peoples-practices-1.jpg\",\"datePublished\":\"2020-01-07T07:35:57+00:00\",\"dateModified\":\"2020-01-07T07:39:28+00:00\",\"breadcrumb\":{\"@id\":\"https:\/\/www.creativeireland.gov.ie\/ga\/comhphairtithe\/other-peoples-practices\/#breadcrumb\"},\"inLanguage\":\"ga-IE\",\"potentialAction\":[{\"@type\":\"ReadAction\",\"target\":[\"https:\/\/www.creativeireland.gov.ie\/ga\/comhphairtithe\/other-peoples-practices\/\"]}]},{\"@type\":\"ImageObject\",\"inLanguage\":\"ga-IE\",\"@id\":\"https:\/\/www.creativeireland.gov.ie\/ga\/comhphairtithe\/other-peoples-practices\/#primaryimage\",\"url\":\"https:\/\/www.creativeireland.gov.ie\/app\/uploads\/2020\/01\/other-peoples-practices-1.jpg\",\"contentUrl\":\"https:\/\/www.creativeireland.gov.ie\/app\/uploads\/2020\/01\/other-peoples-practices-1.jpg\",\"width\":2255,\"height\":1772},{\"@type\":\"BreadcrumbList\",\"@id\":\"https:\/\/www.creativeireland.gov.ie\/ga\/comhphairtithe\/other-peoples-practices\/#breadcrumb\",\"itemListElement\":[{\"@type\":\"ListItem\",\"position\":1,\"name\":\"Home\",\"item\":\"https:\/\/www.creativeireland.gov.ie\/ga\/\"},{\"@type\":\"ListItem\",\"position\":2,\"name\":\"Comhph\u00e1irt\u00edochta\u00ed\",\"item\":\"https:\/\/www.creativeireland.gov.ie\/ga\/comhphairtithe\/\"},{\"@type\":\"ListItem\",\"position\":3,\"name\":\"Other People\u2019s Practices\"}]},{\"@type\":\"WebSite\",\"@id\":\"https:\/\/www.creativeireland.gov.ie\/ga\/#website\",\"url\":\"https:\/\/www.creativeireland.gov.ie\/ga\/\",\"name\":\"Creative Ireland Programme\",\"description\":\"The Creative Ireland Programme is guided by a vision that every person in Ireland will have the opportunity to realise their full creative potential. It is a five year all-of-Government initiative, from 2017 to 2022, to place creativity at the centre of public policy.\",\"potentialAction\":[{\"@type\":\"SearchAction\",\"target\":{\"@type\":\"EntryPoint\",\"urlTemplate\":\"https:\/\/www.creativeireland.gov.ie\/ga\/?s={search_term_string}\"},\"query-input\":{\"@type\":\"PropertyValueSpecification\",\"valueRequired\":true,\"valueName\":\"search_term_string\"}}],\"inLanguage\":\"ga-IE\"}]}<\/script>\n<!-- \/ Yoast SEO plugin. -->","yoast_head_json":{"title":"Other People\u2019s Practices - Creative Ireland Programme","description":"Other\nPeople\u2019s Practices: Tr\u00e9imhs\u00ed c\u00f3naithe ag\neala\u00edont\u00f3ir\u00ed&nbsp; le hothair lae \u00f3n bPr\u00edomh-Ospid\u00e9al Meabhairghalair \n\n\n\nT\u00e1\nt\u00e1bhacht leis an socr\u00fach\u00e1n c\u00f3naithe seo, faoi sti\u00fair an eala\u00edont\u00f3ra John Conway,\nn\u00ed&nbsp;amh\u00e1in mar gheall ar na tionscadail ar thug tri\u00far eala\u00edont\u00f3ir\u00ed f\u00fathu\nagus iad ag obair go d\u00edreach le roinnt de na daoine is m\u00f3 at\u00e1 i mbaol, ach mar\ngheall freisin ar a bhfuil i gceist maidir le tionscadail chruthaitheachta a\nthabhairt i gcr\u00edch leis an earn\u00e1il seo san am at\u00e1 romhainn.","robots":{"index":"index","follow":"follow","max-snippet":"max-snippet:-1","max-image-preview":"max-image-preview:large","max-video-preview":"max-video-preview:-1"},"canonical":"https:\/\/www.creativeireland.gov.ie\/ga\/comhphairtithe\/other-peoples-practices\/","og_locale":"ga_IE","og_type":"article","og_title":"Other People\u2019s Practices - Creative Ireland Programme","og_description":"Other People\u2019s Practices: Tr\u00e9imhs\u00ed c\u00f3naithe ag eala\u00edont\u00f3ir\u00ed&nbsp; le hothair lae \u00f3n bPr\u00edomh-Ospid\u00e9al Meabhairghalair T\u00e1 t\u00e1bhacht leis an socr\u00fach\u00e1n c\u00f3naithe seo, faoi sti\u00fair an eala\u00edont\u00f3ra John Conway, n\u00ed&nbsp;amh\u00e1in mar gheall ar na tionscadail ar thug tri\u00far eala\u00edont\u00f3ir\u00ed f\u00fathu agus iad ag obair go d\u00edreach le roinnt de na daoine is m\u00f3 at\u00e1 i mbaol, ach mar [&hellip;]","og_url":"https:\/\/www.creativeireland.gov.ie\/ga\/comhphairtithe\/other-peoples-practices\/","og_site_name":"Creative Ireland Programme","article_publisher":"https:\/\/www.facebook.com\/CreativeIrl\/","article_modified_time":"2020-01-07T07:39:28+00:00","og_image":[{"width":2255,"height":1772,"url":"https:\/\/www.creativeireland.gov.ie\/app\/uploads\/2020\/01\/other-peoples-practices-1.jpg","type":"image\/jpeg"}],"twitter_card":"summary_large_image","twitter_site":"@creativeirl","twitter_misc":{"Est. reading time":"2 minutes"},"schema":{"@context":"https:\/\/schema.org","@graph":[{"@type":"WebPage","@id":"https:\/\/www.creativeireland.gov.ie\/ga\/comhphairtithe\/other-peoples-practices\/","url":"https:\/\/www.creativeireland.gov.ie\/ga\/comhphairtithe\/other-peoples-practices\/","name":"Other People\u2019s Practices - Creative Ireland Programme","isPartOf":{"@id":"https:\/\/www.creativeireland.gov.ie\/ga\/#website"},"primaryImageOfPage":{"@id":"https:\/\/www.creativeireland.gov.ie\/ga\/comhphairtithe\/other-peoples-practices\/#primaryimage"},"image":{"@id":"https:\/\/www.creativeireland.gov.ie\/ga\/comhphairtithe\/other-peoples-practices\/#primaryimage"},"thumbnailUrl":"https:\/\/www.creativeireland.gov.ie\/app\/uploads\/2020\/01\/other-peoples-practices-1.jpg","datePublished":"2020-01-07T07:35:57+00:00","dateModified":"2020-01-07T07:39:28+00:00","breadcrumb":{"@id":"https:\/\/www.creativeireland.gov.ie\/ga\/comhphairtithe\/other-peoples-practices\/#breadcrumb"},"inLanguage":"ga-IE","potentialAction":[{"@type":"ReadAction","target":["https:\/\/www.creativeireland.gov.ie\/ga\/comhphairtithe\/other-peoples-practices\/"]}]},{"@type":"ImageObject","inLanguage":"ga-IE","@id":"https:\/\/www.creativeireland.gov.ie\/ga\/comhphairtithe\/other-peoples-practices\/#primaryimage","url":"https:\/\/www.creativeireland.gov.ie\/app\/uploads\/2020\/01\/other-peoples-practices-1.jpg","contentUrl":"https:\/\/www.creativeireland.gov.ie\/app\/uploads\/2020\/01\/other-peoples-practices-1.jpg","width":2255,"height":1772},{"@type":"BreadcrumbList","@id":"https:\/\/www.creativeireland.gov.ie\/ga\/comhphairtithe\/other-peoples-practices\/#breadcrumb","itemListElement":[{"@type":"ListItem","position":1,"name":"Home","item":"https:\/\/www.creativeireland.gov.ie\/ga\/"},{"@type":"ListItem","position":2,"name":"Comhph\u00e1irt\u00edochta\u00ed","item":"https:\/\/www.creativeireland.gov.ie\/ga\/comhphairtithe\/"},{"@type":"ListItem","position":3,"name":"Other People\u2019s Practices"}]},{"@type":"WebSite","@id":"https:\/\/www.creativeireland.gov.ie\/ga\/#website","url":"https:\/\/www.creativeireland.gov.ie\/ga\/","name":"Creative Ireland Programme","description":"The Creative Ireland Programme is guided by a vision that every person in Ireland will have the opportunity to realise their full creative potential. It is a five year all-of-Government initiative, from 2017 to 2022, to place creativity at the centre of public policy.","potentialAction":[{"@type":"SearchAction","target":{"@type":"EntryPoint","urlTemplate":"https:\/\/www.creativeireland.gov.ie\/ga\/?s={search_term_string}"},"query-input":{"@type":"PropertyValueSpecification","valueRequired":true,"valueName":"search_term_string"}}],"inLanguage":"ga-IE"}]}},"_links":{"self":[{"href":"https:\/\/www.creativeireland.gov.ie\/ga\/wp-json\/wp\/v2\/pages\/5289","targetHints":{"allow":["GET"]}}],"collection":[{"href":"https:\/\/www.creativeireland.gov.ie\/ga\/wp-json\/wp\/v2\/pages"}],"about":[{"href":"https:\/\/www.creativeireland.gov.ie\/ga\/wp-json\/wp\/v2\/types\/page"}],"author":[{"embeddable":true,"href":"https:\/\/www.creativeireland.gov.ie\/ga\/wp-json\/wp\/v2\/users\/1"}],"replies":[{"embeddable":true,"href":"https:\/\/www.creativeireland.gov.ie\/ga\/wp-json\/wp\/v2\/comments?post=5289"}],"version-history":[{"count":2,"href":"https:\/\/www.creativeireland.gov.ie\/ga\/wp-json\/wp\/v2\/pages\/5289\/revisions"}],"predecessor-version":[{"id":5291,"href":"https:\/\/www.creativeireland.gov.ie\/ga\/wp-json\/wp\/v2\/pages\/5289\/revisions\/5291"}],"up":[{"embeddable":true,"href":"https:\/\/www.creativeireland.gov.ie\/ga\/wp-json\/wp\/v2\/pages\/3357"}],"wp:featuredmedia":[{"embeddable":true,"href":"https:\/\/www.creativeireland.gov.ie\/ga\/wp-json\/wp\/v2\/media\/5279"}],"wp:attachment":[{"href":"https:\/\/www.creativeireland.gov.ie\/ga\/wp-json\/wp\/v2\/media?parent=5289"}],"curies":[{"name":"wp","href":"https:\/\/api.w.org\/{rel}","templated":true}]}}