{"id":5307,"date":"2020-01-07T07:53:05","date_gmt":"2020-01-07T07:53:05","guid":{"rendered":"https:\/\/prod-creativeireland.zestydev.com\/comhphairtithe\/the-dock\/"},"modified":"2020-01-07T08:35:23","modified_gmt":"2020-01-07T08:35:23","slug":"the-dock","status":"publish","type":"page","link":"https:\/\/www.creativeireland.gov.ie\/ga\/comhphairtithe\/the-dock\/","title":{"rendered":"The Dock"},"content":{"rendered":"\n<p><strong><a href=\"http:\/\/www.creativecounties.ie\" target=\"_blank\" rel=\"noreferrer noopener\" aria-label=\" (opens in a new tab)\"><em>Creative Counties<\/em> &#8211; S\u00e9 Ionad Eala\u00edne, Ceithre Chontae, Aon Ch\u00f3ras Amh\u00e1in<\/a><\/strong><\/p>\n\n\n\n<p>Togra n\u00e1isi\u00fanta faoi \u00c9ire Ild\u00e1nach is ea <em>Creative Counties<\/em>, c\u00f3naidhm s\u00e9 cinn d&#8217;ionaid i gceithre cinn de contaetha a bhfuil tr\u00ed cinn de thogra\u00ed&nbsp;babht\u00e1la tugtha chun cinn acu.&nbsp; <em>Dock<\/em> a dh\u00e9anann ceannr\u00f3da\u00edocht maidir leis an togra lena mbaineann <em>Hawks Well Theatre, Backstage Theatre<\/em>, Ionad Eala\u00edon Ros Com\u00e1in, <em>The Glens Centre<\/em> agus <em>Leitrim Sculpture Centre<\/em> i Liatroim, Sligeach, Ros Com\u00e1in agus sa Longfort.&nbsp; Oibr\u00edonn na hionaid eala\u00edne le ch\u00e9ile maidir le hacmhainn\u00ed, scileanna agus deiseanna a chur i gcomhar gan bheann ar theorainneacha contae ionas go gcuirtear le saol na cruthaitheachta i&nbsp; measc an phobail i r\u00e9ims\u00ed \u00e9ags\u00fala, mar shampla, oideachas, forbairt uirbeach\/tuaithe, sl\u00e1inte agus foll\u00e1ine agus daoine \u00f3ga.&nbsp; T\u00e1 mioneolas ar f\u00e1il ar <a href=\"http:\/\/www.creativecounties.ie\" target=\"_blank\" rel=\"noreferrer noopener\" aria-label=\" (opens in a new tab)\">www.creativecounties.ie<\/a><\/p>\n\n\n\n<p><em><a href=\"https:\/\/www.creativecounties.ie\/performing-north-leitrim\" target=\"_blank\" rel=\"noreferrer noopener\" aria-label=\" (opens in a new tab)\"><strong>Performing North Leitrim<\/strong><\/a><\/em> Togra idirdhiscipl\u00edneach i gcomhar idir <em>Leitrim Sculpture Centre<\/em> &amp; <em>The Glens Centre<\/em> i gCluain\u00edn U\u00ed&nbsp;Ruairc.&nbsp; Sc\u00e1th-theideal is ea <em>Performing North Leitrim<\/em> ar r\u00e9imse togra\u00ed ar fud chomharsanachta\u00ed \u00e9ags\u00fala i dtuaisceart Liatroma faoi sti\u00fair na n-eala\u00edont\u00f3ir\u00ed Little John Nee agus Sandra Corrigan Breathnach. Cuirtear deiseanna nua l\u00e9iri\u00fach\u00e1in ar f\u00e1il faoin togra sa d\u00e1 Ionad tr\u00ed acmhainn\u00ed agus saineolas a chur i gcomhar.<\/p>\n\n\n\n<p><em><a href=\"https:\/\/www.creativecounties.ie\/both-sides-of-the-lough\" target=\"_blank\" rel=\"noreferrer noopener\" aria-label=\" (opens in a new tab)\"><strong>Both Sides Of The Lough<\/strong><\/a> <\/em>Rinne an <em>Dock <\/em>agus <em>Hawk\u2019s Well Theatre<\/em> coimisi\u00fan\u00fa i gcomhar ar thogra m\u00f3rsc\u00e1la ceoil ar fud Shligigh agus Liatroma.&nbsp; Tr\u00ed leas a bhaint as fl\u00fairse ceolt\u00f3ir\u00ed, cotha\u00edtear an traidisi\u00fan sa d\u00e1 chontae leis an togra seo i gcomhar le ceannr\u00f3daithe s\u00e1roilte i saol na cruthaitheachta ina measc: Michael Rooney, Niamh Crowley, Kellie Hughes agus Stephan Doherty. Tr\u00ed shraith ceardlann a eagr\u00fa i r\u00e9igi\u00fan Shligigh agus Liatroma, cuireann dh\u00e1 ghr\u00fapa ceolt\u00f3ir\u00ed \u00f3ga traidisi\u00fanta aithne ar mh\u00e1istr\u00ed sa chaoi is go bhfoghlaim\u00edtear scileanna agus go leathna\u00edtear a dtaith\u00ed ar an gceol&nbsp; ionas gur fairsinge an tuiscint at\u00e1 ag an gc\u00e9ad ghl\u00fain eile ar an gceol traidisi\u00fanta.<\/p>\n\n\n\n<p><em><strong><a href=\"https:\/\/www.creativecounties.ie\/luminaria-playmaking\">Luminaria and Playmaking<\/a><\/strong><\/em> Faoi cheannr\u00f3da\u00edocht cruthaitheachta Maisie Lee agus Fionnuala Gygax a d&#8217;oibrigh an comhar p\u00e1irtn\u00e9ireachta seo idir Ionad Eala\u00edon Ros Com\u00e1in agus <em>Backstage Theatre<\/em> an Longfoirt.\u00a0 Eagra\u00edodh sraith de cheardlanna do leana\u00ed maidir le scr\u00edbhneoireacht chruthaitheach, d\u00e9anamh puip\u00e9ad agus amharclanna\u00edocht i dtr\u00ed cinn de scoileanna i gContae Ros Com\u00e1in agus i gContae an Longfoirt faoi sc\u00e9im \u2018Luminaria\u2019. \u00a0Leis an dara c\u00e9im den sc\u00e9im ch\u00f3naitheach, tugadh deis do dhaoine \u00f3ga idir 9 mbliana agus dh\u00e1 bhliain d\u00e9ag d&#8217;aois foghlaim faoi dhr\u00e1ma\u00ed a scr\u00edobh.\u00a0 Scr\u00edobh na leana\u00ed dr\u00e1ma gairid d\u00e1 gcuid f\u00e9in agus oibr\u00edodh le foireann aisteoir\u00ed\u00a0agus dearth\u00f3ir\u00ed gairmi\u00fala chun a saothar a l\u00e9iri\u00fa go gairmi\u00fail ar an st\u00e1itse sa d\u00e1 ionad. <a rel=\"noreferrer noopener\" aria-label=\" (opens in a new tab)\" href=\"http:\/\/www.thedock.ie\" target=\"_blank\">www.thedock.ie<\/a> <a rel=\"noreferrer noopener\" aria-label=\" (opens in a new tab)\" href=\"http:\/\/www.theglenscentre.com\" target=\"_blank\">www.theglenscentre.com<\/a> <a rel=\"noreferrer noopener\" aria-label=\" (opens in a new tab)\" href=\"http:\/\/www.backstage.ie\" target=\"_blank\">www.backstage.ie<\/a> <a rel=\"noreferrer noopener\" aria-label=\" (opens in a new tab)\" href=\"http:\/\/www.leitrimsculpturecentre.ie\" target=\"_blank\">www.leitrimsculpturecentre.ie<\/a> <a rel=\"noreferrer noopener\" aria-label=\" (opens in a new tab)\" href=\"http:\/\/www.roscommonartscentre.ie\" target=\"_blank\">www.roscommonartscentre.ie<\/a> <a rel=\"noreferrer noopener\" aria-label=\" (opens in a new tab)\" href=\"http:\/\/www.hawkswell.com\" target=\"_blank\">www.hawkswell.com<\/a><\/p>\n\n\n\n<p><a href=\"https:\/\/www.creativeireland.gov.ie\/app\/uploads\/2020\/01\/comm_orchestra-leitrim_edit-2.pdf\">The Dock PDF<\/a><\/p>\n\n\n\n<figure class=\"wp-block-image size-large\"><img loading=\"lazy\" decoding=\"async\" width=\"1024\" height=\"683\" src=\"https:\/\/www.creativeireland.gov.ie\/app\/uploads\/2020\/01\/crotchet-performance-work-lsc-gallery-1024x683.jpg\" alt=\"\" class=\"wp-image-5297\" srcset=\"https:\/\/www.creativeireland.gov.ie\/app\/uploads\/2020\/01\/crotchet-performance-work-lsc-gallery-1024x683.jpg 1024w, https:\/\/www.creativeireland.gov.ie\/app\/uploads\/2020\/01\/crotchet-performance-work-lsc-gallery-300x200.jpg 300w, https:\/\/www.creativeireland.gov.ie\/app\/uploads\/2020\/01\/crotchet-performance-work-lsc-gallery-768x512.jpg 768w, https:\/\/www.creativeireland.gov.ie\/app\/uploads\/2020\/01\/crotchet-performance-work-lsc-gallery-1536x1024.jpg 1536w, https:\/\/www.creativeireland.gov.ie\/app\/uploads\/2020\/01\/crotchet-performance-work-lsc-gallery-2048x1365.jpg 2048w\" sizes=\"auto, (max-width: 1024px) 100vw, 1024px\" \/><\/figure>\n\n\n\n<figure class=\"wp-block-image size-large\"><img loading=\"lazy\" decoding=\"async\" width=\"1024\" height=\"683\" src=\"https:\/\/www.creativeireland.gov.ie\/app\/uploads\/2020\/01\/kids-10-adjusted-1024x683.jpg\" alt=\"\" class=\"wp-image-5299\" srcset=\"https:\/\/www.creativeireland.gov.ie\/app\/uploads\/2020\/01\/kids-10-adjusted-1024x683.jpg 1024w, https:\/\/www.creativeireland.gov.ie\/app\/uploads\/2020\/01\/kids-10-adjusted-300x200.jpg 300w, https:\/\/www.creativeireland.gov.ie\/app\/uploads\/2020\/01\/kids-10-adjusted-768x512.jpg 768w, https:\/\/www.creativeireland.gov.ie\/app\/uploads\/2020\/01\/kids-10-adjusted-1536x1024.jpg 1536w, https:\/\/www.creativeireland.gov.ie\/app\/uploads\/2020\/01\/kids-10-adjusted-2048x1365.jpg 2048w\" sizes=\"auto, (max-width: 1024px) 100vw, 1024px\" \/><\/figure>\n\n\n\n<figure class=\"wp-block-image size-large\"><img loading=\"lazy\" decoding=\"async\" width=\"1024\" height=\"683\" src=\"https:\/\/www.creativeireland.gov.ie\/app\/uploads\/2020\/01\/musicians-at-the-opening-1024x683.jpg\" alt=\"\" class=\"wp-image-5301\" srcset=\"https:\/\/www.creativeireland.gov.ie\/app\/uploads\/2020\/01\/musicians-at-the-opening-1024x683.jpg 1024w, https:\/\/www.creativeireland.gov.ie\/app\/uploads\/2020\/01\/musicians-at-the-opening-300x200.jpg 300w, https:\/\/www.creativeireland.gov.ie\/app\/uploads\/2020\/01\/musicians-at-the-opening-768x512.jpg 768w, https:\/\/www.creativeireland.gov.ie\/app\/uploads\/2020\/01\/musicians-at-the-opening-1536x1024.jpg 1536w, https:\/\/www.creativeireland.gov.ie\/app\/uploads\/2020\/01\/musicians-at-the-opening-2048x1365.jpg 2048w\" sizes=\"auto, (max-width: 1024px) 100vw, 1024px\" \/><\/figure>\n","protected":false},"excerpt":{"rendered":"<p>Creative Counties &#8211; S\u00e9 Ionad Eala\u00edne, Ceithre Chontae, Aon Ch\u00f3ras Amh\u00e1in Togra n\u00e1isi\u00fanta faoi \u00c9ire Ild\u00e1nach is ea Creative Counties, c\u00f3naidhm s\u00e9 cinn d&#8217;ionaid i gceithre cinn de contaetha a bhfuil tr\u00ed cinn de thogra\u00ed&nbsp;babht\u00e1la tugtha chun cinn acu.&nbsp; Dock a dh\u00e9anann ceannr\u00f3da\u00edocht maidir leis an togra lena mbaineann Hawks Well Theatre, Backstage Theatre, Ionad [&hellip;]<\/p>\n","protected":false},"author":1,"featured_media":5298,"parent":3357,"menu_order":0,"comment_status":"closed","ping_status":"closed","template":"page-basic-content.php","meta":{"footnotes":""},"class_list":["post-5307","page","type-page","status-publish","has-post-thumbnail","hentry"],"acf":[],"yoast_head":"<!-- This site is optimized with the Yoast SEO plugin v25.9 - https:\/\/yoast.com\/wordpress\/plugins\/seo\/ -->\n<title>The Dock - Creative Ireland Programme<\/title>\n<meta name=\"description\" content=\"Creative Counties - S\u00e9 Ionad Eala\u00edne, Ceithre Chontae, Aon Ch\u00f3ras Amh\u00e1in\n\n\n\nTogra n\u00e1isi\u00fanta faoi \u00c9ire Ild\u00e1nach is ea Creative Counties, c\u00f3naidhm s\u00e9 cinn d&#039;ionaid i gceithre cinn de contaetha a bhfuil tr\u00ed cinn de thogra\u00ed&nbsp;babht\u00e1la tugtha chun cinn acu.\" \/>\n<meta name=\"robots\" content=\"index, follow, max-snippet:-1, max-image-preview:large, max-video-preview:-1\" \/>\n<link rel=\"canonical\" href=\"https:\/\/www.creativeireland.gov.ie\/ga\/comhphairtithe\/the-dock\/\" \/>\n<meta property=\"og:locale\" content=\"ga_IE\" \/>\n<meta property=\"og:type\" content=\"article\" \/>\n<meta property=\"og:title\" content=\"The Dock - Creative Ireland Programme\" \/>\n<meta property=\"og:description\" content=\"Creative Counties &#8211; S\u00e9 Ionad Eala\u00edne, Ceithre Chontae, Aon Ch\u00f3ras Amh\u00e1in Togra n\u00e1isi\u00fanta faoi \u00c9ire Ild\u00e1nach is ea Creative Counties, c\u00f3naidhm s\u00e9 cinn d&#8217;ionaid i gceithre cinn de contaetha a bhfuil tr\u00ed cinn de thogra\u00ed&nbsp;babht\u00e1la tugtha chun cinn acu.&nbsp; Dock a dh\u00e9anann ceannr\u00f3da\u00edocht maidir leis an togra lena mbaineann Hawks Well Theatre, Backstage Theatre, Ionad [&hellip;]\" \/>\n<meta property=\"og:url\" content=\"https:\/\/www.creativeireland.gov.ie\/ga\/comhphairtithe\/the-dock\/\" \/>\n<meta property=\"og:site_name\" content=\"Creative Ireland Programme\" \/>\n<meta property=\"article:publisher\" content=\"https:\/\/www.facebook.com\/CreativeIrl\/\" \/>\n<meta property=\"article:modified_time\" content=\"2020-01-07T08:35:23+00:00\" \/>\n<meta property=\"og:image\" content=\"https:\/\/www.creativeireland.gov.ie\/app\/uploads\/2020\/01\/crotchet-performance-work-lsc-gallery.jpg\" \/>\n\t<meta property=\"og:image:width\" content=\"2560\" \/>\n\t<meta property=\"og:image:height\" content=\"1707\" \/>\n\t<meta property=\"og:image:type\" content=\"image\/jpeg\" \/>\n<meta name=\"twitter:card\" content=\"summary_large_image\" \/>\n<meta name=\"twitter:site\" content=\"@creativeirl\" \/>\n<meta name=\"twitter:label1\" content=\"Est. reading time\" \/>\n\t<meta name=\"twitter:data1\" content=\"3 minutes\" \/>\n<script type=\"application\/ld+json\" class=\"yoast-schema-graph\">{\"@context\":\"https:\/\/schema.org\",\"@graph\":[{\"@type\":\"WebPage\",\"@id\":\"https:\/\/www.creativeireland.gov.ie\/ga\/comhphairtithe\/the-dock\/\",\"url\":\"https:\/\/www.creativeireland.gov.ie\/ga\/comhphairtithe\/the-dock\/\",\"name\":\"The Dock - Creative Ireland Programme\",\"isPartOf\":{\"@id\":\"https:\/\/www.creativeireland.gov.ie\/ga\/#website\"},\"primaryImageOfPage\":{\"@id\":\"https:\/\/www.creativeireland.gov.ie\/ga\/comhphairtithe\/the-dock\/#primaryimage\"},\"image\":{\"@id\":\"https:\/\/www.creativeireland.gov.ie\/ga\/comhphairtithe\/the-dock\/#primaryimage\"},\"thumbnailUrl\":\"https:\/\/www.creativeireland.gov.ie\/app\/uploads\/2020\/01\/crotchet-performance-work-lsc-gallery.jpg\",\"datePublished\":\"2020-01-07T07:53:05+00:00\",\"dateModified\":\"2020-01-07T08:35:23+00:00\",\"breadcrumb\":{\"@id\":\"https:\/\/www.creativeireland.gov.ie\/ga\/comhphairtithe\/the-dock\/#breadcrumb\"},\"inLanguage\":\"ga-IE\",\"potentialAction\":[{\"@type\":\"ReadAction\",\"target\":[\"https:\/\/www.creativeireland.gov.ie\/ga\/comhphairtithe\/the-dock\/\"]}]},{\"@type\":\"ImageObject\",\"inLanguage\":\"ga-IE\",\"@id\":\"https:\/\/www.creativeireland.gov.ie\/ga\/comhphairtithe\/the-dock\/#primaryimage\",\"url\":\"https:\/\/www.creativeireland.gov.ie\/app\/uploads\/2020\/01\/crotchet-performance-work-lsc-gallery.jpg\",\"contentUrl\":\"https:\/\/www.creativeireland.gov.ie\/app\/uploads\/2020\/01\/crotchet-performance-work-lsc-gallery.jpg\",\"width\":2560,\"height\":1707},{\"@type\":\"BreadcrumbList\",\"@id\":\"https:\/\/www.creativeireland.gov.ie\/ga\/comhphairtithe\/the-dock\/#breadcrumb\",\"itemListElement\":[{\"@type\":\"ListItem\",\"position\":1,\"name\":\"Home\",\"item\":\"https:\/\/www.creativeireland.gov.ie\/ga\/\"},{\"@type\":\"ListItem\",\"position\":2,\"name\":\"Comhph\u00e1irt\u00edochta\u00ed\",\"item\":\"https:\/\/www.creativeireland.gov.ie\/ga\/comhphairtithe\/\"},{\"@type\":\"ListItem\",\"position\":3,\"name\":\"The Dock\"}]},{\"@type\":\"WebSite\",\"@id\":\"https:\/\/www.creativeireland.gov.ie\/ga\/#website\",\"url\":\"https:\/\/www.creativeireland.gov.ie\/ga\/\",\"name\":\"Creative Ireland Programme\",\"description\":\"The Creative Ireland Programme is guided by a vision that every person in Ireland will have the opportunity to realise their full creative potential. It is a five year all-of-Government initiative, from 2017 to 2022, to place creativity at the centre of public policy.\",\"potentialAction\":[{\"@type\":\"SearchAction\",\"target\":{\"@type\":\"EntryPoint\",\"urlTemplate\":\"https:\/\/www.creativeireland.gov.ie\/ga\/?s={search_term_string}\"},\"query-input\":{\"@type\":\"PropertyValueSpecification\",\"valueRequired\":true,\"valueName\":\"search_term_string\"}}],\"inLanguage\":\"ga-IE\"}]}<\/script>\n<!-- \/ Yoast SEO plugin. -->","yoast_head_json":{"title":"The Dock - Creative Ireland Programme","description":"Creative Counties - S\u00e9 Ionad Eala\u00edne, Ceithre Chontae, Aon Ch\u00f3ras Amh\u00e1in\n\n\n\nTogra n\u00e1isi\u00fanta faoi \u00c9ire Ild\u00e1nach is ea Creative Counties, c\u00f3naidhm s\u00e9 cinn d'ionaid i gceithre cinn de contaetha a bhfuil tr\u00ed cinn de thogra\u00ed&nbsp;babht\u00e1la tugtha chun cinn acu.","robots":{"index":"index","follow":"follow","max-snippet":"max-snippet:-1","max-image-preview":"max-image-preview:large","max-video-preview":"max-video-preview:-1"},"canonical":"https:\/\/www.creativeireland.gov.ie\/ga\/comhphairtithe\/the-dock\/","og_locale":"ga_IE","og_type":"article","og_title":"The Dock - Creative Ireland Programme","og_description":"Creative Counties &#8211; S\u00e9 Ionad Eala\u00edne, Ceithre Chontae, Aon Ch\u00f3ras Amh\u00e1in Togra n\u00e1isi\u00fanta faoi \u00c9ire Ild\u00e1nach is ea Creative Counties, c\u00f3naidhm s\u00e9 cinn d&#8217;ionaid i gceithre cinn de contaetha a bhfuil tr\u00ed cinn de thogra\u00ed&nbsp;babht\u00e1la tugtha chun cinn acu.&nbsp; Dock a dh\u00e9anann ceannr\u00f3da\u00edocht maidir leis an togra lena mbaineann Hawks Well Theatre, Backstage Theatre, Ionad [&hellip;]","og_url":"https:\/\/www.creativeireland.gov.ie\/ga\/comhphairtithe\/the-dock\/","og_site_name":"Creative Ireland Programme","article_publisher":"https:\/\/www.facebook.com\/CreativeIrl\/","article_modified_time":"2020-01-07T08:35:23+00:00","og_image":[{"width":2560,"height":1707,"url":"https:\/\/www.creativeireland.gov.ie\/app\/uploads\/2020\/01\/crotchet-performance-work-lsc-gallery.jpg","type":"image\/jpeg"}],"twitter_card":"summary_large_image","twitter_site":"@creativeirl","twitter_misc":{"Est. reading time":"3 minutes"},"schema":{"@context":"https:\/\/schema.org","@graph":[{"@type":"WebPage","@id":"https:\/\/www.creativeireland.gov.ie\/ga\/comhphairtithe\/the-dock\/","url":"https:\/\/www.creativeireland.gov.ie\/ga\/comhphairtithe\/the-dock\/","name":"The Dock - Creative Ireland Programme","isPartOf":{"@id":"https:\/\/www.creativeireland.gov.ie\/ga\/#website"},"primaryImageOfPage":{"@id":"https:\/\/www.creativeireland.gov.ie\/ga\/comhphairtithe\/the-dock\/#primaryimage"},"image":{"@id":"https:\/\/www.creativeireland.gov.ie\/ga\/comhphairtithe\/the-dock\/#primaryimage"},"thumbnailUrl":"https:\/\/www.creativeireland.gov.ie\/app\/uploads\/2020\/01\/crotchet-performance-work-lsc-gallery.jpg","datePublished":"2020-01-07T07:53:05+00:00","dateModified":"2020-01-07T08:35:23+00:00","breadcrumb":{"@id":"https:\/\/www.creativeireland.gov.ie\/ga\/comhphairtithe\/the-dock\/#breadcrumb"},"inLanguage":"ga-IE","potentialAction":[{"@type":"ReadAction","target":["https:\/\/www.creativeireland.gov.ie\/ga\/comhphairtithe\/the-dock\/"]}]},{"@type":"ImageObject","inLanguage":"ga-IE","@id":"https:\/\/www.creativeireland.gov.ie\/ga\/comhphairtithe\/the-dock\/#primaryimage","url":"https:\/\/www.creativeireland.gov.ie\/app\/uploads\/2020\/01\/crotchet-performance-work-lsc-gallery.jpg","contentUrl":"https:\/\/www.creativeireland.gov.ie\/app\/uploads\/2020\/01\/crotchet-performance-work-lsc-gallery.jpg","width":2560,"height":1707},{"@type":"BreadcrumbList","@id":"https:\/\/www.creativeireland.gov.ie\/ga\/comhphairtithe\/the-dock\/#breadcrumb","itemListElement":[{"@type":"ListItem","position":1,"name":"Home","item":"https:\/\/www.creativeireland.gov.ie\/ga\/"},{"@type":"ListItem","position":2,"name":"Comhph\u00e1irt\u00edochta\u00ed","item":"https:\/\/www.creativeireland.gov.ie\/ga\/comhphairtithe\/"},{"@type":"ListItem","position":3,"name":"The Dock"}]},{"@type":"WebSite","@id":"https:\/\/www.creativeireland.gov.ie\/ga\/#website","url":"https:\/\/www.creativeireland.gov.ie\/ga\/","name":"Creative Ireland Programme","description":"The Creative Ireland Programme is guided by a vision that every person in Ireland will have the opportunity to realise their full creative potential. It is a five year all-of-Government initiative, from 2017 to 2022, to place creativity at the centre of public policy.","potentialAction":[{"@type":"SearchAction","target":{"@type":"EntryPoint","urlTemplate":"https:\/\/www.creativeireland.gov.ie\/ga\/?s={search_term_string}"},"query-input":{"@type":"PropertyValueSpecification","valueRequired":true,"valueName":"search_term_string"}}],"inLanguage":"ga-IE"}]}},"_links":{"self":[{"href":"https:\/\/www.creativeireland.gov.ie\/ga\/wp-json\/wp\/v2\/pages\/5307","targetHints":{"allow":["GET"]}}],"collection":[{"href":"https:\/\/www.creativeireland.gov.ie\/ga\/wp-json\/wp\/v2\/pages"}],"about":[{"href":"https:\/\/www.creativeireland.gov.ie\/ga\/wp-json\/wp\/v2\/types\/page"}],"author":[{"embeddable":true,"href":"https:\/\/www.creativeireland.gov.ie\/ga\/wp-json\/wp\/v2\/users\/1"}],"replies":[{"embeddable":true,"href":"https:\/\/www.creativeireland.gov.ie\/ga\/wp-json\/wp\/v2\/comments?post=5307"}],"version-history":[{"count":3,"href":"https:\/\/www.creativeireland.gov.ie\/ga\/wp-json\/wp\/v2\/pages\/5307\/revisions"}],"predecessor-version":[{"id":5314,"href":"https:\/\/www.creativeireland.gov.ie\/ga\/wp-json\/wp\/v2\/pages\/5307\/revisions\/5314"}],"up":[{"embeddable":true,"href":"https:\/\/www.creativeireland.gov.ie\/ga\/wp-json\/wp\/v2\/pages\/3357"}],"wp:featuredmedia":[{"embeddable":true,"href":"https:\/\/www.creativeireland.gov.ie\/ga\/wp-json\/wp\/v2\/media\/5298"}],"wp:attachment":[{"href":"https:\/\/www.creativeireland.gov.ie\/ga\/wp-json\/wp\/v2\/media?parent=5307"}],"curies":[{"name":"wp","href":"https:\/\/api.w.org\/{rel}","templated":true}]}}