{"id":5459,"date":"2020-01-07T18:14:40","date_gmt":"2020-01-07T18:14:40","guid":{"rendered":"https:\/\/prod-creativeireland.zestydev.com\/comhphairtithe\/national-print-museum\/"},"modified":"2020-01-07T18:23:43","modified_gmt":"2020-01-07T18:23:43","slug":"national-print-museum","status":"publish","type":"page","link":"https:\/\/www.creativeireland.gov.ie\/ga\/comhphairtithe\/national-print-museum\/","title":{"rendered":"M\u00fasaem Priont\u00e1la an Natinal"},"content":{"rendered":"","protected":false},"excerpt":{"rendered":"","protected":false},"author":1,"featured_media":5449,"parent":3357,"menu_order":0,"comment_status":"closed","ping_status":"closed","template":"page-creative-nation-basic-content.php","meta":{"footnotes":""},"class_list":["post-5459","page","type-page","status-publish","has-post-thumbnail","hentry"],"acf":[],"yoast_head":"<!-- This site is optimized with the Yoast SEO plugin v25.9 - https:\/\/yoast.com\/wordpress\/plugins\/seo\/ -->\n<title>M\u00fasaem Priont\u00e1la an Natinal - Creative Ireland Programme<\/title>\n<meta name=\"description\" content=\"Is \u00e1bhar m\u00f3rtais ag \u00c9ire Ild\u00e1nach, chomh maith le Ciste Pobail Staid Aviva agus an Wild Apple Press, go rabhthas p\u00e1irteach i dtogra suntasach maidir le haistri\u00fa inni\u00falachta sa Mh\u00fasaem N\u00e1isi\u00fanta Cl\u00f3 \u201cMaking our Impression\u201d.\" \/>\n<meta name=\"robots\" content=\"index, follow, max-snippet:-1, max-image-preview:large, max-video-preview:-1\" \/>\n<link rel=\"canonical\" href=\"https:\/\/www.creativeireland.gov.ie\/ga\/comhphairtithe\/national-print-museum\/\" \/>\n<meta property=\"og:locale\" content=\"ga_IE\" \/>\n<meta property=\"og:type\" content=\"article\" \/>\n<meta property=\"og:title\" content=\"M\u00fasaem Priont\u00e1la an Natinal - Creative Ireland Programme\" \/>\n<meta property=\"og:description\" content=\"Is \u00e1bhar m\u00f3rtais ag \u00c9ire Ild\u00e1nach, chomh maith le Ciste Pobail Staid Aviva agus an Wild Apple Press, go rabhthas p\u00e1irteach i dtogra suntasach maidir le haistri\u00fa inni\u00falachta sa Mh\u00fasaem N\u00e1isi\u00fanta Cl\u00f3 \u201cMaking our Impression\u201d.\" \/>\n<meta property=\"og:url\" content=\"https:\/\/www.creativeireland.gov.ie\/ga\/comhphairtithe\/national-print-museum\/\" \/>\n<meta property=\"og:site_name\" content=\"Creative Ireland Programme\" \/>\n<meta property=\"article:publisher\" content=\"https:\/\/www.facebook.com\/CreativeIrl\/\" \/>\n<meta property=\"article:modified_time\" content=\"2020-01-07T18:23:43+00:00\" \/>\n<meta property=\"og:image\" content=\"https:\/\/www.creativeireland.gov.ie\/app\/uploads\/2020\/01\/530A5280.jpg\" \/>\n\t<meta property=\"og:image:width\" content=\"900\" \/>\n\t<meta property=\"og:image:height\" content=\"599\" \/>\n\t<meta property=\"og:image:type\" content=\"image\/jpeg\" \/>\n<meta name=\"twitter:card\" content=\"summary_large_image\" \/>\n<meta name=\"twitter:site\" content=\"@creativeirl\" \/>\n<script type=\"application\/ld+json\" class=\"yoast-schema-graph\">{\"@context\":\"https:\/\/schema.org\",\"@graph\":[{\"@type\":\"WebPage\",\"@id\":\"https:\/\/www.creativeireland.gov.ie\/ga\/comhphairtithe\/national-print-museum\/\",\"url\":\"https:\/\/www.creativeireland.gov.ie\/ga\/comhphairtithe\/national-print-museum\/\",\"name\":\"M\u00fasaem Priont\u00e1la an Natinal - Creative Ireland Programme\",\"isPartOf\":{\"@id\":\"https:\/\/www.creativeireland.gov.ie\/ga\/#website\"},\"primaryImageOfPage\":{\"@id\":\"https:\/\/www.creativeireland.gov.ie\/ga\/comhphairtithe\/national-print-museum\/#primaryimage\"},\"image\":{\"@id\":\"https:\/\/www.creativeireland.gov.ie\/ga\/comhphairtithe\/national-print-museum\/#primaryimage\"},\"thumbnailUrl\":\"https:\/\/www.creativeireland.gov.ie\/app\/uploads\/2020\/01\/530A5280.jpg\",\"datePublished\":\"2020-01-07T18:14:40+00:00\",\"dateModified\":\"2020-01-07T18:23:43+00:00\",\"description\":\"Is \u00e1bhar m\u00f3rtais ag \u00c9ire Ild\u00e1nach, chomh maith le Ciste Pobail Staid Aviva agus an Wild Apple Press, go rabhthas p\u00e1irteach i dtogra suntasach maidir le haistri\u00fa inni\u00falachta sa Mh\u00fasaem N\u00e1isi\u00fanta Cl\u00f3 \u201cMaking our Impression\u201d.\",\"breadcrumb\":{\"@id\":\"https:\/\/www.creativeireland.gov.ie\/ga\/comhphairtithe\/national-print-museum\/#breadcrumb\"},\"inLanguage\":\"ga-IE\",\"potentialAction\":[{\"@type\":\"ReadAction\",\"target\":[\"https:\/\/www.creativeireland.gov.ie\/ga\/comhphairtithe\/national-print-museum\/\"]}]},{\"@type\":\"ImageObject\",\"inLanguage\":\"ga-IE\",\"@id\":\"https:\/\/www.creativeireland.gov.ie\/ga\/comhphairtithe\/national-print-museum\/#primaryimage\",\"url\":\"https:\/\/www.creativeireland.gov.ie\/app\/uploads\/2020\/01\/530A5280.jpg\",\"contentUrl\":\"https:\/\/www.creativeireland.gov.ie\/app\/uploads\/2020\/01\/530A5280.jpg\",\"width\":900,\"height\":599,\"caption\":\"National Print Museum\"},{\"@type\":\"BreadcrumbList\",\"@id\":\"https:\/\/www.creativeireland.gov.ie\/ga\/comhphairtithe\/national-print-museum\/#breadcrumb\",\"itemListElement\":[{\"@type\":\"ListItem\",\"position\":1,\"name\":\"Home\",\"item\":\"https:\/\/www.creativeireland.gov.ie\/ga\/\"},{\"@type\":\"ListItem\",\"position\":2,\"name\":\"Comhph\u00e1irt\u00edochta\u00ed\",\"item\":\"https:\/\/www.creativeireland.gov.ie\/ga\/comhphairtithe\/\"},{\"@type\":\"ListItem\",\"position\":3,\"name\":\"M\u00fasaem Priont\u00e1la an Natinal\"}]},{\"@type\":\"WebSite\",\"@id\":\"https:\/\/www.creativeireland.gov.ie\/ga\/#website\",\"url\":\"https:\/\/www.creativeireland.gov.ie\/ga\/\",\"name\":\"Creative Ireland Programme\",\"description\":\"The Creative Ireland Programme is guided by a vision that every person in Ireland will have the opportunity to realise their full creative potential. It is a five year all-of-Government initiative, from 2017 to 2022, to place creativity at the centre of public policy.\",\"potentialAction\":[{\"@type\":\"SearchAction\",\"target\":{\"@type\":\"EntryPoint\",\"urlTemplate\":\"https:\/\/www.creativeireland.gov.ie\/ga\/?s={search_term_string}\"},\"query-input\":{\"@type\":\"PropertyValueSpecification\",\"valueRequired\":true,\"valueName\":\"search_term_string\"}}],\"inLanguage\":\"ga-IE\"}]}<\/script>\n<!-- \/ Yoast SEO plugin. -->","yoast_head_json":{"title":"M\u00fasaem Priont\u00e1la an Natinal - Creative Ireland Programme","description":"Is \u00e1bhar m\u00f3rtais ag \u00c9ire Ild\u00e1nach, chomh maith le Ciste Pobail Staid Aviva agus an Wild Apple Press, go rabhthas p\u00e1irteach i dtogra suntasach maidir le haistri\u00fa inni\u00falachta sa Mh\u00fasaem N\u00e1isi\u00fanta Cl\u00f3 \u201cMaking our Impression\u201d.","robots":{"index":"index","follow":"follow","max-snippet":"max-snippet:-1","max-image-preview":"max-image-preview:large","max-video-preview":"max-video-preview:-1"},"canonical":"https:\/\/www.creativeireland.gov.ie\/ga\/comhphairtithe\/national-print-museum\/","og_locale":"ga_IE","og_type":"article","og_title":"M\u00fasaem Priont\u00e1la an Natinal - Creative Ireland Programme","og_description":"Is \u00e1bhar m\u00f3rtais ag \u00c9ire Ild\u00e1nach, chomh maith le Ciste Pobail Staid Aviva agus an Wild Apple Press, go rabhthas p\u00e1irteach i dtogra suntasach maidir le haistri\u00fa inni\u00falachta sa Mh\u00fasaem N\u00e1isi\u00fanta Cl\u00f3 \u201cMaking our Impression\u201d.","og_url":"https:\/\/www.creativeireland.gov.ie\/ga\/comhphairtithe\/national-print-museum\/","og_site_name":"Creative Ireland Programme","article_publisher":"https:\/\/www.facebook.com\/CreativeIrl\/","article_modified_time":"2020-01-07T18:23:43+00:00","og_image":[{"width":900,"height":599,"url":"https:\/\/www.creativeireland.gov.ie\/app\/uploads\/2020\/01\/530A5280.jpg","type":"image\/jpeg"}],"twitter_card":"summary_large_image","twitter_site":"@creativeirl","schema":{"@context":"https:\/\/schema.org","@graph":[{"@type":"WebPage","@id":"https:\/\/www.creativeireland.gov.ie\/ga\/comhphairtithe\/national-print-museum\/","url":"https:\/\/www.creativeireland.gov.ie\/ga\/comhphairtithe\/national-print-museum\/","name":"M\u00fasaem Priont\u00e1la an Natinal - Creative Ireland Programme","isPartOf":{"@id":"https:\/\/www.creativeireland.gov.ie\/ga\/#website"},"primaryImageOfPage":{"@id":"https:\/\/www.creativeireland.gov.ie\/ga\/comhphairtithe\/national-print-museum\/#primaryimage"},"image":{"@id":"https:\/\/www.creativeireland.gov.ie\/ga\/comhphairtithe\/national-print-museum\/#primaryimage"},"thumbnailUrl":"https:\/\/www.creativeireland.gov.ie\/app\/uploads\/2020\/01\/530A5280.jpg","datePublished":"2020-01-07T18:14:40+00:00","dateModified":"2020-01-07T18:23:43+00:00","description":"Is \u00e1bhar m\u00f3rtais ag \u00c9ire Ild\u00e1nach, chomh maith le Ciste Pobail Staid Aviva agus an Wild Apple Press, go rabhthas p\u00e1irteach i dtogra suntasach maidir le haistri\u00fa inni\u00falachta sa Mh\u00fasaem N\u00e1isi\u00fanta Cl\u00f3 \u201cMaking our Impression\u201d.","breadcrumb":{"@id":"https:\/\/www.creativeireland.gov.ie\/ga\/comhphairtithe\/national-print-museum\/#breadcrumb"},"inLanguage":"ga-IE","potentialAction":[{"@type":"ReadAction","target":["https:\/\/www.creativeireland.gov.ie\/ga\/comhphairtithe\/national-print-museum\/"]}]},{"@type":"ImageObject","inLanguage":"ga-IE","@id":"https:\/\/www.creativeireland.gov.ie\/ga\/comhphairtithe\/national-print-museum\/#primaryimage","url":"https:\/\/www.creativeireland.gov.ie\/app\/uploads\/2020\/01\/530A5280.jpg","contentUrl":"https:\/\/www.creativeireland.gov.ie\/app\/uploads\/2020\/01\/530A5280.jpg","width":900,"height":599,"caption":"National Print Museum"},{"@type":"BreadcrumbList","@id":"https:\/\/www.creativeireland.gov.ie\/ga\/comhphairtithe\/national-print-museum\/#breadcrumb","itemListElement":[{"@type":"ListItem","position":1,"name":"Home","item":"https:\/\/www.creativeireland.gov.ie\/ga\/"},{"@type":"ListItem","position":2,"name":"Comhph\u00e1irt\u00edochta\u00ed","item":"https:\/\/www.creativeireland.gov.ie\/ga\/comhphairtithe\/"},{"@type":"ListItem","position":3,"name":"M\u00fasaem Priont\u00e1la an Natinal"}]},{"@type":"WebSite","@id":"https:\/\/www.creativeireland.gov.ie\/ga\/#website","url":"https:\/\/www.creativeireland.gov.ie\/ga\/","name":"Creative Ireland Programme","description":"The Creative Ireland Programme is guided by a vision that every person in Ireland will have the opportunity to realise their full creative potential. It is a five year all-of-Government initiative, from 2017 to 2022, to place creativity at the centre of public policy.","potentialAction":[{"@type":"SearchAction","target":{"@type":"EntryPoint","urlTemplate":"https:\/\/www.creativeireland.gov.ie\/ga\/?s={search_term_string}"},"query-input":{"@type":"PropertyValueSpecification","valueRequired":true,"valueName":"search_term_string"}}],"inLanguage":"ga-IE"}]}},"_links":{"self":[{"href":"https:\/\/www.creativeireland.gov.ie\/ga\/wp-json\/wp\/v2\/pages\/5459","targetHints":{"allow":["GET"]}}],"collection":[{"href":"https:\/\/www.creativeireland.gov.ie\/ga\/wp-json\/wp\/v2\/pages"}],"about":[{"href":"https:\/\/www.creativeireland.gov.ie\/ga\/wp-json\/wp\/v2\/types\/page"}],"author":[{"embeddable":true,"href":"https:\/\/www.creativeireland.gov.ie\/ga\/wp-json\/wp\/v2\/users\/1"}],"replies":[{"embeddable":true,"href":"https:\/\/www.creativeireland.gov.ie\/ga\/wp-json\/wp\/v2\/comments?post=5459"}],"version-history":[{"count":2,"href":"https:\/\/www.creativeireland.gov.ie\/ga\/wp-json\/wp\/v2\/pages\/5459\/revisions"}],"predecessor-version":[{"id":5462,"href":"https:\/\/www.creativeireland.gov.ie\/ga\/wp-json\/wp\/v2\/pages\/5459\/revisions\/5462"}],"up":[{"embeddable":true,"href":"https:\/\/www.creativeireland.gov.ie\/ga\/wp-json\/wp\/v2\/pages\/3357"}],"wp:featuredmedia":[{"embeddable":true,"href":"https:\/\/www.creativeireland.gov.ie\/ga\/wp-json\/wp\/v2\/media\/5449"}],"wp:attachment":[{"href":"https:\/\/www.creativeireland.gov.ie\/ga\/wp-json\/wp\/v2\/media?parent=5459"}],"curies":[{"name":"wp","href":"https:\/\/api.w.org\/{rel}","templated":true}]}}