{"id":5504,"date":"2020-01-07T18:53:47","date_gmt":"2020-01-07T18:53:47","guid":{"rendered":"https:\/\/prod-creativeireland.zestydev.com\/comhphairtithe\/mary-immaculate-college\/"},"modified":"2020-01-07T18:58:51","modified_gmt":"2020-01-07T18:58:51","slug":"mary-immaculate-college","status":"publish","type":"page","link":"https:\/\/www.creativeireland.gov.ie\/ga\/comhphairtithe\/mary-immaculate-college\/","title":{"rendered":"Col\u00e1iste Mhuire gan Sm\u00e1l"},"content":{"rendered":"","protected":false},"excerpt":{"rendered":"","protected":false},"author":1,"featured_media":5488,"parent":3357,"menu_order":0,"comment_status":"closed","ping_status":"closed","template":"page-creative-nation-basic-content.php","meta":{"footnotes":""},"class_list":["post-5504","page","type-page","status-publish","has-post-thumbnail","hentry"],"acf":[],"yoast_head":"<!-- This site is optimized with the Yoast SEO plugin v25.9 - https:\/\/yoast.com\/wordpress\/plugins\/seo\/ -->\n<title>Col\u00e1iste Mhuire gan Sm\u00e1l - Creative Ireland Programme<\/title>\n<meta name=\"description\" content=\"Togra i gcomhar idir Col\u00e1iste Mhuire gan Sm\u00e1l, Sing Ireland agus Comhairle D\u00eddeanaithe na h\u00c9ireann at\u00e1 i gceist le Song Seeking.\u00a0 T\u00e1 comhar breise i gceist chomh maith leis sin le s\u00e9 cinn d&#039;ionaid sol\u00e1thar d\u00edreach, ceathrar \u00e1isitheoir\u00ed\u00a0c\u00f3ir, cumad\u00f3ir ceoil, gr\u00fapa\u00ed amhr\u00e1na\u00edochta \u00e1iti\u00fala, an Ceol\u00e1ras N\u00e1isi\u00fanta agus, an n\u00ed is t\u00e1bhachta\u00ed, na cantair\u00ed f\u00e9in \u2013 daoine f\u00e1sta, leana\u00ed agus daoine \u00f3ga \u2013 a bhfuil c\u00f3na\u00ed\u00a0orthu in ionaid sol\u00e1thar d\u00edreach.\" \/>\n<meta name=\"robots\" content=\"index, follow, max-snippet:-1, max-image-preview:large, max-video-preview:-1\" \/>\n<link rel=\"canonical\" href=\"https:\/\/www.creativeireland.gov.ie\/ga\/comhphairtithe\/mary-immaculate-college\/\" \/>\n<meta property=\"og:locale\" content=\"ga_IE\" \/>\n<meta property=\"og:type\" content=\"article\" \/>\n<meta property=\"og:title\" content=\"Col\u00e1iste Mhuire gan Sm\u00e1l - Creative Ireland Programme\" \/>\n<meta property=\"og:description\" content=\"Togra i gcomhar idir Col\u00e1iste Mhuire gan Sm\u00e1l, Sing Ireland agus Comhairle D\u00eddeanaithe na h\u00c9ireann at\u00e1 i gceist le Song Seeking.\u00a0 T\u00e1 comhar breise i gceist chomh maith leis sin le s\u00e9 cinn d&#039;ionaid sol\u00e1thar d\u00edreach, ceathrar \u00e1isitheoir\u00ed\u00a0c\u00f3ir, cumad\u00f3ir ceoil, gr\u00fapa\u00ed amhr\u00e1na\u00edochta \u00e1iti\u00fala, an Ceol\u00e1ras N\u00e1isi\u00fanta agus, an n\u00ed is t\u00e1bhachta\u00ed, na cantair\u00ed f\u00e9in \u2013 daoine f\u00e1sta, leana\u00ed agus daoine \u00f3ga \u2013 a bhfuil c\u00f3na\u00ed\u00a0orthu in ionaid sol\u00e1thar d\u00edreach.\" \/>\n<meta property=\"og:url\" content=\"https:\/\/www.creativeireland.gov.ie\/ga\/comhphairtithe\/mary-immaculate-college\/\" \/>\n<meta property=\"og:site_name\" content=\"Creative Ireland Programme\" \/>\n<meta property=\"article:publisher\" content=\"https:\/\/www.facebook.com\/CreativeIrl\/\" \/>\n<meta property=\"article:modified_time\" content=\"2020-01-07T18:58:51+00:00\" \/>\n<meta property=\"og:image\" content=\"https:\/\/www.creativeireland.gov.ie\/app\/uploads\/2020\/01\/Little-Girl-Performing-Mary-Immaculate-College-e1578423527447.jpg\" \/>\n\t<meta property=\"og:image:width\" content=\"900\" \/>\n\t<meta property=\"og:image:height\" content=\"432\" \/>\n\t<meta property=\"og:image:type\" content=\"image\/jpeg\" \/>\n<meta name=\"twitter:card\" content=\"summary_large_image\" \/>\n<meta name=\"twitter:site\" content=\"@creativeirl\" \/>\n<script type=\"application\/ld+json\" class=\"yoast-schema-graph\">{\"@context\":\"https:\/\/schema.org\",\"@graph\":[{\"@type\":\"WebPage\",\"@id\":\"https:\/\/www.creativeireland.gov.ie\/ga\/comhphairtithe\/mary-immaculate-college\/\",\"url\":\"https:\/\/www.creativeireland.gov.ie\/ga\/comhphairtithe\/mary-immaculate-college\/\",\"name\":\"Col\u00e1iste Mhuire gan Sm\u00e1l - Creative Ireland Programme\",\"isPartOf\":{\"@id\":\"https:\/\/www.creativeireland.gov.ie\/ga\/#website\"},\"primaryImageOfPage\":{\"@id\":\"https:\/\/www.creativeireland.gov.ie\/ga\/comhphairtithe\/mary-immaculate-college\/#primaryimage\"},\"image\":{\"@id\":\"https:\/\/www.creativeireland.gov.ie\/ga\/comhphairtithe\/mary-immaculate-college\/#primaryimage\"},\"thumbnailUrl\":\"https:\/\/www.creativeireland.gov.ie\/app\/uploads\/2020\/01\/Little-Girl-Performing-Mary-Immaculate-College-e1578423527447.jpg\",\"datePublished\":\"2020-01-07T18:53:47+00:00\",\"dateModified\":\"2020-01-07T18:58:51+00:00\",\"description\":\"Togra i gcomhar idir Col\u00e1iste Mhuire gan Sm\u00e1l, Sing Ireland agus Comhairle D\u00eddeanaithe na h\u00c9ireann at\u00e1 i gceist le Song Seeking.\u00a0 T\u00e1 comhar breise i gceist chomh maith leis sin le s\u00e9 cinn d'ionaid sol\u00e1thar d\u00edreach, ceathrar \u00e1isitheoir\u00ed\u00a0c\u00f3ir, cumad\u00f3ir ceoil, gr\u00fapa\u00ed amhr\u00e1na\u00edochta \u00e1iti\u00fala, an Ceol\u00e1ras N\u00e1isi\u00fanta agus, an n\u00ed is t\u00e1bhachta\u00ed, na cantair\u00ed f\u00e9in \u2013 daoine f\u00e1sta, leana\u00ed agus daoine \u00f3ga \u2013 a bhfuil c\u00f3na\u00ed\u00a0orthu in ionaid sol\u00e1thar d\u00edreach.\",\"breadcrumb\":{\"@id\":\"https:\/\/www.creativeireland.gov.ie\/ga\/comhphairtithe\/mary-immaculate-college\/#breadcrumb\"},\"inLanguage\":\"ga-IE\",\"potentialAction\":[{\"@type\":\"ReadAction\",\"target\":[\"https:\/\/www.creativeireland.gov.ie\/ga\/comhphairtithe\/mary-immaculate-college\/\"]}]},{\"@type\":\"ImageObject\",\"inLanguage\":\"ga-IE\",\"@id\":\"https:\/\/www.creativeireland.gov.ie\/ga\/comhphairtithe\/mary-immaculate-college\/#primaryimage\",\"url\":\"https:\/\/www.creativeireland.gov.ie\/app\/uploads\/2020\/01\/Little-Girl-Performing-Mary-Immaculate-College-e1578423527447.jpg\",\"contentUrl\":\"https:\/\/www.creativeireland.gov.ie\/app\/uploads\/2020\/01\/Little-Girl-Performing-Mary-Immaculate-College-e1578423527447.jpg\",\"width\":900,\"height\":432,\"caption\":\"Davina Olufade, National Concert Hall Picture Credit: Andres Poveda\"},{\"@type\":\"BreadcrumbList\",\"@id\":\"https:\/\/www.creativeireland.gov.ie\/ga\/comhphairtithe\/mary-immaculate-college\/#breadcrumb\",\"itemListElement\":[{\"@type\":\"ListItem\",\"position\":1,\"name\":\"Home\",\"item\":\"https:\/\/www.creativeireland.gov.ie\/ga\/\"},{\"@type\":\"ListItem\",\"position\":2,\"name\":\"Comhph\u00e1irt\u00edochta\u00ed\",\"item\":\"https:\/\/www.creativeireland.gov.ie\/ga\/comhphairtithe\/\"},{\"@type\":\"ListItem\",\"position\":3,\"name\":\"Col\u00e1iste Mhuire gan Sm\u00e1l\"}]},{\"@type\":\"WebSite\",\"@id\":\"https:\/\/www.creativeireland.gov.ie\/ga\/#website\",\"url\":\"https:\/\/www.creativeireland.gov.ie\/ga\/\",\"name\":\"Creative Ireland Programme\",\"description\":\"The Creative Ireland Programme is guided by a vision that every person in Ireland will have the opportunity to realise their full creative potential. It is a five year all-of-Government initiative, from 2017 to 2022, to place creativity at the centre of public policy.\",\"potentialAction\":[{\"@type\":\"SearchAction\",\"target\":{\"@type\":\"EntryPoint\",\"urlTemplate\":\"https:\/\/www.creativeireland.gov.ie\/ga\/?s={search_term_string}\"},\"query-input\":{\"@type\":\"PropertyValueSpecification\",\"valueRequired\":true,\"valueName\":\"search_term_string\"}}],\"inLanguage\":\"ga-IE\"}]}<\/script>\n<!-- \/ Yoast SEO plugin. -->","yoast_head_json":{"title":"Col\u00e1iste Mhuire gan Sm\u00e1l - Creative Ireland Programme","description":"Togra i gcomhar idir Col\u00e1iste Mhuire gan Sm\u00e1l, Sing Ireland agus Comhairle D\u00eddeanaithe na h\u00c9ireann at\u00e1 i gceist le Song Seeking.\u00a0 T\u00e1 comhar breise i gceist chomh maith leis sin le s\u00e9 cinn d'ionaid sol\u00e1thar d\u00edreach, ceathrar \u00e1isitheoir\u00ed\u00a0c\u00f3ir, cumad\u00f3ir ceoil, gr\u00fapa\u00ed amhr\u00e1na\u00edochta \u00e1iti\u00fala, an Ceol\u00e1ras N\u00e1isi\u00fanta agus, an n\u00ed is t\u00e1bhachta\u00ed, na cantair\u00ed f\u00e9in \u2013 daoine f\u00e1sta, leana\u00ed agus daoine \u00f3ga \u2013 a bhfuil c\u00f3na\u00ed\u00a0orthu in ionaid sol\u00e1thar d\u00edreach.","robots":{"index":"index","follow":"follow","max-snippet":"max-snippet:-1","max-image-preview":"max-image-preview:large","max-video-preview":"max-video-preview:-1"},"canonical":"https:\/\/www.creativeireland.gov.ie\/ga\/comhphairtithe\/mary-immaculate-college\/","og_locale":"ga_IE","og_type":"article","og_title":"Col\u00e1iste Mhuire gan Sm\u00e1l - Creative Ireland Programme","og_description":"Togra i gcomhar idir Col\u00e1iste Mhuire gan Sm\u00e1l, Sing Ireland agus Comhairle D\u00eddeanaithe na h\u00c9ireann at\u00e1 i gceist le Song Seeking.\u00a0 T\u00e1 comhar breise i gceist chomh maith leis sin le s\u00e9 cinn d'ionaid sol\u00e1thar d\u00edreach, ceathrar \u00e1isitheoir\u00ed\u00a0c\u00f3ir, cumad\u00f3ir ceoil, gr\u00fapa\u00ed amhr\u00e1na\u00edochta \u00e1iti\u00fala, an Ceol\u00e1ras N\u00e1isi\u00fanta agus, an n\u00ed is t\u00e1bhachta\u00ed, na cantair\u00ed f\u00e9in \u2013 daoine f\u00e1sta, leana\u00ed agus daoine \u00f3ga \u2013 a bhfuil c\u00f3na\u00ed\u00a0orthu in ionaid sol\u00e1thar d\u00edreach.","og_url":"https:\/\/www.creativeireland.gov.ie\/ga\/comhphairtithe\/mary-immaculate-college\/","og_site_name":"Creative Ireland Programme","article_publisher":"https:\/\/www.facebook.com\/CreativeIrl\/","article_modified_time":"2020-01-07T18:58:51+00:00","og_image":[{"width":900,"height":432,"url":"https:\/\/www.creativeireland.gov.ie\/app\/uploads\/2020\/01\/Little-Girl-Performing-Mary-Immaculate-College-e1578423527447.jpg","type":"image\/jpeg"}],"twitter_card":"summary_large_image","twitter_site":"@creativeirl","schema":{"@context":"https:\/\/schema.org","@graph":[{"@type":"WebPage","@id":"https:\/\/www.creativeireland.gov.ie\/ga\/comhphairtithe\/mary-immaculate-college\/","url":"https:\/\/www.creativeireland.gov.ie\/ga\/comhphairtithe\/mary-immaculate-college\/","name":"Col\u00e1iste Mhuire gan Sm\u00e1l - Creative Ireland Programme","isPartOf":{"@id":"https:\/\/www.creativeireland.gov.ie\/ga\/#website"},"primaryImageOfPage":{"@id":"https:\/\/www.creativeireland.gov.ie\/ga\/comhphairtithe\/mary-immaculate-college\/#primaryimage"},"image":{"@id":"https:\/\/www.creativeireland.gov.ie\/ga\/comhphairtithe\/mary-immaculate-college\/#primaryimage"},"thumbnailUrl":"https:\/\/www.creativeireland.gov.ie\/app\/uploads\/2020\/01\/Little-Girl-Performing-Mary-Immaculate-College-e1578423527447.jpg","datePublished":"2020-01-07T18:53:47+00:00","dateModified":"2020-01-07T18:58:51+00:00","description":"Togra i gcomhar idir Col\u00e1iste Mhuire gan Sm\u00e1l, Sing Ireland agus Comhairle D\u00eddeanaithe na h\u00c9ireann at\u00e1 i gceist le Song Seeking.\u00a0 T\u00e1 comhar breise i gceist chomh maith leis sin le s\u00e9 cinn d'ionaid sol\u00e1thar d\u00edreach, ceathrar \u00e1isitheoir\u00ed\u00a0c\u00f3ir, cumad\u00f3ir ceoil, gr\u00fapa\u00ed amhr\u00e1na\u00edochta \u00e1iti\u00fala, an Ceol\u00e1ras N\u00e1isi\u00fanta agus, an n\u00ed is t\u00e1bhachta\u00ed, na cantair\u00ed f\u00e9in \u2013 daoine f\u00e1sta, leana\u00ed agus daoine \u00f3ga \u2013 a bhfuil c\u00f3na\u00ed\u00a0orthu in ionaid sol\u00e1thar d\u00edreach.","breadcrumb":{"@id":"https:\/\/www.creativeireland.gov.ie\/ga\/comhphairtithe\/mary-immaculate-college\/#breadcrumb"},"inLanguage":"ga-IE","potentialAction":[{"@type":"ReadAction","target":["https:\/\/www.creativeireland.gov.ie\/ga\/comhphairtithe\/mary-immaculate-college\/"]}]},{"@type":"ImageObject","inLanguage":"ga-IE","@id":"https:\/\/www.creativeireland.gov.ie\/ga\/comhphairtithe\/mary-immaculate-college\/#primaryimage","url":"https:\/\/www.creativeireland.gov.ie\/app\/uploads\/2020\/01\/Little-Girl-Performing-Mary-Immaculate-College-e1578423527447.jpg","contentUrl":"https:\/\/www.creativeireland.gov.ie\/app\/uploads\/2020\/01\/Little-Girl-Performing-Mary-Immaculate-College-e1578423527447.jpg","width":900,"height":432,"caption":"Davina Olufade, National Concert Hall Picture Credit: Andres Poveda"},{"@type":"BreadcrumbList","@id":"https:\/\/www.creativeireland.gov.ie\/ga\/comhphairtithe\/mary-immaculate-college\/#breadcrumb","itemListElement":[{"@type":"ListItem","position":1,"name":"Home","item":"https:\/\/www.creativeireland.gov.ie\/ga\/"},{"@type":"ListItem","position":2,"name":"Comhph\u00e1irt\u00edochta\u00ed","item":"https:\/\/www.creativeireland.gov.ie\/ga\/comhphairtithe\/"},{"@type":"ListItem","position":3,"name":"Col\u00e1iste Mhuire gan Sm\u00e1l"}]},{"@type":"WebSite","@id":"https:\/\/www.creativeireland.gov.ie\/ga\/#website","url":"https:\/\/www.creativeireland.gov.ie\/ga\/","name":"Creative Ireland Programme","description":"The Creative Ireland Programme is guided by a vision that every person in Ireland will have the opportunity to realise their full creative potential. It is a five year all-of-Government initiative, from 2017 to 2022, to place creativity at the centre of public policy.","potentialAction":[{"@type":"SearchAction","target":{"@type":"EntryPoint","urlTemplate":"https:\/\/www.creativeireland.gov.ie\/ga\/?s={search_term_string}"},"query-input":{"@type":"PropertyValueSpecification","valueRequired":true,"valueName":"search_term_string"}}],"inLanguage":"ga-IE"}]}},"_links":{"self":[{"href":"https:\/\/www.creativeireland.gov.ie\/ga\/wp-json\/wp\/v2\/pages\/5504","targetHints":{"allow":["GET"]}}],"collection":[{"href":"https:\/\/www.creativeireland.gov.ie\/ga\/wp-json\/wp\/v2\/pages"}],"about":[{"href":"https:\/\/www.creativeireland.gov.ie\/ga\/wp-json\/wp\/v2\/types\/page"}],"author":[{"embeddable":true,"href":"https:\/\/www.creativeireland.gov.ie\/ga\/wp-json\/wp\/v2\/users\/1"}],"replies":[{"embeddable":true,"href":"https:\/\/www.creativeireland.gov.ie\/ga\/wp-json\/wp\/v2\/comments?post=5504"}],"version-history":[{"count":3,"href":"https:\/\/www.creativeireland.gov.ie\/ga\/wp-json\/wp\/v2\/pages\/5504\/revisions"}],"predecessor-version":[{"id":5508,"href":"https:\/\/www.creativeireland.gov.ie\/ga\/wp-json\/wp\/v2\/pages\/5504\/revisions\/5508"}],"up":[{"embeddable":true,"href":"https:\/\/www.creativeireland.gov.ie\/ga\/wp-json\/wp\/v2\/pages\/3357"}],"wp:featuredmedia":[{"embeddable":true,"href":"https:\/\/www.creativeireland.gov.ie\/ga\/wp-json\/wp\/v2\/media\/5488"}],"wp:attachment":[{"href":"https:\/\/www.creativeireland.gov.ie\/ga\/wp-json\/wp\/v2\/media?parent=5504"}],"curies":[{"name":"wp","href":"https:\/\/api.w.org\/{rel}","templated":true}]}}