{"id":5529,"date":"2020-01-07T19:11:03","date_gmt":"2020-01-07T19:11:03","guid":{"rendered":"https:\/\/prod-creativeireland.zestydev.com\/comhphairtithe\/the-lullaby-project-singing-songs-about-tractors-and-hurling\/"},"modified":"2020-01-07T19:12:17","modified_gmt":"2020-01-07T19:12:17","slug":"the-lullaby-project-singing-songs-about-tractors-and-hurling","status":"publish","type":"page","link":"https:\/\/www.creativeireland.gov.ie\/ga\/comhphairtithe\/the-lullaby-project-singing-songs-about-tractors-and-hurling\/","title":{"rendered":"The Lullaby Project- amhr\u00e1in \u00e1 gcanadh maidir le tarrac\u00f3ir\u00ed agus iom\u00e1na\u00edocht."},"content":{"rendered":"\n<p>Thug Coiste C\u00faram Leana\u00ed na Gaillimhe\nagus <em>Groundswell Arts<\/em> faoi chl\u00e1r\nceoil tr\u00ed r\u00e1ithe in dh\u00e1 ionad r\u00e9amhscola\u00edochta i nGaillimh mar chuid de thogra\np\u00edol\u00f3tach a raibh c\u00fanamh taca ina leith \u00f3&nbsp;\u00c9ire Ild\u00e1nach.<\/p>\n\n\n\n<p>Bh\u00ed de chusp\u00f3ir leis an <em>Lullaby Project<\/em> leas a bhaint as an\ngceol chun cur le sl\u00e1inte mhoth\u00fach\u00e1nach na leana\u00ed, na dtuismitheoir\u00ed&nbsp;agus\nna ndaoine a oibr\u00edonn in ionaid r\u00e9amhscola\u00edochta agus treisi\u00fa leis an misneach\niontu \u2013 chomh maith le hamhr\u00e1n a &#8216;bhronnadh&#8217; ar gach\nteaghlach a ghlac p\u00e1irt sa togra. <\/p>\n\n\n\n<p>Is l\u00e9ir\n\u00f3&nbsp;thortha\u00ed&nbsp;taighde go gcotha\u00edtear forbairt teanga agus caidreamh\ns\u00f3isialta le p\u00e1irt a ghlacadh go fuinni\u00fail rialta i gc\u00farsa\u00ed&nbsp;ceoil.&nbsp; Tugann an Lullaby Project deis smaoineamh a\ndh\u00e9anamh faoin tionchar chun sochair a fh\u00e9adann a bheith \u00f3n gceol ar fhoghlaim\nagus ar fhorbairt an linbh ar fud na r\u00e9ims\u00ed go l\u00e9ir.<\/p>\n\n\n\n<p>Faoin Lullaby Project, cuirtear\nchuig d\u00e9anamh amhr\u00e1in ar bhealach a threis\u00edonn leis an gceangal idir\ntuismitheoir\u00ed\/c\u00faram\u00f3ir\u00ed agus na leana\u00ed, agus idir an lucht oideachais agus na\nteaghlaigh.&nbsp; Tugtar deis freisin do na\ntuismitheoir\u00ed&nbsp;eolas n\u00edos fearr a chur ar an ionad Luath\u00f3ige agus saineolas\nna dtuismitheoir\u00ed f\u00e9in ar na modhanna is fearr inar f\u00e9idir bonn treise a chur\nfaoi fhorbairt agus faoi fhoghlaim an linbh a admh\u00e1il agus a chur i gcomhar. <\/p>\n\n\n\n<p>I mbun oibre d\u00f3ibh le\nleana\u00ed&nbsp;\u00f3ga in \u00e1iseanna c\u00faraim leana\u00ed sa Ghort agus i nGaillimh, chruthaigh\nEoghan Burk agus Ruth Dillon, cumad\u00f3ir\u00ed amhr\u00e1n arna n-oili\u00faint ag <em>Groundswell Arts<\/em>, amhr\u00e1in phearsanta\nfaoi tharrac\u00f3ir\u00ed agus faoin iom\u00e1na\u00edocht i gcomhar leis na daoine \u00f3ga.\n<\/p>\n\n\n\n<p>Chuir foireann\nGroundswell an modh oibre at\u00e1 acu i l\u00e1thair freisin do cheathrar a oibr\u00edonn le\nleana\u00ed&nbsp;luath\u00f3ige. <\/p>\n\n\n\n<p>Bh\u00ed an tionscadal\np\u00edol\u00f3tach seo bunaithe ar thraidisi\u00fan l\u00e1idir an cheoil i nGaillimh agus d\u00edr\u00edodh\naird ar mhodhanna ina dtreis\u00edonn agus a gcotha\u00edonn ceol le linn na mblianta\nluath\u00f3ige an leanbh, ina spreagtar soicheall agus f\u00e1ilte roimh dhaoine eile\nagus ina nasctar ceangal buan leis an teaghlach. <\/p>\n\n\n\n<p>Tar \u00e9is c\u00fanamh\ntionscanta a fh\u00e1il \u00f3n gCiste N\u00e1isi\u00fanta Cruthaitheachta, t\u00e1 cist\u00edocht aimsithe \u00f3\nshin ag Coiste C\u00faram Leana\u00ed&nbsp;na Gaillimhe faoi chiste de chuid Tusla maidir\nle Rannph\u00e1irt\u00edocht na dTuismitheoir\u00ed&nbsp;ionas gur f\u00e9idir an togra a leathn\u00fa\nagus oibri\u00fa&nbsp;le teaghlaigh de chuid an Lucht Si\u00fail i nGaillimh, bunaithe ar\nthraidisi\u00fan l\u00e1idir sc\u00e9ala\u00edochta agus amhr\u00e1na\u00edochta agus ar dhl\u00fathcheangal idir\ntuismitheoir\u00ed agus a gcuid leana\u00ed i measc an phobail.<\/p>\n\n\n\n<p>Bh\u00ed an <em>Lullaby Project<\/em> ina chuid den\ncheili\u00faradh ar Chruinni\u00fa na n\u00d3g 2019!<\/p>\n\n\n\n<p><a href=\"http:\/\/www.galwaychildcare.com\">www.galwaychildcare.com<\/a><\/p>\n","protected":false},"excerpt":{"rendered":"<p>Thug Coiste C\u00faram Leana\u00ed na Gaillimhe agus Groundswell Arts faoi chl\u00e1r ceoil tr\u00ed r\u00e1ithe in dh\u00e1 ionad r\u00e9amhscola\u00edochta i nGaillimh mar chuid de thogra p\u00edol\u00f3tach a raibh c\u00fanamh taca ina leith \u00f3&nbsp;\u00c9ire Ild\u00e1nach. Bh\u00ed de chusp\u00f3ir leis an Lullaby Project leas a bhaint as an gceol chun cur le sl\u00e1inte mhoth\u00fach\u00e1nach na leana\u00ed, na dtuismitheoir\u00ed&nbsp;agus [&hellip;]<\/p>\n","protected":false},"author":1,"featured_media":5526,"parent":3357,"menu_order":0,"comment_status":"closed","ping_status":"closed","template":"page-basic-content.php","meta":{"footnotes":""},"class_list":["post-5529","page","type-page","status-publish","has-post-thumbnail","hentry"],"acf":[],"yoast_head":"<!-- This site is optimized with the Yoast SEO plugin v25.9 - https:\/\/yoast.com\/wordpress\/plugins\/seo\/ -->\n<title>The Lullaby Project- amhr\u00e1in \u00e1 gcanadh maidir le tarrac\u00f3ir\u00ed agus iom\u00e1na\u00edocht. - Creative Ireland Programme<\/title>\n<meta name=\"description\" content=\"Thug Coiste C\u00faram Leana\u00ed na Gaillimhe agus Groundswell Arts faoi chl\u00e1r ceoil tr\u00ed r\u00e1ithe in dh\u00e1 ionad r\u00e9amhscola\u00edochta i nGaillimh mar chuid de thogra p\u00edol\u00f3tach a raibh c\u00fanamh taca ina leith \u00f3 \u00c9ire Ild\u00e1nach.\" \/>\n<meta name=\"robots\" content=\"index, follow, max-snippet:-1, max-image-preview:large, max-video-preview:-1\" \/>\n<link rel=\"canonical\" href=\"https:\/\/www.creativeireland.gov.ie\/ga\/comhphairtithe\/the-lullaby-project-singing-songs-about-tractors-and-hurling\/\" \/>\n<meta property=\"og:locale\" content=\"ga_IE\" \/>\n<meta property=\"og:type\" content=\"article\" \/>\n<meta property=\"og:title\" content=\"The Lullaby Project- amhr\u00e1in \u00e1 gcanadh maidir le tarrac\u00f3ir\u00ed agus iom\u00e1na\u00edocht. - Creative Ireland Programme\" \/>\n<meta property=\"og:description\" content=\"Thug Coiste C\u00faram Leana\u00ed na Gaillimhe agus Groundswell Arts faoi chl\u00e1r ceoil tr\u00ed r\u00e1ithe in dh\u00e1 ionad r\u00e9amhscola\u00edochta i nGaillimh mar chuid de thogra p\u00edol\u00f3tach a raibh c\u00fanamh taca ina leith \u00f3 \u00c9ire Ild\u00e1nach.\" \/>\n<meta property=\"og:url\" content=\"https:\/\/www.creativeireland.gov.ie\/ga\/comhphairtithe\/the-lullaby-project-singing-songs-about-tractors-and-hurling\/\" \/>\n<meta property=\"og:site_name\" content=\"Creative Ireland Programme\" \/>\n<meta property=\"article:publisher\" content=\"https:\/\/www.facebook.com\/CreativeIrl\/\" \/>\n<meta property=\"article:modified_time\" content=\"2020-01-07T19:12:17+00:00\" \/>\n<meta property=\"og:image\" content=\"https:\/\/www.creativeireland.gov.ie\/app\/uploads\/2020\/01\/The-Lullaby-Project.jpg\" \/>\n\t<meta property=\"og:image:width\" content=\"1086\" \/>\n\t<meta property=\"og:image:height\" content=\"724\" \/>\n\t<meta property=\"og:image:type\" content=\"image\/jpeg\" \/>\n<meta name=\"twitter:card\" content=\"summary_large_image\" \/>\n<meta name=\"twitter:site\" content=\"@creativeirl\" \/>\n<meta name=\"twitter:label1\" content=\"Est. reading time\" \/>\n\t<meta name=\"twitter:data1\" content=\"2 minutes\" \/>\n<script type=\"application\/ld+json\" class=\"yoast-schema-graph\">{\"@context\":\"https:\/\/schema.org\",\"@graph\":[{\"@type\":\"WebPage\",\"@id\":\"https:\/\/www.creativeireland.gov.ie\/ga\/comhphairtithe\/the-lullaby-project-singing-songs-about-tractors-and-hurling\/\",\"url\":\"https:\/\/www.creativeireland.gov.ie\/ga\/comhphairtithe\/the-lullaby-project-singing-songs-about-tractors-and-hurling\/\",\"name\":\"The Lullaby Project- amhr\u00e1in \u00e1 gcanadh maidir le tarrac\u00f3ir\u00ed agus iom\u00e1na\u00edocht. - Creative Ireland Programme\",\"isPartOf\":{\"@id\":\"https:\/\/www.creativeireland.gov.ie\/ga\/#website\"},\"primaryImageOfPage\":{\"@id\":\"https:\/\/www.creativeireland.gov.ie\/ga\/comhphairtithe\/the-lullaby-project-singing-songs-about-tractors-and-hurling\/#primaryimage\"},\"image\":{\"@id\":\"https:\/\/www.creativeireland.gov.ie\/ga\/comhphairtithe\/the-lullaby-project-singing-songs-about-tractors-and-hurling\/#primaryimage\"},\"thumbnailUrl\":\"https:\/\/www.creativeireland.gov.ie\/app\/uploads\/2020\/01\/The-Lullaby-Project.jpg\",\"datePublished\":\"2020-01-07T19:11:03+00:00\",\"dateModified\":\"2020-01-07T19:12:17+00:00\",\"description\":\"Thug Coiste C\u00faram Leana\u00ed na Gaillimhe agus Groundswell Arts faoi chl\u00e1r ceoil tr\u00ed r\u00e1ithe in dh\u00e1 ionad r\u00e9amhscola\u00edochta i nGaillimh mar chuid de thogra p\u00edol\u00f3tach a raibh c\u00fanamh taca ina leith \u00f3 \u00c9ire Ild\u00e1nach.\",\"breadcrumb\":{\"@id\":\"https:\/\/www.creativeireland.gov.ie\/ga\/comhphairtithe\/the-lullaby-project-singing-songs-about-tractors-and-hurling\/#breadcrumb\"},\"inLanguage\":\"ga-IE\",\"potentialAction\":[{\"@type\":\"ReadAction\",\"target\":[\"https:\/\/www.creativeireland.gov.ie\/ga\/comhphairtithe\/the-lullaby-project-singing-songs-about-tractors-and-hurling\/\"]}]},{\"@type\":\"ImageObject\",\"inLanguage\":\"ga-IE\",\"@id\":\"https:\/\/www.creativeireland.gov.ie\/ga\/comhphairtithe\/the-lullaby-project-singing-songs-about-tractors-and-hurling\/#primaryimage\",\"url\":\"https:\/\/www.creativeireland.gov.ie\/app\/uploads\/2020\/01\/The-Lullaby-Project.jpg\",\"contentUrl\":\"https:\/\/www.creativeireland.gov.ie\/app\/uploads\/2020\/01\/The-Lullaby-Project.jpg\",\"width\":1086,\"height\":724,\"caption\":\"The Lullaby Project\"},{\"@type\":\"BreadcrumbList\",\"@id\":\"https:\/\/www.creativeireland.gov.ie\/ga\/comhphairtithe\/the-lullaby-project-singing-songs-about-tractors-and-hurling\/#breadcrumb\",\"itemListElement\":[{\"@type\":\"ListItem\",\"position\":1,\"name\":\"Home\",\"item\":\"https:\/\/www.creativeireland.gov.ie\/ga\/\"},{\"@type\":\"ListItem\",\"position\":2,\"name\":\"Comhph\u00e1irt\u00edochta\u00ed\",\"item\":\"https:\/\/www.creativeireland.gov.ie\/ga\/comhphairtithe\/\"},{\"@type\":\"ListItem\",\"position\":3,\"name\":\"The Lullaby Project- amhr\u00e1in \u00e1 gcanadh maidir le tarrac\u00f3ir\u00ed agus iom\u00e1na\u00edocht.\"}]},{\"@type\":\"WebSite\",\"@id\":\"https:\/\/www.creativeireland.gov.ie\/ga\/#website\",\"url\":\"https:\/\/www.creativeireland.gov.ie\/ga\/\",\"name\":\"Creative Ireland Programme\",\"description\":\"The Creative Ireland Programme is guided by a vision that every person in Ireland will have the opportunity to realise their full creative potential. It is a five year all-of-Government initiative, from 2017 to 2022, to place creativity at the centre of public policy.\",\"potentialAction\":[{\"@type\":\"SearchAction\",\"target\":{\"@type\":\"EntryPoint\",\"urlTemplate\":\"https:\/\/www.creativeireland.gov.ie\/ga\/?s={search_term_string}\"},\"query-input\":{\"@type\":\"PropertyValueSpecification\",\"valueRequired\":true,\"valueName\":\"search_term_string\"}}],\"inLanguage\":\"ga-IE\"}]}<\/script>\n<!-- \/ Yoast SEO plugin. -->","yoast_head_json":{"title":"The Lullaby Project- amhr\u00e1in \u00e1 gcanadh maidir le tarrac\u00f3ir\u00ed agus iom\u00e1na\u00edocht. - Creative Ireland Programme","description":"Thug Coiste C\u00faram Leana\u00ed na Gaillimhe agus Groundswell Arts faoi chl\u00e1r ceoil tr\u00ed r\u00e1ithe in dh\u00e1 ionad r\u00e9amhscola\u00edochta i nGaillimh mar chuid de thogra p\u00edol\u00f3tach a raibh c\u00fanamh taca ina leith \u00f3 \u00c9ire Ild\u00e1nach.","robots":{"index":"index","follow":"follow","max-snippet":"max-snippet:-1","max-image-preview":"max-image-preview:large","max-video-preview":"max-video-preview:-1"},"canonical":"https:\/\/www.creativeireland.gov.ie\/ga\/comhphairtithe\/the-lullaby-project-singing-songs-about-tractors-and-hurling\/","og_locale":"ga_IE","og_type":"article","og_title":"The Lullaby Project- amhr\u00e1in \u00e1 gcanadh maidir le tarrac\u00f3ir\u00ed agus iom\u00e1na\u00edocht. - Creative Ireland Programme","og_description":"Thug Coiste C\u00faram Leana\u00ed na Gaillimhe agus Groundswell Arts faoi chl\u00e1r ceoil tr\u00ed r\u00e1ithe in dh\u00e1 ionad r\u00e9amhscola\u00edochta i nGaillimh mar chuid de thogra p\u00edol\u00f3tach a raibh c\u00fanamh taca ina leith \u00f3 \u00c9ire Ild\u00e1nach.","og_url":"https:\/\/www.creativeireland.gov.ie\/ga\/comhphairtithe\/the-lullaby-project-singing-songs-about-tractors-and-hurling\/","og_site_name":"Creative Ireland Programme","article_publisher":"https:\/\/www.facebook.com\/CreativeIrl\/","article_modified_time":"2020-01-07T19:12:17+00:00","og_image":[{"width":1086,"height":724,"url":"https:\/\/www.creativeireland.gov.ie\/app\/uploads\/2020\/01\/The-Lullaby-Project.jpg","type":"image\/jpeg"}],"twitter_card":"summary_large_image","twitter_site":"@creativeirl","twitter_misc":{"Est. reading time":"2 minutes"},"schema":{"@context":"https:\/\/schema.org","@graph":[{"@type":"WebPage","@id":"https:\/\/www.creativeireland.gov.ie\/ga\/comhphairtithe\/the-lullaby-project-singing-songs-about-tractors-and-hurling\/","url":"https:\/\/www.creativeireland.gov.ie\/ga\/comhphairtithe\/the-lullaby-project-singing-songs-about-tractors-and-hurling\/","name":"The Lullaby Project- amhr\u00e1in \u00e1 gcanadh maidir le tarrac\u00f3ir\u00ed agus iom\u00e1na\u00edocht. - Creative Ireland Programme","isPartOf":{"@id":"https:\/\/www.creativeireland.gov.ie\/ga\/#website"},"primaryImageOfPage":{"@id":"https:\/\/www.creativeireland.gov.ie\/ga\/comhphairtithe\/the-lullaby-project-singing-songs-about-tractors-and-hurling\/#primaryimage"},"image":{"@id":"https:\/\/www.creativeireland.gov.ie\/ga\/comhphairtithe\/the-lullaby-project-singing-songs-about-tractors-and-hurling\/#primaryimage"},"thumbnailUrl":"https:\/\/www.creativeireland.gov.ie\/app\/uploads\/2020\/01\/The-Lullaby-Project.jpg","datePublished":"2020-01-07T19:11:03+00:00","dateModified":"2020-01-07T19:12:17+00:00","description":"Thug Coiste C\u00faram Leana\u00ed na Gaillimhe agus Groundswell Arts faoi chl\u00e1r ceoil tr\u00ed r\u00e1ithe in dh\u00e1 ionad r\u00e9amhscola\u00edochta i nGaillimh mar chuid de thogra p\u00edol\u00f3tach a raibh c\u00fanamh taca ina leith \u00f3 \u00c9ire Ild\u00e1nach.","breadcrumb":{"@id":"https:\/\/www.creativeireland.gov.ie\/ga\/comhphairtithe\/the-lullaby-project-singing-songs-about-tractors-and-hurling\/#breadcrumb"},"inLanguage":"ga-IE","potentialAction":[{"@type":"ReadAction","target":["https:\/\/www.creativeireland.gov.ie\/ga\/comhphairtithe\/the-lullaby-project-singing-songs-about-tractors-and-hurling\/"]}]},{"@type":"ImageObject","inLanguage":"ga-IE","@id":"https:\/\/www.creativeireland.gov.ie\/ga\/comhphairtithe\/the-lullaby-project-singing-songs-about-tractors-and-hurling\/#primaryimage","url":"https:\/\/www.creativeireland.gov.ie\/app\/uploads\/2020\/01\/The-Lullaby-Project.jpg","contentUrl":"https:\/\/www.creativeireland.gov.ie\/app\/uploads\/2020\/01\/The-Lullaby-Project.jpg","width":1086,"height":724,"caption":"The Lullaby Project"},{"@type":"BreadcrumbList","@id":"https:\/\/www.creativeireland.gov.ie\/ga\/comhphairtithe\/the-lullaby-project-singing-songs-about-tractors-and-hurling\/#breadcrumb","itemListElement":[{"@type":"ListItem","position":1,"name":"Home","item":"https:\/\/www.creativeireland.gov.ie\/ga\/"},{"@type":"ListItem","position":2,"name":"Comhph\u00e1irt\u00edochta\u00ed","item":"https:\/\/www.creativeireland.gov.ie\/ga\/comhphairtithe\/"},{"@type":"ListItem","position":3,"name":"The Lullaby Project- amhr\u00e1in \u00e1 gcanadh maidir le tarrac\u00f3ir\u00ed agus iom\u00e1na\u00edocht."}]},{"@type":"WebSite","@id":"https:\/\/www.creativeireland.gov.ie\/ga\/#website","url":"https:\/\/www.creativeireland.gov.ie\/ga\/","name":"Creative Ireland Programme","description":"The Creative Ireland Programme is guided by a vision that every person in Ireland will have the opportunity to realise their full creative potential. It is a five year all-of-Government initiative, from 2017 to 2022, to place creativity at the centre of public policy.","potentialAction":[{"@type":"SearchAction","target":{"@type":"EntryPoint","urlTemplate":"https:\/\/www.creativeireland.gov.ie\/ga\/?s={search_term_string}"},"query-input":{"@type":"PropertyValueSpecification","valueRequired":true,"valueName":"search_term_string"}}],"inLanguage":"ga-IE"}]}},"_links":{"self":[{"href":"https:\/\/www.creativeireland.gov.ie\/ga\/wp-json\/wp\/v2\/pages\/5529","targetHints":{"allow":["GET"]}}],"collection":[{"href":"https:\/\/www.creativeireland.gov.ie\/ga\/wp-json\/wp\/v2\/pages"}],"about":[{"href":"https:\/\/www.creativeireland.gov.ie\/ga\/wp-json\/wp\/v2\/types\/page"}],"author":[{"embeddable":true,"href":"https:\/\/www.creativeireland.gov.ie\/ga\/wp-json\/wp\/v2\/users\/1"}],"replies":[{"embeddable":true,"href":"https:\/\/www.creativeireland.gov.ie\/ga\/wp-json\/wp\/v2\/comments?post=5529"}],"version-history":[{"count":2,"href":"https:\/\/www.creativeireland.gov.ie\/ga\/wp-json\/wp\/v2\/pages\/5529\/revisions"}],"predecessor-version":[{"id":5531,"href":"https:\/\/www.creativeireland.gov.ie\/ga\/wp-json\/wp\/v2\/pages\/5529\/revisions\/5531"}],"up":[{"embeddable":true,"href":"https:\/\/www.creativeireland.gov.ie\/ga\/wp-json\/wp\/v2\/pages\/3357"}],"wp:featuredmedia":[{"embeddable":true,"href":"https:\/\/www.creativeireland.gov.ie\/ga\/wp-json\/wp\/v2\/media\/5526"}],"wp:attachment":[{"href":"https:\/\/www.creativeireland.gov.ie\/ga\/wp-json\/wp\/v2\/media?parent=5529"}],"curies":[{"name":"wp","href":"https:\/\/api.w.org\/{rel}","templated":true}]}}