{"id":5556,"date":"2020-01-07T19:32:08","date_gmt":"2020-01-07T19:32:08","guid":{"rendered":"https:\/\/prod-creativeireland.zestydev.com\/comhphairtithe\/ecologies-of-cultural-production\/"},"modified":"2020-01-07T19:35:40","modified_gmt":"2020-01-07T19:35:40","slug":"ecologies-of-cultural-production","status":"publish","type":"page","link":"https:\/\/www.creativeireland.gov.ie\/ga\/comhphairtithe\/ecologies-of-cultural-production\/","title":{"rendered":"Ecologies of Cultural Production"},"content":{"rendered":"","protected":false},"excerpt":{"rendered":"","protected":false},"author":1,"featured_media":5550,"parent":3357,"menu_order":0,"comment_status":"closed","ping_status":"closed","template":"page-creative-nation-basic-content.php","meta":{"footnotes":""},"class_list":["post-5556","page","type-page","status-publish","has-post-thumbnail","hentry"],"acf":[],"yoast_head":"<!-- This site is optimized with the Yoast SEO plugin v25.9 - https:\/\/yoast.com\/wordpress\/plugins\/seo\/ -->\n<title>Ecologies of Cultural Production - Creative Ireland Programme<\/title>\n<meta name=\"description\" content=\"Scoil na nEala\u00edon Cruthaitheachta i gCol\u00e1iste na Tr\u00edon\u00f3ide, Baile \u00c1tha Cliath a chuir an togra taighde seo de chuid \u00c9ire Ild\u00e1nach i gcr\u00edch. Rinneadh scr\u00fad\u00fa faoin togra ar shaol oibre dhaoine \u00e9ags\u00fala ag pl\u00e9 le scann\u00e1na\u00edocht, dr\u00e1ma\u00edocht teilif\u00edse agus amharclanna\u00edocht in \u00c9irinn. Bh\u00ed b\u00e9im ar na beala\u00ed inar thosaigh daoine amach ag pl\u00e9 le scann\u00e1na\u00edocht, dr\u00e1ma\u00edocht teilif\u00edse agus amharclanna\u00edocht agus ar na beala\u00ed inar lean siad orthu gur bhain saolr\u00e9 oibre amach ina mbun.\" \/>\n<meta name=\"robots\" content=\"index, follow, max-snippet:-1, max-image-preview:large, max-video-preview:-1\" \/>\n<link rel=\"canonical\" href=\"https:\/\/www.creativeireland.gov.ie\/ga\/comhphairtithe\/ecologies-of-cultural-production\/\" \/>\n<meta property=\"og:locale\" content=\"ga_IE\" \/>\n<meta property=\"og:type\" content=\"article\" \/>\n<meta property=\"og:title\" content=\"Ecologies of Cultural Production - Creative Ireland Programme\" \/>\n<meta property=\"og:description\" content=\"Scoil na nEala\u00edon Cruthaitheachta i gCol\u00e1iste na Tr\u00edon\u00f3ide, Baile \u00c1tha Cliath a chuir an togra taighde seo de chuid \u00c9ire Ild\u00e1nach i gcr\u00edch. Rinneadh scr\u00fad\u00fa faoin togra ar shaol oibre dhaoine \u00e9ags\u00fala ag pl\u00e9 le scann\u00e1na\u00edocht, dr\u00e1ma\u00edocht teilif\u00edse agus amharclanna\u00edocht in \u00c9irinn. Bh\u00ed b\u00e9im ar na beala\u00ed inar thosaigh daoine amach ag pl\u00e9 le scann\u00e1na\u00edocht, dr\u00e1ma\u00edocht teilif\u00edse agus amharclanna\u00edocht agus ar na beala\u00ed inar lean siad orthu gur bhain saolr\u00e9 oibre amach ina mbun.\" \/>\n<meta property=\"og:url\" content=\"https:\/\/www.creativeireland.gov.ie\/ga\/comhphairtithe\/ecologies-of-cultural-production\/\" \/>\n<meta property=\"og:site_name\" content=\"Creative Ireland Programme\" \/>\n<meta property=\"article:publisher\" content=\"https:\/\/www.facebook.com\/CreativeIrl\/\" \/>\n<meta property=\"article:modified_time\" content=\"2020-01-07T19:35:40+00:00\" \/>\n<meta property=\"og:image\" content=\"https:\/\/www.creativeireland.gov.ie\/app\/uploads\/2020\/01\/Ecologies-of-Cultural-Production.jpg\" \/>\n\t<meta property=\"og:image:width\" content=\"900\" \/>\n\t<meta property=\"og:image:height\" content=\"506\" \/>\n\t<meta property=\"og:image:type\" content=\"image\/jpeg\" \/>\n<meta name=\"twitter:card\" content=\"summary_large_image\" \/>\n<meta name=\"twitter:site\" content=\"@creativeirl\" \/>\n<script type=\"application\/ld+json\" class=\"yoast-schema-graph\">{\"@context\":\"https:\/\/schema.org\",\"@graph\":[{\"@type\":\"WebPage\",\"@id\":\"https:\/\/www.creativeireland.gov.ie\/ga\/comhphairtithe\/ecologies-of-cultural-production\/\",\"url\":\"https:\/\/www.creativeireland.gov.ie\/ga\/comhphairtithe\/ecologies-of-cultural-production\/\",\"name\":\"Ecologies of Cultural Production - Creative Ireland Programme\",\"isPartOf\":{\"@id\":\"https:\/\/www.creativeireland.gov.ie\/ga\/#website\"},\"primaryImageOfPage\":{\"@id\":\"https:\/\/www.creativeireland.gov.ie\/ga\/comhphairtithe\/ecologies-of-cultural-production\/#primaryimage\"},\"image\":{\"@id\":\"https:\/\/www.creativeireland.gov.ie\/ga\/comhphairtithe\/ecologies-of-cultural-production\/#primaryimage\"},\"thumbnailUrl\":\"https:\/\/www.creativeireland.gov.ie\/app\/uploads\/2020\/01\/Ecologies-of-Cultural-Production.jpg\",\"datePublished\":\"2020-01-07T19:32:08+00:00\",\"dateModified\":\"2020-01-07T19:35:40+00:00\",\"description\":\"Scoil na nEala\u00edon Cruthaitheachta i gCol\u00e1iste na Tr\u00edon\u00f3ide, Baile \u00c1tha Cliath a chuir an togra taighde seo de chuid \u00c9ire Ild\u00e1nach i gcr\u00edch. Rinneadh scr\u00fad\u00fa faoin togra ar shaol oibre dhaoine \u00e9ags\u00fala ag pl\u00e9 le scann\u00e1na\u00edocht, dr\u00e1ma\u00edocht teilif\u00edse agus amharclanna\u00edocht in \u00c9irinn. Bh\u00ed b\u00e9im ar na beala\u00ed inar thosaigh daoine amach ag pl\u00e9 le scann\u00e1na\u00edocht, dr\u00e1ma\u00edocht teilif\u00edse agus amharclanna\u00edocht agus ar na beala\u00ed inar lean siad orthu gur bhain saolr\u00e9 oibre amach ina mbun.\",\"breadcrumb\":{\"@id\":\"https:\/\/www.creativeireland.gov.ie\/ga\/comhphairtithe\/ecologies-of-cultural-production\/#breadcrumb\"},\"inLanguage\":\"ga-IE\",\"potentialAction\":[{\"@type\":\"ReadAction\",\"target\":[\"https:\/\/www.creativeireland.gov.ie\/ga\/comhphairtithe\/ecologies-of-cultural-production\/\"]}]},{\"@type\":\"ImageObject\",\"inLanguage\":\"ga-IE\",\"@id\":\"https:\/\/www.creativeireland.gov.ie\/ga\/comhphairtithe\/ecologies-of-cultural-production\/#primaryimage\",\"url\":\"https:\/\/www.creativeireland.gov.ie\/app\/uploads\/2020\/01\/Ecologies-of-Cultural-Production.jpg\",\"contentUrl\":\"https:\/\/www.creativeireland.gov.ie\/app\/uploads\/2020\/01\/Ecologies-of-Cultural-Production.jpg\",\"width\":900,\"height\":506,\"caption\":\"Ecologies of Cultural Production\"},{\"@type\":\"BreadcrumbList\",\"@id\":\"https:\/\/www.creativeireland.gov.ie\/ga\/comhphairtithe\/ecologies-of-cultural-production\/#breadcrumb\",\"itemListElement\":[{\"@type\":\"ListItem\",\"position\":1,\"name\":\"Home\",\"item\":\"https:\/\/www.creativeireland.gov.ie\/ga\/\"},{\"@type\":\"ListItem\",\"position\":2,\"name\":\"Comhph\u00e1irt\u00edochta\u00ed\",\"item\":\"https:\/\/www.creativeireland.gov.ie\/ga\/comhphairtithe\/\"},{\"@type\":\"ListItem\",\"position\":3,\"name\":\"Ecologies of Cultural Production\"}]},{\"@type\":\"WebSite\",\"@id\":\"https:\/\/www.creativeireland.gov.ie\/ga\/#website\",\"url\":\"https:\/\/www.creativeireland.gov.ie\/ga\/\",\"name\":\"Creative Ireland Programme\",\"description\":\"The Creative Ireland Programme is guided by a vision that every person in Ireland will have the opportunity to realise their full creative potential. It is a five year all-of-Government initiative, from 2017 to 2022, to place creativity at the centre of public policy.\",\"potentialAction\":[{\"@type\":\"SearchAction\",\"target\":{\"@type\":\"EntryPoint\",\"urlTemplate\":\"https:\/\/www.creativeireland.gov.ie\/ga\/?s={search_term_string}\"},\"query-input\":{\"@type\":\"PropertyValueSpecification\",\"valueRequired\":true,\"valueName\":\"search_term_string\"}}],\"inLanguage\":\"ga-IE\"}]}<\/script>\n<!-- \/ Yoast SEO plugin. -->","yoast_head_json":{"title":"Ecologies of Cultural Production - Creative Ireland Programme","description":"Scoil na nEala\u00edon Cruthaitheachta i gCol\u00e1iste na Tr\u00edon\u00f3ide, Baile \u00c1tha Cliath a chuir an togra taighde seo de chuid \u00c9ire Ild\u00e1nach i gcr\u00edch. Rinneadh scr\u00fad\u00fa faoin togra ar shaol oibre dhaoine \u00e9ags\u00fala ag pl\u00e9 le scann\u00e1na\u00edocht, dr\u00e1ma\u00edocht teilif\u00edse agus amharclanna\u00edocht in \u00c9irinn. Bh\u00ed b\u00e9im ar na beala\u00ed inar thosaigh daoine amach ag pl\u00e9 le scann\u00e1na\u00edocht, dr\u00e1ma\u00edocht teilif\u00edse agus amharclanna\u00edocht agus ar na beala\u00ed inar lean siad orthu gur bhain saolr\u00e9 oibre amach ina mbun.","robots":{"index":"index","follow":"follow","max-snippet":"max-snippet:-1","max-image-preview":"max-image-preview:large","max-video-preview":"max-video-preview:-1"},"canonical":"https:\/\/www.creativeireland.gov.ie\/ga\/comhphairtithe\/ecologies-of-cultural-production\/","og_locale":"ga_IE","og_type":"article","og_title":"Ecologies of Cultural Production - Creative Ireland Programme","og_description":"Scoil na nEala\u00edon Cruthaitheachta i gCol\u00e1iste na Tr\u00edon\u00f3ide, Baile \u00c1tha Cliath a chuir an togra taighde seo de chuid \u00c9ire Ild\u00e1nach i gcr\u00edch. Rinneadh scr\u00fad\u00fa faoin togra ar shaol oibre dhaoine \u00e9ags\u00fala ag pl\u00e9 le scann\u00e1na\u00edocht, dr\u00e1ma\u00edocht teilif\u00edse agus amharclanna\u00edocht in \u00c9irinn. Bh\u00ed b\u00e9im ar na beala\u00ed inar thosaigh daoine amach ag pl\u00e9 le scann\u00e1na\u00edocht, dr\u00e1ma\u00edocht teilif\u00edse agus amharclanna\u00edocht agus ar na beala\u00ed inar lean siad orthu gur bhain saolr\u00e9 oibre amach ina mbun.","og_url":"https:\/\/www.creativeireland.gov.ie\/ga\/comhphairtithe\/ecologies-of-cultural-production\/","og_site_name":"Creative Ireland Programme","article_publisher":"https:\/\/www.facebook.com\/CreativeIrl\/","article_modified_time":"2020-01-07T19:35:40+00:00","og_image":[{"width":900,"height":506,"url":"https:\/\/www.creativeireland.gov.ie\/app\/uploads\/2020\/01\/Ecologies-of-Cultural-Production.jpg","type":"image\/jpeg"}],"twitter_card":"summary_large_image","twitter_site":"@creativeirl","schema":{"@context":"https:\/\/schema.org","@graph":[{"@type":"WebPage","@id":"https:\/\/www.creativeireland.gov.ie\/ga\/comhphairtithe\/ecologies-of-cultural-production\/","url":"https:\/\/www.creativeireland.gov.ie\/ga\/comhphairtithe\/ecologies-of-cultural-production\/","name":"Ecologies of Cultural Production - Creative Ireland Programme","isPartOf":{"@id":"https:\/\/www.creativeireland.gov.ie\/ga\/#website"},"primaryImageOfPage":{"@id":"https:\/\/www.creativeireland.gov.ie\/ga\/comhphairtithe\/ecologies-of-cultural-production\/#primaryimage"},"image":{"@id":"https:\/\/www.creativeireland.gov.ie\/ga\/comhphairtithe\/ecologies-of-cultural-production\/#primaryimage"},"thumbnailUrl":"https:\/\/www.creativeireland.gov.ie\/app\/uploads\/2020\/01\/Ecologies-of-Cultural-Production.jpg","datePublished":"2020-01-07T19:32:08+00:00","dateModified":"2020-01-07T19:35:40+00:00","description":"Scoil na nEala\u00edon Cruthaitheachta i gCol\u00e1iste na Tr\u00edon\u00f3ide, Baile \u00c1tha Cliath a chuir an togra taighde seo de chuid \u00c9ire Ild\u00e1nach i gcr\u00edch. Rinneadh scr\u00fad\u00fa faoin togra ar shaol oibre dhaoine \u00e9ags\u00fala ag pl\u00e9 le scann\u00e1na\u00edocht, dr\u00e1ma\u00edocht teilif\u00edse agus amharclanna\u00edocht in \u00c9irinn. Bh\u00ed b\u00e9im ar na beala\u00ed inar thosaigh daoine amach ag pl\u00e9 le scann\u00e1na\u00edocht, dr\u00e1ma\u00edocht teilif\u00edse agus amharclanna\u00edocht agus ar na beala\u00ed inar lean siad orthu gur bhain saolr\u00e9 oibre amach ina mbun.","breadcrumb":{"@id":"https:\/\/www.creativeireland.gov.ie\/ga\/comhphairtithe\/ecologies-of-cultural-production\/#breadcrumb"},"inLanguage":"ga-IE","potentialAction":[{"@type":"ReadAction","target":["https:\/\/www.creativeireland.gov.ie\/ga\/comhphairtithe\/ecologies-of-cultural-production\/"]}]},{"@type":"ImageObject","inLanguage":"ga-IE","@id":"https:\/\/www.creativeireland.gov.ie\/ga\/comhphairtithe\/ecologies-of-cultural-production\/#primaryimage","url":"https:\/\/www.creativeireland.gov.ie\/app\/uploads\/2020\/01\/Ecologies-of-Cultural-Production.jpg","contentUrl":"https:\/\/www.creativeireland.gov.ie\/app\/uploads\/2020\/01\/Ecologies-of-Cultural-Production.jpg","width":900,"height":506,"caption":"Ecologies of Cultural Production"},{"@type":"BreadcrumbList","@id":"https:\/\/www.creativeireland.gov.ie\/ga\/comhphairtithe\/ecologies-of-cultural-production\/#breadcrumb","itemListElement":[{"@type":"ListItem","position":1,"name":"Home","item":"https:\/\/www.creativeireland.gov.ie\/ga\/"},{"@type":"ListItem","position":2,"name":"Comhph\u00e1irt\u00edochta\u00ed","item":"https:\/\/www.creativeireland.gov.ie\/ga\/comhphairtithe\/"},{"@type":"ListItem","position":3,"name":"Ecologies of Cultural Production"}]},{"@type":"WebSite","@id":"https:\/\/www.creativeireland.gov.ie\/ga\/#website","url":"https:\/\/www.creativeireland.gov.ie\/ga\/","name":"Creative Ireland Programme","description":"The Creative Ireland Programme is guided by a vision that every person in Ireland will have the opportunity to realise their full creative potential. It is a five year all-of-Government initiative, from 2017 to 2022, to place creativity at the centre of public policy.","potentialAction":[{"@type":"SearchAction","target":{"@type":"EntryPoint","urlTemplate":"https:\/\/www.creativeireland.gov.ie\/ga\/?s={search_term_string}"},"query-input":{"@type":"PropertyValueSpecification","valueRequired":true,"valueName":"search_term_string"}}],"inLanguage":"ga-IE"}]}},"_links":{"self":[{"href":"https:\/\/www.creativeireland.gov.ie\/ga\/wp-json\/wp\/v2\/pages\/5556","targetHints":{"allow":["GET"]}}],"collection":[{"href":"https:\/\/www.creativeireland.gov.ie\/ga\/wp-json\/wp\/v2\/pages"}],"about":[{"href":"https:\/\/www.creativeireland.gov.ie\/ga\/wp-json\/wp\/v2\/types\/page"}],"author":[{"embeddable":true,"href":"https:\/\/www.creativeireland.gov.ie\/ga\/wp-json\/wp\/v2\/users\/1"}],"replies":[{"embeddable":true,"href":"https:\/\/www.creativeireland.gov.ie\/ga\/wp-json\/wp\/v2\/comments?post=5556"}],"version-history":[{"count":3,"href":"https:\/\/www.creativeireland.gov.ie\/ga\/wp-json\/wp\/v2\/pages\/5556\/revisions"}],"predecessor-version":[{"id":5561,"href":"https:\/\/www.creativeireland.gov.ie\/ga\/wp-json\/wp\/v2\/pages\/5556\/revisions\/5561"}],"up":[{"embeddable":true,"href":"https:\/\/www.creativeireland.gov.ie\/ga\/wp-json\/wp\/v2\/pages\/3357"}],"wp:featuredmedia":[{"embeddable":true,"href":"https:\/\/www.creativeireland.gov.ie\/ga\/wp-json\/wp\/v2\/media\/5550"}],"wp:attachment":[{"href":"https:\/\/www.creativeireland.gov.ie\/ga\/wp-json\/wp\/v2\/media?parent=5556"}],"curies":[{"name":"wp","href":"https:\/\/api.w.org\/{rel}","templated":true}]}}