{"id":5591,"date":"2020-01-08T12:21:59","date_gmt":"2020-01-08T12:21:59","guid":{"rendered":"https:\/\/prod-creativeireland.zestydev.com\/comhphairtithe\/fullbright-scholarship\/"},"modified":"2020-01-08T12:24:21","modified_gmt":"2020-01-08T12:24:21","slug":"fullbright-scholarship","status":"publish","type":"page","link":"https:\/\/www.creativeireland.gov.ie\/ga\/comhphairtithe\/fullbright-scholarship\/","title":{"rendered":"Scol\u00e1ireacht Fullbright"},"content":{"rendered":"\n<p>P\u00e1irtn\u00e9ireacht dh\u00e9thaobhach at\u00e1 i\ngceist le Coimisi\u00fan Fulbright in \u00c9irinn a dtaca\u00edonn an Department of State sna\nSt\u00e1it Aontaithe leis agus an Roinn Gn\u00f3tha\u00ed&nbsp;Eachtracha in \u00c9irinn.&nbsp; Is \u00e9&nbsp;an <em>Fulbright <\/em><em>Program<\/em> an\ncl\u00e1r babht\u00e1la oideachais idirn\u00e1isi\u00fanta is m\u00f3 le r\u00e1 a dtaca\u00edonn Rialtas na St\u00e1t\nAontaithe leis agus \u00e9 de chusp\u00f3ir leis cur leis an gcomhthuiscint. &nbsp;<\/p>\n\n\n\n<p>D&#8217;aontaigh an cl\u00e1r \u00c9ire Ild\u00e1nach\nagus Coimisi\u00fan Fulbright sa bhliain 2018 deontais taighde a chur ar f\u00e1il maidir\nle comhaltachta\u00ed&nbsp;taighde gearrth\u00e9armacha, \u2018<em>Comhaltachta\u00ed\nIarsmalainne Fulbright &#8211; \u00c9ire Ild\u00e1nach\u2019, <\/em>do mhic l\u00e9inn iarch\u00e9ime as \u00c9irinn\ni dtr\u00ed cinn de na hiarsmalanna is m\u00f3 le r\u00e1 sna St\u00e1it Aontaithe:<\/p>\n\n\n\n<ol class=\"wp-block-list\"><li><em>The Smithsonian Institution<\/em>, (ina bhfuil 17 iarsmalann agus\nd\u00e1nlann) <\/li><\/ol>\n\n\n\n<ul class=\"wp-block-list\"><li><em>The Harry Ransom Center<\/em> in Austin, Texas agus<\/li><\/ul>\n\n\n\n<ul class=\"wp-block-list\"><li><em>The Exploratorium<\/em> in San Francisco. <\/li><\/ul>\n\n\n\n<p>An tAire\nCult\u00fair, Oidhreachta agus Gaeltachta a bhronnann an 3 chomhaltacht i gcomhar le\nCoimisi\u00fan Fulbright (i) d&#8217;fhonn leas a bhaint as acmhainn claochlaithe na\nheala\u00edne, an chult\u00fair, na cruthaitheachta, fhiosr\u00fa na heola\u00edochta agus\ncaomhn\u00fa&nbsp;na hoidhreachta tr\u00ed chomharobair taighde; (ii) d&#8217;fhonn deis faoi\nleith a thabhairt do mhic l\u00e9inn iarch\u00e9ime ar na baili\u00fach\u00e1in taighde i gceann\namh\u00e1in de na hiarsmalanna ardleibh\u00e9il sna St\u00e1it Aontaithe a bhfuil cl\u00fa ar fud\nan domhain orthu; (iii) d&#8217;fhonn, tr\u00ed \u00e1is den s\u00f3rt sin a thabhairt, cur le\nt\u00e9agar, r\u00e9imse agus caighde\u00e1n na mbearta taighde a dh\u00e9anann mic l\u00e9inn de chuid\nna h\u00c9ireann sna St\u00e1it Aontaithe; agus (iv) d&#8217;fhonn deiseanna a chruth\u00fa don\nobair i gcomhar idir scol\u00e1ir\u00ed de chuid na h\u00c9ireann, scol\u00e1ir\u00ed de chuid na St\u00e1t\nAontaithe agus scol\u00e1ir\u00ed idirn\u00e1isi\u00fanta eile sna forais sin.<\/p>\n\n\n\n<p>\u00d3 tugadh an comhar p\u00e1irtn\u00e9ireachta\nseo i bhfeidhm, t\u00e1 tr\u00e9imhse tairbheach socr\u00fach\u00e1in curtha isteach sna\nhiarsmalanna seo sna St\u00e1it Aontaithe ag mic l\u00e9inn docht\u00faireachta i rith na\nmblianta 2018 agus 2019 agus a gcuid tuairisc\u00ed ar na tr\u00e9imhs\u00ed sin agus ar an\ntairbhe astu d&#8217;\u00c9irinn an-mholtach.&nbsp; <\/p>\n\n\n\n<p>Mar gheall ar a fheabhas a d&#8217;\u00e9irigh\nleis an sc\u00e9im, d&#8217;aontaigh \u00c9ire Ild\u00e1nach agus Coimisi\u00fan Fulbright sa bhliain\n2019 an tionscnamh a leathn\u00fa ionas nach mic l\u00e9inn docht\u00faireachta n\u00f3\niardhocht\u00faireachta amh\u00e1in a bheadh i gceist agus go dtiocfadh daoine l\u00e1n taith\u00ed\nden lucht gairme in earn\u00e1il an chult\u00fair, na hoidhreachta agus na\ncruthaitheachta faoina sc\u00e1th chomh maith. &nbsp;Tugann sin deise, mar shampla, don lucht\nfoirne in aonaid oideachais agus foghlama i bhforais n\u00e1isi\u00fanta agus r\u00e9igi\u00fanacha\ncult\u00fair a bhf\u00e9adfadh blianta fada taith\u00ed a bheith acu ar an r\u00e9imse c\u00e9 nach\nmbeadh c\u00e9im docht\u00faireachta ar bun acu, cur isteach ar an sc\u00e9im.&nbsp; Tugtar deis freisin do dhaoine at\u00e1 p\u00e1irteach\nin earn\u00e1il ghinear\u00e1lta thionscal an chult\u00fair agus na cruthaitheachta iarratas a\nchur isteach. &nbsp;Beidh Comhaltacht\nGhairmi\u00fail Fulbright &#8211; \u00c9ire Ild\u00e1nach \u00e1 tairiscint ar feadh tr\u00e9imhse suas le 6 mh\u00ed gach bliain idir\n2020-2022.&nbsp; N\u00edl an\nscol\u00e1ireacht\/comhaltacht ghairmi\u00fail seo teoranta maidir le forais faoi leith\nsna St\u00e1it Aontaithe agus is faoin iarratas\u00f3ir foras oiri\u00fanach a lua le c\u00fanamh\ntaca \u00f3 Choimisi\u00fan Fulbright.<\/p>\n","protected":false},"excerpt":{"rendered":"<p>P\u00e1irtn\u00e9ireacht dh\u00e9thaobhach at\u00e1 i gceist le Coimisi\u00fan Fulbright in \u00c9irinn a dtaca\u00edonn an Department of State sna St\u00e1it Aontaithe leis agus an Roinn Gn\u00f3tha\u00ed&nbsp;Eachtracha in \u00c9irinn.&nbsp; Is \u00e9&nbsp;an Fulbright Program an cl\u00e1r babht\u00e1la oideachais idirn\u00e1isi\u00fanta is m\u00f3 le r\u00e1 a dtaca\u00edonn Rialtas na St\u00e1t Aontaithe leis agus \u00e9 de chusp\u00f3ir leis cur leis an gcomhthuiscint. [&hellip;]<\/p>\n","protected":false},"author":1,"featured_media":5588,"parent":3357,"menu_order":0,"comment_status":"closed","ping_status":"closed","template":"page-basic-content.php","meta":{"footnotes":""},"class_list":["post-5591","page","type-page","status-publish","has-post-thumbnail","hentry"],"acf":[],"yoast_head":"<!-- This site is optimized with the Yoast SEO plugin v25.9 - https:\/\/yoast.com\/wordpress\/plugins\/seo\/ -->\n<title>Scol\u00e1ireacht Fullbright - Creative Ireland Programme<\/title>\n<meta name=\"description\" content=\"The Fulbright Program is the flagship international educational exchange program sponsored by the U.S. Government designed to increase mutual understanding.\" \/>\n<meta name=\"robots\" content=\"index, follow, max-snippet:-1, max-image-preview:large, max-video-preview:-1\" \/>\n<link rel=\"canonical\" href=\"https:\/\/www.creativeireland.gov.ie\/ga\/comhphairtithe\/fullbright-scholarship\/\" \/>\n<meta property=\"og:locale\" content=\"ga_IE\" \/>\n<meta property=\"og:type\" content=\"article\" \/>\n<meta property=\"og:title\" content=\"Scol\u00e1ireacht Fullbright - Creative Ireland Programme\" \/>\n<meta property=\"og:description\" content=\"The Fulbright Program is the flagship international educational exchange program sponsored by the U.S. Government designed to increase mutual understanding.\" \/>\n<meta property=\"og:url\" content=\"https:\/\/www.creativeireland.gov.ie\/ga\/comhphairtithe\/fullbright-scholarship\/\" \/>\n<meta property=\"og:site_name\" content=\"Creative Ireland Programme\" \/>\n<meta property=\"article:publisher\" content=\"https:\/\/www.facebook.com\/CreativeIrl\/\" \/>\n<meta property=\"article:modified_time\" content=\"2020-01-08T12:24:21+00:00\" \/>\n<meta property=\"og:image\" content=\"https:\/\/www.creativeireland.gov.ie\/app\/uploads\/2020\/01\/Creative-Ireland-Museum-Fellows-Sally-McHugh-and-David-Stone-2.jpg\" \/>\n\t<meta property=\"og:image:width\" content=\"900\" \/>\n\t<meta property=\"og:image:height\" content=\"600\" \/>\n\t<meta property=\"og:image:type\" content=\"image\/jpeg\" \/>\n<meta name=\"twitter:card\" content=\"summary_large_image\" \/>\n<meta name=\"twitter:site\" content=\"@creativeirl\" \/>\n<meta name=\"twitter:label1\" content=\"Est. reading time\" \/>\n\t<meta name=\"twitter:data1\" content=\"3 minutes\" \/>\n<script type=\"application\/ld+json\" class=\"yoast-schema-graph\">{\"@context\":\"https:\/\/schema.org\",\"@graph\":[{\"@type\":\"WebPage\",\"@id\":\"https:\/\/www.creativeireland.gov.ie\/ga\/comhphairtithe\/fullbright-scholarship\/\",\"url\":\"https:\/\/www.creativeireland.gov.ie\/ga\/comhphairtithe\/fullbright-scholarship\/\",\"name\":\"Scol\u00e1ireacht Fullbright - Creative Ireland Programme\",\"isPartOf\":{\"@id\":\"https:\/\/www.creativeireland.gov.ie\/ga\/#website\"},\"primaryImageOfPage\":{\"@id\":\"https:\/\/www.creativeireland.gov.ie\/ga\/comhphairtithe\/fullbright-scholarship\/#primaryimage\"},\"image\":{\"@id\":\"https:\/\/www.creativeireland.gov.ie\/ga\/comhphairtithe\/fullbright-scholarship\/#primaryimage\"},\"thumbnailUrl\":\"https:\/\/www.creativeireland.gov.ie\/app\/uploads\/2020\/01\/Creative-Ireland-Museum-Fellows-Sally-McHugh-and-David-Stone-2.jpg\",\"datePublished\":\"2020-01-08T12:21:59+00:00\",\"dateModified\":\"2020-01-08T12:24:21+00:00\",\"description\":\"The Fulbright Program is the flagship international educational exchange program sponsored by the U.S. Government designed to increase mutual understanding.\",\"breadcrumb\":{\"@id\":\"https:\/\/www.creativeireland.gov.ie\/ga\/comhphairtithe\/fullbright-scholarship\/#breadcrumb\"},\"inLanguage\":\"ga-IE\",\"potentialAction\":[{\"@type\":\"ReadAction\",\"target\":[\"https:\/\/www.creativeireland.gov.ie\/ga\/comhphairtithe\/fullbright-scholarship\/\"]}]},{\"@type\":\"ImageObject\",\"inLanguage\":\"ga-IE\",\"@id\":\"https:\/\/www.creativeireland.gov.ie\/ga\/comhphairtithe\/fullbright-scholarship\/#primaryimage\",\"url\":\"https:\/\/www.creativeireland.gov.ie\/app\/uploads\/2020\/01\/Creative-Ireland-Museum-Fellows-Sally-McHugh-and-David-Stone-2.jpg\",\"contentUrl\":\"https:\/\/www.creativeireland.gov.ie\/app\/uploads\/2020\/01\/Creative-Ireland-Museum-Fellows-Sally-McHugh-and-David-Stone-2.jpg\",\"width\":900,\"height\":600,\"caption\":\"Creative Ireland Museum Fellows Sally McHugh and David Stone Picture Conor McCabe Photography.\"},{\"@type\":\"BreadcrumbList\",\"@id\":\"https:\/\/www.creativeireland.gov.ie\/ga\/comhphairtithe\/fullbright-scholarship\/#breadcrumb\",\"itemListElement\":[{\"@type\":\"ListItem\",\"position\":1,\"name\":\"Home\",\"item\":\"https:\/\/www.creativeireland.gov.ie\/ga\/\"},{\"@type\":\"ListItem\",\"position\":2,\"name\":\"Comhph\u00e1irt\u00edochta\u00ed\",\"item\":\"https:\/\/www.creativeireland.gov.ie\/ga\/comhphairtithe\/\"},{\"@type\":\"ListItem\",\"position\":3,\"name\":\"Scol\u00e1ireacht Fullbright\"}]},{\"@type\":\"WebSite\",\"@id\":\"https:\/\/www.creativeireland.gov.ie\/ga\/#website\",\"url\":\"https:\/\/www.creativeireland.gov.ie\/ga\/\",\"name\":\"Creative Ireland Programme\",\"description\":\"The Creative Ireland Programme is guided by a vision that every person in Ireland will have the opportunity to realise their full creative potential. It is a five year all-of-Government initiative, from 2017 to 2022, to place creativity at the centre of public policy.\",\"potentialAction\":[{\"@type\":\"SearchAction\",\"target\":{\"@type\":\"EntryPoint\",\"urlTemplate\":\"https:\/\/www.creativeireland.gov.ie\/ga\/?s={search_term_string}\"},\"query-input\":{\"@type\":\"PropertyValueSpecification\",\"valueRequired\":true,\"valueName\":\"search_term_string\"}}],\"inLanguage\":\"ga-IE\"}]}<\/script>\n<!-- \/ Yoast SEO plugin. -->","yoast_head_json":{"title":"Scol\u00e1ireacht Fullbright - Creative Ireland Programme","description":"The Fulbright Program is the flagship international educational exchange program sponsored by the U.S. Government designed to increase mutual understanding.","robots":{"index":"index","follow":"follow","max-snippet":"max-snippet:-1","max-image-preview":"max-image-preview:large","max-video-preview":"max-video-preview:-1"},"canonical":"https:\/\/www.creativeireland.gov.ie\/ga\/comhphairtithe\/fullbright-scholarship\/","og_locale":"ga_IE","og_type":"article","og_title":"Scol\u00e1ireacht Fullbright - Creative Ireland Programme","og_description":"The Fulbright Program is the flagship international educational exchange program sponsored by the U.S. Government designed to increase mutual understanding.","og_url":"https:\/\/www.creativeireland.gov.ie\/ga\/comhphairtithe\/fullbright-scholarship\/","og_site_name":"Creative Ireland Programme","article_publisher":"https:\/\/www.facebook.com\/CreativeIrl\/","article_modified_time":"2020-01-08T12:24:21+00:00","og_image":[{"width":900,"height":600,"url":"https:\/\/www.creativeireland.gov.ie\/app\/uploads\/2020\/01\/Creative-Ireland-Museum-Fellows-Sally-McHugh-and-David-Stone-2.jpg","type":"image\/jpeg"}],"twitter_card":"summary_large_image","twitter_site":"@creativeirl","twitter_misc":{"Est. reading time":"3 minutes"},"schema":{"@context":"https:\/\/schema.org","@graph":[{"@type":"WebPage","@id":"https:\/\/www.creativeireland.gov.ie\/ga\/comhphairtithe\/fullbright-scholarship\/","url":"https:\/\/www.creativeireland.gov.ie\/ga\/comhphairtithe\/fullbright-scholarship\/","name":"Scol\u00e1ireacht Fullbright - Creative Ireland Programme","isPartOf":{"@id":"https:\/\/www.creativeireland.gov.ie\/ga\/#website"},"primaryImageOfPage":{"@id":"https:\/\/www.creativeireland.gov.ie\/ga\/comhphairtithe\/fullbright-scholarship\/#primaryimage"},"image":{"@id":"https:\/\/www.creativeireland.gov.ie\/ga\/comhphairtithe\/fullbright-scholarship\/#primaryimage"},"thumbnailUrl":"https:\/\/www.creativeireland.gov.ie\/app\/uploads\/2020\/01\/Creative-Ireland-Museum-Fellows-Sally-McHugh-and-David-Stone-2.jpg","datePublished":"2020-01-08T12:21:59+00:00","dateModified":"2020-01-08T12:24:21+00:00","description":"The Fulbright Program is the flagship international educational exchange program sponsored by the U.S. Government designed to increase mutual understanding.","breadcrumb":{"@id":"https:\/\/www.creativeireland.gov.ie\/ga\/comhphairtithe\/fullbright-scholarship\/#breadcrumb"},"inLanguage":"ga-IE","potentialAction":[{"@type":"ReadAction","target":["https:\/\/www.creativeireland.gov.ie\/ga\/comhphairtithe\/fullbright-scholarship\/"]}]},{"@type":"ImageObject","inLanguage":"ga-IE","@id":"https:\/\/www.creativeireland.gov.ie\/ga\/comhphairtithe\/fullbright-scholarship\/#primaryimage","url":"https:\/\/www.creativeireland.gov.ie\/app\/uploads\/2020\/01\/Creative-Ireland-Museum-Fellows-Sally-McHugh-and-David-Stone-2.jpg","contentUrl":"https:\/\/www.creativeireland.gov.ie\/app\/uploads\/2020\/01\/Creative-Ireland-Museum-Fellows-Sally-McHugh-and-David-Stone-2.jpg","width":900,"height":600,"caption":"Creative Ireland Museum Fellows Sally McHugh and David Stone Picture Conor McCabe Photography."},{"@type":"BreadcrumbList","@id":"https:\/\/www.creativeireland.gov.ie\/ga\/comhphairtithe\/fullbright-scholarship\/#breadcrumb","itemListElement":[{"@type":"ListItem","position":1,"name":"Home","item":"https:\/\/www.creativeireland.gov.ie\/ga\/"},{"@type":"ListItem","position":2,"name":"Comhph\u00e1irt\u00edochta\u00ed","item":"https:\/\/www.creativeireland.gov.ie\/ga\/comhphairtithe\/"},{"@type":"ListItem","position":3,"name":"Scol\u00e1ireacht Fullbright"}]},{"@type":"WebSite","@id":"https:\/\/www.creativeireland.gov.ie\/ga\/#website","url":"https:\/\/www.creativeireland.gov.ie\/ga\/","name":"Creative Ireland Programme","description":"The Creative Ireland Programme is guided by a vision that every person in Ireland will have the opportunity to realise their full creative potential. It is a five year all-of-Government initiative, from 2017 to 2022, to place creativity at the centre of public policy.","potentialAction":[{"@type":"SearchAction","target":{"@type":"EntryPoint","urlTemplate":"https:\/\/www.creativeireland.gov.ie\/ga\/?s={search_term_string}"},"query-input":{"@type":"PropertyValueSpecification","valueRequired":true,"valueName":"search_term_string"}}],"inLanguage":"ga-IE"}]}},"_links":{"self":[{"href":"https:\/\/www.creativeireland.gov.ie\/ga\/wp-json\/wp\/v2\/pages\/5591","targetHints":{"allow":["GET"]}}],"collection":[{"href":"https:\/\/www.creativeireland.gov.ie\/ga\/wp-json\/wp\/v2\/pages"}],"about":[{"href":"https:\/\/www.creativeireland.gov.ie\/ga\/wp-json\/wp\/v2\/types\/page"}],"author":[{"embeddable":true,"href":"https:\/\/www.creativeireland.gov.ie\/ga\/wp-json\/wp\/v2\/users\/1"}],"replies":[{"embeddable":true,"href":"https:\/\/www.creativeireland.gov.ie\/ga\/wp-json\/wp\/v2\/comments?post=5591"}],"version-history":[{"count":2,"href":"https:\/\/www.creativeireland.gov.ie\/ga\/wp-json\/wp\/v2\/pages\/5591\/revisions"}],"predecessor-version":[{"id":5593,"href":"https:\/\/www.creativeireland.gov.ie\/ga\/wp-json\/wp\/v2\/pages\/5591\/revisions\/5593"}],"up":[{"embeddable":true,"href":"https:\/\/www.creativeireland.gov.ie\/ga\/wp-json\/wp\/v2\/pages\/3357"}],"wp:featuredmedia":[{"embeddable":true,"href":"https:\/\/www.creativeireland.gov.ie\/ga\/wp-json\/wp\/v2\/media\/5588"}],"wp:attachment":[{"href":"https:\/\/www.creativeireland.gov.ie\/ga\/wp-json\/wp\/v2\/media?parent=5591"}],"curies":[{"name":"wp","href":"https:\/\/api.w.org\/{rel}","templated":true}]}}