{"id":6923,"date":"2020-01-06T15:41:47","date_gmt":"2020-01-06T15:41:47","guid":{"rendered":"https:\/\/prod-creativeireland.zestydev.com\/resources\/"},"modified":"2022-09-28T13:05:58","modified_gmt":"2022-09-28T12:05:58","slug":"resources","status":"publish","type":"page","link":"https:\/\/www.creativeireland.gov.ie\/ga\/resources\/","title":{"rendered":"Acmhainn\u00ed"},"content":{"rendered":"","protected":true},"excerpt":{"rendered":"","protected":true},"author":1,"featured_media":0,"parent":0,"menu_order":0,"comment_status":"closed","ping_status":"closed","template":"page-resources.php","meta":{"footnotes":""},"class_list":["post-6923","page","type-page","status-publish","post-password-required","hentry"],"acf":[],"yoast_head":"<!-- This site is optimized with the Yoast SEO plugin v25.9 - https:\/\/yoast.com\/wordpress\/plugins\/seo\/ -->\n<title>Acmhainn\u00ed - Creative Ireland Programme<\/title>\n<meta name=\"description\" content=\"Acht na dTeangacha Oifigi\u00fala (Leas\u00fa), 2021Download\n\n\n\nGn\u00edomh Cruthaitheach don Aer\u00e1id\n\n\n\nGuidelines (Irish)Download\n\n\n\nMarketing Template (Irish)Download\n\n\n\nVideos (Irish)\n\n\n\nAnim Intro V1Download\n\n\n\nAnim Intro - Square V1Download\n\n\n\nAnim Intro - Portrait V1Download\n\n\n\nAnim OutroDownload\n\n\n\nAnim Outro - Square V1Download\n\n\n\nAnim Outro - Portrait V1Download\n\n\n\nAnim Outro - Gov V1Download\n\n\n\nAnim Outro - Gov Square V1Download\n\n\n\nAnim Outro Gov Portrait V1Download\n\n\n\nLogo resources (Irish)\n\n\n\nDownload\n\n\n\nSocial Media resources (Irish)\n\n\n\nInstagramDownload\n\n\n\nFacebookDownload\n\n\n\nTiktokDownload\n\n\n\nTwitterDownload\" \/>\n<meta name=\"robots\" content=\"noindex, nofollow\" \/>\n<meta property=\"og:locale\" content=\"ga_IE\" \/>\n<meta property=\"og:type\" content=\"article\" \/>\n<meta property=\"og:title\" content=\"Acmhainn\u00ed - Creative Ireland Programme\" \/>\n<meta property=\"og:description\" content=\"There is no excerpt because this is a protected post.\" \/>\n<meta property=\"og:url\" content=\"https:\/\/www.creativeireland.gov.ie\/ga\/resources\/\" \/>\n<meta property=\"og:site_name\" content=\"Creative Ireland Programme\" \/>\n<meta property=\"article:publisher\" content=\"https:\/\/www.facebook.com\/CreativeIrl\/\" \/>\n<meta property=\"article:modified_time\" content=\"2022-09-28T12:05:58+00:00\" \/>\n<meta name=\"twitter:card\" content=\"summary_large_image\" \/>\n<meta name=\"twitter:site\" content=\"@creativeirl\" \/>\n<meta name=\"twitter:label1\" content=\"Est. reading time\" \/>\n\t<meta name=\"twitter:data1\" content=\"1 minute\" \/>\n<script type=\"application\/ld+json\" class=\"yoast-schema-graph\">{\"@context\":\"https:\/\/schema.org\",\"@graph\":[{\"@type\":\"WebPage\",\"@id\":\"https:\/\/www.creativeireland.gov.ie\/ga\/resources\/\",\"url\":\"https:\/\/www.creativeireland.gov.ie\/ga\/resources\/\",\"name\":\"Acmhainn\u00ed - Creative Ireland Programme\",\"isPartOf\":{\"@id\":\"https:\/\/www.creativeireland.gov.ie\/ga\/#website\"},\"datePublished\":\"2020-01-06T15:41:47+00:00\",\"dateModified\":\"2022-09-28T12:05:58+00:00\",\"breadcrumb\":{\"@id\":\"https:\/\/www.creativeireland.gov.ie\/ga\/resources\/#breadcrumb\"},\"inLanguage\":\"ga-IE\"},{\"@type\":\"WebSite\",\"@id\":\"https:\/\/www.creativeireland.gov.ie\/ga\/#website\",\"url\":\"https:\/\/www.creativeireland.gov.ie\/ga\/\",\"name\":\"Creative Ireland Programme\",\"description\":\"The Creative Ireland Programme is guided by a vision that every person in Ireland will have the opportunity to realise their full creative potential. It is a five year all-of-Government initiative, from 2017 to 2022, to place creativity at the centre of public policy.\",\"potentialAction\":[{\"@type\":\"SearchAction\",\"target\":{\"@type\":\"EntryPoint\",\"urlTemplate\":\"https:\/\/www.creativeireland.gov.ie\/ga\/?s={search_term_string}\"},\"query-input\":{\"@type\":\"PropertyValueSpecification\",\"valueRequired\":true,\"valueName\":\"search_term_string\"}}],\"inLanguage\":\"ga-IE\"}]}<\/script>\n<!-- \/ Yoast SEO plugin. -->","yoast_head_json":{"title":"Acmhainn\u00ed - Creative Ireland Programme","description":"Acht na dTeangacha Oifigi\u00fala (Leas\u00fa), 2021Download\n\n\n\nGn\u00edomh Cruthaitheach don Aer\u00e1id\n\n\n\nGuidelines (Irish)Download\n\n\n\nMarketing Template (Irish)Download\n\n\n\nVideos (Irish)\n\n\n\nAnim Intro V1Download\n\n\n\nAnim Intro - Square V1Download\n\n\n\nAnim Intro - Portrait V1Download\n\n\n\nAnim OutroDownload\n\n\n\nAnim Outro - Square V1Download\n\n\n\nAnim Outro - Portrait V1Download\n\n\n\nAnim Outro - Gov V1Download\n\n\n\nAnim Outro - Gov Square V1Download\n\n\n\nAnim Outro Gov Portrait V1Download\n\n\n\nLogo resources (Irish)\n\n\n\nDownload\n\n\n\nSocial Media resources (Irish)\n\n\n\nInstagramDownload\n\n\n\nFacebookDownload\n\n\n\nTiktokDownload\n\n\n\nTwitterDownload","robots":{"index":"noindex","follow":"nofollow"},"og_locale":"ga_IE","og_type":"article","og_title":"Acmhainn\u00ed - Creative Ireland Programme","og_description":"There is no excerpt because this is a protected post.","og_url":"https:\/\/www.creativeireland.gov.ie\/ga\/resources\/","og_site_name":"Creative Ireland Programme","article_publisher":"https:\/\/www.facebook.com\/CreativeIrl\/","article_modified_time":"2022-09-28T12:05:58+00:00","twitter_card":"summary_large_image","twitter_site":"@creativeirl","twitter_misc":{"Est. reading time":"1 minute"},"schema":{"@context":"https:\/\/schema.org","@graph":[{"@type":"WebPage","@id":"https:\/\/www.creativeireland.gov.ie\/ga\/resources\/","url":"https:\/\/www.creativeireland.gov.ie\/ga\/resources\/","name":"Acmhainn\u00ed - Creative Ireland Programme","isPartOf":{"@id":"https:\/\/www.creativeireland.gov.ie\/ga\/#website"},"datePublished":"2020-01-06T15:41:47+00:00","dateModified":"2022-09-28T12:05:58+00:00","breadcrumb":{"@id":"https:\/\/www.creativeireland.gov.ie\/ga\/resources\/#breadcrumb"},"inLanguage":"ga-IE"},{"@type":"WebSite","@id":"https:\/\/www.creativeireland.gov.ie\/ga\/#website","url":"https:\/\/www.creativeireland.gov.ie\/ga\/","name":"Creative Ireland Programme","description":"The Creative Ireland Programme is guided by a vision that every person in Ireland will have the opportunity to realise their full creative potential. It is a five year all-of-Government initiative, from 2017 to 2022, to place creativity at the centre of public policy.","potentialAction":[{"@type":"SearchAction","target":{"@type":"EntryPoint","urlTemplate":"https:\/\/www.creativeireland.gov.ie\/ga\/?s={search_term_string}"},"query-input":{"@type":"PropertyValueSpecification","valueRequired":true,"valueName":"search_term_string"}}],"inLanguage":"ga-IE"}]}},"_links":{"self":[{"href":"https:\/\/www.creativeireland.gov.ie\/ga\/wp-json\/wp\/v2\/pages\/6923","targetHints":{"allow":["GET"]}}],"collection":[{"href":"https:\/\/www.creativeireland.gov.ie\/ga\/wp-json\/wp\/v2\/pages"}],"about":[{"href":"https:\/\/www.creativeireland.gov.ie\/ga\/wp-json\/wp\/v2\/types\/page"}],"author":[{"embeddable":true,"href":"https:\/\/www.creativeireland.gov.ie\/ga\/wp-json\/wp\/v2\/users\/1"}],"replies":[{"embeddable":true,"href":"https:\/\/www.creativeireland.gov.ie\/ga\/wp-json\/wp\/v2\/comments?post=6923"}],"version-history":[{"count":15,"href":"https:\/\/www.creativeireland.gov.ie\/ga\/wp-json\/wp\/v2\/pages\/6923\/revisions"}],"predecessor-version":[{"id":21645,"href":"https:\/\/www.creativeireland.gov.ie\/ga\/wp-json\/wp\/v2\/pages\/6923\/revisions\/21645"}],"wp:attachment":[{"href":"https:\/\/www.creativeireland.gov.ie\/ga\/wp-json\/wp\/v2\/media?parent=6923"}],"curies":[{"name":"wp","href":"https:\/\/api.w.org\/{rel}","templated":true}]}}