{"id":7292,"date":"2019-12-20T12:57:26","date_gmt":"2019-12-20T12:57:26","guid":{"rendered":"https:\/\/prod-creativeireland.zestydev.com\/cavan\/"},"modified":"2025-07-03T15:28:30","modified_gmt":"2025-07-03T14:28:30","slug":"an-cabhan","status":"publish","type":"page","link":"https:\/\/www.creativeireland.gov.ie\/ga\/an-cabhan\/","title":{"rendered":"An Cabh\u00e1n"},"content":{"rendered":"","protected":false},"excerpt":{"rendered":"","protected":false},"author":6,"featured_media":18315,"parent":0,"menu_order":0,"comment_status":"closed","ping_status":"closed","template":"page-county.php","meta":{"footnotes":""},"class_list":["post-7292","page","type-page","status-publish","has-post-thumbnail","hentry"],"acf":[],"yoast_head":"<!-- This site is optimized with the Yoast SEO plugin v25.9 - https:\/\/yoast.com\/wordpress\/plugins\/seo\/ -->\n<title>An Cabh\u00e1n - Creative Ireland Programme<\/title>\n<meta name=\"description\" content=\"Tearmann cult\u00fair agus cruthaitheachta at\u00e1 i gContae an Chabh\u00e1in ina gcuirtear chuig forbairt na heala\u00edne le meon an chomhair agus an phobail, an cine\u00e1l c\u00e9anna \u00f3nar eascair pearsa\u00ed chomh hiomr\u00e1iteach le Cathal Bu\u00ed Mac Giolla Ghunna, file an ocht\u00fa c\u00e9ad d\u00e9ag, agus, n\u00edos gaire d\u00e1r linn f\u00e9in, Neven Maguire, pr\u00edomhch\u00f3caire agus \u00fadar leabhar.\" \/>\n<meta name=\"robots\" content=\"index, follow, max-snippet:-1, max-image-preview:large, max-video-preview:-1\" \/>\n<link rel=\"canonical\" href=\"https:\/\/www.creativeireland.gov.ie\/ga\/an-cabhan\/\" \/>\n<meta property=\"og:locale\" content=\"ga_IE\" \/>\n<meta property=\"og:type\" content=\"article\" \/>\n<meta property=\"og:title\" content=\"An Cabh\u00e1n - Creative Ireland Programme\" \/>\n<meta property=\"og:url\" content=\"https:\/\/www.creativeireland.gov.ie\/ga\/an-cabhan\/\" \/>\n<meta property=\"og:site_name\" content=\"Creative Ireland Programme\" \/>\n<meta property=\"article:publisher\" content=\"https:\/\/www.facebook.com\/CreativeIrl\/\" \/>\n<meta property=\"article:modified_time\" content=\"2025-07-03T14:28:30+00:00\" \/>\n<meta property=\"og:image\" content=\"https:\/\/www.creativeireland.gov.ie\/app\/uploads\/2022\/01\/No-One-Care-Image.png\" \/>\n\t<meta property=\"og:image:width\" content=\"797\" \/>\n\t<meta property=\"og:image:height\" content=\"447\" \/>\n\t<meta property=\"og:image:type\" content=\"image\/png\" \/>\n<meta name=\"twitter:card\" content=\"summary_large_image\" \/>\n<meta name=\"twitter:site\" content=\"@creativeirl\" \/>\n<script type=\"application\/ld+json\" class=\"yoast-schema-graph\">{\"@context\":\"https:\/\/schema.org\",\"@graph\":[{\"@type\":\"WebPage\",\"@id\":\"https:\/\/www.creativeireland.gov.ie\/ga\/an-cabhan\/\",\"url\":\"https:\/\/www.creativeireland.gov.ie\/ga\/an-cabhan\/\",\"name\":\"An Cabh\u00e1n - Creative Ireland Programme\",\"isPartOf\":{\"@id\":\"https:\/\/www.creativeireland.gov.ie\/ga\/#website\"},\"primaryImageOfPage\":{\"@id\":\"https:\/\/www.creativeireland.gov.ie\/ga\/an-cabhan\/#primaryimage\"},\"image\":{\"@id\":\"https:\/\/www.creativeireland.gov.ie\/ga\/an-cabhan\/#primaryimage\"},\"thumbnailUrl\":\"https:\/\/www.creativeireland.gov.ie\/app\/uploads\/2022\/01\/No-One-Care-Image.png\",\"datePublished\":\"2019-12-20T12:57:26+00:00\",\"dateModified\":\"2025-07-03T14:28:30+00:00\",\"breadcrumb\":{\"@id\":\"https:\/\/www.creativeireland.gov.ie\/ga\/an-cabhan\/#breadcrumb\"},\"inLanguage\":\"ga-IE\",\"potentialAction\":[{\"@type\":\"ReadAction\",\"target\":[\"https:\/\/www.creativeireland.gov.ie\/ga\/an-cabhan\/\"]}]},{\"@type\":\"ImageObject\",\"inLanguage\":\"ga-IE\",\"@id\":\"https:\/\/www.creativeireland.gov.ie\/ga\/an-cabhan\/#primaryimage\",\"url\":\"https:\/\/www.creativeireland.gov.ie\/app\/uploads\/2022\/01\/No-One-Care-Image.png\",\"contentUrl\":\"https:\/\/www.creativeireland.gov.ie\/app\/uploads\/2022\/01\/No-One-Care-Image.png\",\"width\":797,\"height\":447},{\"@type\":\"BreadcrumbList\",\"@id\":\"https:\/\/www.creativeireland.gov.ie\/ga\/an-cabhan\/#breadcrumb\",\"itemListElement\":[{\"@type\":\"ListItem\",\"position\":1,\"name\":\"Home\",\"item\":\"https:\/\/www.creativeireland.gov.ie\/ga\/\"},{\"@type\":\"ListItem\",\"position\":2,\"name\":\"An Cabh\u00e1n\"}]},{\"@type\":\"WebSite\",\"@id\":\"https:\/\/www.creativeireland.gov.ie\/ga\/#website\",\"url\":\"https:\/\/www.creativeireland.gov.ie\/ga\/\",\"name\":\"Creative Ireland Programme\",\"description\":\"The Creative Ireland Programme is guided by a vision that every person in Ireland will have the opportunity to realise their full creative potential. It is a five year all-of-Government initiative, from 2017 to 2022, to place creativity at the centre of public policy.\",\"potentialAction\":[{\"@type\":\"SearchAction\",\"target\":{\"@type\":\"EntryPoint\",\"urlTemplate\":\"https:\/\/www.creativeireland.gov.ie\/ga\/?s={search_term_string}\"},\"query-input\":{\"@type\":\"PropertyValueSpecification\",\"valueRequired\":true,\"valueName\":\"search_term_string\"}}],\"inLanguage\":\"ga-IE\"}]}<\/script>\n<!-- \/ Yoast SEO plugin. -->","yoast_head_json":{"title":"An Cabh\u00e1n - Creative Ireland Programme","description":"Tearmann cult\u00fair agus cruthaitheachta at\u00e1 i gContae an Chabh\u00e1in ina gcuirtear chuig forbairt na heala\u00edne le meon an chomhair agus an phobail, an cine\u00e1l c\u00e9anna \u00f3nar eascair pearsa\u00ed chomh hiomr\u00e1iteach le Cathal Bu\u00ed Mac Giolla Ghunna, file an ocht\u00fa c\u00e9ad d\u00e9ag, agus, n\u00edos gaire d\u00e1r linn f\u00e9in, Neven Maguire, pr\u00edomhch\u00f3caire agus \u00fadar leabhar.","robots":{"index":"index","follow":"follow","max-snippet":"max-snippet:-1","max-image-preview":"max-image-preview:large","max-video-preview":"max-video-preview:-1"},"canonical":"https:\/\/www.creativeireland.gov.ie\/ga\/an-cabhan\/","og_locale":"ga_IE","og_type":"article","og_title":"An Cabh\u00e1n - Creative Ireland Programme","og_url":"https:\/\/www.creativeireland.gov.ie\/ga\/an-cabhan\/","og_site_name":"Creative Ireland Programme","article_publisher":"https:\/\/www.facebook.com\/CreativeIrl\/","article_modified_time":"2025-07-03T14:28:30+00:00","og_image":[{"width":797,"height":447,"url":"https:\/\/www.creativeireland.gov.ie\/app\/uploads\/2022\/01\/No-One-Care-Image.png","type":"image\/png"}],"twitter_card":"summary_large_image","twitter_site":"@creativeirl","schema":{"@context":"https:\/\/schema.org","@graph":[{"@type":"WebPage","@id":"https:\/\/www.creativeireland.gov.ie\/ga\/an-cabhan\/","url":"https:\/\/www.creativeireland.gov.ie\/ga\/an-cabhan\/","name":"An Cabh\u00e1n - Creative Ireland Programme","isPartOf":{"@id":"https:\/\/www.creativeireland.gov.ie\/ga\/#website"},"primaryImageOfPage":{"@id":"https:\/\/www.creativeireland.gov.ie\/ga\/an-cabhan\/#primaryimage"},"image":{"@id":"https:\/\/www.creativeireland.gov.ie\/ga\/an-cabhan\/#primaryimage"},"thumbnailUrl":"https:\/\/www.creativeireland.gov.ie\/app\/uploads\/2022\/01\/No-One-Care-Image.png","datePublished":"2019-12-20T12:57:26+00:00","dateModified":"2025-07-03T14:28:30+00:00","breadcrumb":{"@id":"https:\/\/www.creativeireland.gov.ie\/ga\/an-cabhan\/#breadcrumb"},"inLanguage":"ga-IE","potentialAction":[{"@type":"ReadAction","target":["https:\/\/www.creativeireland.gov.ie\/ga\/an-cabhan\/"]}]},{"@type":"ImageObject","inLanguage":"ga-IE","@id":"https:\/\/www.creativeireland.gov.ie\/ga\/an-cabhan\/#primaryimage","url":"https:\/\/www.creativeireland.gov.ie\/app\/uploads\/2022\/01\/No-One-Care-Image.png","contentUrl":"https:\/\/www.creativeireland.gov.ie\/app\/uploads\/2022\/01\/No-One-Care-Image.png","width":797,"height":447},{"@type":"BreadcrumbList","@id":"https:\/\/www.creativeireland.gov.ie\/ga\/an-cabhan\/#breadcrumb","itemListElement":[{"@type":"ListItem","position":1,"name":"Home","item":"https:\/\/www.creativeireland.gov.ie\/ga\/"},{"@type":"ListItem","position":2,"name":"An Cabh\u00e1n"}]},{"@type":"WebSite","@id":"https:\/\/www.creativeireland.gov.ie\/ga\/#website","url":"https:\/\/www.creativeireland.gov.ie\/ga\/","name":"Creative Ireland Programme","description":"The Creative Ireland Programme is guided by a vision that every person in Ireland will have the opportunity to realise their full creative potential. It is a five year all-of-Government initiative, from 2017 to 2022, to place creativity at the centre of public policy.","potentialAction":[{"@type":"SearchAction","target":{"@type":"EntryPoint","urlTemplate":"https:\/\/www.creativeireland.gov.ie\/ga\/?s={search_term_string}"},"query-input":{"@type":"PropertyValueSpecification","valueRequired":true,"valueName":"search_term_string"}}],"inLanguage":"ga-IE"}]}},"_links":{"self":[{"href":"https:\/\/www.creativeireland.gov.ie\/ga\/wp-json\/wp\/v2\/pages\/7292","targetHints":{"allow":["GET"]}}],"collection":[{"href":"https:\/\/www.creativeireland.gov.ie\/ga\/wp-json\/wp\/v2\/pages"}],"about":[{"href":"https:\/\/www.creativeireland.gov.ie\/ga\/wp-json\/wp\/v2\/types\/page"}],"author":[{"embeddable":true,"href":"https:\/\/www.creativeireland.gov.ie\/ga\/wp-json\/wp\/v2\/users\/6"}],"replies":[{"embeddable":true,"href":"https:\/\/www.creativeireland.gov.ie\/ga\/wp-json\/wp\/v2\/comments?post=7292"}],"version-history":[{"count":23,"href":"https:\/\/www.creativeireland.gov.ie\/ga\/wp-json\/wp\/v2\/pages\/7292\/revisions"}],"predecessor-version":[{"id":36596,"href":"https:\/\/www.creativeireland.gov.ie\/ga\/wp-json\/wp\/v2\/pages\/7292\/revisions\/36596"}],"wp:featuredmedia":[{"embeddable":true,"href":"https:\/\/www.creativeireland.gov.ie\/ga\/wp-json\/wp\/v2\/media\/18315"}],"wp:attachment":[{"href":"https:\/\/www.creativeireland.gov.ie\/ga\/wp-json\/wp\/v2\/media?parent=7292"}],"curies":[{"name":"wp","href":"https:\/\/api.w.org\/{rel}","templated":true}]}}