{"id":7319,"date":"2019-11-08T10:29:04","date_gmt":"2019-11-08T10:29:04","guid":{"rendered":"https:\/\/prod-creativeireland.zestydev.com\/privacy-policy\/"},"modified":"2021-04-20T10:20:51","modified_gmt":"2021-04-20T09:20:51","slug":"polasai-priobhaideachais","status":"publish","type":"page","link":"https:\/\/www.creativeireland.gov.ie\/ga\/polasai-priobhaideachais\/","title":{"rendered":"Polasa\u00ed Pr\u00edobh\u00e1ideachais"},"content":{"rendered":"\n<p>Leagtar amach sa pholasa\u00ed seo mar a\n\u00fas\u00e1idfidh an Roinn Turas\u00f3ireachta, Cult\u00fair, Eala\u00edon, Gaeltachta, Sp\u00f3irt agus\nMe\u00e1n faisn\u00e9is a bhail\u00edtear f\u00fat agus t\u00fa ar cuairt ar \u00e1r l\u00e1ithre\u00e1n gr\u00e9as\u00e1in. T\u00e1\npr\u00edobh\u00e1ideacht \u00e1r gcustaim\u00e9ir\u00ed f\u00edorth\u00e1bhachtach d\u00fainn. T\u00e1 meas ioml\u00e1n againn ar\ndo cheart chun pr\u00edobh\u00e1ideachta, agus n\u00ed bhaileofar aon fhaisn\u00e9is phearsanta f\u00fat\nar an l\u00e1ithre\u00e1n gr\u00e9as\u00e1in seo gan cead soil\u00e9ir uaitse.<\/p>\n\n\n\n<p><strong>An Ceart chun Fian\u00e1in a Dhi\u00falt\u00fa<\/strong><\/p>\n\n\n\n<p><br> Baintear \u00fas\u00e1id as Google Analytics ar an l\u00e1ithre\u00e1n gr\u00e9as\u00e1in seo, seirbh\u00eds anail\u00edse gr\u00e9as\u00e1in arna sol\u00e1thar ag Google, Inc. (\u201cGoogle\u201d). Baineann Google Analytics \u00fas\u00e1id as \u201cfian\u00e1in\u201d, t\u00e9acschomhaid a chuirtear ar do r\u00edomhaire, chun cabhr\u00fa leis an l\u00e1ithre\u00e1n gr\u00e9as\u00e1in anail\u00eds a dh\u00e9anamh ar \u00fas\u00e1id a bhaineann \u00fas\u00e1ideoir\u00ed as an su\u00edomh.<\/p>\n\n\n\n<p>D\u00e9anfar an fhaisn\u00e9is a bhail\u00edonn an\nfian\u00e1n maidir leis an \u00fas\u00e1id a bhaineann t\u00fa as an l\u00e1ithre\u00e1n gr\u00e9as\u00e1in (lena\nn-\u00e1ir\u00edtear do sheoladh IP) a tharchur chuig Google agus a st\u00f3r\u00e1il ar\nfhreastalaithe sna St\u00e1it Aontaithe. \u00das\u00e1idfidh Google an fhaisn\u00e9is seo ar\nmhaithe le meas\u00fan\u00fa a dh\u00e9anamh ar an \u00fas\u00e1id a bhaineann t\u00fa as an l\u00e1ithre\u00e1n\ngr\u00e9as\u00e1in, agus cuirfidh siad tuarasc\u00e1lacha i dtaca le gn\u00edomha\u00edocht an l\u00e1ithre\u00e1in\ngr\u00e9as\u00e1in i dtoll a ch\u00e9ile d\u2019oibreoir\u00ed an tsu\u00edmh, chomh maith le seirbh\u00eds\u00ed eile\na shol\u00e1thar a bhaineann le gn\u00edomha\u00edocht an l\u00e1ithre\u00e1in gr\u00e9as\u00e1in agus \u00fas\u00e1id an\nidirl\u00edn. F\u00e9adfaidh Google an fhaisn\u00e9is seo a aistri\u00fa chuig tr\u00ed\u00fa p\u00e1irtithe m\u00e1\n\u00e9il\u00edtear de r\u00e9ir an dl\u00ed \u00e9, n\u00f3 m\u00e1 dh\u00e9anann tr\u00ed\u00fa p\u00e1irtithe pr\u00f3ise\u00e1il ar an\nbhfaisn\u00e9is thar ceann Google. N\u00ed cheangl\u00f3idh Google do sheoladh IP le haon sonra\u00ed\neile at\u00e1 \u00e1 gcoinne\u00e1il ag Google. Is f\u00e9idir leat \u00fas\u00e1id fian\u00e1n a dhi\u00falt\u00fa tr\u00ed na\nsocruithe cu\u00ed a roghn\u00fa ar do bhrabhs\u00e1la\u00ed, ach m\u00e1 dh\u00e9anann t\u00fa sin, tabhair do\nd\u2019aire go mb\u2019fh\u00e9idir nach mbeidh t\u00fa in ann feidhm ioml\u00e1n a bhaint as an l\u00e1ithre\u00e1n\ngr\u00e9as\u00e1in. M\u00e1 bhaineann t\u00fa \u00fas\u00e1id as an l\u00e1ithre\u00e1n gr\u00e9as\u00e1in seo, ceada\u00edonn t\u00fa do\nGoogle sonra\u00ed a phr\u00f3ise\u00e1il f\u00fat ar an mbealach thuasluaite agus chun cr\u00edocha na gcusp\u00f3ir\u00ed\nthuasluaite.<\/p>\n\n\n\n<p><strong>Faisn\u00e9is Theicni\u00fail a Bhaili\u00fa agus a \u00das\u00e1id<\/strong> <\/p>\n\n\n\n<p>F\u00e9adfaidh muid faisn\u00e9is ghinear\u00e1lta a bhaili\u00fa agus a st\u00f3r\u00e1il chun cr\u00edocha staidrimh. D\u2019fh\u00e9adfadh muid faisn\u00e9is a bhaili\u00fa maidir le l\u00edon na gcuairteoir\u00ed ar leathanaigh \u00e9ags\u00fala an l\u00e1ithre\u00e1in gr\u00e9as\u00e1in, mar shampla, chun cabhr\u00fa linn na leathanaigh a fheabhs\u00fa do chuairteoir\u00ed. N\u00ed f\u00e9idir t\u00fa a aithint go pearsanta \u00f3n bhfaisn\u00e9is seo. N\u00ed bhaileofar n\u00e1 n\u00ed st\u00f3r\u00e1lfar ach an fhaisn\u00e9is seo a leanas maidir le do chuairt:<\/p>\n\n\n\n<p>1.an fearann Idirl\u00edn (\u2018xcompany.com\u2019,\nmar shampla, m\u00e1 bhaineann t\u00fa \u00fas\u00e1id as cuntas rochtana pr\u00edobh\u00e1ideach Idirl\u00edn, n\u00f3\n\u2018yourschool.edu\u2019 m\u00e1 cheangla\u00edonn t\u00fa \u00f3&nbsp;fhearann ollscoile) agus seoladh IP\n(is uimhir \u00e9 an seoladh IP a shanntar go huathoibr\u00edoch do do r\u00edomhaire gach\nuair a bh\u00edonn t\u00fa ag \u00fas\u00e1id an idirl\u00edn) \u00f3na bhfaigheann t\u00fa rochtain ar an su\u00edomh<br>\n2. an cine\u00e1l brabhs\u00e1la\u00ed agus c\u00f3ras oibri\u00fach\u00e1in a \u00fas\u00e1idtear chun rochtain a\nfh\u00e1il ar an su\u00edomh<br>\n3. an d\u00e1ta agus an t-am a bhfaigheann t\u00fa rochtain ar an su\u00edomh<br>\n4. na leathanaigh ar a dtugann t\u00fa cuairt<br>\n5. m\u00e1 thug t\u00fa cuairt ar l\u00e1ithre\u00e1n gr\u00e9as\u00e1in na Roinne Turas\u00f3ireachta, Cult\u00fair,\nEala\u00edon, Gaeltachta, Sp\u00f3irt agus Me\u00e1n \u00f3 nasc ar l\u00e1ithre\u00e1n gr\u00e9as\u00e1in eile,\nseoladh an l\u00e1ithre\u00e1in gr\u00e9as\u00e1in sin<\/p>\n\n\n\n<p>Go bun\u00fasach, is \u00ed an Roinn\nTuras\u00f3ireachta, Cult\u00fair, Eala\u00edon, Gaeltachta, Sp\u00f3irt agus Me\u00e1n amh\u00e1in a\nbhainfidh \u00fas\u00e1id as an bhfaisn\u00e9is theicni\u00fail, chun cr\u00edocha staidrimh agus\nriarach\u00e1in amh\u00e1in.<\/p>\n\n\n\n<p><strong>Faisn\u00e9is Phearsanta a Bhaili\u00fa agus a \u00das\u00e1id&nbsp; &nbsp;&nbsp;&nbsp;&nbsp;&nbsp;&nbsp;&nbsp; <\/strong>                                           <\/p>\n\n\n\n<p>N\u00ed bhainfear \u00fas\u00e1id as an bhfaisn\u00e9is a chuireann t\u00fa ar f\u00e1il ar l\u00e1ithre\u00e1n gr\u00e9as\u00e1in na Roinne Turas\u00f3ireachta, Cult\u00fair, Eala\u00edon, Gaeltachta, Sp\u00f3irt agus Me\u00e1n ach chun na cr\u00edche at\u00e1 luaite l\u00e9i. Tr\u00ed theachtaireacht r\u00edomhphoist a sheoladh chugainn, d\u2019fh\u00e9adf\u00e1 a bheith ag cur faisn\u00e9is phearsanta chugainn amhail d\u2019ainm, do sheoladh, agus do sheoladh r\u00edomhphoist. F\u00e9adfaidh muid d\u2019ainm, do sheoladh agus do sheoladh r\u00edomhphoist a st\u00f3r\u00e1il chun freagra a thabhairt ar d\u2019iarraidh n\u00f3 chun \u00e1bhar an r\u00edomhphoist a r\u00e9iteach ar bhealach eile.<\/p>\n\n\n\n<p>N\u00ed dh\u00e9anfaidh an Roinn\nTuras\u00f3ireachta, Cult\u00fair, Eala\u00edon, Gaeltachta, Sp\u00f3irt agus Me\u00e1n aon iarracht\ncuairteoir\u00ed ar leith a aithint, n\u00e1 aon duine aonair a aithint tr\u00ed shonra\u00ed\nteicni\u00fala. Is \u00e9 an polasa\u00ed at\u00e1 againn gan faisn\u00e9is theicni\u00fail d\u00e1 leith\u00e9id a\nbhaineann le daoine aonair a thugann cuairt ar an l\u00e1ithre\u00e1n gr\u00e9as\u00e1in a chur ar\nf\u00e1il d\u2019aon tr\u00ed\u00fa p\u00e1irt\u00ed, ach amh\u00e1in m\u00e1 t\u00e1 s\u00e9 de dhualgas orainn an fhaisn\u00e9is sin\na shol\u00e1thar de r\u00e9ir an dl\u00ed.<\/p>\n","protected":false},"excerpt":{"rendered":"<p>Leagtar amach sa pholasa\u00ed seo mar a \u00fas\u00e1idfidh an Roinn Turas\u00f3ireachta, Cult\u00fair, Eala\u00edon, Gaeltachta, Sp\u00f3irt agus Me\u00e1n faisn\u00e9is a bhail\u00edtear f\u00fat agus t\u00fa ar cuairt ar \u00e1r l\u00e1ithre\u00e1n gr\u00e9as\u00e1in. T\u00e1 pr\u00edobh\u00e1ideacht \u00e1r gcustaim\u00e9ir\u00ed f\u00edorth\u00e1bhachtach d\u00fainn. T\u00e1 meas ioml\u00e1n againn ar do cheart chun pr\u00edobh\u00e1ideachta, agus n\u00ed bhaileofar aon fhaisn\u00e9is phearsanta f\u00fat ar an l\u00e1ithre\u00e1n gr\u00e9as\u00e1in [&hellip;]<\/p>\n","protected":false},"author":1,"featured_media":0,"parent":0,"menu_order":0,"comment_status":"closed","ping_status":"open","template":"page-basic-content.php","meta":{"footnotes":""},"class_list":["post-7319","page","type-page","status-publish","hentry"],"acf":[],"yoast_head":"<!-- This site is optimized with the Yoast SEO plugin v25.9 - https:\/\/yoast.com\/wordpress\/plugins\/seo\/ -->\n<title>Polasa\u00ed Pr\u00edobh\u00e1ideachais - Creative Ireland Programme<\/title>\n<meta name=\"description\" content=\"Leagtar amach sa pholasa\u00ed seo mar a\n\u00fas\u00e1idfidh an Roinn Turas\u00f3ireachta, Cult\u00fair, Eala\u00edon, Gaeltachta, Sp\u00f3irt agus\nMe\u00e1n faisn\u00e9is a bhail\u00edtear f\u00fat agus t\u00fa ar cuairt ar \u00e1r l\u00e1ithre\u00e1n gr\u00e9as\u00e1in.\" \/>\n<meta name=\"robots\" content=\"index, follow, max-snippet:-1, max-image-preview:large, max-video-preview:-1\" \/>\n<link rel=\"canonical\" href=\"https:\/\/www.creativeireland.gov.ie\/ga\/polasai-priobhaideachais\/\" \/>\n<meta property=\"og:locale\" content=\"ga_IE\" \/>\n<meta property=\"og:type\" content=\"article\" \/>\n<meta property=\"og:title\" content=\"Polasa\u00ed Pr\u00edobh\u00e1ideachais - Creative Ireland Programme\" \/>\n<meta property=\"og:description\" content=\"Leagtar amach sa pholasa\u00ed seo mar a \u00fas\u00e1idfidh an Roinn Turas\u00f3ireachta, Cult\u00fair, Eala\u00edon, Gaeltachta, Sp\u00f3irt agus Me\u00e1n faisn\u00e9is a bhail\u00edtear f\u00fat agus t\u00fa ar cuairt ar \u00e1r l\u00e1ithre\u00e1n gr\u00e9as\u00e1in. T\u00e1 pr\u00edobh\u00e1ideacht \u00e1r gcustaim\u00e9ir\u00ed f\u00edorth\u00e1bhachtach d\u00fainn. T\u00e1 meas ioml\u00e1n againn ar do cheart chun pr\u00edobh\u00e1ideachta, agus n\u00ed bhaileofar aon fhaisn\u00e9is phearsanta f\u00fat ar an l\u00e1ithre\u00e1n gr\u00e9as\u00e1in [&hellip;]\" \/>\n<meta property=\"og:url\" content=\"https:\/\/www.creativeireland.gov.ie\/ga\/polasai-priobhaideachais\/\" \/>\n<meta property=\"og:site_name\" content=\"Creative Ireland Programme\" \/>\n<meta property=\"article:publisher\" content=\"https:\/\/www.facebook.com\/CreativeIrl\/\" \/>\n<meta property=\"article:modified_time\" content=\"2021-04-20T09:20:51+00:00\" \/>\n<meta name=\"twitter:card\" content=\"summary_large_image\" \/>\n<meta name=\"twitter:site\" content=\"@creativeirl\" \/>\n<meta name=\"twitter:label1\" content=\"Est. reading time\" \/>\n\t<meta name=\"twitter:data1\" content=\"5 minutes\" \/>\n<script type=\"application\/ld+json\" class=\"yoast-schema-graph\">{\"@context\":\"https:\/\/schema.org\",\"@graph\":[{\"@type\":\"WebPage\",\"@id\":\"https:\/\/www.creativeireland.gov.ie\/ga\/polasai-priobhaideachais\/\",\"url\":\"https:\/\/www.creativeireland.gov.ie\/ga\/polasai-priobhaideachais\/\",\"name\":\"Polasa\u00ed Pr\u00edobh\u00e1ideachais - Creative Ireland Programme\",\"isPartOf\":{\"@id\":\"https:\/\/www.creativeireland.gov.ie\/ga\/#website\"},\"datePublished\":\"2019-11-08T10:29:04+00:00\",\"dateModified\":\"2021-04-20T09:20:51+00:00\",\"breadcrumb\":{\"@id\":\"https:\/\/www.creativeireland.gov.ie\/ga\/polasai-priobhaideachais\/#breadcrumb\"},\"inLanguage\":\"ga-IE\",\"potentialAction\":[{\"@type\":\"ReadAction\",\"target\":[\"https:\/\/www.creativeireland.gov.ie\/ga\/polasai-priobhaideachais\/\"]}]},{\"@type\":\"BreadcrumbList\",\"@id\":\"https:\/\/www.creativeireland.gov.ie\/ga\/polasai-priobhaideachais\/#breadcrumb\",\"itemListElement\":[{\"@type\":\"ListItem\",\"position\":1,\"name\":\"Home\",\"item\":\"https:\/\/www.creativeireland.gov.ie\/ga\/\"},{\"@type\":\"ListItem\",\"position\":2,\"name\":\"Polasa\u00ed Pr\u00edobh\u00e1ideachais\"}]},{\"@type\":\"WebSite\",\"@id\":\"https:\/\/www.creativeireland.gov.ie\/ga\/#website\",\"url\":\"https:\/\/www.creativeireland.gov.ie\/ga\/\",\"name\":\"Creative Ireland Programme\",\"description\":\"The Creative Ireland Programme is guided by a vision that every person in Ireland will have the opportunity to realise their full creative potential. It is a five year all-of-Government initiative, from 2017 to 2022, to place creativity at the centre of public policy.\",\"potentialAction\":[{\"@type\":\"SearchAction\",\"target\":{\"@type\":\"EntryPoint\",\"urlTemplate\":\"https:\/\/www.creativeireland.gov.ie\/ga\/?s={search_term_string}\"},\"query-input\":{\"@type\":\"PropertyValueSpecification\",\"valueRequired\":true,\"valueName\":\"search_term_string\"}}],\"inLanguage\":\"ga-IE\"}]}<\/script>\n<!-- \/ Yoast SEO plugin. -->","yoast_head_json":{"title":"Polasa\u00ed Pr\u00edobh\u00e1ideachais - Creative Ireland Programme","description":"Leagtar amach sa pholasa\u00ed seo mar a\n\u00fas\u00e1idfidh an Roinn Turas\u00f3ireachta, Cult\u00fair, Eala\u00edon, Gaeltachta, Sp\u00f3irt agus\nMe\u00e1n faisn\u00e9is a bhail\u00edtear f\u00fat agus t\u00fa ar cuairt ar \u00e1r l\u00e1ithre\u00e1n gr\u00e9as\u00e1in.","robots":{"index":"index","follow":"follow","max-snippet":"max-snippet:-1","max-image-preview":"max-image-preview:large","max-video-preview":"max-video-preview:-1"},"canonical":"https:\/\/www.creativeireland.gov.ie\/ga\/polasai-priobhaideachais\/","og_locale":"ga_IE","og_type":"article","og_title":"Polasa\u00ed Pr\u00edobh\u00e1ideachais - Creative Ireland Programme","og_description":"Leagtar amach sa pholasa\u00ed seo mar a \u00fas\u00e1idfidh an Roinn Turas\u00f3ireachta, Cult\u00fair, Eala\u00edon, Gaeltachta, Sp\u00f3irt agus Me\u00e1n faisn\u00e9is a bhail\u00edtear f\u00fat agus t\u00fa ar cuairt ar \u00e1r l\u00e1ithre\u00e1n gr\u00e9as\u00e1in. T\u00e1 pr\u00edobh\u00e1ideacht \u00e1r gcustaim\u00e9ir\u00ed f\u00edorth\u00e1bhachtach d\u00fainn. T\u00e1 meas ioml\u00e1n againn ar do cheart chun pr\u00edobh\u00e1ideachta, agus n\u00ed bhaileofar aon fhaisn\u00e9is phearsanta f\u00fat ar an l\u00e1ithre\u00e1n gr\u00e9as\u00e1in [&hellip;]","og_url":"https:\/\/www.creativeireland.gov.ie\/ga\/polasai-priobhaideachais\/","og_site_name":"Creative Ireland Programme","article_publisher":"https:\/\/www.facebook.com\/CreativeIrl\/","article_modified_time":"2021-04-20T09:20:51+00:00","twitter_card":"summary_large_image","twitter_site":"@creativeirl","twitter_misc":{"Est. reading time":"5 minutes"},"schema":{"@context":"https:\/\/schema.org","@graph":[{"@type":"WebPage","@id":"https:\/\/www.creativeireland.gov.ie\/ga\/polasai-priobhaideachais\/","url":"https:\/\/www.creativeireland.gov.ie\/ga\/polasai-priobhaideachais\/","name":"Polasa\u00ed Pr\u00edobh\u00e1ideachais - Creative Ireland Programme","isPartOf":{"@id":"https:\/\/www.creativeireland.gov.ie\/ga\/#website"},"datePublished":"2019-11-08T10:29:04+00:00","dateModified":"2021-04-20T09:20:51+00:00","breadcrumb":{"@id":"https:\/\/www.creativeireland.gov.ie\/ga\/polasai-priobhaideachais\/#breadcrumb"},"inLanguage":"ga-IE","potentialAction":[{"@type":"ReadAction","target":["https:\/\/www.creativeireland.gov.ie\/ga\/polasai-priobhaideachais\/"]}]},{"@type":"BreadcrumbList","@id":"https:\/\/www.creativeireland.gov.ie\/ga\/polasai-priobhaideachais\/#breadcrumb","itemListElement":[{"@type":"ListItem","position":1,"name":"Home","item":"https:\/\/www.creativeireland.gov.ie\/ga\/"},{"@type":"ListItem","position":2,"name":"Polasa\u00ed Pr\u00edobh\u00e1ideachais"}]},{"@type":"WebSite","@id":"https:\/\/www.creativeireland.gov.ie\/ga\/#website","url":"https:\/\/www.creativeireland.gov.ie\/ga\/","name":"Creative Ireland Programme","description":"The Creative Ireland Programme is guided by a vision that every person in Ireland will have the opportunity to realise their full creative potential. It is a five year all-of-Government initiative, from 2017 to 2022, to place creativity at the centre of public policy.","potentialAction":[{"@type":"SearchAction","target":{"@type":"EntryPoint","urlTemplate":"https:\/\/www.creativeireland.gov.ie\/ga\/?s={search_term_string}"},"query-input":{"@type":"PropertyValueSpecification","valueRequired":true,"valueName":"search_term_string"}}],"inLanguage":"ga-IE"}]}},"_links":{"self":[{"href":"https:\/\/www.creativeireland.gov.ie\/ga\/wp-json\/wp\/v2\/pages\/7319","targetHints":{"allow":["GET"]}}],"collection":[{"href":"https:\/\/www.creativeireland.gov.ie\/ga\/wp-json\/wp\/v2\/pages"}],"about":[{"href":"https:\/\/www.creativeireland.gov.ie\/ga\/wp-json\/wp\/v2\/types\/page"}],"author":[{"embeddable":true,"href":"https:\/\/www.creativeireland.gov.ie\/ga\/wp-json\/wp\/v2\/users\/1"}],"replies":[{"embeddable":true,"href":"https:\/\/www.creativeireland.gov.ie\/ga\/wp-json\/wp\/v2\/comments?post=7319"}],"version-history":[{"count":12,"href":"https:\/\/www.creativeireland.gov.ie\/ga\/wp-json\/wp\/v2\/pages\/7319\/revisions"}],"predecessor-version":[{"id":14134,"href":"https:\/\/www.creativeireland.gov.ie\/ga\/wp-json\/wp\/v2\/pages\/7319\/revisions\/14134"}],"wp:attachment":[{"href":"https:\/\/www.creativeireland.gov.ie\/ga\/wp-json\/wp\/v2\/media?parent=7319"}],"curies":[{"name":"wp","href":"https:\/\/api.w.org\/{rel}","templated":true}]}}