{"id":7342,"date":"2019-12-16T12:51:27","date_gmt":"2019-12-16T12:51:27","guid":{"rendered":"https:\/\/prod-creativeireland.zestydev.com\/cork-city\/"},"modified":"2026-01-19T15:09:36","modified_gmt":"2026-01-19T15:09:36","slug":"cork-city","status":"publish","type":"page","link":"https:\/\/www.creativeireland.gov.ie\/ga\/cork-city\/","title":{"rendered":"Cathair Chorca\u00ed"},"content":{"rendered":"","protected":false},"excerpt":{"rendered":"","protected":false},"author":6,"featured_media":28334,"parent":0,"menu_order":0,"comment_status":"closed","ping_status":"closed","template":"page-county.php","meta":{"footnotes":""},"class_list":["post-7342","page","type-page","status-publish","has-post-thumbnail","hentry"],"acf":[],"yoast_head":"<!-- This site is optimized with the Yoast SEO plugin v25.9 - https:\/\/yoast.com\/wordpress\/plugins\/seo\/ -->\n<title>Cathair Chorca\u00ed - Creative Ireland Programme<\/title>\n<meta name=\"description\" content=\"Is \u00ed Corcaigh an dara cathair is m\u00f3 in \u00c9irinn agus is fada tuigthe go bhfuil an cult\u00far ar cheann de na gn\u00e9ithe is t\u00e1bhachta\u00ed den chathair.\" \/>\n<meta name=\"robots\" content=\"index, follow, max-snippet:-1, max-image-preview:large, max-video-preview:-1\" \/>\n<link rel=\"canonical\" href=\"https:\/\/www.creativeireland.gov.ie\/ga\/cork-city\/\" \/>\n<meta property=\"og:locale\" content=\"ga_IE\" \/>\n<meta property=\"og:type\" content=\"article\" \/>\n<meta property=\"og:title\" content=\"Cathair Chorca\u00ed - Creative Ireland Programme\" \/>\n<meta property=\"og:url\" content=\"https:\/\/www.creativeireland.gov.ie\/ga\/cork-city\/\" \/>\n<meta property=\"og:site_name\" content=\"Creative Ireland Programme\" \/>\n<meta property=\"article:publisher\" content=\"https:\/\/www.facebook.com\/CreativeIrl\/\" \/>\n<meta property=\"article:modified_time\" content=\"2026-01-19T15:09:36+00:00\" \/>\n<meta property=\"og:image\" content=\"https:\/\/www.creativeireland.gov.ie\/app\/uploads\/2023\/12\/Img3_YoungPrintCollective_PhotoCredClareKeogh-scaled.jpg\" \/>\n\t<meta property=\"og:image:width\" content=\"2560\" \/>\n\t<meta property=\"og:image:height\" content=\"1707\" \/>\n\t<meta property=\"og:image:type\" content=\"image\/jpeg\" \/>\n<meta name=\"twitter:card\" content=\"summary_large_image\" \/>\n<meta name=\"twitter:site\" content=\"@creativeirl\" \/>\n<meta name=\"twitter:label1\" content=\"Est. reading time\" \/>\n\t<meta name=\"twitter:data1\" content=\"1 minute\" \/>\n<script type=\"application\/ld+json\" class=\"yoast-schema-graph\">{\"@context\":\"https:\/\/schema.org\",\"@graph\":[{\"@type\":\"WebPage\",\"@id\":\"https:\/\/www.creativeireland.gov.ie\/ga\/cork-city\/\",\"url\":\"https:\/\/www.creativeireland.gov.ie\/ga\/cork-city\/\",\"name\":\"Cathair Chorca\u00ed - Creative Ireland Programme\",\"isPartOf\":{\"@id\":\"https:\/\/www.creativeireland.gov.ie\/ga\/#website\"},\"primaryImageOfPage\":{\"@id\":\"https:\/\/www.creativeireland.gov.ie\/ga\/cork-city\/#primaryimage\"},\"image\":{\"@id\":\"https:\/\/www.creativeireland.gov.ie\/ga\/cork-city\/#primaryimage\"},\"thumbnailUrl\":\"https:\/\/www.creativeireland.gov.ie\/app\/uploads\/2023\/12\/Img3_YoungPrintCollective_PhotoCredClareKeogh-scaled.jpg\",\"datePublished\":\"2019-12-16T12:51:27+00:00\",\"dateModified\":\"2026-01-19T15:09:36+00:00\",\"breadcrumb\":{\"@id\":\"https:\/\/www.creativeireland.gov.ie\/ga\/cork-city\/#breadcrumb\"},\"inLanguage\":\"ga-IE\",\"potentialAction\":[{\"@type\":\"ReadAction\",\"target\":[\"https:\/\/www.creativeireland.gov.ie\/ga\/cork-city\/\"]}]},{\"@type\":\"ImageObject\",\"inLanguage\":\"ga-IE\",\"@id\":\"https:\/\/www.creativeireland.gov.ie\/ga\/cork-city\/#primaryimage\",\"url\":\"https:\/\/www.creativeireland.gov.ie\/app\/uploads\/2023\/12\/Img3_YoungPrintCollective_PhotoCredClareKeogh-scaled.jpg\",\"contentUrl\":\"https:\/\/www.creativeireland.gov.ie\/app\/uploads\/2023\/12\/Img3_YoungPrintCollective_PhotoCredClareKeogh-scaled.jpg\",\"width\":2560,\"height\":1707,\"caption\":\"CMK17102022 REPRO FREE NO FEE \u2018The Young Print Collective\u2019, an exhibition of fine art prints by emerging artists, presented by Cork Printmakers is at Nano Nagle Place until December 4th. Open Daily 11.00 -17.00 excluding Mondays. For further information go to enquiries@corkprintmakers.ie Picture Clare Keogh Further Information Jean Kearney kearney melia barker communications m: 087 252 7495 a: 11\/12 Marlboro St, Cork e: Jean@kearneymelia.com\"},{\"@type\":\"BreadcrumbList\",\"@id\":\"https:\/\/www.creativeireland.gov.ie\/ga\/cork-city\/#breadcrumb\",\"itemListElement\":[{\"@type\":\"ListItem\",\"position\":1,\"name\":\"Home\",\"item\":\"https:\/\/www.creativeireland.gov.ie\/ga\/\"},{\"@type\":\"ListItem\",\"position\":2,\"name\":\"Cathair Chorca\u00ed\"}]},{\"@type\":\"WebSite\",\"@id\":\"https:\/\/www.creativeireland.gov.ie\/ga\/#website\",\"url\":\"https:\/\/www.creativeireland.gov.ie\/ga\/\",\"name\":\"Creative Ireland Programme\",\"description\":\"The Creative Ireland Programme is guided by a vision that every person in Ireland will have the opportunity to realise their full creative potential. It is a five year all-of-Government initiative, from 2017 to 2022, to place creativity at the centre of public policy.\",\"potentialAction\":[{\"@type\":\"SearchAction\",\"target\":{\"@type\":\"EntryPoint\",\"urlTemplate\":\"https:\/\/www.creativeireland.gov.ie\/ga\/?s={search_term_string}\"},\"query-input\":{\"@type\":\"PropertyValueSpecification\",\"valueRequired\":true,\"valueName\":\"search_term_string\"}}],\"inLanguage\":\"ga-IE\"}]}<\/script>\n<!-- \/ Yoast SEO plugin. -->","yoast_head_json":{"title":"Cathair Chorca\u00ed - Creative Ireland Programme","description":"Is \u00ed Corcaigh an dara cathair is m\u00f3 in \u00c9irinn agus is fada tuigthe go bhfuil an cult\u00far ar cheann de na gn\u00e9ithe is t\u00e1bhachta\u00ed den chathair.","robots":{"index":"index","follow":"follow","max-snippet":"max-snippet:-1","max-image-preview":"max-image-preview:large","max-video-preview":"max-video-preview:-1"},"canonical":"https:\/\/www.creativeireland.gov.ie\/ga\/cork-city\/","og_locale":"ga_IE","og_type":"article","og_title":"Cathair Chorca\u00ed - Creative Ireland Programme","og_url":"https:\/\/www.creativeireland.gov.ie\/ga\/cork-city\/","og_site_name":"Creative Ireland Programme","article_publisher":"https:\/\/www.facebook.com\/CreativeIrl\/","article_modified_time":"2026-01-19T15:09:36+00:00","og_image":[{"width":2560,"height":1707,"url":"https:\/\/www.creativeireland.gov.ie\/app\/uploads\/2023\/12\/Img3_YoungPrintCollective_PhotoCredClareKeogh-scaled.jpg","type":"image\/jpeg"}],"twitter_card":"summary_large_image","twitter_site":"@creativeirl","twitter_misc":{"Est. reading time":"1 minute"},"schema":{"@context":"https:\/\/schema.org","@graph":[{"@type":"WebPage","@id":"https:\/\/www.creativeireland.gov.ie\/ga\/cork-city\/","url":"https:\/\/www.creativeireland.gov.ie\/ga\/cork-city\/","name":"Cathair Chorca\u00ed - Creative Ireland Programme","isPartOf":{"@id":"https:\/\/www.creativeireland.gov.ie\/ga\/#website"},"primaryImageOfPage":{"@id":"https:\/\/www.creativeireland.gov.ie\/ga\/cork-city\/#primaryimage"},"image":{"@id":"https:\/\/www.creativeireland.gov.ie\/ga\/cork-city\/#primaryimage"},"thumbnailUrl":"https:\/\/www.creativeireland.gov.ie\/app\/uploads\/2023\/12\/Img3_YoungPrintCollective_PhotoCredClareKeogh-scaled.jpg","datePublished":"2019-12-16T12:51:27+00:00","dateModified":"2026-01-19T15:09:36+00:00","breadcrumb":{"@id":"https:\/\/www.creativeireland.gov.ie\/ga\/cork-city\/#breadcrumb"},"inLanguage":"ga-IE","potentialAction":[{"@type":"ReadAction","target":["https:\/\/www.creativeireland.gov.ie\/ga\/cork-city\/"]}]},{"@type":"ImageObject","inLanguage":"ga-IE","@id":"https:\/\/www.creativeireland.gov.ie\/ga\/cork-city\/#primaryimage","url":"https:\/\/www.creativeireland.gov.ie\/app\/uploads\/2023\/12\/Img3_YoungPrintCollective_PhotoCredClareKeogh-scaled.jpg","contentUrl":"https:\/\/www.creativeireland.gov.ie\/app\/uploads\/2023\/12\/Img3_YoungPrintCollective_PhotoCredClareKeogh-scaled.jpg","width":2560,"height":1707,"caption":"CMK17102022 REPRO FREE NO FEE \u2018The Young Print Collective\u2019, an exhibition of fine art prints by emerging artists, presented by Cork Printmakers is at Nano Nagle Place until December 4th. Open Daily 11.00 -17.00 excluding Mondays. For further information go to enquiries@corkprintmakers.ie Picture Clare Keogh Further Information Jean Kearney kearney melia barker communications m: 087 252 7495 a: 11\/12 Marlboro St, Cork e: Jean@kearneymelia.com"},{"@type":"BreadcrumbList","@id":"https:\/\/www.creativeireland.gov.ie\/ga\/cork-city\/#breadcrumb","itemListElement":[{"@type":"ListItem","position":1,"name":"Home","item":"https:\/\/www.creativeireland.gov.ie\/ga\/"},{"@type":"ListItem","position":2,"name":"Cathair Chorca\u00ed"}]},{"@type":"WebSite","@id":"https:\/\/www.creativeireland.gov.ie\/ga\/#website","url":"https:\/\/www.creativeireland.gov.ie\/ga\/","name":"Creative Ireland Programme","description":"The Creative Ireland Programme is guided by a vision that every person in Ireland will have the opportunity to realise their full creative potential. It is a five year all-of-Government initiative, from 2017 to 2022, to place creativity at the centre of public policy.","potentialAction":[{"@type":"SearchAction","target":{"@type":"EntryPoint","urlTemplate":"https:\/\/www.creativeireland.gov.ie\/ga\/?s={search_term_string}"},"query-input":{"@type":"PropertyValueSpecification","valueRequired":true,"valueName":"search_term_string"}}],"inLanguage":"ga-IE"}]}},"_links":{"self":[{"href":"https:\/\/www.creativeireland.gov.ie\/ga\/wp-json\/wp\/v2\/pages\/7342","targetHints":{"allow":["GET"]}}],"collection":[{"href":"https:\/\/www.creativeireland.gov.ie\/ga\/wp-json\/wp\/v2\/pages"}],"about":[{"href":"https:\/\/www.creativeireland.gov.ie\/ga\/wp-json\/wp\/v2\/types\/page"}],"author":[{"embeddable":true,"href":"https:\/\/www.creativeireland.gov.ie\/ga\/wp-json\/wp\/v2\/users\/6"}],"replies":[{"embeddable":true,"href":"https:\/\/www.creativeireland.gov.ie\/ga\/wp-json\/wp\/v2\/comments?post=7342"}],"version-history":[{"count":32,"href":"https:\/\/www.creativeireland.gov.ie\/ga\/wp-json\/wp\/v2\/pages\/7342\/revisions"}],"predecessor-version":[{"id":39668,"href":"https:\/\/www.creativeireland.gov.ie\/ga\/wp-json\/wp\/v2\/pages\/7342\/revisions\/39668"}],"wp:featuredmedia":[{"embeddable":true,"href":"https:\/\/www.creativeireland.gov.ie\/ga\/wp-json\/wp\/v2\/media\/28334"}],"wp:attachment":[{"href":"https:\/\/www.creativeireland.gov.ie\/ga\/wp-json\/wp\/v2\/media?parent=7342"}],"curies":[{"name":"wp","href":"https:\/\/api.w.org\/{rel}","templated":true}]}}