{"id":7356,"date":"2020-01-10T10:24:58","date_gmt":"2020-01-10T10:24:58","guid":{"rendered":"https:\/\/prod-creativeireland.zestydev.com\/dun-laoghaire-rathdown\/"},"modified":"2026-02-03T15:19:13","modified_gmt":"2026-02-03T15:19:13","slug":"dun-laoghaire-rathdown","status":"publish","type":"page","link":"https:\/\/www.creativeireland.gov.ie\/ga\/dun-laoghaire-rathdown\/","title":{"rendered":"D\u00fan Laoghaire-R\u00e1th an D\u00fain"},"content":{"rendered":"","protected":false},"excerpt":{"rendered":"","protected":false},"author":6,"featured_media":6802,"parent":0,"menu_order":0,"comment_status":"closed","ping_status":"closed","template":"page-county.php","meta":{"footnotes":""},"class_list":["post-7356","page","type-page","status-publish","has-post-thumbnail","hentry"],"acf":[],"yoast_head":"<!-- This site is optimized with the Yoast SEO plugin v25.9 - https:\/\/yoast.com\/wordpress\/plugins\/seo\/ -->\n<title>D\u00fan Laoghaire-R\u00e1th an D\u00fain - Creative Ireland Programme<\/title>\n<meta name=\"description\" content=\"Is ceantar ar leith D\u00fan Laoghaire-R\u00e1th an D\u00fain lena mbaineann bisi\u00falacht \u00f3 thaobh c\u00farsa\u00ed cult\u00fair.\" \/>\n<meta name=\"robots\" content=\"index, follow, max-snippet:-1, max-image-preview:large, max-video-preview:-1\" \/>\n<link rel=\"canonical\" href=\"https:\/\/www.creativeireland.gov.ie\/ga\/dun-laoghaire-rathdown\/\" \/>\n<meta property=\"og:locale\" content=\"ga_IE\" \/>\n<meta property=\"og:type\" content=\"article\" \/>\n<meta property=\"og:title\" content=\"D\u00fan Laoghaire-R\u00e1th an D\u00fain - Creative Ireland Programme\" \/>\n<meta property=\"og:url\" content=\"https:\/\/www.creativeireland.gov.ie\/ga\/dun-laoghaire-rathdown\/\" \/>\n<meta property=\"og:site_name\" content=\"Creative Ireland Programme\" \/>\n<meta property=\"article:publisher\" content=\"https:\/\/www.facebook.com\/CreativeIrl\/\" \/>\n<meta property=\"article:modified_time\" content=\"2026-02-03T15:19:13+00:00\" \/>\n<meta property=\"og:image\" content=\"https:\/\/www.creativeireland.gov.ie\/app\/uploads\/2020\/01\/DLR-Creative-Play-Project-nature-crafts.jpg\" \/>\n\t<meta property=\"og:image:width\" content=\"2560\" \/>\n\t<meta property=\"og:image:height\" content=\"1707\" \/>\n\t<meta property=\"og:image:type\" content=\"image\/jpeg\" \/>\n<meta name=\"twitter:card\" content=\"summary_large_image\" \/>\n<meta name=\"twitter:site\" content=\"@creativeirl\" \/>\n<meta name=\"twitter:label1\" content=\"Est. reading time\" \/>\n\t<meta name=\"twitter:data1\" content=\"1 minute\" \/>\n<script type=\"application\/ld+json\" class=\"yoast-schema-graph\">{\"@context\":\"https:\/\/schema.org\",\"@graph\":[{\"@type\":\"WebPage\",\"@id\":\"https:\/\/www.creativeireland.gov.ie\/ga\/dun-laoghaire-rathdown\/\",\"url\":\"https:\/\/www.creativeireland.gov.ie\/ga\/dun-laoghaire-rathdown\/\",\"name\":\"D\u00fan Laoghaire-R\u00e1th an D\u00fain - Creative Ireland Programme\",\"isPartOf\":{\"@id\":\"https:\/\/www.creativeireland.gov.ie\/ga\/#website\"},\"primaryImageOfPage\":{\"@id\":\"https:\/\/www.creativeireland.gov.ie\/ga\/dun-laoghaire-rathdown\/#primaryimage\"},\"image\":{\"@id\":\"https:\/\/www.creativeireland.gov.ie\/ga\/dun-laoghaire-rathdown\/#primaryimage\"},\"thumbnailUrl\":\"https:\/\/www.creativeireland.gov.ie\/app\/uploads\/2020\/01\/DLR-Creative-Play-Project-nature-crafts.jpg\",\"datePublished\":\"2020-01-10T10:24:58+00:00\",\"dateModified\":\"2026-02-03T15:19:13+00:00\",\"breadcrumb\":{\"@id\":\"https:\/\/www.creativeireland.gov.ie\/ga\/dun-laoghaire-rathdown\/#breadcrumb\"},\"inLanguage\":\"ga-IE\",\"potentialAction\":[{\"@type\":\"ReadAction\",\"target\":[\"https:\/\/www.creativeireland.gov.ie\/ga\/dun-laoghaire-rathdown\/\"]}]},{\"@type\":\"ImageObject\",\"inLanguage\":\"ga-IE\",\"@id\":\"https:\/\/www.creativeireland.gov.ie\/ga\/dun-laoghaire-rathdown\/#primaryimage\",\"url\":\"https:\/\/www.creativeireland.gov.ie\/app\/uploads\/2020\/01\/DLR-Creative-Play-Project-nature-crafts.jpg\",\"contentUrl\":\"https:\/\/www.creativeireland.gov.ie\/app\/uploads\/2020\/01\/DLR-Creative-Play-Project-nature-crafts.jpg\",\"width\":2560,\"height\":1707,\"caption\":\"Fernhill ParkGardens, Stepaside - Cruinni\u00fa na n\u00d3g, Photo by Peter Cavanagh\"},{\"@type\":\"BreadcrumbList\",\"@id\":\"https:\/\/www.creativeireland.gov.ie\/ga\/dun-laoghaire-rathdown\/#breadcrumb\",\"itemListElement\":[{\"@type\":\"ListItem\",\"position\":1,\"name\":\"Home\",\"item\":\"https:\/\/www.creativeireland.gov.ie\/ga\/\"},{\"@type\":\"ListItem\",\"position\":2,\"name\":\"D\u00fan Laoghaire-R\u00e1th an D\u00fain\"}]},{\"@type\":\"WebSite\",\"@id\":\"https:\/\/www.creativeireland.gov.ie\/ga\/#website\",\"url\":\"https:\/\/www.creativeireland.gov.ie\/ga\/\",\"name\":\"Creative Ireland Programme\",\"description\":\"The Creative Ireland Programme is guided by a vision that every person in Ireland will have the opportunity to realise their full creative potential. It is a five year all-of-Government initiative, from 2017 to 2022, to place creativity at the centre of public policy.\",\"potentialAction\":[{\"@type\":\"SearchAction\",\"target\":{\"@type\":\"EntryPoint\",\"urlTemplate\":\"https:\/\/www.creativeireland.gov.ie\/ga\/?s={search_term_string}\"},\"query-input\":{\"@type\":\"PropertyValueSpecification\",\"valueRequired\":true,\"valueName\":\"search_term_string\"}}],\"inLanguage\":\"ga-IE\"}]}<\/script>\n<!-- \/ Yoast SEO plugin. -->","yoast_head_json":{"title":"D\u00fan Laoghaire-R\u00e1th an D\u00fain - Creative Ireland Programme","description":"Is ceantar ar leith D\u00fan Laoghaire-R\u00e1th an D\u00fain lena mbaineann bisi\u00falacht \u00f3 thaobh c\u00farsa\u00ed cult\u00fair.","robots":{"index":"index","follow":"follow","max-snippet":"max-snippet:-1","max-image-preview":"max-image-preview:large","max-video-preview":"max-video-preview:-1"},"canonical":"https:\/\/www.creativeireland.gov.ie\/ga\/dun-laoghaire-rathdown\/","og_locale":"ga_IE","og_type":"article","og_title":"D\u00fan Laoghaire-R\u00e1th an D\u00fain - Creative Ireland Programme","og_url":"https:\/\/www.creativeireland.gov.ie\/ga\/dun-laoghaire-rathdown\/","og_site_name":"Creative Ireland Programme","article_publisher":"https:\/\/www.facebook.com\/CreativeIrl\/","article_modified_time":"2026-02-03T15:19:13+00:00","og_image":[{"width":2560,"height":1707,"url":"https:\/\/www.creativeireland.gov.ie\/app\/uploads\/2020\/01\/DLR-Creative-Play-Project-nature-crafts.jpg","type":"image\/jpeg"}],"twitter_card":"summary_large_image","twitter_site":"@creativeirl","twitter_misc":{"Est. reading time":"1 minute"},"schema":{"@context":"https:\/\/schema.org","@graph":[{"@type":"WebPage","@id":"https:\/\/www.creativeireland.gov.ie\/ga\/dun-laoghaire-rathdown\/","url":"https:\/\/www.creativeireland.gov.ie\/ga\/dun-laoghaire-rathdown\/","name":"D\u00fan Laoghaire-R\u00e1th an D\u00fain - Creative Ireland Programme","isPartOf":{"@id":"https:\/\/www.creativeireland.gov.ie\/ga\/#website"},"primaryImageOfPage":{"@id":"https:\/\/www.creativeireland.gov.ie\/ga\/dun-laoghaire-rathdown\/#primaryimage"},"image":{"@id":"https:\/\/www.creativeireland.gov.ie\/ga\/dun-laoghaire-rathdown\/#primaryimage"},"thumbnailUrl":"https:\/\/www.creativeireland.gov.ie\/app\/uploads\/2020\/01\/DLR-Creative-Play-Project-nature-crafts.jpg","datePublished":"2020-01-10T10:24:58+00:00","dateModified":"2026-02-03T15:19:13+00:00","breadcrumb":{"@id":"https:\/\/www.creativeireland.gov.ie\/ga\/dun-laoghaire-rathdown\/#breadcrumb"},"inLanguage":"ga-IE","potentialAction":[{"@type":"ReadAction","target":["https:\/\/www.creativeireland.gov.ie\/ga\/dun-laoghaire-rathdown\/"]}]},{"@type":"ImageObject","inLanguage":"ga-IE","@id":"https:\/\/www.creativeireland.gov.ie\/ga\/dun-laoghaire-rathdown\/#primaryimage","url":"https:\/\/www.creativeireland.gov.ie\/app\/uploads\/2020\/01\/DLR-Creative-Play-Project-nature-crafts.jpg","contentUrl":"https:\/\/www.creativeireland.gov.ie\/app\/uploads\/2020\/01\/DLR-Creative-Play-Project-nature-crafts.jpg","width":2560,"height":1707,"caption":"Fernhill ParkGardens, Stepaside - Cruinni\u00fa na n\u00d3g, Photo by Peter Cavanagh"},{"@type":"BreadcrumbList","@id":"https:\/\/www.creativeireland.gov.ie\/ga\/dun-laoghaire-rathdown\/#breadcrumb","itemListElement":[{"@type":"ListItem","position":1,"name":"Home","item":"https:\/\/www.creativeireland.gov.ie\/ga\/"},{"@type":"ListItem","position":2,"name":"D\u00fan Laoghaire-R\u00e1th an D\u00fain"}]},{"@type":"WebSite","@id":"https:\/\/www.creativeireland.gov.ie\/ga\/#website","url":"https:\/\/www.creativeireland.gov.ie\/ga\/","name":"Creative Ireland Programme","description":"The Creative Ireland Programme is guided by a vision that every person in Ireland will have the opportunity to realise their full creative potential. It is a five year all-of-Government initiative, from 2017 to 2022, to place creativity at the centre of public policy.","potentialAction":[{"@type":"SearchAction","target":{"@type":"EntryPoint","urlTemplate":"https:\/\/www.creativeireland.gov.ie\/ga\/?s={search_term_string}"},"query-input":{"@type":"PropertyValueSpecification","valueRequired":true,"valueName":"search_term_string"}}],"inLanguage":"ga-IE"}]}},"_links":{"self":[{"href":"https:\/\/www.creativeireland.gov.ie\/ga\/wp-json\/wp\/v2\/pages\/7356","targetHints":{"allow":["GET"]}}],"collection":[{"href":"https:\/\/www.creativeireland.gov.ie\/ga\/wp-json\/wp\/v2\/pages"}],"about":[{"href":"https:\/\/www.creativeireland.gov.ie\/ga\/wp-json\/wp\/v2\/types\/page"}],"author":[{"embeddable":true,"href":"https:\/\/www.creativeireland.gov.ie\/ga\/wp-json\/wp\/v2\/users\/6"}],"replies":[{"embeddable":true,"href":"https:\/\/www.creativeireland.gov.ie\/ga\/wp-json\/wp\/v2\/comments?post=7356"}],"version-history":[{"count":35,"href":"https:\/\/www.creativeireland.gov.ie\/ga\/wp-json\/wp\/v2\/pages\/7356\/revisions"}],"predecessor-version":[{"id":39833,"href":"https:\/\/www.creativeireland.gov.ie\/ga\/wp-json\/wp\/v2\/pages\/7356\/revisions\/39833"}],"wp:featuredmedia":[{"embeddable":true,"href":"https:\/\/www.creativeireland.gov.ie\/ga\/wp-json\/wp\/v2\/media\/6802"}],"wp:attachment":[{"href":"https:\/\/www.creativeireland.gov.ie\/ga\/wp-json\/wp\/v2\/media?parent=7356"}],"curies":[{"name":"wp","href":"https:\/\/api.w.org\/{rel}","templated":true}]}}