{"id":9085,"date":"2019-12-18T13:51:23","date_gmt":"2019-12-18T13:51:23","guid":{"rendered":"https:\/\/prod-creativeireland.zestydev.com\/south-dublin\/"},"modified":"2026-01-20T11:21:45","modified_gmt":"2026-01-20T11:21:45","slug":"south-dublin","status":"publish","type":"page","link":"https:\/\/www.creativeireland.gov.ie\/ga\/south-dublin\/","title":{"rendered":"Baile \u00c1tha Cliath Theas"},"content":{"rendered":"","protected":false},"excerpt":{"rendered":"","protected":false},"author":6,"featured_media":0,"parent":0,"menu_order":0,"comment_status":"closed","ping_status":"closed","template":"page-county.php","meta":{"footnotes":""},"class_list":["post-9085","page","type-page","status-publish","hentry"],"acf":[],"yoast_head":"<!-- This site is optimized with the Yoast SEO plugin v25.9 - https:\/\/yoast.com\/wordpress\/plugins\/seo\/ -->\n<title>Baile \u00c1tha Cliath Theas - Creative Ireland Programme<\/title>\n<meta name=\"description\" content=\"\u00c9ire Ild\u00e1nach i mBaile \u00c1tha Cliath Theas T\u00e1 blas na hil\u00e9ags\u00falachta ar an gcl\u00e1r seo tr\u00edna dtugtar aird ar ghn\u00e9ithe traidisi\u00fanta de ch\u00farsa\u00ed cult\u00fair agus a nd\u00edr\u00edtear ar chumas idir sin agus gn\u00e9ithe nua cult\u00fair at\u00e1 \u00e1 gcur in i\u00fal ag daoine de bhunadh 120 n\u00e1isi\u00fan \u00e9ags\u00fail ar de phobal an limist\u00e9ir seo iad.\" \/>\n<meta name=\"robots\" content=\"index, follow, max-snippet:-1, max-image-preview:large, max-video-preview:-1\" \/>\n<link rel=\"canonical\" href=\"https:\/\/www.creativeireland.gov.ie\/ga\/south-dublin\/\" \/>\n<meta property=\"og:locale\" content=\"ga_IE\" \/>\n<meta property=\"og:type\" content=\"article\" \/>\n<meta property=\"og:title\" content=\"Baile \u00c1tha Cliath Theas - Creative Ireland Programme\" \/>\n<meta property=\"og:url\" content=\"https:\/\/www.creativeireland.gov.ie\/ga\/south-dublin\/\" \/>\n<meta property=\"og:site_name\" content=\"Creative Ireland Programme\" \/>\n<meta property=\"article:publisher\" content=\"https:\/\/www.facebook.com\/CreativeIrl\/\" \/>\n<meta property=\"article:modified_time\" content=\"2026-01-20T11:21:45+00:00\" \/>\n<meta name=\"twitter:card\" content=\"summary_large_image\" \/>\n<meta name=\"twitter:site\" content=\"@creativeirl\" \/>\n<script type=\"application\/ld+json\" class=\"yoast-schema-graph\">{\"@context\":\"https:\/\/schema.org\",\"@graph\":[{\"@type\":\"WebPage\",\"@id\":\"https:\/\/www.creativeireland.gov.ie\/ga\/south-dublin\/\",\"url\":\"https:\/\/www.creativeireland.gov.ie\/ga\/south-dublin\/\",\"name\":\"Baile \u00c1tha Cliath Theas - Creative Ireland Programme\",\"isPartOf\":{\"@id\":\"https:\/\/www.creativeireland.gov.ie\/ga\/#website\"},\"datePublished\":\"2019-12-18T13:51:23+00:00\",\"dateModified\":\"2026-01-20T11:21:45+00:00\",\"breadcrumb\":{\"@id\":\"https:\/\/www.creativeireland.gov.ie\/ga\/south-dublin\/#breadcrumb\"},\"inLanguage\":\"ga-IE\",\"potentialAction\":[{\"@type\":\"ReadAction\",\"target\":[\"https:\/\/www.creativeireland.gov.ie\/ga\/south-dublin\/\"]}]},{\"@type\":\"BreadcrumbList\",\"@id\":\"https:\/\/www.creativeireland.gov.ie\/ga\/south-dublin\/#breadcrumb\",\"itemListElement\":[{\"@type\":\"ListItem\",\"position\":1,\"name\":\"Home\",\"item\":\"https:\/\/www.creativeireland.gov.ie\/ga\/\"},{\"@type\":\"ListItem\",\"position\":2,\"name\":\"Baile \u00c1tha Cliath Theas\"}]},{\"@type\":\"WebSite\",\"@id\":\"https:\/\/www.creativeireland.gov.ie\/ga\/#website\",\"url\":\"https:\/\/www.creativeireland.gov.ie\/ga\/\",\"name\":\"Creative Ireland Programme\",\"description\":\"The Creative Ireland Programme is guided by a vision that every person in Ireland will have the opportunity to realise their full creative potential. It is a five year all-of-Government initiative, from 2017 to 2022, to place creativity at the centre of public policy.\",\"potentialAction\":[{\"@type\":\"SearchAction\",\"target\":{\"@type\":\"EntryPoint\",\"urlTemplate\":\"https:\/\/www.creativeireland.gov.ie\/ga\/?s={search_term_string}\"},\"query-input\":{\"@type\":\"PropertyValueSpecification\",\"valueRequired\":true,\"valueName\":\"search_term_string\"}}],\"inLanguage\":\"ga-IE\"}]}<\/script>\n<!-- \/ Yoast SEO plugin. -->","yoast_head_json":{"title":"Baile \u00c1tha Cliath Theas - Creative Ireland Programme","description":"\u00c9ire Ild\u00e1nach i mBaile \u00c1tha Cliath Theas T\u00e1 blas na hil\u00e9ags\u00falachta ar an gcl\u00e1r seo tr\u00edna dtugtar aird ar ghn\u00e9ithe traidisi\u00fanta de ch\u00farsa\u00ed cult\u00fair agus a nd\u00edr\u00edtear ar chumas idir sin agus gn\u00e9ithe nua cult\u00fair at\u00e1 \u00e1 gcur in i\u00fal ag daoine de bhunadh 120 n\u00e1isi\u00fan \u00e9ags\u00fail ar de phobal an limist\u00e9ir seo iad.","robots":{"index":"index","follow":"follow","max-snippet":"max-snippet:-1","max-image-preview":"max-image-preview:large","max-video-preview":"max-video-preview:-1"},"canonical":"https:\/\/www.creativeireland.gov.ie\/ga\/south-dublin\/","og_locale":"ga_IE","og_type":"article","og_title":"Baile \u00c1tha Cliath Theas - Creative Ireland Programme","og_url":"https:\/\/www.creativeireland.gov.ie\/ga\/south-dublin\/","og_site_name":"Creative Ireland Programme","article_publisher":"https:\/\/www.facebook.com\/CreativeIrl\/","article_modified_time":"2026-01-20T11:21:45+00:00","twitter_card":"summary_large_image","twitter_site":"@creativeirl","schema":{"@context":"https:\/\/schema.org","@graph":[{"@type":"WebPage","@id":"https:\/\/www.creativeireland.gov.ie\/ga\/south-dublin\/","url":"https:\/\/www.creativeireland.gov.ie\/ga\/south-dublin\/","name":"Baile \u00c1tha Cliath Theas - Creative Ireland Programme","isPartOf":{"@id":"https:\/\/www.creativeireland.gov.ie\/ga\/#website"},"datePublished":"2019-12-18T13:51:23+00:00","dateModified":"2026-01-20T11:21:45+00:00","breadcrumb":{"@id":"https:\/\/www.creativeireland.gov.ie\/ga\/south-dublin\/#breadcrumb"},"inLanguage":"ga-IE","potentialAction":[{"@type":"ReadAction","target":["https:\/\/www.creativeireland.gov.ie\/ga\/south-dublin\/"]}]},{"@type":"BreadcrumbList","@id":"https:\/\/www.creativeireland.gov.ie\/ga\/south-dublin\/#breadcrumb","itemListElement":[{"@type":"ListItem","position":1,"name":"Home","item":"https:\/\/www.creativeireland.gov.ie\/ga\/"},{"@type":"ListItem","position":2,"name":"Baile \u00c1tha Cliath Theas"}]},{"@type":"WebSite","@id":"https:\/\/www.creativeireland.gov.ie\/ga\/#website","url":"https:\/\/www.creativeireland.gov.ie\/ga\/","name":"Creative Ireland Programme","description":"The Creative Ireland Programme is guided by a vision that every person in Ireland will have the opportunity to realise their full creative potential. It is a five year all-of-Government initiative, from 2017 to 2022, to place creativity at the centre of public policy.","potentialAction":[{"@type":"SearchAction","target":{"@type":"EntryPoint","urlTemplate":"https:\/\/www.creativeireland.gov.ie\/ga\/?s={search_term_string}"},"query-input":{"@type":"PropertyValueSpecification","valueRequired":true,"valueName":"search_term_string"}}],"inLanguage":"ga-IE"}]}},"_links":{"self":[{"href":"https:\/\/www.creativeireland.gov.ie\/ga\/wp-json\/wp\/v2\/pages\/9085","targetHints":{"allow":["GET"]}}],"collection":[{"href":"https:\/\/www.creativeireland.gov.ie\/ga\/wp-json\/wp\/v2\/pages"}],"about":[{"href":"https:\/\/www.creativeireland.gov.ie\/ga\/wp-json\/wp\/v2\/types\/page"}],"author":[{"embeddable":true,"href":"https:\/\/www.creativeireland.gov.ie\/ga\/wp-json\/wp\/v2\/users\/6"}],"replies":[{"embeddable":true,"href":"https:\/\/www.creativeireland.gov.ie\/ga\/wp-json\/wp\/v2\/comments?post=9085"}],"version-history":[{"count":24,"href":"https:\/\/www.creativeireland.gov.ie\/ga\/wp-json\/wp\/v2\/pages\/9085\/revisions"}],"predecessor-version":[{"id":39682,"href":"https:\/\/www.creativeireland.gov.ie\/ga\/wp-json\/wp\/v2\/pages\/9085\/revisions\/39682"}],"wp:attachment":[{"href":"https:\/\/www.creativeireland.gov.ie\/ga\/wp-json\/wp\/v2\/media?parent=9085"}],"curies":[{"name":"wp","href":"https:\/\/api.w.org\/{rel}","templated":true}]}}