{"id":9316,"date":"2019-12-20T11:20:53","date_gmt":"2019-12-20T11:20:53","guid":{"rendered":"https:\/\/www.creativeireland.gov.ie\/site-map\/"},"modified":"2020-01-30T10:26:45","modified_gmt":"2020-01-30T10:26:45","slug":"mapa-suimh","status":"publish","type":"page","link":"https:\/\/www.creativeireland.gov.ie\/ga\/mapa-suimh\/","title":{"rendered":"Mapa Su\u00edmh"},"content":{"rendered":"\n<h2 class=\"wp-block-heading\"><strong>Baile<\/strong>: <\/h2>\n\n\n\n<p><a href=\"https:\/\/www.creativeireland.gov.ie\/ga\/\">https:\/\/www.creativeireland.gov.ie\/ga<\/a> <\/p>\n\n\n\n<h2 class=\"wp-block-heading\"><strong>\u00c9ire Ild\u00e1nach<\/strong>:<\/h2>\n\n\n\n<p><a href=\"https:\/\/www.creativeireland.gov.ie\/ga\/eire-ildanach\">https:\/\/www.creativeireland.gov.ie\/ga\/eire-ildanach<\/a><\/p>\n\n\n\n<h2 class=\"wp-block-heading\"><strong>Maidir Linne<\/strong>:<\/h2>\n\n\n\n<p><a href=\"https:\/\/www.creativeireland.gov.ie\/maidir-linne\">https:\/\/www.creativeireland.gov.ie\/ga\/maidir-linne<\/a> <\/p>\n\n\n\n<h2 class=\"wp-block-heading\"><strong>Comhph\u00e1irt\u00edochta\u00ed<\/strong>:<\/h2>\n\n\n\n<p><a href=\"https:\/\/www.creativeireland.gov.ie\/comhphairtithe\">https:\/\/www.creativeireland.gov.ie\/ga\/comhphairtithe<\/a>   <\/p>\n\n\n\n<h2 class=\"wp-block-heading\">\u00c1r gCl\u00e1r:<\/h2>\n\n\n\n<p> <a href=\"https:\/\/www.creativeireland.gov.ie\/clar\">https:\/\/www.creativeireland.gov.ie\/ga\/clar<\/a>  <\/p>\n\n\n\n<h2 class=\"wp-block-heading\"> Pobail Ild\u00e1nacha: <\/h2>\n\n\n\n<p> <a href=\"https:\/\/www.eireildanach.gov.ie\/pobail-ildanacha\/\">https:\/\/www.creativeireland.gov.ie\/ga\/pobail-ildanacha\/<\/a>  <\/p>\n\n\n\n<h4 class=\"wp-block-heading\"><strong>F\u00e9ach ar liosta na n-imeachta\u00ed ar fad<\/strong>:<\/h4>\n\n\n\n<p> <a href=\"https:\/\/www.creativeireland.gov.ie\/pobail-chruthaitheacha\/imeachtai\">https:\/\/www.creativeireland.gov.ie\/ga\/pobail-chruthaitheacha\/imeachtai<\/a> <\/p>\n\n\n\n<h4 class=\"wp-block-heading\"><strong>Breathnaigh ar gach strait\u00e9is<\/strong>:<\/h4>\n\n\n\n<p> <a href=\"https:\/\/www.creativeireland.gov.ie\/pobail-chruthaitheacha\/straiteisi\">https:\/\/www.creativeireland.gov.ie\/ga\/pobail-chruthaitheacha\/straiteisi<\/a> <\/p>\n\n\n\n<h2 class=\"wp-block-heading\"><strong>Cathair Chorca\u00ed<\/strong>:<\/h2>\n\n\n\n<p> <a href=\"https:\/\/www.creativeireland.gov.ie\/cathair-chorcai\">https:\/\/www.creativeireland.gov.ie\/ga\/cathair-chorcai<\/a><\/p>\n\n\n\n<h2 class=\"wp-block-heading\"><strong>Contae Chorca\u00ed<\/strong>:<\/h2>\n\n\n\n<p><a href=\"https:\/\/www.creativeireland.gov.ie\/contae-chorcai\">https:\/\/www.creativeireland.gov.ie\/ga\/contae-chorcai<\/a> <\/p>\n\n\n\n<h2 class=\"wp-block-heading\"><strong>An Cl\u00e1r<\/strong>:<\/h2>\n\n\n\n<p> <a href=\"https:\/\/www.creativeireland.gov.ie\/an-clar\">https:\/\/www.creativeireland.gov.ie\/ga\/an-clar<\/a><\/p>\n\n\n\n<h2 class=\"wp-block-heading\"><strong>An Cabh\u00e1n<\/strong>:<\/h2>\n\n\n\n<p><a href=\"https:\/\/www.creativeireland.gov.ie\/an-cabhan\">https:\/\/www.creativeireland.gov.ie\/ga\/an-cabhan<\/a> <\/p>\n\n\n\n<h2 class=\"wp-block-heading\"><strong>Ceatharlach<\/strong>:<\/h2>\n\n\n\n<p><a href=\"https:\/\/www.creativeireland.gov.ie\/ceatharlach\">https:\/\/www.creativeireland.gov.ie\/ga\/ceatharlach<\/a><\/p>\n\n\n\n<h2 class=\"wp-block-heading\"><strong>Cathair Bhaile \u00c1tha Cliath<\/strong>:<\/h2>\n\n\n\n<p><a href=\"https:\/\/www.creativeireland.gov.ie\/cathair-bhaile-atha-cliath\">https:\/\/www.creativeireland.gov.ie\/ga\/cathair-bhaile-atha-cliath<\/a><\/p>\n\n\n\n<h2 class=\"wp-block-heading\"><strong>D\u00fan Laoghaire \/ R\u00e1th an D\u00fain<\/strong>:<\/h2>\n\n\n\n<p><a href=\"https:\/\/www.creativeireland.gov.ie\/dun-laoghaire-rath-an-duin\">https:\/\/www.creativeireland.gov.ie\/ga\/dun-laoghaire-rath-an-duin<\/a><\/p>\n\n\n\n<h2 class=\"wp-block-heading\"><strong>Fine Gall<\/strong>:<\/h2>\n\n\n\n<p><a href=\"https:\/\/www.creativeireland.gov.ie\/finne-gall\">https:\/\/www.creativeireland.gov.ie\/ga\/fine-gall<\/a><\/p>\n\n\n\n<h2 class=\"wp-block-heading\"><strong>Baile \u00c1tha Cliath Theas<\/strong>:<\/h2>\n\n\n\n<p><a href=\"https:\/\/www.creativeireland.gov.ie\/baile-atha-cliath-theas\">https:\/\/www.creativeireland.gov.ie\/ga\/baile-atha-cliath-theas<\/a><\/p>\n\n\n\n<h2 class=\"wp-block-heading\"><strong>D\u00fan na nGall<\/strong>:<\/h2>\n\n\n\n<p><a href=\"https:\/\/www.creativeireland.gov.ie\/dun-na-ngall\">https:\/\/www.creativeireland.gov.ie\/ga\/dun-na-ngall<\/a><\/p>\n\n\n\n<h2 class=\"wp-block-heading\"><strong>Cathair na Gaillimhe<\/strong>:<\/h2>\n\n\n\n<p><a href=\"https:\/\/www.creativeireland.gov.ie\/cathair-na-gaillimhe\">https:\/\/www.creativeireland.gov.ie\/ga\/cathair-na-gaillimhe<\/a><\/p>\n\n\n\n<h2 class=\"wp-block-heading\"><strong>Contae na Gaillimhe<\/strong>:<\/h2>\n\n\n\n<p><a href=\"https:\/\/www.creativeireland.gov.ie\/contae-na-gaillimhe\">https:\/\/www.creativeireland.gov.ie\/ga\/contae-na-gaillimhe<\/a><\/p>\n\n\n\n<h2 class=\"wp-block-heading\"><strong>Cill Dara<\/strong>:<\/h2>\n\n\n\n<p><a href=\"https:\/\/www.creativeireland.gov.ie\/cill-dara\">https:\/\/www.creativeireland.gov.ie\/ga\/cill-dara<\/a><\/p>\n\n\n\n<h2 class=\"wp-block-heading\"><strong>Cill Chainnigh<\/strong>:<\/h2>\n\n\n\n<p><a href=\"https:\/\/www.creativeireland.gov.ie\/cill-chainnigh\">https:\/\/www.creativeireland.gov.ie\/ga\/cill-chainnigh<\/a><\/p>\n\n\n\n<h2 class=\"wp-block-heading\"><strong>Ciarra\u00ed<\/strong>:<\/h2>\n\n\n\n<p><a href=\"https:\/\/www.creativeireland.gov.ie\/ciarrai\">https:\/\/www.creativeireland.gov.ie\/ga\/ciarrai<\/a><\/p>\n\n\n\n<h2 class=\"wp-block-heading\">Luimneach:<\/h2>\n\n\n\n<p><a href=\"https:\/\/www.creativeireland.gov.ie\/luimneach\">https:\/\/www.creativeireland.gov.ie\/ga\/luimneach<\/a> <\/p>\n\n\n\n<h2 class=\"wp-block-heading\"><strong>An Longfort<\/strong>:<\/h2>\n\n\n\n<p><a href=\"https:\/\/www.creativeireland.gov.ie\/an-longfort\">https:\/\/www.creativeireland.gov.ie\/ga\/an-longfort<\/a><\/p>\n\n\n\n<h2 class=\"wp-block-heading\"><strong>L\u00fa<\/strong>:<\/h2>\n\n\n\n<p><a href=\"https:\/\/www.eireildanach.gov.ie\/lu\">https:\/\/www.creativeireland.gov.ie\/ga\/lu<\/a><\/p>\n\n\n\n<h2 class=\"wp-block-heading\"><strong>Liatroim<\/strong>:<\/h2>\n\n\n\n<p><a href=\"https:\/\/www.eireildanach.gov.ie\/liatroim\">https:\/\/www.creativeireland.gov.ie\/ga\/liatroim<\/a><\/p>\n\n\n\n<h2 class=\"wp-block-heading\">Laois:<\/h2>\n\n\n\n<p> <a href=\"https:\/\/www.eireildanach.gov.ie\/laois\">https:\/\/www.creativeireland.gov.ie\/ga\/laois<\/a><\/p>\n\n\n\n<h2 class=\"wp-block-heading\"><strong>An Mh\u00ed<\/strong>:<\/h2>\n\n\n\n<p><a href=\"https:\/\/www.eireildanach.gov.ie\/an-mhi\">https:\/\/www.creativeireland.gov.ie\/ga\/an-mhi<\/a><\/p>\n\n\n\n<h2 class=\"wp-block-heading\"><strong>Muineach\u00e1n<\/strong>:<\/h2>\n\n\n\n<p><a href=\"https:\/\/www.eireildanach.gov.ie\/muineachan\">https:\/\/www.creativeireland.gov.ie\/ga\/muineachan<\/a><\/p>\n\n\n\n<h2 class=\"wp-block-heading\"><strong>Maigh Eo<\/strong>:<\/h2>\n\n\n\n<p><a href=\"https:\/\/www.eireildanach.gov.ie\/maigh-eo\">https:\/\/www.creativeireland.gov.ie\/ga\/maigh-eo<\/a><\/p>\n\n\n\n<h2 class=\"wp-block-heading\"><strong>U\u00edbh Fhail\u00ed<\/strong>:<\/h2>\n\n\n\n<p><a href=\"https:\/\/www.eireildanach.gov.ie\/uibh-fhaili\">https:\/\/www.creativeireland.gov.ie\/ga\/uibh-fhaili<\/a><\/p>\n\n\n\n<h2 class=\"wp-block-heading\"><strong>Ros Com\u00e1in<\/strong>:<\/h2>\n\n\n\n<p><a href=\"https:\/\/www.eireildanach.gov.ie\/ros-comain\">https:\/\/www.creativeireland.gov.ie\/ga\/ros-comain<\/a><\/p>\n\n\n\n<h2 class=\"wp-block-heading\"><strong>Sligeach<\/strong>:<\/h2>\n\n\n\n<p><a href=\"https:\/\/www.eireildanach.gov.ie\/sligeach\">https:\/\/www.creativeireland.gov.ie\/ga\/sligeach<\/a><\/p>\n\n\n\n<h2 class=\"wp-block-heading\"><strong>Tiobraid \u00c1rann<\/strong>:<\/h2>\n\n\n\n<p><a href=\"https:\/\/www.eireildanach.gov.ie\/tiobraid-arann\">https:\/\/www.creativeireland.gov.ie\/ga\/tiobraid-arann<\/a><\/p>\n\n\n\n<h2 class=\"wp-block-heading\"><strong>Port L\u00e1irge<\/strong>:<\/h2>\n\n\n\n<p><a href=\"https:\/\/www.eireildanach.gov.ie\/port-lairge\">https:\/\/www.creativeireland.gov.ie\/ga\/port-lairge<\/a><\/p>\n\n\n\n<h2 class=\"wp-block-heading\"><strong>An Iarmh\u00ed<\/strong>:<\/h2>\n\n\n\n<p><a href=\"https:\/\/www.eireildanach.gov.ie\/an-iarmhi\">https:\/\/www.creativeireland.gov.ie\/ga\/an-iarmhi<\/a><\/p>\n\n\n\n<h2 class=\"wp-block-heading\"><strong>Loch Garman<\/strong>:<\/h2>\n\n\n\n<p><a href=\"https:\/\/www.eireildanach.gov.ie\/loch-garman\">https:\/\/www.creativeireland.gov.ie\/ga\/loch-garman<\/a> <\/p>\n\n\n\n<h2 class=\"wp-block-heading\"><strong>Cill Mhant\u00e1in<\/strong>:<\/h2>\n\n\n\n<p><a href=\"https:\/\/www.eireildanach.gov.ie\/cill-mhantain\">https:\/\/www.creativeireland.gov.ie\/ga\/cill-mhantain<\/a>  <\/p>\n\n\n\n<h2 class=\"wp-block-heading\"><strong>\u00d3ige Ild\u00e1nach<\/strong>:<\/h2>\n\n\n\n<p><a href=\"https:\/\/www.eireildanach.gov.ie\/oige-ildanach\">https:\/\/www.creativeireland.gov.ie\/ga\/oige-ildanach<\/a> <\/p>\n\n\n\n<h2 class=\"wp-block-heading\">Cruinni\u00fa na nOg:<\/h2>\n\n\n\n<p>  <a href=\"https:\/\/www.creativeireland.gov.ie\/ga\/oige-ildanach\/cruinniu-na-nog\/\">https:\/\/www.creativeireland.gov.ie\/ga\/oige-ildanach\/cruinniu-na-nog<\/a> <\/p>\n\n\n\n<h2 class=\"wp-block-heading\"><strong>Scoileanna Ild\u00e1nacha<\/strong>:<\/h2>\n\n\n\n<p><a href=\"https:\/\/www.eireildanach.gov.ie\/scoileanna-ildanacha\">https:\/\/www.creativeireland.gov.ie\/ga\/scoileanna-ildanacha<\/a><\/p>\n\n\n\n<h2 class=\"wp-block-heading\">Music Generation:<\/h2>\n\n\n\n<p><a href=\"https:\/\/www.eireildanach.gov.ie\/music-generation\">https:\/\/www.eireildanach.gov.ie\/ga\/music-generation<\/a> <\/p>\n\n\n\n<h2 class=\"wp-block-heading\">Fighting Words:<\/h2>\n\n\n\n<p><a href=\"https:\/\/www.eireildanach.gov.ie\/fighting-words\">https:\/\/www.eireildanach.gov.ie\/ga\/fighting-words<\/a> <\/p>\n\n\n\n<h2 class=\"wp-block-heading\">Youth Theatre of Ireland:<\/h2>\n\n\n\n<p><a href=\"https:\/\/www.creativeireland.gov.ie\/ga\/oige-ildanach\/youth-theatre-ireland\">https:\/\/www.creativeireland.gov.ie\/ga\/oige-ildanach\/youth-theatre-ireland<\/a><\/p>\n\n\n\n<h2 class=\"wp-block-heading\">Local Creative Youth Partnerships: <\/h2>\n\n\n\n<p><a href=\"https:\/\/www.eireildanach.gov.ie\/ga\/oige-ildanach\/comhphairtiochtai-aitiula-oige-ildanach-caoi\/\">https:\/\/www.eireildanach.gov.ie\/ga\/oige-ildanach\/comhphairtiochtai-aitiula-oige-ildanach-caoi\/<\/a><\/p>\n\n\n\n<h2 class=\"wp-block-heading\">N\u00e1isi\u00fan Ild\u00e1nach:<\/h2>\n\n\n\n<p><a rel=\"noreferrer noopener\" aria-label=\"https:\/\/www.creativeireland.gov.ie\/en\/blog (opens in a new tab)\" href=\"https:\/\/www.creativeireland.gov.ie\/ga\/blag\/\" target=\"_blank\">https:\/\/www.creativeireland.gov.ie\/ga\/blag<\/a><\/p>\n\n\n\n<h2 class=\"wp-block-heading\">Tionscail Chruthaitheachta:<\/h2>\n\n\n\n<p><a href=\"https:\/\/www.creativeireland.gov.ie\/ga\/blag\/tionscail-chruthaitheachta\">https:\/\/www.creativeireland.gov.ie\/ga\/blag\/tionscail-chruthaitheachta<\/a> <\/p>\n\n\n\n<h2 class=\"wp-block-heading\">Daoine Ild\u00e1nacha:<\/h2>\n\n\n\n<p><a href=\"https:\/\/www.creativeireland.gov.ie\/ga\/blag\/daoine-ildanacha\">https:\/\/www.creativeireland.gov.ie\/ga\/blag\/daoine-ildanacha<\/a> <\/p>\n\n\n\n<h2 class=\"wp-block-heading\"><strong>Cuardaigh<\/strong><\/h2>\n\n\n\n<p><a href=\"https:\/\/www.creativeireland.gov.ie\/ga\/cuardaigh\">https:\/\/www.creativeireland.gov.ie\/ga\/cuardaigh<\/a> <\/p>\n\n\n\n<h2 class=\"wp-block-heading\">N<strong>uacht<\/strong><\/h2>\n\n\n\n<p><a href=\"https:\/\/www.creativeireland.gov.ie\/ga\/nuacht\">https:\/\/www.creativeireland.gov.ie\/ga\/nuacht<\/a> <\/p>\n\n\n\n<h2 class=\"wp-block-heading\"><strong>Foilseach\u00e1in<\/strong><\/h2>\n\n\n\n<p><a href=\"https:\/\/www.creativeireland.gov.ie\/ga\/foilseachain\">https:\/\/www.creativeireland.gov.ie\/ga\/foilseachain<\/a> <\/p>\n\n\n\n<h2 class=\"wp-block-heading\">Creative Community strategies: <\/h2>\n\n\n\n<p><a href=\"https:\/\/www.creativeireland.gov.ie\/ga\/pobail-ildanacha\/straiteisi\/\" target=\"_blank\" rel=\"noreferrer noopener\" aria-label=\"https:\/\/www.creativeireland.gov.ie\/en\/creative-communities\/strategies (opens in a new tab)\">https:\/\/www.creativeireland.gov.ie\/en\/creative-communities\/strategies<\/a><\/p>\n\n\n\n<h2 class=\"wp-block-heading\"><strong>Teagmh\u00e1il<\/strong>:<\/h2>\n\n\n\n<p> <a href=\"https:\/\/www.creativeireland.gov.ie\/teagmhail\">https:\/\/www.creativeireland.gov.ie\/ga\/teagmhail<\/a><\/p>\n\n\n\n<h2 class=\"wp-block-heading\"><strong>Inrochtaineacht<\/strong>:<\/h2>\n\n\n\n<p><a href=\"https:\/\/www.creativeireland.gov.ie\/ga\/inrochtaineacht\">https:\/\/www.creativeireland.gov.ie\/ga\/inrochtaineacht<\/a> <\/p>\n\n\n\n<p><small><a href=\"https:\/\/www.creativeireland.gov.ie\/ga\/post-listing\">Post Listing<\/a><\/small><\/p>\n","protected":false},"excerpt":{"rendered":"<p>Baile: https:\/\/www.creativeireland.gov.ie\/ga \u00c9ire Ild\u00e1nach: https:\/\/www.creativeireland.gov.ie\/ga\/eire-ildanach Maidir Linne: https:\/\/www.creativeireland.gov.ie\/ga\/maidir-linne Comhph\u00e1irt\u00edochta\u00ed: https:\/\/www.creativeireland.gov.ie\/ga\/comhphairtithe \u00c1r gCl\u00e1r: https:\/\/www.creativeireland.gov.ie\/ga\/clar Pobail Ild\u00e1nacha: https:\/\/www.creativeireland.gov.ie\/ga\/pobail-ildanacha\/ F\u00e9ach ar liosta na n-imeachta\u00ed ar fad: https:\/\/www.creativeireland.gov.ie\/ga\/pobail-chruthaitheacha\/imeachtai Breathnaigh ar gach strait\u00e9is: https:\/\/www.creativeireland.gov.ie\/ga\/pobail-chruthaitheacha\/straiteisi Cathair Chorca\u00ed: https:\/\/www.creativeireland.gov.ie\/ga\/cathair-chorcai Contae Chorca\u00ed: https:\/\/www.creativeireland.gov.ie\/ga\/contae-chorcai An Cl\u00e1r: https:\/\/www.creativeireland.gov.ie\/ga\/an-clar An Cabh\u00e1n: https:\/\/www.creativeireland.gov.ie\/ga\/an-cabhan Ceatharlach: https:\/\/www.creativeireland.gov.ie\/ga\/ceatharlach Cathair Bhaile \u00c1tha Cliath: https:\/\/www.creativeireland.gov.ie\/ga\/cathair-bhaile-atha-cliath D\u00fan Laoghaire \/ R\u00e1th an D\u00fain: https:\/\/www.creativeireland.gov.ie\/ga\/dun-laoghaire-rath-an-duin [&hellip;]<\/p>\n","protected":false},"author":1,"featured_media":0,"parent":0,"menu_order":0,"comment_status":"closed","ping_status":"closed","template":"page-basic-content.php","meta":{"footnotes":""},"class_list":["post-9316","page","type-page","status-publish","hentry"],"acf":[],"yoast_head":"<!-- This site is optimized with the Yoast SEO plugin v25.9 - https:\/\/yoast.com\/wordpress\/plugins\/seo\/ -->\n<title>Mapa Su\u00edmh - Creative Ireland Programme<\/title>\n<meta name=\"description\" content=\"Baile: \n\n\n\nhttps:\/\/www.\" \/>\n<meta name=\"robots\" content=\"index, follow, max-snippet:-1, max-image-preview:large, max-video-preview:-1\" \/>\n<link rel=\"canonical\" href=\"https:\/\/www.creativeireland.gov.ie\/ga\/mapa-suimh\/\" \/>\n<meta property=\"og:locale\" content=\"ga_IE\" \/>\n<meta property=\"og:type\" content=\"article\" \/>\n<meta property=\"og:title\" content=\"Mapa Su\u00edmh - Creative Ireland Programme\" \/>\n<meta property=\"og:description\" content=\"Baile: https:\/\/www.creativeireland.gov.ie\/ga \u00c9ire Ild\u00e1nach: https:\/\/www.creativeireland.gov.ie\/ga\/eire-ildanach Maidir Linne: https:\/\/www.creativeireland.gov.ie\/ga\/maidir-linne Comhph\u00e1irt\u00edochta\u00ed: https:\/\/www.creativeireland.gov.ie\/ga\/comhphairtithe \u00c1r gCl\u00e1r: https:\/\/www.creativeireland.gov.ie\/ga\/clar Pobail Ild\u00e1nacha: https:\/\/www.creativeireland.gov.ie\/ga\/pobail-ildanacha\/ F\u00e9ach ar liosta na n-imeachta\u00ed ar fad: https:\/\/www.creativeireland.gov.ie\/ga\/pobail-chruthaitheacha\/imeachtai Breathnaigh ar gach strait\u00e9is: https:\/\/www.creativeireland.gov.ie\/ga\/pobail-chruthaitheacha\/straiteisi Cathair Chorca\u00ed: https:\/\/www.creativeireland.gov.ie\/ga\/cathair-chorcai Contae Chorca\u00ed: https:\/\/www.creativeireland.gov.ie\/ga\/contae-chorcai An Cl\u00e1r: https:\/\/www.creativeireland.gov.ie\/ga\/an-clar An Cabh\u00e1n: https:\/\/www.creativeireland.gov.ie\/ga\/an-cabhan Ceatharlach: https:\/\/www.creativeireland.gov.ie\/ga\/ceatharlach Cathair Bhaile \u00c1tha Cliath: https:\/\/www.creativeireland.gov.ie\/ga\/cathair-bhaile-atha-cliath D\u00fan Laoghaire \/ R\u00e1th an D\u00fain: https:\/\/www.creativeireland.gov.ie\/ga\/dun-laoghaire-rath-an-duin [&hellip;]\" \/>\n<meta property=\"og:url\" content=\"https:\/\/www.creativeireland.gov.ie\/ga\/mapa-suimh\/\" \/>\n<meta property=\"og:site_name\" content=\"Creative Ireland Programme\" \/>\n<meta property=\"article:publisher\" content=\"https:\/\/www.facebook.com\/CreativeIrl\/\" \/>\n<meta property=\"article:modified_time\" content=\"2020-01-30T10:26:45+00:00\" \/>\n<meta name=\"twitter:card\" content=\"summary_large_image\" \/>\n<meta name=\"twitter:site\" content=\"@creativeirl\" \/>\n<meta name=\"twitter:label1\" content=\"Est. reading time\" \/>\n\t<meta name=\"twitter:data1\" content=\"3 minutes\" \/>\n<script type=\"application\/ld+json\" class=\"yoast-schema-graph\">{\"@context\":\"https:\/\/schema.org\",\"@graph\":[{\"@type\":\"WebPage\",\"@id\":\"https:\/\/www.creativeireland.gov.ie\/ga\/mapa-suimh\/\",\"url\":\"https:\/\/www.creativeireland.gov.ie\/ga\/mapa-suimh\/\",\"name\":\"Mapa Su\u00edmh - Creative Ireland Programme\",\"isPartOf\":{\"@id\":\"https:\/\/www.creativeireland.gov.ie\/ga\/#website\"},\"datePublished\":\"2019-12-20T11:20:53+00:00\",\"dateModified\":\"2020-01-30T10:26:45+00:00\",\"breadcrumb\":{\"@id\":\"https:\/\/www.creativeireland.gov.ie\/ga\/mapa-suimh\/#breadcrumb\"},\"inLanguage\":\"ga-IE\",\"potentialAction\":[{\"@type\":\"ReadAction\",\"target\":[\"https:\/\/www.creativeireland.gov.ie\/ga\/mapa-suimh\/\"]}]},{\"@type\":\"BreadcrumbList\",\"@id\":\"https:\/\/www.creativeireland.gov.ie\/ga\/mapa-suimh\/#breadcrumb\",\"itemListElement\":[{\"@type\":\"ListItem\",\"position\":1,\"name\":\"Home\",\"item\":\"https:\/\/www.creativeireland.gov.ie\/ga\/\"},{\"@type\":\"ListItem\",\"position\":2,\"name\":\"Mapa Su\u00edmh\"}]},{\"@type\":\"WebSite\",\"@id\":\"https:\/\/www.creativeireland.gov.ie\/ga\/#website\",\"url\":\"https:\/\/www.creativeireland.gov.ie\/ga\/\",\"name\":\"Creative Ireland Programme\",\"description\":\"The Creative Ireland Programme is guided by a vision that every person in Ireland will have the opportunity to realise their full creative potential. It is a five year all-of-Government initiative, from 2017 to 2022, to place creativity at the centre of public policy.\",\"potentialAction\":[{\"@type\":\"SearchAction\",\"target\":{\"@type\":\"EntryPoint\",\"urlTemplate\":\"https:\/\/www.creativeireland.gov.ie\/ga\/?s={search_term_string}\"},\"query-input\":{\"@type\":\"PropertyValueSpecification\",\"valueRequired\":true,\"valueName\":\"search_term_string\"}}],\"inLanguage\":\"ga-IE\"}]}<\/script>\n<!-- \/ Yoast SEO plugin. -->","yoast_head_json":{"title":"Mapa Su\u00edmh - Creative Ireland Programme","description":"Baile: \n\n\n\nhttps:\/\/www.","robots":{"index":"index","follow":"follow","max-snippet":"max-snippet:-1","max-image-preview":"max-image-preview:large","max-video-preview":"max-video-preview:-1"},"canonical":"https:\/\/www.creativeireland.gov.ie\/ga\/mapa-suimh\/","og_locale":"ga_IE","og_type":"article","og_title":"Mapa Su\u00edmh - Creative Ireland Programme","og_description":"Baile: https:\/\/www.creativeireland.gov.ie\/ga \u00c9ire Ild\u00e1nach: https:\/\/www.creativeireland.gov.ie\/ga\/eire-ildanach Maidir Linne: https:\/\/www.creativeireland.gov.ie\/ga\/maidir-linne Comhph\u00e1irt\u00edochta\u00ed: https:\/\/www.creativeireland.gov.ie\/ga\/comhphairtithe \u00c1r gCl\u00e1r: https:\/\/www.creativeireland.gov.ie\/ga\/clar Pobail Ild\u00e1nacha: https:\/\/www.creativeireland.gov.ie\/ga\/pobail-ildanacha\/ F\u00e9ach ar liosta na n-imeachta\u00ed ar fad: https:\/\/www.creativeireland.gov.ie\/ga\/pobail-chruthaitheacha\/imeachtai Breathnaigh ar gach strait\u00e9is: https:\/\/www.creativeireland.gov.ie\/ga\/pobail-chruthaitheacha\/straiteisi Cathair Chorca\u00ed: https:\/\/www.creativeireland.gov.ie\/ga\/cathair-chorcai Contae Chorca\u00ed: https:\/\/www.creativeireland.gov.ie\/ga\/contae-chorcai An Cl\u00e1r: https:\/\/www.creativeireland.gov.ie\/ga\/an-clar An Cabh\u00e1n: https:\/\/www.creativeireland.gov.ie\/ga\/an-cabhan Ceatharlach: https:\/\/www.creativeireland.gov.ie\/ga\/ceatharlach Cathair Bhaile \u00c1tha Cliath: https:\/\/www.creativeireland.gov.ie\/ga\/cathair-bhaile-atha-cliath D\u00fan Laoghaire \/ R\u00e1th an D\u00fain: https:\/\/www.creativeireland.gov.ie\/ga\/dun-laoghaire-rath-an-duin [&hellip;]","og_url":"https:\/\/www.creativeireland.gov.ie\/ga\/mapa-suimh\/","og_site_name":"Creative Ireland Programme","article_publisher":"https:\/\/www.facebook.com\/CreativeIrl\/","article_modified_time":"2020-01-30T10:26:45+00:00","twitter_card":"summary_large_image","twitter_site":"@creativeirl","twitter_misc":{"Est. reading time":"3 minutes"},"schema":{"@context":"https:\/\/schema.org","@graph":[{"@type":"WebPage","@id":"https:\/\/www.creativeireland.gov.ie\/ga\/mapa-suimh\/","url":"https:\/\/www.creativeireland.gov.ie\/ga\/mapa-suimh\/","name":"Mapa Su\u00edmh - Creative Ireland Programme","isPartOf":{"@id":"https:\/\/www.creativeireland.gov.ie\/ga\/#website"},"datePublished":"2019-12-20T11:20:53+00:00","dateModified":"2020-01-30T10:26:45+00:00","breadcrumb":{"@id":"https:\/\/www.creativeireland.gov.ie\/ga\/mapa-suimh\/#breadcrumb"},"inLanguage":"ga-IE","potentialAction":[{"@type":"ReadAction","target":["https:\/\/www.creativeireland.gov.ie\/ga\/mapa-suimh\/"]}]},{"@type":"BreadcrumbList","@id":"https:\/\/www.creativeireland.gov.ie\/ga\/mapa-suimh\/#breadcrumb","itemListElement":[{"@type":"ListItem","position":1,"name":"Home","item":"https:\/\/www.creativeireland.gov.ie\/ga\/"},{"@type":"ListItem","position":2,"name":"Mapa Su\u00edmh"}]},{"@type":"WebSite","@id":"https:\/\/www.creativeireland.gov.ie\/ga\/#website","url":"https:\/\/www.creativeireland.gov.ie\/ga\/","name":"Creative Ireland Programme","description":"The Creative Ireland Programme is guided by a vision that every person in Ireland will have the opportunity to realise their full creative potential. It is a five year all-of-Government initiative, from 2017 to 2022, to place creativity at the centre of public policy.","potentialAction":[{"@type":"SearchAction","target":{"@type":"EntryPoint","urlTemplate":"https:\/\/www.creativeireland.gov.ie\/ga\/?s={search_term_string}"},"query-input":{"@type":"PropertyValueSpecification","valueRequired":true,"valueName":"search_term_string"}}],"inLanguage":"ga-IE"}]}},"_links":{"self":[{"href":"https:\/\/www.creativeireland.gov.ie\/ga\/wp-json\/wp\/v2\/pages\/9316","targetHints":{"allow":["GET"]}}],"collection":[{"href":"https:\/\/www.creativeireland.gov.ie\/ga\/wp-json\/wp\/v2\/pages"}],"about":[{"href":"https:\/\/www.creativeireland.gov.ie\/ga\/wp-json\/wp\/v2\/types\/page"}],"author":[{"embeddable":true,"href":"https:\/\/www.creativeireland.gov.ie\/ga\/wp-json\/wp\/v2\/users\/1"}],"replies":[{"embeddable":true,"href":"https:\/\/www.creativeireland.gov.ie\/ga\/wp-json\/wp\/v2\/comments?post=9316"}],"version-history":[{"count":15,"href":"https:\/\/www.creativeireland.gov.ie\/ga\/wp-json\/wp\/v2\/pages\/9316\/revisions"}],"predecessor-version":[{"id":9424,"href":"https:\/\/www.creativeireland.gov.ie\/ga\/wp-json\/wp\/v2\/pages\/9316\/revisions\/9424"}],"wp:attachment":[{"href":"https:\/\/www.creativeireland.gov.ie\/ga\/wp-json\/wp\/v2\/media?parent=9316"}],"curies":[{"name":"wp","href":"https:\/\/api.w.org\/{rel}","templated":true}]}}